{"id":8721,"date":"2022-11-14T17:20:15","date_gmt":"2022-11-14T16:20:15","guid":{"rendered":"https:\/\/das-dokumentarische.blogs.ruhr-uni-bochum.de\/?page_id=8721"},"modified":"2025-08-01T10:59:43","modified_gmt":"2025-08-01T08:59:43","slug":"paulena-muller-m-a","status":"publish","type":"page","link":"https:\/\/das-dokumentarische.blogs.ruhr-uni-bochum.de\/en\/paulena-muller-m-a\/","title":{"rendered":"Paulena M\u00fcller, M.A."},"content":{"rendered":"\n<figure class=\"wp-block-image alignleft size-large is-resized\"><a href=\"https:\/\/das-dokumentarische.blogs.ruhr-uni-bochum.de\/wp-content\/uploads\/2025\/07\/DSCF025211c.jpg\"><img loading=\"lazy\" decoding=\"async\" width=\"700\" height=\"727\" src=\"https:\/\/das-dokumentarische.blogs.ruhr-uni-bochum.de\/wp-content\/uploads\/2025\/07\/DSCF025211c-700x727.jpg\" alt=\"\" class=\"wp-image-12930\" style=\"width:169px;height:169px\" srcset=\"https:\/\/das-dokumentarische.blogs.ruhr-uni-bochum.de\/wp-content\/uploads\/2025\/07\/DSCF025211c-700x727.jpg 700w, https:\/\/das-dokumentarische.blogs.ruhr-uni-bochum.de\/wp-content\/uploads\/2025\/07\/DSCF025211c-289x300.jpg 289w, https:\/\/das-dokumentarische.blogs.ruhr-uni-bochum.de\/wp-content\/uploads\/2025\/07\/DSCF025211c-768x798.jpg 768w, https:\/\/das-dokumentarische.blogs.ruhr-uni-bochum.de\/wp-content\/uploads\/2025\/07\/DSCF025211c.jpg 1306w\" sizes=\"auto, (max-width: 700px) 100vw, 700px\" \/><\/a><\/figure>\n\n\n\n<p>Universit\u00e4tsstr.\u00a0150<br>44801 Bochum<br>Raum: GB 6\/142<\/p>\n\n\n\n<p>Telefon: +49 (0) 234\/32-27277<br>E-Mail: paulena.mueller@ruhr-uni-bochum.de<\/p>\n\n\n\n<p><br><\/p>\n\n\n\n<p><\/p>\n\n\n\n<p class=\"has-medium-font-size\"><strong><u>Titel der Dissertation<\/u><\/strong><\/p>\n\n\n\n<p>Queerly Walking Among You: Filmische Alltagsdokumente geschlechtlicher Nonkonformit\u00e4t als prek\u00e4re M\u00f6glichkeitsr\u00e4ume (AT)<\/p>\n\n\n\n<p class=\"has-medium-font-size\"><strong><u>Projektbeschreibung<\/u><\/strong><\/p>\n\n\n\n<p>&#8220;We walk among you&#8221;: So quittiert eine Trans*Figur in <em>Transamerica<\/em> (US 2005, R.: D. Tucker) die Irritation, die ihre geschlechtliche Positionierung auf einer Party ausgel\u00f6st hat. In dieser kurzen Filmsequenz wird die Allt\u00e4glichkeit, die (wortw\u00f6rtliche) Beil\u00e4ufigkeit von Trans* zum Widerstandsmoment gegen eine cisnormative Konzeption von Wirklichkeit, in der geschlechtliche Nonkonformit\u00e4t nur au\u00dferhalb von \u201agew\u00f6hnlichen\u2018 Sozialstrukturen existiert. Welche Dynamiken von Alltagsleben und geschlechtlicher Nonkonformit\u00e4t (was hier als Arbeitsbegriff Trans* und Inter*Positionen umfasst) lassen sich aber in zeitgen\u00f6ssischen filmischen Darstellungen identifizieren? Von welchen narrativen und \u00e4sthetischen Operationen sind filmische Realisierungen von geschlechtlich nonkonformem Alltag abh\u00e4ngig, und wie beeinflussen sie jeweils die Dokumentation geschlechtlich nonkonformer Subjektivit\u00e4t und Intelligibilit\u00e4t? Dieser Frage gehe ich in meinem Promotionsprojekt anhand von Alltagsr\u00e4umen wie Haushalt, Arbeitsplatz oder \u00f6ffentlichen Sph\u00e4ren des t\u00e4glichen Bedarfs nach, die ich als Schaupl\u00e4tze geschlechtlicher Nonkonformit\u00e4t in Dokumentar- und fiktionalen Spielfilmen des 21. Jahrhunderts analysiere.<\/p>\n\n\n\n<p>Die filmische Sichtbarkeit geschlechtlich nonkonformer Seinsweisen ist in den letzten Jahren erheblich angestiegen. Dies gilt f\u00fcr etablierte filmindustrielle Kontexte wie f\u00fcr subkulturelle, oft von Inter* und Trans*Personen produzierte und aktivistisch informierte Darstellungen (Ford 2021). Die entstandenen und entstehenden Filmproduktionen stellen gesellschaftspolitisch einflussreiche Dokumente dar, bilden sie doch \u2013 als Sichtbarmachungen von marginalisierten Geschlechtspositionen \u2013 nicht selten erste oder ausschlie\u00dfliche pers\u00f6nliche Ber\u00fchrungspunkte von Rezipierenden mit diesen Positionen (Cavalcante 2017). Sie weisen damit ein besonderes Potenzial zur \u201eProduktion und Klassifikation \u201amenschlicher Tatsachen\u2018\u201c (Balke et al. 2020, 8) auf. Normativit\u00e4tskritische Forschungsans\u00e4tze zu geschlechtlicher Nonkonformit\u00e4t im zeitgen\u00f6ssischen Film, auf denen mein Projekt ma\u00dfgeblich aufbaut, bewegen sich vor diesem Hintergrund zwischen einer Problematisierung exzessiver normstabilisierender Darstellungsmuster im filmischen Mainstream, die zweigeschlechtliche Wirklichkeitskonstruktionen beglaubigen, und der Er\u00f6rterung als Chance zur repr\u00e4sentativen Herausforderung dieser Strukturen.<\/p>\n\n\n\n<p>Allt\u00e4glich konnotierte Kontexte nehmen in diesem Spannungsfeld eine spezifische, bisher wenig beachtete Position ein. Alltagsr\u00e4ume und -situationen stellen oft Exzesse des Gezeigten dar, die filmisch verhandelte Themen hintergr\u00fcndig begleiten, aber nur selten in den narrativen Fokus r\u00fccken. Gerade in dieser Hintergr\u00fcndigkeit und ihrem lebensweltlichen Wiedererkennungswert kann ihnen aber eine besondere dokumentarische Autorit\u00e4t zukommen. Die Positionierung geschlechtlich nonkonformer Personen in Haushalt, Arbeitsplatz und \u00f6ffentlichen Bedarfssph\u00e4ren verhandelt grundlegende Koordinaten von Lebbarkeit und sozialer Intelligibilit\u00e4t \u2013 und kann damit auch wirkm\u00e4chtig zu deren Entzug beitragen. Doch auch das aktive Eintreten geschlechtlich nonkonformer Positionen in Alltagsprozesse ist unweigerlich an bestehende Ordnungsstrukturen gekn\u00fcpft und bewegt sich damit in einem Spannungsfeld zwischen widerst\u00e4ndiger Behauptung von Zugeh\u00f6rigkeit bzw. Agency und notwendiger Anpassung. Vor diesem Hintergrund geht es mir darum, Allt\u00e4glichkeit als ambivalentes, aber signifikantes emanzipatives Potenzial geschlechtlich nonkonformer Sichtbarkeit herauszuarbeiten, das nicht aus einer kategorischen Opposition zu, sondern gerade aus einer komplexen Einbindung in normativ gepr\u00e4gte Ordnungsstrukturen erw\u00e4chst. Daf\u00fcr st\u00fctze ich mich insbesondere auf Konzepte der <em>Dokumentation des Prek\u00e4ren<\/em> (Deuber-Mankowsky\/Hanke 2021), des <em>Cruel Optimism<\/em> (Berlant 2011) sowie der <em>Disidentifikation<\/em> (Mu\u00f1oz 1999). F\u00fcr ein umfassenderes Verst\u00e4ndnis von<em> Allt\u00e4glichkeit<\/em> baut die Arbeit neben einer interdisziplin\u00e4ren Betrachtung von Alltagstheorien und -\u00e4sthetiken zudem auf dem Begriff der <em>Infrastruktur<\/em> als fl\u00fcchtige, dynamische Bedingungen von sozialer Ordnung und Agency inner- und unterhalb materieller Gegebenheiten auf (<em>freethought collective<\/em> 2021; Simone 2004). Diese Herausarbeitung von Infrastrukturen geschlechtlich nonkonformer Allt\u00e4glichkeit im Film kann nicht zuletzt auch dazu beitragen, <em>Alltag <\/em>als dokumentarischen Faktor genauer untersuchbar zu machen.<\/p>\n\n\n\n<p class=\"has-medium-font-size\"><strong><u>Wissenschaftlicher Werdegang<\/u><\/strong><\/p>\n\n\n\n<ul class=\"wp-block-list\">\n<li>seit Oktober 2022: Wissenschaftliche Mitarbeiterin (Promotion) am DFG-Graduiertenkolleg \u201eDas Dokumentarische. Exzess und Entzug\u201c, Ruhr-Universit\u00e4t Bochum<\/li>\n\n\n\n<li>11\/2020 bis 09\/2022: Wissenschaftliche Hilfskraft bei Prof. Dr. Hermann J. Abs in der AG Educational Research and Schooling, Institut f\u00fcr Erziehungswissenschaft, Universit\u00e4t Duisburg-Essen<\/li>\n\n\n\n<li>04\/2017 bis 08\/2022: Masterstudium der Gender Studies, Ruhr-Universit\u00e4t Bochum<\/li>\n\n\n\n<li>10\/2014 bis 08\/2022: Masterstudium der Theaterwissenschaft, Ruhr-Universit\u00e4t Bochum<\/li>\n\n\n\n<li>10\/2017 bis 09\/2020: Wissenschaftliche Hilfskraft am Interdisziplin\u00e4ren Zentrum f\u00fcr Integrations- und Migrationsforschung, Universit\u00e4t Duisburg-Essen<\/li>\n\n\n\n<li>09\/2009 bis 09\/2014: Studentische Hilfskraft am Zentrum f\u00fcr au\u00dferfachliche Qualifikationen und wissenschaftliche Weiterbildung, Technische Hochschule K\u00f6ln<\/li>\n\n\n\n<li>10\/2008 bis 07\/2012: Bachelorstudium Germanistik, Vergleichende Literatur- und Kulturwissenschaften sowie Musikwissenschaft\/Sound Studies, Rheinische Friedrich-Wilhelms-Universit\u00e4t Bonn<\/li>\n\n\n\n<li>10\/2009 bis 09\/2010: NRW-Stipendium aufgrund besonderer Leistungen im Fach Germanistik, Vergleichende Literatur- und Kulturwissenschaften<\/li>\n<\/ul>\n\n\n\n<p class=\"has-medium-font-size\"><strong><u>Publikationen <\/u><\/strong><\/p>\n\n\n\n<div class=\"wp-block-group is-layout-flow wp-block-group-is-layout-flow\">\n<ul class=\"wp-block-list\">\n<li>&#8220;Natur konstruieren. Szenische Potenziale des Naturbezugs in Strawinskys <em>Le Rossignol<\/em>&#8221; , in: <em>DIE TONKUNST<\/em>, Jg. 17\/Nr. 3, 2023, S. 360-368.<\/li>\n\n\n\n<li>mit Eveline Gutzwiller-Helfenfinger, Hermann J. Abs und Kerstin G\u00f6bel: \u201eBringing Together the Discourse on Migration, Integration and Citizenship Education in Times of Radicalization: Introduction\u201c, in: <em>The Challenge of Radicalization and Extremism. Integrating Research on Education and Citizenship in the Context of Migration<\/em>, hg. v. Eveline Gutzwiller-Helfenfinger, Hermann J. Abs und Kerstin G\u00f6bel, Leiden: Brill, 2022, S. 1-14.<\/li>\n\n\n\n<li><em>Trans* und Inter* Studien: Aktuelle Forschungsbeitr\u00e4ge aus dem deutschsprachigen Raum<\/em>, hg. mit Esto Mader, Joris A. Gregor, Robin K. Saalfeld, Ren\u00e9_ Rain Hornstein, Marie C. Grasmeier und Toni Schadow, M\u00fcnster: Westf\u00e4lisches Dampfboot, 2021.<\/li>\n\n\n\n<li>\u201eFremdbestimmtes Selbstbestimmungsrecht: Die Stellungnahme \u201aIntersexualit\u00e4t\u2018 des Deutschen Ethikrats als Beispiel f\u00fcr die aktuelle Reproduktion medizinischer Deutungsmacht \u00fcber Inter*\u201c, in: <em>Trans* und Inter* Studien: Aktuelle Forschungsbeitr\u00e4ge aus dem deutschsprachigen Raum<\/em>, hg. von Esto Mader, Joris A. Gregor, Robin K. Saalfeld, Ren\u00e9_Rain Hornstein, Paulena M\u00fcller, Marie C. Grasmeier, Toni Schadow, M\u00fcnster: Westf\u00e4lisches Dampfboot, 2022, S. 55-78.<\/li>\n\n\n\n<li>mit Esto Mader, Joris A. Gregor, Robin K. Saalfeld, Ren\u00e9_ Rain Hornstein, Marie C. Grasmeier, Toni Schadow: \u201eEinleitung\u201c, ebd., S. 7-25.<\/li>\n\n\n\n<li>\u201e<em>I\u00b4m not a nigger, I\u00b4m a man.<\/em> Intricacies of Masculinity and Race in Raoul Peck\u00b4s <em>I Am Not Your Negro<\/em>\u201d, in: Onlinejournal kultur &amp; geschlecht #22, 2019. Online: kulturundgeschlecht.blogs.ruhr-uni-bochum.de\/?p=704.<\/li>\n\n\n\n<li><em>Thematic Papers Based on the Conference \u201eMigration, Social Transformation, and Education for Democratic Citizenship\u201d<\/em>, hg. mit Eveline Gutzwiller-Helfenfinger und Hermann J. Abs, Duisburg\/Essen: DuEPublico, 2019. doi: 10.17185\/duepublico\/47633. <\/li>\n<\/ul>\n<\/div>\n\n\n\n<p class=\"has-medium-font-size\"><strong><u>Vortr\u00e4ge<\/u><\/strong><\/p>\n\n\n\n<ul class=\"wp-block-list\">\n<li>&#8220;Trans* <em>ganz privat<\/em>: Filmische Geschlechterpolitiken des Besuchens&#8221;. Ringvorlesung <em>Das Dokumentarische V<\/em>, Ruhr-Universit\u00e4t Bochum, 11.01.2024.<\/li>\n\n\n\n<li>&#8220;Begehren nach Geschichte im digitalen Alltag: Queerer Retroaktivismus auf YouTube und Instagram&#8221;, gemeinsames Panel mit Nils Meyn. Konferenz <em>Finger\u00fcbungen des digitalen Alltags<\/em>, Universit\u00e4t Hamburg, 27.10.2023.<\/li>\n\n\n\n<li>&#8220;Screened In, Looking Out: Der Vorhang in Leslie Feinbergs h\u00e4uslichen Fotografien&#8221;, Beitrag im Rahmen des gemeinsamen Panels &#8220;Dokumentarische Abh\u00e4ngigkeiten: Filtering &amp; Mapping&#8221; mit Franziska Barth, Vesna Schierbaum, Hannah Schmedes und Amelie Wedel (Moderation: Ying Sze Pek \/ Elisabeth van Treeck). 18. Jahrestagung der Gesellschaft f\u00fcr Medienwissenschaft, Universit\u00e4t Bonn, 28.09.2023.<\/li>\n\n\n\n<li>Keynote-Vortrag: &#8220;Queer Aesthetics\/Queere \u00c4sthetiken&#8221; mit Henriette Gunkel und zethu Matebeni. <em>Queer und vielf\u00e4ltig: Diversity Day<\/em>, Ruhr-Universit\u00e4t Bochum, 24.05.2023.<\/li>\n\n\n\n<li>\u201eBuchvorstellung <em>Trans* und Inter* Studien. Aktuelle Forschungsbeitr\u00e4ge aus dem deutschsprachigen Raum<\/em>\u201c mit Esto Mader und Robin K. Saalfeld. 4. Tagung des Inter*Trans*Wissenschaftsnetzwerks, Online, 08.10.2021.<\/li>\n\n\n\n<li>\u201eDie Stellungnahme <em>Intersexualit\u00e4t<\/em> des Deutschen Ethikrats. Strukturelle und sprachliche Pr\u00e4missen einer \u201aunabh\u00e4ngigen\u2018 Positionierung\u201c. 3. Tagung des Inter*Trans*Wissenschaftsnetzwerks, FSU Jena, 31.08.2019.<\/li>\n<\/ul>\n\n\n\n<p class=\"has-medium-font-size\"><strong><u>Lehrveranstaltungen<\/u><\/strong><\/p>\n\n\n\n<ul class=\"wp-block-list\">\n<li>&#8220;AG Study Group: Handlungsfelder der Inter*Studien&#8221; (Seminar). Interdisziplin\u00e4re und Au\u00dferfachliche Kompetenzen f\u00fcr Masterstudien, Universit\u00e4t Innsbruck, SoSe 2024<\/li>\n\n\n\n<li>&#8220;Gender_Wissen in der Praxis-Tag: Schwerpunkt Forschung und Wissenschaftsmanagement&#8221;. Marie Jahoda Center for International Gender Studies, Ruhr-Universit\u00e4t Bochum, SoSe 2023 (Gastvortrag, Veranstaltungsleitung: Maximiliane Brand, M.A.)<\/li>\n\n\n\n<li>\u201eGeschlecht(er) und Gesundheit\u201c (Seminar). FH Dortmund, WiSe 2019\/2020 (Gastlehrende, Seminarleitung: Prof. Dr. Gabriele Dennert)<\/li>\n<\/ul>\n\n\n\n<p class=\"has-medium-font-size\"><strong><u>Veranstaltungsorganisation<\/u><\/strong><\/p>\n\n\n\n<ul class=\"wp-block-list\">\n<li>Vortrag und Workshop &#8220;Transecological Aesthetics&#8221; mit Wibke Straube (Universit\u00e4t Karlstad), 12.\/13. Juni 2025, Bochum. Kooperation des DFG-Graduiertenkollegs &#8220;Das Dokumentarische. Exzess und Entzug&#8221; und der Professur f\u00fcr Transformationen audiovisueller Medien unter der besonderen Ber\u00fccksichtigung von Gender und Queer Theory am Institut f\u00fcr Medienwissenschaft, Ruhr-Universit\u00e4t Bochum. Co-Organisation: Henriette Gunkel, Paulena M\u00fcller <\/li>\n\n\n\n<li>Internationale Konferenz &#8220;404 not found. Documentary Ends&#8221;, 8.-10. Mai 2025, Bochum. Dritte Jahreskonferenz des DFG-Graduiertienkolleg &#8220;Das Dokumentarische. Exzess und Entzug&#8221;, Ruhr-Universit\u00e4t Bochum &#8211; Mitarbeit im Konferenzteam<\/li>\n\n\n\n<li>Internationale Summer School &#8220;Queer Masculinities&#8221;, 24.-29. M\u00e4rz 2024 in Chintsa, S\u00fcdafrika. Kooperation der Ruhr-Universit\u00e4t Bochum und dem South Africa Research Chair for Sexuality, Gender and Queer Studies (University of Fort Hare). Leitung: Prof. zethu Matebeni und Prof. Henriette Gunkel, Co-Organisation: Maximiliane Brand, Princess A. Sibanda, Paulena M\u00fcller.<\/li>\n\n\n\n<li>Arbeitsgruppe \u201e<a href=\"https:\/\/das-dokumentarische.blogs.ruhr-uni-bochum.de\/arbeitsgruppe-und-workshopreihe-situiertes-forschen-und-schreiben\/\" target=\"_blank\" rel=\"noreferrer noopener\">Situiertes Forschen und Schreiben<\/a>\u201c mit gleichnamiger Workshopreihe, gemeinsam organisiert mit Rose Beermann, Anne K\u00fcper, Katharina Menschick, Hannah Schmedes und Amelie Wedel. G\u00e4ste: Prof. Dr. Kathrin Busch, Dr. Isabel Mehl, Oona Lochner. DFG-Graduiertenkolleg &#8220;Das Dokumentarische. Exzess und Entzug&#8221;, Ruhr-Universit\u00e4t Bochum, seit Sommersemester 2023 (laufend).<\/li>\n\n\n\n<li>IMISCOE Spring Conference 2022: \u201eShifting rationalities in Migration Policies in Europe?\u201c (Online-Konferenz) &#8211; Mitarbeit bei der Durchf\u00fchrung<\/li>\n\n\n\n<li>4. Tagung des Inter*Trans*Wissenschaftsnetzwerks 2021 (Online-Konferenz) &#8211; Mitarbeit bei der Durchf\u00fchrung<\/li>\n\n\n\n<li>InZentIM-Jahrestagung 2021 (Online-Konferenz) &#8211; Mitarbeit bei der Organisation und Durchf\u00fchrung<\/li>\n\n\n\n<li>InZentIM &amp; AMLI Conference 2019: \u201eApproaches to Migration, Language and Identity: Practices, Ideologies and Policies now and then\u201c (Universit\u00e4t Duisburg-Essen) &#8211; Mitarbeit bei der Durchf\u00fchrung<\/li>\n\n\n\n<li>1. Fr\u00fchjahrstagung des InZentIM-Nachwuchsnetzwerks 2019 (Universit\u00e4t Duisburg-Essen) &#8211; Mitarbeit bei der Organisation und Durchf\u00fchrung<\/li>\n\n\n\n<li>InZentIM-Jahrestagung 2018: \u201eMigration, Social Transformation, and Education for Democratic Citizenship\u201c (Universit\u00e4t Duisburg-Essen) &#8211; Mitarbeit bei der Organisation und Durchf\u00fchrung<\/li>\n<\/ul>\n\n\n\n<p class=\"has-medium-font-size\"><strong><u>Sonstiges<\/u><\/strong><\/p>\n\n\n\n<ul class=\"wp-block-list\">\n<li>Freie Lektorin f\u00fcr wissenschaftliche, journalistische und politische Texte<\/li>\n\n\n\n<li>Mitglied des Inter*Trans*Wissenschaftsnetzwerks (ITW)<\/li>\n\n\n\n<li>Mitglied der Fachgesellschaft Geschlechterstudien<\/li>\n\n\n\n<li>Mitglied der Gesellschaft f\u00fcr Medienwissenschaft (GfM)<\/li>\n<\/ul>\n","protected":false},"excerpt":{"rendered":"<p>Universit\u00e4tsstr.\u00a015044801 BochumRaum: GB 6\/142 Telefon: +49 (0) 234\/32-27277E-Mail: paulena.mueller@ruhr-uni-bochum.de Titel der Dissertation Queerly Walking Among You: Filmische Alltagsdokumente geschlechtlicher Nonkonformit\u00e4t<\/p>\n","protected":false},"author":42,"featured_media":0,"parent":0,"menu_order":0,"comment_status":"closed","ping_status":"closed","template":"","meta":{"colormag_page_container_layout":"default_layout","colormag_page_sidebar_layout":"default_layout","_uag_custom_page_level_css":"","ngg_post_thumbnail":0,"footnotes":""},"class_list":["post-8721","page","type-page","status-publish","hentry"],"translation":{"provider":"WPGlobus","version":"3.0.2","language":"en","enabled_languages":["de","en"],"languages":{"de":{"title":true,"content":true,"excerpt":false},"en":{"title":false,"content":false,"excerpt":false}}},"yoast_head":"<!-- This site is optimized with the Yoast SEO plugin v27.4 - https:\/\/yoast.com\/product\/yoast-seo-wordpress\/ -->\n<title>Paulena M\u00fcller, M.A. - GRK Das Dokumentarische. Exzess und Entzug<\/title>\n<meta name=\"robots\" content=\"index, follow, max-snippet:-1, max-image-preview:large, max-video-preview:-1\" \/>\n<link rel=\"canonical\" href=\"https:\/\/das-dokumentarische.blogs.ruhr-uni-bochum.de\/paulena-muller-m-a\/\" \/>\n<meta property=\"og:locale\" content=\"en_US\" \/>\n<meta property=\"og:type\" content=\"article\" \/>\n<meta property=\"og:title\" content=\"Paulena M\u00fcller, M.A. - GRK Das Dokumentarische. Exzess und Entzug\" \/>\n<meta property=\"og:url\" content=\"https:\/\/das-dokumentarische.blogs.ruhr-uni-bochum.de\/paulena-muller-m-a\/\" \/>\n<meta property=\"og:site_name\" content=\"GRK Das Dokumentarische. Exzess und Entzug\" \/>\n<meta property=\"article:modified_time\" content=\"2025-08-01T08:59:43+00:00\" \/>\n<meta property=\"og:image\" content=\"https:\/\/das-dokumentarische.blogs.ruhr-uni-bochum.de\/wp-content\/uploads\/2025\/07\/DSCF025211c.jpg\" \/>\n\t<meta property=\"og:image:width\" content=\"1306\" \/>\n\t<meta property=\"og:image:height\" content=\"1357\" \/>\n\t<meta property=\"og:image:type\" content=\"image\/jpeg\" \/>\n<meta name=\"twitter:card\" content=\"summary_large_image\" \/>\n<meta name=\"twitter:label1\" content=\"Est. reading time\" \/>\n\t<meta name=\"twitter:data1\" content=\"8 minutes\" \/>\n<script type=\"application\/ld+json\" class=\"yoast-schema-graph\">{\"@context\":\"https:\\\/\\\/schema.org\",\"@graph\":[{\"@type\":\"WebPage\",\"@id\":\"https:\\\/\\\/das-dokumentarische.blogs.ruhr-uni-bochum.de\\\/paulena-muller-m-a\\\/\",\"url\":\"https:\\\/\\\/das-dokumentarische.blogs.ruhr-uni-bochum.de\\\/paulena-muller-m-a\\\/\",\"name\":\"Paulena M\u00fcller, M.A. - GRK Das Dokumentarische. Exzess und Entzug\",\"isPartOf\":{\"@id\":\"https:\\\/\\\/das-dokumentarische.blogs.ruhr-uni-bochum.de\\\/en\\\/#website\"},\"primaryImageOfPage\":{\"@id\":\"https:\\\/\\\/das-dokumentarische.blogs.ruhr-uni-bochum.de\\\/paulena-muller-m-a\\\/#primaryimage\"},\"image\":{\"@id\":\"https:\\\/\\\/das-dokumentarische.blogs.ruhr-uni-bochum.de\\\/paulena-muller-m-a\\\/#primaryimage\"},\"thumbnailUrl\":\"https:\\\/\\\/das-dokumentarische.blogs.ruhr-uni-bochum.de\\\/wp-content\\\/uploads\\\/2025\\\/07\\\/DSCF025211c-700x727.jpg\",\"datePublished\":\"2022-11-14T16:20:15+00:00\",\"dateModified\":\"2025-08-01T08:59:43+00:00\",\"breadcrumb\":{\"@id\":\"https:\\\/\\\/das-dokumentarische.blogs.ruhr-uni-bochum.de\\\/paulena-muller-m-a\\\/#breadcrumb\"},\"inLanguage\":\"en-US\",\"potentialAction\":[{\"@type\":\"ReadAction\",\"target\":[\"https:\\\/\\\/das-dokumentarische.blogs.ruhr-uni-bochum.de\\\/paulena-muller-m-a\\\/\"]}]},{\"@type\":\"ImageObject\",\"inLanguage\":\"en-US\",\"@id\":\"https:\\\/\\\/das-dokumentarische.blogs.ruhr-uni-bochum.de\\\/paulena-muller-m-a\\\/#primaryimage\",\"url\":\"https:\\\/\\\/das-dokumentarische.blogs.ruhr-uni-bochum.de\\\/wp-content\\\/uploads\\\/2025\\\/07\\\/DSCF025211c-700x727.jpg\",\"contentUrl\":\"https:\\\/\\\/das-dokumentarische.blogs.ruhr-uni-bochum.de\\\/wp-content\\\/uploads\\\/2025\\\/07\\\/DSCF025211c-700x727.jpg\"},{\"@type\":\"BreadcrumbList\",\"@id\":\"https:\\\/\\\/das-dokumentarische.blogs.ruhr-uni-bochum.de\\\/paulena-muller-m-a\\\/#breadcrumb\",\"itemListElement\":[{\"@type\":\"ListItem\",\"position\":1,\"name\":\"Startseite\",\"item\":\"https:\\\/\\\/das-dokumentarische.blogs.ruhr-uni-bochum.de\\\/en\\\/\"},{\"@type\":\"ListItem\",\"position\":2,\"name\":\"Paulena M\u00fcller, M.A.\"}]},{\"@type\":\"WebSite\",\"@id\":\"https:\\\/\\\/das-dokumentarische.blogs.ruhr-uni-bochum.de\\\/en\\\/#website\",\"url\":\"https:\\\/\\\/das-dokumentarische.blogs.ruhr-uni-bochum.de\\\/en\\\/\",\"name\":\"GRK Das Dokumentarische. Exzess und Entzug\",\"description\":\"\",\"potentialAction\":[{\"@type\":\"SearchAction\",\"target\":{\"@type\":\"EntryPoint\",\"urlTemplate\":\"https:\\\/\\\/das-dokumentarische.blogs.ruhr-uni-bochum.de\\\/en\\\/?s={search_term_string}\"},\"query-input\":{\"@type\":\"PropertyValueSpecification\",\"valueRequired\":true,\"valueName\":\"search_term_string\"}}],\"inLanguage\":\"en-US\"}]}<\/script>\n<!-- \/ Yoast SEO plugin. -->","yoast_head_json":{"title":"Paulena M\u00fcller, M.A. - GRK Das Dokumentarische. Exzess und Entzug","robots":{"index":"index","follow":"follow","max-snippet":"max-snippet:-1","max-image-preview":"max-image-preview:large","max-video-preview":"max-video-preview:-1"},"canonical":"https:\/\/das-dokumentarische.blogs.ruhr-uni-bochum.de\/paulena-muller-m-a\/","og_locale":"en_US","og_type":"article","og_title":"Paulena M\u00fcller, M.A. - GRK Das Dokumentarische. Exzess und Entzug","og_url":"https:\/\/das-dokumentarische.blogs.ruhr-uni-bochum.de\/paulena-muller-m-a\/","og_site_name":"GRK Das Dokumentarische. Exzess und Entzug","article_modified_time":"2025-08-01T08:59:43+00:00","og_image":[{"width":1306,"height":1357,"url":"https:\/\/das-dokumentarische.blogs.ruhr-uni-bochum.de\/wp-content\/uploads\/2025\/07\/DSCF025211c.jpg","type":"image\/jpeg"}],"twitter_card":"summary_large_image","twitter_misc":{"Est. reading time":"8 minutes"},"schema":{"@context":"https:\/\/schema.org","@graph":[{"@type":"WebPage","@id":"https:\/\/das-dokumentarische.blogs.ruhr-uni-bochum.de\/paulena-muller-m-a\/","url":"https:\/\/das-dokumentarische.blogs.ruhr-uni-bochum.de\/paulena-muller-m-a\/","name":"Paulena M\u00fcller, M.A. - GRK Das Dokumentarische. Exzess und Entzug","isPartOf":{"@id":"https:\/\/das-dokumentarische.blogs.ruhr-uni-bochum.de\/en\/#website"},"primaryImageOfPage":{"@id":"https:\/\/das-dokumentarische.blogs.ruhr-uni-bochum.de\/paulena-muller-m-a\/#primaryimage"},"image":{"@id":"https:\/\/das-dokumentarische.blogs.ruhr-uni-bochum.de\/paulena-muller-m-a\/#primaryimage"},"thumbnailUrl":"https:\/\/das-dokumentarische.blogs.ruhr-uni-bochum.de\/wp-content\/uploads\/2025\/07\/DSCF025211c-700x727.jpg","datePublished":"2022-11-14T16:20:15+00:00","dateModified":"2025-08-01T08:59:43+00:00","breadcrumb":{"@id":"https:\/\/das-dokumentarische.blogs.ruhr-uni-bochum.de\/paulena-muller-m-a\/#breadcrumb"},"inLanguage":"en-US","potentialAction":[{"@type":"ReadAction","target":["https:\/\/das-dokumentarische.blogs.ruhr-uni-bochum.de\/paulena-muller-m-a\/"]}]},{"@type":"ImageObject","inLanguage":"en-US","@id":"https:\/\/das-dokumentarische.blogs.ruhr-uni-bochum.de\/paulena-muller-m-a\/#primaryimage","url":"https:\/\/das-dokumentarische.blogs.ruhr-uni-bochum.de\/wp-content\/uploads\/2025\/07\/DSCF025211c-700x727.jpg","contentUrl":"https:\/\/das-dokumentarische.blogs.ruhr-uni-bochum.de\/wp-content\/uploads\/2025\/07\/DSCF025211c-700x727.jpg"},{"@type":"BreadcrumbList","@id":"https:\/\/das-dokumentarische.blogs.ruhr-uni-bochum.de\/paulena-muller-m-a\/#breadcrumb","itemListElement":[{"@type":"ListItem","position":1,"name":"Startseite","item":"https:\/\/das-dokumentarische.blogs.ruhr-uni-bochum.de\/en\/"},{"@type":"ListItem","position":2,"name":"Paulena M\u00fcller, M.A."}]},{"@type":"WebSite","@id":"https:\/\/das-dokumentarische.blogs.ruhr-uni-bochum.de\/en\/#website","url":"https:\/\/das-dokumentarische.blogs.ruhr-uni-bochum.de\/en\/","name":"GRK Das Dokumentarische. Exzess und Entzug","description":"","potentialAction":[{"@type":"SearchAction","target":{"@type":"EntryPoint","urlTemplate":"https:\/\/das-dokumentarische.blogs.ruhr-uni-bochum.de\/en\/?s={search_term_string}"},"query-input":{"@type":"PropertyValueSpecification","valueRequired":true,"valueName":"search_term_string"}}],"inLanguage":"en-US"}]}},"uagb_featured_image_src":{"full":false,"thumbnail":false,"medium":false,"medium_large":false,"large":false,"1536x1536":false,"2048x2048":false,"ultp_layout_landscape_large":false,"ultp_layout_landscape":false,"ultp_layout_portrait":false,"ultp_layout_square":false,"colormag-highlighted-post":false,"colormag-featured-post-medium":false,"colormag-featured-post-small":false,"colormag-featured-image":false,"colormag-default-news":false,"colormag-featured-image-large":false},"uagb_author_info":{"display_name":"Fotini Kouneli","author_link":"https:\/\/das-dokumentarische.blogs.ruhr-uni-bochum.de\/en\/author\/fotini-kouneli\/"},"uagb_comment_info":0,"uagb_excerpt":"Universit\u00e4tsstr.\u00a015044801 BochumRaum: GB 6\/142 Telefon: +49 (0) 234\/32-27277E-Mail: paulena.mueller@ruhr-uni-bochum.de Titel der Dissertation Queerly Walking Among You: Filmische Alltagsdokumente geschlechtlicher Nonkonformit\u00e4t","_links":{"self":[{"href":"https:\/\/das-dokumentarische.blogs.ruhr-uni-bochum.de\/en\/wp-json\/wp\/v2\/pages\/8721","targetHints":{"allow":["GET"]}}],"collection":[{"href":"https:\/\/das-dokumentarische.blogs.ruhr-uni-bochum.de\/en\/wp-json\/wp\/v2\/pages"}],"about":[{"href":"https:\/\/das-dokumentarische.blogs.ruhr-uni-bochum.de\/en\/wp-json\/wp\/v2\/types\/page"}],"author":[{"embeddable":true,"href":"https:\/\/das-dokumentarische.blogs.ruhr-uni-bochum.de\/en\/wp-json\/wp\/v2\/users\/42"}],"replies":[{"embeddable":true,"href":"https:\/\/das-dokumentarische.blogs.ruhr-uni-bochum.de\/en\/wp-json\/wp\/v2\/comments?post=8721"}],"version-history":[{"count":31,"href":"https:\/\/das-dokumentarische.blogs.ruhr-uni-bochum.de\/en\/wp-json\/wp\/v2\/pages\/8721\/revisions"}],"predecessor-version":[{"id":12977,"href":"https:\/\/das-dokumentarische.blogs.ruhr-uni-bochum.de\/en\/wp-json\/wp\/v2\/pages\/8721\/revisions\/12977"}],"wp:attachment":[{"href":"https:\/\/das-dokumentarische.blogs.ruhr-uni-bochum.de\/en\/wp-json\/wp\/v2\/media?parent=8721"}],"curies":[{"name":"wp","href":"https:\/\/api.w.org\/{rel}","templated":true}]}}