{"id":8719,"date":"2022-11-14T17:19:59","date_gmt":"2022-11-14T16:19:59","guid":{"rendered":"https:\/\/das-dokumentarische.blogs.ruhr-uni-bochum.de\/?page_id=8719"},"modified":"2025-08-01T10:58:31","modified_gmt":"2025-08-01T08:58:31","slug":"katharina-menschick-m-a","status":"publish","type":"page","link":"https:\/\/das-dokumentarische.blogs.ruhr-uni-bochum.de\/en\/katharina-menschick-m-a\/","title":{"rendered":"Katharina Menschick, M.A."},"content":{"rendered":"\n<div class=\"wp-block-media-text alignwide is-stacked-on-mobile\" style=\"grid-template-columns:23% auto\"><figure class=\"wp-block-media-text__media\"><img loading=\"lazy\" decoding=\"async\" width=\"700\" height=\"700\" src=\"https:\/\/das-dokumentarische.blogs.ruhr-uni-bochum.de\/wp-content\/uploads\/2023\/05\/katharina-menschick-1-700x700.jpg\" alt=\"\" class=\"wp-image-9967 size-full\" srcset=\"https:\/\/das-dokumentarische.blogs.ruhr-uni-bochum.de\/wp-content\/uploads\/2023\/05\/katharina-menschick-1-700x700.jpg 700w, https:\/\/das-dokumentarische.blogs.ruhr-uni-bochum.de\/wp-content\/uploads\/2023\/05\/katharina-menschick-1-300x300.jpg 300w, https:\/\/das-dokumentarische.blogs.ruhr-uni-bochum.de\/wp-content\/uploads\/2023\/05\/katharina-menschick-1-150x150.jpg 150w, https:\/\/das-dokumentarische.blogs.ruhr-uni-bochum.de\/wp-content\/uploads\/2023\/05\/katharina-menschick-1-768x768.jpg 768w, https:\/\/das-dokumentarische.blogs.ruhr-uni-bochum.de\/wp-content\/uploads\/2023\/05\/katharina-menschick-1-1536x1536.jpg 1536w, https:\/\/das-dokumentarische.blogs.ruhr-uni-bochum.de\/wp-content\/uploads\/2023\/05\/katharina-menschick-1-2048x2048.jpg 2048w, https:\/\/das-dokumentarische.blogs.ruhr-uni-bochum.de\/wp-content\/uploads\/2023\/05\/katharina-menschick-1-600x600.jpg 600w, https:\/\/das-dokumentarische.blogs.ruhr-uni-bochum.de\/wp-content\/uploads\/2023\/05\/katharina-menschick-1.jpg 1920w\" sizes=\"auto, (max-width: 700px) 100vw, 700px\" \/><\/figure><div class=\"wp-block-media-text__content\">\n<p>Universit\u00e4tsstr.\u00a0150<br>44801 Bochum<br>Raum: GB 6\/140<\/p>\n\n\n\n<p>Telefon: +49 (0) 234\/32-27126<br>E-Mail: katharina.menschick@ruhr-uni-bochum.de<\/p>\n<\/div><\/div>\n\n\n\n<p><mark style=\"background-color:rgba(0, 0, 0, 0)\" class=\"has-inline-color has-white-color\">:<\/mark><\/p>\n\n\n\n<p class=\"has-medium-font-size\"><strong><u>Titel der Dissertation<\/u><\/strong><\/p>\n\n\n\n<p>Im Angesicht der Katastrophe \u2013 Vom Dokumentieren f\u00fcr die Zukunft zur Verantwortung der Rezeption in der Gegenwart (AT)<\/p>\n\n\n\n<p class=\"has-medium-font-size\"><strong><u>Projektbeschreibung<\/u><\/strong><\/p>\n\n\n\n<p>In seinen Reflexionen \u00fcber die verstreute Sammlung an Dokumenten, die das Kollektiv <em>Oyneg Shabes<\/em> unter gr\u00f6\u00dfter Gefahr im Inneren des Warschauer Ghettos angelegt hat, schreibt Georges Didi-Huberman (<em>\u00c9parses\/Zerstoben<\/em>, 2020\/2022), dass die \u201eblo\u00dfe Existenz\u201c und das \u201e\u00dcberleben\u201c der Klage, die sich in dieser Dokumentation ausdr\u00fcckt, \u201ef\u00fcr uns etwas darstellen, das von einem intensiven Begehren zeugt und folglich eine Hoffnung birgt.\u201c Im Sinne dieser Hoffnung gelte es, die \u00fcberlieferten Dokumente \u201enicht als unwandelbare Sch\u00e4tze, sondern als Samenk\u00f6rner f\u00fcr die Gegenwart, f\u00fcr die Zukunft\u201c zu begreifen. Das Dissertationsvorhaben geht vom Heute als dieser Gegenwart aus und fragt nach dem Verh\u00e4ltnis von Dokument, Rezeption und Verantwortung.<\/p>\n\n\n\n<p>Daf\u00fcr werden in einem ersten Schritt die Entstehung und das Nachleben einzelner Dokumente, die in Kontexten extremer und t\u00f6dlicher Gewalt \u2013 wie etwa der nationalsozialistischen Verfolgung \u2013 entstanden sind, nachgezeichnet. Am Beginn stehen dabei Definitionen des Dokumentarischen, die dessen Zeugnis- und Beweischarakter betonen und davon ausgehen, dass die Aussagekraft eines Dokuments nicht allein in ihm selbst festgelegt ist, sondern stets von seinem Kontext und den Perspektiven jener, die es wahrnehmen, abh\u00e4ngt. Unter anderem die Rolle des Archivs als scheinbar neutrale Institution, die die Bedingungen festlegt, unter denen Dokumente gefunden und wahr-genommen werden k\u00f6nnen und dabei von einem linearen Zeitverst\u00e4ndnis ausgeht, wird dabei kritisch hinterfragt.<\/p>\n\n\n\n<p>In einem zweiten Schritt werden Dokumente und dokumentarische Formen in den Blick genommen, die gegenw\u00e4rtig im Angesicht von Katastrophen \u2013 wie etwa den Bedingungen, unter denen Flucht und Migration stattfinden \u2013 entstehen. Unter welchen Voraussetzungen ge- oder misslingt es ihnen, dokumentarischen Beweischarakter zu erlangen? Und was bedeutet es, wenn Dokumente zwar als Beweise anerkannt werden, diese Erkenntnis aber ohne Folgen bleibt? Fragen wie diese werden insbesondere von aktivistischen und k\u00fcnstlerischen Standpunkten aus gestellt, die neue Formen des Bewahrens, Dokumentierens und Archivierens erproben \u2013 um Dokumente im Sinne der Beendigung der katastrophalen Bedingungen, aus denen sie hervorgehen, zu aktivieren.<\/p>\n\n\n\n<p>Das Dissertationsvorhaben stellt dabei einen Dialog zwischen kultur- und medienwissenschaftlichen Archivtheorien sowie den insbesondere im englischsprachigen Raum aus der praktischen Arbeit in Archiven entwickelten kritischen Archiv- und Informationswissenschaften her. Vertreter:innen der beiden \u2013 meist noch getrennt voneinander diskutierenden \u2013 Felder haben antirassistische, antikoloniale und queer-feministische Erweiterungen der Archiv- und Dokumenttheorie erarbeitet, die f\u00fcr das vorliegende Projekt wichtige Impulse darstellen.&nbsp;<\/p>\n\n\n\n<h4 class=\"wp-block-heading has-medium-font-size\"><strong><u>Wissenschaftlicher Werdegang<\/u><\/strong><\/h4>\n\n\n\n<ul class=\"wp-block-list\">\n<li>seit 10\/2022: Wissenschaftliche Mitarbeiterin (Promotion) am DFG-Graduiertenkolleg \u201eDas Dokumentarische. Exzess und Entzug\u201c, Ruhr-Universit\u00e4t Bochum<\/li>\n\n\n\n<li>2020 \u2013 2022: Wissenschaftliche Mitarbeiterin, Forschung und Bildung\/Historical Research, Arolsen Archives \u2013 International Center on Nazi Persecution<\/li>\n\n\n\n<li>2019 \u2013 2020: Archival Assistant, Leo Baeck Institute New York for the Study of German-Jewish History and Culture<\/li>\n\n\n\n<li>05\/2019: MA Liberal Studies, The Graduate Center \u2013 City University of New York (CUNY)<\/li>\n\n\n\n<li>2017 \u2013 2019: Fulbright Stipendium; Masterstudium Liberal Studies, The Graduate Center &#8211; City University of New York<\/li>\n\n\n\n<li>2015 \u2013 2019: Masterstudium Politikwissenschaft, Universit\u00e4t Wien<\/li>\n\n\n\n<li>2014 \u2013 2017: Bachelorstudium Sprachkunst, Universit\u00e4t f\u00fcr angewandte Kunst Wien<\/li>\n\n\n\n<li>08\/2014: BA Internationale Entwicklung, Universit\u00e4t Wien<\/li>\n\n\n\n<li>2009 \u2013 2014: Bachelorstudium Internationale Entwicklung, Universit\u00e4t Wien<\/li>\n<\/ul>\n\n\n\n<h4 class=\"wp-block-heading has-medium-font-size\"><strong><u>Publikationen <\/u><\/strong><\/h4>\n\n\n\n<p>Aufs\u00e4tze, Artikel, Essays<\/p>\n\n\n\n<ul class=\"wp-block-list\">\n<li><em>Bad Homburg, 10.06.1942: Zur Fotografie einer NS-Deportation<\/em>, in: Kreisausschuss des Hochtaunuskreis (Hg.): Jahrbuch Hochtaunus 2025, 33. Jahrgang, Wiesbaden: Waldemar Kramer, 2024, S.260-268<\/li>\n\n\n\n<li><em>Fu\u00df fassen, irgendwo auf dieser ungastlichen Erde. In Erinnerung an die in Wien geborene und als J\u00fcdin vertriebene Schriftstellerin und Aktivistin Eva Kollisch<\/em> (print) bzw. <em><a href=\"https:\/\/www.derstandard.at\/story\/3000000198761\/durch-und-durch-gegen-den-krieg-gedanken-zu-eva-kollisch\" target=\"_blank\" rel=\"noreferrer noopener\">Durch und durch gegen den Krieg: Gedanken zu Eva Kollisch<\/a><\/em> (online), in: Der Standard, Album, 09.12.2023, S.5<\/li>\n\n\n\n<li><a href=\"https:\/\/tagebuch.at\/2023\/12\/ein-leben-in-bewegung\/\" target=\"_blank\" rel=\"noreferrer noopener\"><em>Ein Leben in Bewegung<\/em><\/a>, in: Tagebuch 2023\/24, No. 12\/1, S.46-48<\/li>\n\n\n\n<li>Mit Alina Bothe und Christoph Kreutzm\u00fcller: Debattenbeitrag: <em><a href=\"https:\/\/www.stiftung-evz.de\/was-wir-foerdern\/drittmittel-programme\/bildungsagenda-ns-unrecht\/bildungsagenda-magazin\/die-e-t-hik-des-zeigens\/\" target=\"_blank\" rel=\"noreferrer noopener\">Die Ethik des Zeigens: Bilder aus dem Holocaust<\/a><\/em>, in: Stiftung EVZ (Hg.): Das Magazin der Bildungsagenda NS-Unrecht, 2023, S.19-20<\/li>\n\n\n\n<li>Mit Akim Jah, Sabine Moller und Margit Vogt: <em>Forschend-entdeckendes Lernen und digitale Tools: Zur Archivp\u00e4dagogik der Arolsen Archives<\/em>, in: Geschichte in Wissenschaft und Unterricht, Nr. 5\/6 2022, S.260-272<\/li>\n\n\n\n<li>Mit Caleb Fridell: <a href=\"https:\/\/post45.org\/2021\/04\/seven-social-landscapes\/\" target=\"_blank\" rel=\"noreferrer noopener\"><em>Seven Social Landscapes<\/em><\/a>, in: Post45, Cluster: New Filmic Geographies, 10.4.2021<\/li>\n\n\n\n<li><em>\u201cI have learned that human suffering is indivisible\u201d &#8211; <a href=\"https:\/\/www.lbi.org\/collections\/walter-plaut\/\" target=\"_blank\" rel=\"noreferrer noopener\">Rabbi Walter Plaut and the 1961 Freedom Ride<\/a><\/em>, Website des Leo Baeck Institute New York, 2021<\/li>\n<\/ul>\n\n\n\n<p>Rezensionen<\/p>\n\n\n\n<ul class=\"wp-block-list\">\n<li><a href=\"https:\/\/mediarep.org\/entities\/review\/86b04391-ea5d-445f-b721-80db94fd6289\" target=\"_blank\" rel=\"noreferrer noopener\"><em>Dietmar Schenk: Archivkultur: Bausteine zu ihrer Begr\u00fcndung<\/em><\/a>, in: MEDIENwissenschaft: Rezensionen | Reviews, Jg. 40 (2023), Nr. 4, S. 422-423. DOI: http:\/\/dx.doi.org\/10.25969\/mediarep\/20742.<\/li>\n<\/ul>\n\n\n\n<p>Multimedia<\/p>\n\n\n\n<ul class=\"wp-block-list\">\n<li>Bildatlas <a href=\"https:\/\/atlas.lastseen.org\/\" target=\"_blank\" rel=\"noreferrer noopener\">#LastSeen \u2013&nbsp;Bilder der NS-Deportationen<\/a>, hg. von Alina Bothe (2023): Eintr\u00e4ge zu Bilderserien aus den Orten <a href=\"https:\/\/atlas.lastseen.org\/image\/bad-homburg\/44\" target=\"_blank\" rel=\"noreferrer noopener\"><em>Bad Homburg<\/em><\/a>, <a href=\"https:\/\/atlas.lastseen.org\/image\/neustrelitz\/152\" target=\"_blank\" rel=\"noreferrer noopener\"><em>Neustrelitz<\/em><\/a> und <a href=\"https:\/\/atlas.lastseen.org\/image\/remscheid\/81\" target=\"_blank\" rel=\"noreferrer noopener\"><em>Remscheid<\/em><\/a> (mit Malte Gr\u00fcnkorn), Website: atlas.lastseen.org.<\/li>\n<\/ul>\n\n\n\n<p>Radio<\/p>\n\n\n\n<ul class=\"wp-block-list\">\n<li><a href=\"https:\/\/www.srf.ch\/audio\/passage\/der-new-yorker-stammtisch-der-emigrantinnen-und-emigranten?id=12097619\" target=\"_blank\" rel=\"noreferrer noopener\"><em>&#8220;Das Besondere ist einfach, dass er existiert.&#8221; Der New Yorker Stammtisch der Emigrantinnen und Emigranten<\/em>.<\/a> \u00d61 H\u00f6rbilder (\u00d6sterreichischer Rundfunk), 19.06.2021 und 26.03.2022, SRF Passage (Schweizer Radio und Fernsehen), 10.12.2021<\/li>\n\n\n\n<li>Mit Philipp Sperner: <em>Auf keiner Landkarte \u2013 Exil und Literatur<\/em>. Radio Stimme, Radio Orange 94,0, 02.04.2017<\/li>\n<\/ul>\n\n\n\n<h4 class=\"wp-block-heading has-medium-font-size\"><strong><u>Vortr\u00e4ge<\/u><\/strong><\/h4>\n\n\n\n<ul class=\"wp-block-list\">\n<li><em>Antirassistische Aktivierungen? Zum Aufbewahren und Ausstellen von gewaltvollen Objekten in Archiven\/Museen der Migration<\/em> | Workshop \u201eGebietsneu? Mediale Resonanzen zwischen \u00d6kologie und Migration\u201c, DFG-Graduiertenkolleg \u201eDas Dokumentarische. Exzess und Entzug\u201c, Ruhr-Universit\u00e4t Bochum, 15.01.2025<\/li>\n\n\n\n<li>Panel: <em>Anders archivieren \u2013 Community Archives als Orte kritischer Versammlungsarbeit<\/em>, Chairs: Hilde Hoffmann, Natascha Frankenberg, Katharina Menschick (Ruhr-Universit\u00e4t Bochum) | Jahrestagung der Gesellschaft f\u00fcr Medienwissenschaft, Johannes-Gutenberg Universit\u00e4t Mainz, 26.09.2024<\/li>\n\n\n\n<li>Paneldiskussion: <em>Gewalt und Dokument<\/em>, mit Dominika Herbst, Katharina Menschick, Matthias Schwartz, Britt Marie Schuster, Moderation: Barbara Picht | Workshop: &#8220;Dokumentarische Evidenz \u2013 Zu einem besonderen Genre sprachlicher und praxeologischer Vergangenheitserkenntnis&#8221;, Leibniz-Zentrum f\u00fcr Literatur- und Kulturforschung (ZfL), 04.07.2024<\/li>\n\n\n\n<li><em>Beyond the Recording Gaze \u2013 &#8220;Listening to Images&#8221; in Archives of Nazi Persecution <\/em>| Film Studies Symposium: &#8220;Archive Trouble&#8221;, University of Zurich, 06.06.2024<\/li>\n\n\n\n<li><em>Blick auf ein Bild \u2013&nbsp;Bad Homburg, 10. Juni 1942<\/em> | Buchvorstellung: &#8220;Die Deportation der Juden aus Hessen 1940 bis 1945: Selbstzeugnisse &#8211; Fotos &#8211; Dokumente&#8221;, Stadtarchiv Bad Homburg v. d. H\u00f6he, 30.01.2024<\/li>\n\n\n\n<li><em>In Anbetracht der Stille \u2013 Gewalt und Leerstellen in Dokumenten nationalsozialistischer Verfolgung<\/em> |Ringvorlesung \u201eDas Dokumentarische V&#8221;, Ruhr-Universit\u00e4t Bochum, 02.11.2023<\/li>\n\n\n\n<li><em>Recorded Silences \u2013 On Reading Absences in Documents of Persecution<\/em> | Phd Workshop des Symposiums \u201eTranslation and the Archive: Performance, Practice, Negotiation\u201d, Heinrich Heine Universit\u00e4t D\u00fcsseldorf, 31.05.2023<\/li>\n\n\n\n<li><em>Introduction to Critical Archival Studies<\/em> | Gastvortrag in der Lehrveranstaltung \u201eFilm, Memory and Archive\u201d (Dr. Hilde Hoffmann), Ruhr-Universit\u00e4t Bochum, 15.05.2023<\/li>\n\n\n\n<li><em>Dokumente der NS-Verfolgung \u2013 \u201eAuftritte\u201c unter Bedingungen extremer Gewalt?<\/em> | Workshop: \u201eFormen und Figurationen forensischen Auftretens. Virtuelle Streitwelten als politische Erscheinungsr\u00e4ume\u201c, Ruhr-Universit\u00e4t Bochum, SFB 1567 Virtuelle Lebenswelten, 12.05.2023<\/li>\n\n\n\n<li><em>Bad Homburg \u2013 Das \u201eunbekannte\u201c Bild der Deportation vom 10. Juni 1942<\/em> | Konferenz: #LastSeen: Bilder der NS-Deportationen, Berlin\/Online, 14.03.2023<\/li>\n\n\n\n<li>Mit Kim Dresel: <em>Out into the Crowd \u2013 back into the Archives: Datafication and the representation of persecuted individuals in one of the largest archival collections on Nazi persecution<\/em> | Konferenz: \u201eDatafication in the Historical Humanities: Reconsidering Traditional Understandings of Sources and Data\u201d, German Historical Institute, Washington D.C., 03.06.2022<\/li>\n\n\n\n<li>Mit Kim Dresel: <em>Vom Suchen und Finden. Queer History in den Arolsen Archives<\/em> | Vortragsreihe: GehDenken des Verein Gedenkdienst, Wien, 26.04.2022<\/li>\n\n\n\n<li><em>Erinnern online: Digitale Tools in der Vermittlungsarbeit<\/em> | Tagung: \u201eHistorisch-politische Bildungsarbeit zu NS-Verbrechen im \u00f6ffentlichen Raum\u201c, Gedenkst\u00e4tte f\u00fcr Zwangsarbeit Leipzig, 05.11.2021<\/li>\n\n\n\n<li><em>The Kindertransports from Austria \u2013 Findings from Ten Oral Histories in the Leo Baeck Institute\u2019s Austrian Heritage Collection<\/em> | Event der Scholars Working Group \u201c\u2018Hear Their Cry:\u2019 Understanding the Jewish Orphan Experience\u201d, Center for Jewish History, New York\/Online, 25.05.2021<\/li>\n<\/ul>\n\n\n\n<p class=\"has-medium-font-size\"><strong><u>Sonstiges<\/u><\/strong><\/p>\n\n\n\n<ul class=\"wp-block-list\">\n<li>Mitglied der German Studies Association<\/li>\n\n\n\n<li>Mitglied der Gesellschaft f\u00fcr Medienwissenschaft<\/li>\n\n\n\n<li>Mitglied der Arbeitsgruppe &#8220;<a href=\"https:\/\/das-dokumentarische.blogs.ruhr-uni-bochum.de\/arbeitsgruppe-und-workshopreihe-situiertes-forschen-und-schreiben\/\">Situiertes Schreiben und Forschen<\/a>&#8221; am DFG-Graduiertenkolleg &#8220;Das Dokumentarische. Exzess und Entzug&#8221;, Ruhr-Universit\u00e4t Bochum <\/li>\n\n\n\n<li>2019 \u2013 2021: Mitglied der Scholars Working Group &#8220;&#8216;Hear Their Cry:\u2019 Understanding the Jewish Orphan Experience\u201d, Center for Jewish History, New York<\/li>\n<\/ul>\n","protected":false},"excerpt":{"rendered":"<p>Universit\u00e4tsstr.\u00a015044801 BochumRaum: GB 6\/140 Telefon: +49 (0) 234\/32-27126E-Mail: katharina.menschick@ruhr-uni-bochum.de : Titel der Dissertation Im Angesicht der Katastrophe \u2013 Vom Dokumentieren<\/p>\n","protected":false},"author":42,"featured_media":0,"parent":0,"menu_order":0,"comment_status":"closed","ping_status":"closed","template":"","meta":{"colormag_page_container_layout":"default_layout","colormag_page_sidebar_layout":"default_layout","_uag_custom_page_level_css":"","ngg_post_thumbnail":0,"footnotes":""},"class_list":["post-8719","page","type-page","status-publish","hentry"],"translation":{"provider":"WPGlobus","version":"3.0.2","language":"en","enabled_languages":["de","en"],"languages":{"de":{"title":true,"content":true,"excerpt":false},"en":{"title":false,"content":false,"excerpt":false}}},"yoast_head":"<!-- This site is optimized with the Yoast SEO plugin v27.6 - https:\/\/yoast.com\/product\/yoast-seo-wordpress\/ -->\n<title>Katharina Menschick, M.A. - GRK Das Dokumentarische. Exzess und Entzug<\/title>\n<meta name=\"robots\" content=\"index, follow, max-snippet:-1, max-image-preview:large, max-video-preview:-1\" \/>\n<link rel=\"canonical\" href=\"https:\/\/das-dokumentarische.blogs.ruhr-uni-bochum.de\/katharina-menschick-m-a\/\" \/>\n<meta property=\"og:locale\" content=\"en_US\" \/>\n<meta property=\"og:type\" content=\"article\" \/>\n<meta property=\"og:title\" content=\"Katharina Menschick, M.A. - GRK Das Dokumentarische. Exzess und Entzug\" \/>\n<meta property=\"og:url\" content=\"https:\/\/das-dokumentarische.blogs.ruhr-uni-bochum.de\/katharina-menschick-m-a\/\" \/>\n<meta property=\"og:site_name\" content=\"GRK Das Dokumentarische. Exzess und Entzug\" \/>\n<meta property=\"article:modified_time\" content=\"2025-08-01T08:58:31+00:00\" \/>\n<meta property=\"og:image\" content=\"https:\/\/das-dokumentarische.blogs.ruhr-uni-bochum.de\/wp-content\/uploads\/2023\/05\/katharina-menschick-1.jpg\" \/>\n\t<meta property=\"og:image:width\" content=\"1920\" \/>\n\t<meta property=\"og:image:height\" content=\"1920\" \/>\n\t<meta property=\"og:image:type\" content=\"image\/jpeg\" \/>\n<meta name=\"twitter:card\" content=\"summary_large_image\" \/>\n<meta name=\"twitter:label1\" content=\"Est. reading time\" \/>\n\t<meta name=\"twitter:data1\" content=\"7 minutes\" \/>\n<script type=\"application\/ld+json\" class=\"yoast-schema-graph\">{\"@context\":\"https:\\\/\\\/schema.org\",\"@graph\":[{\"@type\":\"WebPage\",\"@id\":\"https:\\\/\\\/das-dokumentarische.blogs.ruhr-uni-bochum.de\\\/katharina-menschick-m-a\\\/\",\"url\":\"https:\\\/\\\/das-dokumentarische.blogs.ruhr-uni-bochum.de\\\/katharina-menschick-m-a\\\/\",\"name\":\"Katharina Menschick, M.A. - GRK Das Dokumentarische. Exzess und Entzug\",\"isPartOf\":{\"@id\":\"https:\\\/\\\/das-dokumentarische.blogs.ruhr-uni-bochum.de\\\/en\\\/#website\"},\"primaryImageOfPage\":{\"@id\":\"https:\\\/\\\/das-dokumentarische.blogs.ruhr-uni-bochum.de\\\/katharina-menschick-m-a\\\/#primaryimage\"},\"image\":{\"@id\":\"https:\\\/\\\/das-dokumentarische.blogs.ruhr-uni-bochum.de\\\/katharina-menschick-m-a\\\/#primaryimage\"},\"thumbnailUrl\":\"https:\\\/\\\/das-dokumentarische.blogs.ruhr-uni-bochum.de\\\/wp-content\\\/uploads\\\/2023\\\/05\\\/katharina-menschick-1-700x700.jpg\",\"datePublished\":\"2022-11-14T16:19:59+00:00\",\"dateModified\":\"2025-08-01T08:58:31+00:00\",\"breadcrumb\":{\"@id\":\"https:\\\/\\\/das-dokumentarische.blogs.ruhr-uni-bochum.de\\\/katharina-menschick-m-a\\\/#breadcrumb\"},\"inLanguage\":\"en-US\",\"potentialAction\":[{\"@type\":\"ReadAction\",\"target\":[\"https:\\\/\\\/das-dokumentarische.blogs.ruhr-uni-bochum.de\\\/katharina-menschick-m-a\\\/\"]}]},{\"@type\":\"ImageObject\",\"inLanguage\":\"en-US\",\"@id\":\"https:\\\/\\\/das-dokumentarische.blogs.ruhr-uni-bochum.de\\\/katharina-menschick-m-a\\\/#primaryimage\",\"url\":\"https:\\\/\\\/das-dokumentarische.blogs.ruhr-uni-bochum.de\\\/wp-content\\\/uploads\\\/2023\\\/05\\\/katharina-menschick-1-700x700.jpg\",\"contentUrl\":\"https:\\\/\\\/das-dokumentarische.blogs.ruhr-uni-bochum.de\\\/wp-content\\\/uploads\\\/2023\\\/05\\\/katharina-menschick-1-700x700.jpg\"},{\"@type\":\"BreadcrumbList\",\"@id\":\"https:\\\/\\\/das-dokumentarische.blogs.ruhr-uni-bochum.de\\\/katharina-menschick-m-a\\\/#breadcrumb\",\"itemListElement\":[{\"@type\":\"ListItem\",\"position\":1,\"name\":\"Startseite\",\"item\":\"https:\\\/\\\/das-dokumentarische.blogs.ruhr-uni-bochum.de\\\/en\\\/\"},{\"@type\":\"ListItem\",\"position\":2,\"name\":\"Katharina Menschick, M.A.\"}]},{\"@type\":\"WebSite\",\"@id\":\"https:\\\/\\\/das-dokumentarische.blogs.ruhr-uni-bochum.de\\\/en\\\/#website\",\"url\":\"https:\\\/\\\/das-dokumentarische.blogs.ruhr-uni-bochum.de\\\/en\\\/\",\"name\":\"GRK Das Dokumentarische. Exzess und Entzug\",\"description\":\"\",\"potentialAction\":[{\"@type\":\"SearchAction\",\"target\":{\"@type\":\"EntryPoint\",\"urlTemplate\":\"https:\\\/\\\/das-dokumentarische.blogs.ruhr-uni-bochum.de\\\/en\\\/?s={search_term_string}\"},\"query-input\":{\"@type\":\"PropertyValueSpecification\",\"valueRequired\":true,\"valueName\":\"search_term_string\"}}],\"inLanguage\":\"en-US\"}]}<\/script>\n<!-- \/ Yoast SEO plugin. -->","yoast_head_json":{"title":"Katharina Menschick, M.A. - GRK Das Dokumentarische. Exzess und Entzug","robots":{"index":"index","follow":"follow","max-snippet":"max-snippet:-1","max-image-preview":"max-image-preview:large","max-video-preview":"max-video-preview:-1"},"canonical":"https:\/\/das-dokumentarische.blogs.ruhr-uni-bochum.de\/katharina-menschick-m-a\/","og_locale":"en_US","og_type":"article","og_title":"Katharina Menschick, M.A. - GRK Das Dokumentarische. Exzess und Entzug","og_url":"https:\/\/das-dokumentarische.blogs.ruhr-uni-bochum.de\/katharina-menschick-m-a\/","og_site_name":"GRK Das Dokumentarische. Exzess und Entzug","article_modified_time":"2025-08-01T08:58:31+00:00","og_image":[{"width":1920,"height":1920,"url":"https:\/\/das-dokumentarische.blogs.ruhr-uni-bochum.de\/wp-content\/uploads\/2023\/05\/katharina-menschick-1.jpg","type":"image\/jpeg"}],"twitter_card":"summary_large_image","twitter_misc":{"Est. reading time":"7 minutes"},"schema":{"@context":"https:\/\/schema.org","@graph":[{"@type":"WebPage","@id":"https:\/\/das-dokumentarische.blogs.ruhr-uni-bochum.de\/katharina-menschick-m-a\/","url":"https:\/\/das-dokumentarische.blogs.ruhr-uni-bochum.de\/katharina-menschick-m-a\/","name":"Katharina Menschick, M.A. - GRK Das Dokumentarische. Exzess und Entzug","isPartOf":{"@id":"https:\/\/das-dokumentarische.blogs.ruhr-uni-bochum.de\/en\/#website"},"primaryImageOfPage":{"@id":"https:\/\/das-dokumentarische.blogs.ruhr-uni-bochum.de\/katharina-menschick-m-a\/#primaryimage"},"image":{"@id":"https:\/\/das-dokumentarische.blogs.ruhr-uni-bochum.de\/katharina-menschick-m-a\/#primaryimage"},"thumbnailUrl":"https:\/\/das-dokumentarische.blogs.ruhr-uni-bochum.de\/wp-content\/uploads\/2023\/05\/katharina-menschick-1-700x700.jpg","datePublished":"2022-11-14T16:19:59+00:00","dateModified":"2025-08-01T08:58:31+00:00","breadcrumb":{"@id":"https:\/\/das-dokumentarische.blogs.ruhr-uni-bochum.de\/katharina-menschick-m-a\/#breadcrumb"},"inLanguage":"en-US","potentialAction":[{"@type":"ReadAction","target":["https:\/\/das-dokumentarische.blogs.ruhr-uni-bochum.de\/katharina-menschick-m-a\/"]}]},{"@type":"ImageObject","inLanguage":"en-US","@id":"https:\/\/das-dokumentarische.blogs.ruhr-uni-bochum.de\/katharina-menschick-m-a\/#primaryimage","url":"https:\/\/das-dokumentarische.blogs.ruhr-uni-bochum.de\/wp-content\/uploads\/2023\/05\/katharina-menschick-1-700x700.jpg","contentUrl":"https:\/\/das-dokumentarische.blogs.ruhr-uni-bochum.de\/wp-content\/uploads\/2023\/05\/katharina-menschick-1-700x700.jpg"},{"@type":"BreadcrumbList","@id":"https:\/\/das-dokumentarische.blogs.ruhr-uni-bochum.de\/katharina-menschick-m-a\/#breadcrumb","itemListElement":[{"@type":"ListItem","position":1,"name":"Startseite","item":"https:\/\/das-dokumentarische.blogs.ruhr-uni-bochum.de\/en\/"},{"@type":"ListItem","position":2,"name":"Katharina Menschick, M.A."}]},{"@type":"WebSite","@id":"https:\/\/das-dokumentarische.blogs.ruhr-uni-bochum.de\/en\/#website","url":"https:\/\/das-dokumentarische.blogs.ruhr-uni-bochum.de\/en\/","name":"GRK Das Dokumentarische. Exzess und Entzug","description":"","potentialAction":[{"@type":"SearchAction","target":{"@type":"EntryPoint","urlTemplate":"https:\/\/das-dokumentarische.blogs.ruhr-uni-bochum.de\/en\/?s={search_term_string}"},"query-input":{"@type":"PropertyValueSpecification","valueRequired":true,"valueName":"search_term_string"}}],"inLanguage":"en-US"}]}},"uagb_featured_image_src":{"full":false,"thumbnail":false,"medium":false,"medium_large":false,"large":false,"1536x1536":false,"2048x2048":false,"ultp_layout_landscape_large":false,"ultp_layout_landscape":false,"ultp_layout_portrait":false,"ultp_layout_square":false,"colormag-highlighted-post":false,"colormag-featured-post-medium":false,"colormag-featured-post-small":false,"colormag-featured-image":false,"colormag-default-news":false,"colormag-featured-image-large":false},"uagb_author_info":{"display_name":"Fotini Kouneli","author_link":"https:\/\/das-dokumentarische.blogs.ruhr-uni-bochum.de\/en\/author\/fotini-kouneli\/"},"uagb_comment_info":0,"uagb_excerpt":"Universit\u00e4tsstr.\u00a015044801 BochumRaum: GB 6\/140 Telefon: +49 (0) 234\/32-27126E-Mail: katharina.menschick@ruhr-uni-bochum.de : Titel der Dissertation Im Angesicht der Katastrophe \u2013 Vom Dokumentieren","_links":{"self":[{"href":"https:\/\/das-dokumentarische.blogs.ruhr-uni-bochum.de\/en\/wp-json\/wp\/v2\/pages\/8719","targetHints":{"allow":["GET"]}}],"collection":[{"href":"https:\/\/das-dokumentarische.blogs.ruhr-uni-bochum.de\/en\/wp-json\/wp\/v2\/pages"}],"about":[{"href":"https:\/\/das-dokumentarische.blogs.ruhr-uni-bochum.de\/en\/wp-json\/wp\/v2\/types\/page"}],"author":[{"embeddable":true,"href":"https:\/\/das-dokumentarische.blogs.ruhr-uni-bochum.de\/en\/wp-json\/wp\/v2\/users\/42"}],"replies":[{"embeddable":true,"href":"https:\/\/das-dokumentarische.blogs.ruhr-uni-bochum.de\/en\/wp-json\/wp\/v2\/comments?post=8719"}],"version-history":[{"count":45,"href":"https:\/\/das-dokumentarische.blogs.ruhr-uni-bochum.de\/en\/wp-json\/wp\/v2\/pages\/8719\/revisions"}],"predecessor-version":[{"id":12976,"href":"https:\/\/das-dokumentarische.blogs.ruhr-uni-bochum.de\/en\/wp-json\/wp\/v2\/pages\/8719\/revisions\/12976"}],"wp:attachment":[{"href":"https:\/\/das-dokumentarische.blogs.ruhr-uni-bochum.de\/en\/wp-json\/wp\/v2\/media?parent=8719"}],"curies":[{"name":"wp","href":"https:\/\/api.w.org\/{rel}","templated":true}]}}