{"id":8717,"date":"2022-11-14T17:19:49","date_gmt":"2022-11-14T16:19:49","guid":{"rendered":"https:\/\/das-dokumentarische.blogs.ruhr-uni-bochum.de\/?page_id=8717"},"modified":"2025-08-01T10:56:46","modified_gmt":"2025-08-01T08:56:46","slug":"katharina-krol-m-a","status":"publish","type":"page","link":"https:\/\/das-dokumentarische.blogs.ruhr-uni-bochum.de\/en\/katharina-krol-m-a\/","title":{"rendered":"Katharina Krol, M.A."},"content":{"rendered":"\n<figure class=\"wp-block-image alignleft size-medium is-resized\"><a href=\"https:\/\/das-dokumentarische.blogs.ruhr-uni-bochum.de\/wp-content\/uploads\/2023\/05\/Portrait-Katharina-Krol-min.jpeg\"><img loading=\"lazy\" decoding=\"async\" width=\"300\" height=\"276\" src=\"https:\/\/das-dokumentarische.blogs.ruhr-uni-bochum.de\/wp-content\/uploads\/2023\/05\/Portrait-Katharina-Krol-min-300x276.jpeg\" alt=\"\" class=\"wp-image-9923\" style=\"width:225px;height:207px\" srcset=\"https:\/\/das-dokumentarische.blogs.ruhr-uni-bochum.de\/wp-content\/uploads\/2023\/05\/Portrait-Katharina-Krol-min-300x276.jpeg 300w, https:\/\/das-dokumentarische.blogs.ruhr-uni-bochum.de\/wp-content\/uploads\/2023\/05\/Portrait-Katharina-Krol-min-700x645.jpeg 700w, https:\/\/das-dokumentarische.blogs.ruhr-uni-bochum.de\/wp-content\/uploads\/2023\/05\/Portrait-Katharina-Krol-min-768x708.jpeg 768w, https:\/\/das-dokumentarische.blogs.ruhr-uni-bochum.de\/wp-content\/uploads\/2023\/05\/Portrait-Katharina-Krol-min.jpeg 1170w\" sizes=\"auto, (max-width: 300px) 100vw, 300px\" \/><\/a><\/figure>\n\n\n\n<p>Universit\u00e4tsstr.\u00a0150<br>44801 Bochum<br>Raum: GB 6\/143<\/p>\n\n\n\n<p>Telefon: +49 (0) 234\/32-27104<br>E-Mail: katharina.krol@ruhr-uni-bochum.de<\/p>\n\n\n\n<p><mark style=\"background-color:rgba(0, 0, 0, 0)\" class=\"has-inline-color has-white-color\">.<\/mark><\/p>\n\n\n\n<p><mark style=\"background-color:rgba(0, 0, 0, 0)\" class=\"has-inline-color has-white-color\">.<\/mark><\/p>\n\n\n\n<p><mark style=\"background-color:rgba(0, 0, 0, 0)\" class=\"has-inline-color has-white-color\">.<br>:<\/mark><\/p>\n\n\n\n<p class=\"has-medium-font-size\"><strong><u>Titel der Dissertation<\/u><\/strong><\/p>\n\n\n\n<p>Dokumentarische Verantwortung. Marginalisierung und Sichtbarkeit (AT)<\/p>\n\n\n\n<p class=\"has-medium-font-size\"><strong><u>Projektbeschreibung<\/u><\/strong><\/p>\n\n\n\n<p>Mediale Sichtbarkeit zu erreichen, ist besonders f\u00fcr Menschen, die an den R\u00e4ndern der Gesellschaft leben, ein ambivalenter Prozess. Auf der einen Seite stehen der Wunsch nach Sichtbarkeit und die M\u00f6glichkeit der Verbesserung der eigenen Situation. Dementgegen steht die Gefahr der Fehldarstellung, die die ohnehin prek\u00e4re und schutzlose Situation zu versch\u00e4rfen droht. An dieser Stelle kommen die folgenden Fragen auf: Wer erz\u00e4hlt wessen Geschichte von welchem Standpunkt aus und mit welchen Interessen? Welcher Narrative wird sich bedient und mit welchen Konsequenzen schreiben sich diese fest? Welche anderen Formen des Erz\u00e4hlens jenseits westlich gepr\u00e4gter Narrative treten hervor? Mit diesen Fragen m\u00f6chte sich das Projekt anhand zwei konkreter Beispiele und unter Betrachtung des Aspekts der Verantwortung besch\u00e4ftigen. Bei den Beispielen handelt es sich um unterschiedliche Medien, den Dokumentarfilm und das Theater, die sich aus den Gegenst\u00e4nden selbst ergeben. Mit den unterschiedlichen Medien gehen unterschiedliche Mechanismen der Repr\u00e4sentation einher, die in der Untersuchung ebenfalls ber\u00fccksichtigt werden sollen.<\/p>\n\n\n\n<p>Das erste Beispiel befasst sich mit der Repr\u00e4sentation der:des Anderen in Dokumentarfilmen. In den 2010er Jahren bewohnte eine Gruppe wohnsitzloser Menschen die Kanalsch\u00e4chte unterhalb des Bukarester Nordbahnhofs. Die nationale sowie internationale Berichterstattung \u00fcber die Lebensform dieser Gruppe fokussierte sich auf die Darstellung destruktiv anmutender Bilder von verst\u00f6rt wirkenden Menschen, durch Krankheit gezeichneten K\u00f6rpern, Drogenkonsum und kriminellen Aktivit\u00e4ten. In der Folge dieser einseitigen und sensationalistischen Berichterstattung wurden die Tunnel im Sommer 2015 von der rum\u00e4nischen Regierung mit katastrophalen Folgen f\u00fcr die Bewohner:innen zwangsger\u00e4umt. Hierbei r\u00fcckt die dokumentarische Beziehung zwischen privilegierten Filmschaffenden und marginalisierten Gefilmten in den Blick. Wie kann diese Beziehung gedacht werden, sodass Darstellungen jenseits der Reproduktion stereotyper und einseitiger Bilder m\u00f6glich werden und welche Rolle wird dem Aspekt der Verantwortung dabei zuteil?<\/p>\n\n\n\n<p>Bei dem zweiten Beispiel liegt der Fokus auf Formen der Selbstrepr\u00e4sentation im Theater. Angeh\u00f6rige der Rom:nja Kultur werden im Theater, sowie in der Literatur, der Musik, der Wissenschaft und in popkulturellen Erscheinungen, in seit Jahrhunderten tradierten, stereotypen und einseitigen Bildern dargestellt, die der Heterogenit\u00e4t dieser Kultur entgegen stehen. Selbstzeugnisse von Rom:nja Personen wurden aus den Archiven, den Wissenssystemen sowie aus dem allt\u00e4glichen und kulturellen Leben systematisch ausgeschlossen. Das Projekt m\u00f6chte mit Blick auf Arbeiten von Rom:nja K\u00fcnstler:innen (u.a. Giuvlipen und Alina&nbsp;\u0218erban) untersuchen, mit welchen \u00e4sthetischen und narrativen Mitteln Rom:nja K\u00fcnstler:innen ihre Kultur, Geschichte und die Geschichte ihrer Unterdr\u00fcckung selbst zur Auff\u00fchrung bringen und somit Dokumente von Ph\u00e4nomenen schaffen, die in westlich gepr\u00e4gten Kontexten negiert werden.&nbsp;<\/p>\n\n\n\n<h4 class=\"wp-block-heading\"><strong><u>Wissenschaftlicher Werdegang<\/u><\/strong><\/h4>\n\n\n\n<ul class=\"wp-block-list\">\n<li>Seit Oktober 2022: Wissenschaftliche Mitarbeiterin (Promotion) am DFG-Graduiertenkolleg \u201eDas Dokumentarische. Exzess und Entzug\u201c, Ruhr-Universit\u00e4t Bochum<\/li>\n\n\n\n<li>10\/18 bis 09\/22: Masterstudium der Theaterwissenschaft, Ruhr-Universit\u00e4t Bochum<\/li>\n\n\n\n<li>02\/21 bis 03\/22: Wissenschaftliche Hilfskraft am Institut f\u00fcr Theaterwissenschaft, Ruhr-Universit\u00e4t Bochum (Gesch\u00e4ftszimmer: Lehrangebotskoordination)<\/li>\n\n\n\n<li>10\/14 bis 09\/18: Bachelorstudium der Theaterwissenschaft und Germanistik, Ruhr-Universit\u00e4t Bochum<\/li>\n<\/ul>\n\n\n\n<h4 class=\"wp-block-heading\"><strong><u>Publikationen <\/u><\/strong><\/h4>\n\n\n\n<p>\u201eMiszelle: Theater und Pandemie. \u00dcber die Auswirkungen der COVID-19 Pandemie auf das Theater\u201c, in: Thewis, 8(1), 2020, online.<\/p>\n\n\n\n<h4 class=\"wp-block-heading\"><strong><u>Vortr\u00e4ge<\/u><\/strong><\/h4>\n\n\n\n<ul class=\"wp-block-list\">\n<li>2022 \u201eDokumentarische Verantwortung. Marginalisierung und Sichtbarkeit am Beispiel der Untergrund-Community vom Bukarester Nordbahnhof\u201c, Jahrestagung \u201eDOKUMENT WERDEN. Zeitlichkeit | Arbeit | Materialisierung\u201c des DFG-Graduiertenkollegs 2132 \u201eDas Dokumentarische. Exzess und Entzug\u201c, Bochum.<\/li>\n<\/ul>\n\n\n\n<h4 class=\"wp-block-heading\"><strong><u>Veranstaltungsorganisation<\/u><\/strong><\/h4>\n\n\n\n<ul class=\"wp-block-list\">\n<li>Moderation bei der Online-Konferenz \u201eThe Workshop \u2013 Investigations Into an Artistic Political Format\u201c, 26.-28.03.2021, im Rahmen des Fritz Thyssen Projekts \u201eCollective Realisation \u2013 The Workshop as an Artistic-Political Format\u201c (Ruhr-Universit\u00e4t Bochum) in Kollaboration mit dem ICI Berlin und dem PSR Projekt \u201eOur Dance\u201c (Heizhaus \/ Uferstudios GmbH), online (Berlin).<\/li>\n\n\n\n<li>Mitarbeit an der Konzeption, Durchf\u00fchrung und Programmheftgestaltung des Symposiums \u201eSzenografien \u2013 Raumbildende Prozesse in szenischen K\u00fcnsten\u201c, 27.07.2018, Ruhr-Universit\u00e4t Bochum.<\/li>\n<\/ul>\n\n\n\n<h4 class=\"wp-block-heading\" style=\"font-size:18px;text-transform:capitalize\"><strong><u>Mitgliedschaften<\/u><\/strong><\/h4>\n\n\n\n<ul class=\"wp-block-list\">\n<li>Gesellschaft f\u00fcr Theaterwissenschaft<\/li>\n<\/ul>\n","protected":false},"excerpt":{"rendered":"<p>Universit\u00e4tsstr.\u00a015044801 BochumRaum: GB 6\/143 Telefon: +49 (0) 234\/32-27104E-Mail: katharina.krol@ruhr-uni-bochum.de . . .: Titel der Dissertation Dokumentarische Verantwortung. Marginalisierung und Sichtbarkeit<\/p>\n","protected":false},"author":42,"featured_media":0,"parent":0,"menu_order":0,"comment_status":"closed","ping_status":"closed","template":"","meta":{"colormag_page_container_layout":"default_layout","colormag_page_sidebar_layout":"default_layout","_uag_custom_page_level_css":"","ngg_post_thumbnail":0,"footnotes":""},"class_list":["post-8717","page","type-page","status-publish","hentry"],"translation":{"provider":"WPGlobus","version":"3.0.2","language":"en","enabled_languages":["de","en"],"languages":{"de":{"title":true,"content":true,"excerpt":false},"en":{"title":false,"content":false,"excerpt":false}}},"yoast_head":"<!-- This site is optimized with the Yoast SEO plugin v27.4 - https:\/\/yoast.com\/product\/yoast-seo-wordpress\/ -->\n<title>Katharina Krol, M.A. - GRK Das Dokumentarische. Exzess und Entzug<\/title>\n<meta name=\"robots\" content=\"index, follow, max-snippet:-1, max-image-preview:large, max-video-preview:-1\" \/>\n<link rel=\"canonical\" href=\"https:\/\/das-dokumentarische.blogs.ruhr-uni-bochum.de\/katharina-krol-m-a\/\" \/>\n<meta property=\"og:locale\" content=\"en_US\" \/>\n<meta property=\"og:type\" content=\"article\" \/>\n<meta property=\"og:title\" content=\"Katharina Krol, M.A. - GRK Das Dokumentarische. Exzess und Entzug\" \/>\n<meta property=\"og:url\" content=\"https:\/\/das-dokumentarische.blogs.ruhr-uni-bochum.de\/katharina-krol-m-a\/\" \/>\n<meta property=\"og:site_name\" content=\"GRK Das Dokumentarische. Exzess und Entzug\" \/>\n<meta property=\"article:modified_time\" content=\"2025-08-01T08:56:46+00:00\" \/>\n<meta property=\"og:image\" content=\"https:\/\/das-dokumentarische.blogs.ruhr-uni-bochum.de\/wp-content\/uploads\/2023\/05\/Portrait-Katharina-Krol-min.jpeg\" \/>\n\t<meta property=\"og:image:width\" content=\"1170\" \/>\n\t<meta property=\"og:image:height\" content=\"1078\" \/>\n\t<meta property=\"og:image:type\" content=\"image\/jpeg\" \/>\n<meta name=\"twitter:card\" content=\"summary_large_image\" \/>\n<meta name=\"twitter:label1\" content=\"Est. reading time\" \/>\n\t<meta name=\"twitter:data1\" content=\"4 minutes\" \/>\n<script type=\"application\/ld+json\" class=\"yoast-schema-graph\">{\"@context\":\"https:\\\/\\\/schema.org\",\"@graph\":[{\"@type\":\"WebPage\",\"@id\":\"https:\\\/\\\/das-dokumentarische.blogs.ruhr-uni-bochum.de\\\/katharina-krol-m-a\\\/\",\"url\":\"https:\\\/\\\/das-dokumentarische.blogs.ruhr-uni-bochum.de\\\/katharina-krol-m-a\\\/\",\"name\":\"Katharina Krol, M.A. - GRK Das Dokumentarische. Exzess und Entzug\",\"isPartOf\":{\"@id\":\"https:\\\/\\\/das-dokumentarische.blogs.ruhr-uni-bochum.de\\\/en\\\/#website\"},\"primaryImageOfPage\":{\"@id\":\"https:\\\/\\\/das-dokumentarische.blogs.ruhr-uni-bochum.de\\\/katharina-krol-m-a\\\/#primaryimage\"},\"image\":{\"@id\":\"https:\\\/\\\/das-dokumentarische.blogs.ruhr-uni-bochum.de\\\/katharina-krol-m-a\\\/#primaryimage\"},\"thumbnailUrl\":\"https:\\\/\\\/das-dokumentarische.blogs.ruhr-uni-bochum.de\\\/wp-content\\\/uploads\\\/2023\\\/05\\\/Portrait-Katharina-Krol-min-300x276.jpeg\",\"datePublished\":\"2022-11-14T16:19:49+00:00\",\"dateModified\":\"2025-08-01T08:56:46+00:00\",\"breadcrumb\":{\"@id\":\"https:\\\/\\\/das-dokumentarische.blogs.ruhr-uni-bochum.de\\\/katharina-krol-m-a\\\/#breadcrumb\"},\"inLanguage\":\"en-US\",\"potentialAction\":[{\"@type\":\"ReadAction\",\"target\":[\"https:\\\/\\\/das-dokumentarische.blogs.ruhr-uni-bochum.de\\\/katharina-krol-m-a\\\/\"]}]},{\"@type\":\"ImageObject\",\"inLanguage\":\"en-US\",\"@id\":\"https:\\\/\\\/das-dokumentarische.blogs.ruhr-uni-bochum.de\\\/katharina-krol-m-a\\\/#primaryimage\",\"url\":\"https:\\\/\\\/das-dokumentarische.blogs.ruhr-uni-bochum.de\\\/wp-content\\\/uploads\\\/2023\\\/05\\\/Portrait-Katharina-Krol-min-300x276.jpeg\",\"contentUrl\":\"https:\\\/\\\/das-dokumentarische.blogs.ruhr-uni-bochum.de\\\/wp-content\\\/uploads\\\/2023\\\/05\\\/Portrait-Katharina-Krol-min-300x276.jpeg\"},{\"@type\":\"BreadcrumbList\",\"@id\":\"https:\\\/\\\/das-dokumentarische.blogs.ruhr-uni-bochum.de\\\/katharina-krol-m-a\\\/#breadcrumb\",\"itemListElement\":[{\"@type\":\"ListItem\",\"position\":1,\"name\":\"Startseite\",\"item\":\"https:\\\/\\\/das-dokumentarische.blogs.ruhr-uni-bochum.de\\\/en\\\/\"},{\"@type\":\"ListItem\",\"position\":2,\"name\":\"Katharina Krol, M.A.\"}]},{\"@type\":\"WebSite\",\"@id\":\"https:\\\/\\\/das-dokumentarische.blogs.ruhr-uni-bochum.de\\\/en\\\/#website\",\"url\":\"https:\\\/\\\/das-dokumentarische.blogs.ruhr-uni-bochum.de\\\/en\\\/\",\"name\":\"GRK Das Dokumentarische. Exzess und Entzug\",\"description\":\"\",\"potentialAction\":[{\"@type\":\"SearchAction\",\"target\":{\"@type\":\"EntryPoint\",\"urlTemplate\":\"https:\\\/\\\/das-dokumentarische.blogs.ruhr-uni-bochum.de\\\/en\\\/?s={search_term_string}\"},\"query-input\":{\"@type\":\"PropertyValueSpecification\",\"valueRequired\":true,\"valueName\":\"search_term_string\"}}],\"inLanguage\":\"en-US\"}]}<\/script>\n<!-- \/ Yoast SEO plugin. -->","yoast_head_json":{"title":"Katharina Krol, M.A. - GRK Das Dokumentarische. Exzess und Entzug","robots":{"index":"index","follow":"follow","max-snippet":"max-snippet:-1","max-image-preview":"max-image-preview:large","max-video-preview":"max-video-preview:-1"},"canonical":"https:\/\/das-dokumentarische.blogs.ruhr-uni-bochum.de\/katharina-krol-m-a\/","og_locale":"en_US","og_type":"article","og_title":"Katharina Krol, M.A. - GRK Das Dokumentarische. Exzess und Entzug","og_url":"https:\/\/das-dokumentarische.blogs.ruhr-uni-bochum.de\/katharina-krol-m-a\/","og_site_name":"GRK Das Dokumentarische. Exzess und Entzug","article_modified_time":"2025-08-01T08:56:46+00:00","og_image":[{"width":1170,"height":1078,"url":"https:\/\/das-dokumentarische.blogs.ruhr-uni-bochum.de\/wp-content\/uploads\/2023\/05\/Portrait-Katharina-Krol-min.jpeg","type":"image\/jpeg"}],"twitter_card":"summary_large_image","twitter_misc":{"Est. reading time":"4 minutes"},"schema":{"@context":"https:\/\/schema.org","@graph":[{"@type":"WebPage","@id":"https:\/\/das-dokumentarische.blogs.ruhr-uni-bochum.de\/katharina-krol-m-a\/","url":"https:\/\/das-dokumentarische.blogs.ruhr-uni-bochum.de\/katharina-krol-m-a\/","name":"Katharina Krol, M.A. - GRK Das Dokumentarische. Exzess und Entzug","isPartOf":{"@id":"https:\/\/das-dokumentarische.blogs.ruhr-uni-bochum.de\/en\/#website"},"primaryImageOfPage":{"@id":"https:\/\/das-dokumentarische.blogs.ruhr-uni-bochum.de\/katharina-krol-m-a\/#primaryimage"},"image":{"@id":"https:\/\/das-dokumentarische.blogs.ruhr-uni-bochum.de\/katharina-krol-m-a\/#primaryimage"},"thumbnailUrl":"https:\/\/das-dokumentarische.blogs.ruhr-uni-bochum.de\/wp-content\/uploads\/2023\/05\/Portrait-Katharina-Krol-min-300x276.jpeg","datePublished":"2022-11-14T16:19:49+00:00","dateModified":"2025-08-01T08:56:46+00:00","breadcrumb":{"@id":"https:\/\/das-dokumentarische.blogs.ruhr-uni-bochum.de\/katharina-krol-m-a\/#breadcrumb"},"inLanguage":"en-US","potentialAction":[{"@type":"ReadAction","target":["https:\/\/das-dokumentarische.blogs.ruhr-uni-bochum.de\/katharina-krol-m-a\/"]}]},{"@type":"ImageObject","inLanguage":"en-US","@id":"https:\/\/das-dokumentarische.blogs.ruhr-uni-bochum.de\/katharina-krol-m-a\/#primaryimage","url":"https:\/\/das-dokumentarische.blogs.ruhr-uni-bochum.de\/wp-content\/uploads\/2023\/05\/Portrait-Katharina-Krol-min-300x276.jpeg","contentUrl":"https:\/\/das-dokumentarische.blogs.ruhr-uni-bochum.de\/wp-content\/uploads\/2023\/05\/Portrait-Katharina-Krol-min-300x276.jpeg"},{"@type":"BreadcrumbList","@id":"https:\/\/das-dokumentarische.blogs.ruhr-uni-bochum.de\/katharina-krol-m-a\/#breadcrumb","itemListElement":[{"@type":"ListItem","position":1,"name":"Startseite","item":"https:\/\/das-dokumentarische.blogs.ruhr-uni-bochum.de\/en\/"},{"@type":"ListItem","position":2,"name":"Katharina Krol, M.A."}]},{"@type":"WebSite","@id":"https:\/\/das-dokumentarische.blogs.ruhr-uni-bochum.de\/en\/#website","url":"https:\/\/das-dokumentarische.blogs.ruhr-uni-bochum.de\/en\/","name":"GRK Das Dokumentarische. Exzess und Entzug","description":"","potentialAction":[{"@type":"SearchAction","target":{"@type":"EntryPoint","urlTemplate":"https:\/\/das-dokumentarische.blogs.ruhr-uni-bochum.de\/en\/?s={search_term_string}"},"query-input":{"@type":"PropertyValueSpecification","valueRequired":true,"valueName":"search_term_string"}}],"inLanguage":"en-US"}]}},"uagb_featured_image_src":{"full":false,"thumbnail":false,"medium":false,"medium_large":false,"large":false,"1536x1536":false,"2048x2048":false,"ultp_layout_landscape_large":false,"ultp_layout_landscape":false,"ultp_layout_portrait":false,"ultp_layout_square":false,"colormag-highlighted-post":false,"colormag-featured-post-medium":false,"colormag-featured-post-small":false,"colormag-featured-image":false,"colormag-default-news":false,"colormag-featured-image-large":false},"uagb_author_info":{"display_name":"Fotini Kouneli","author_link":"https:\/\/das-dokumentarische.blogs.ruhr-uni-bochum.de\/en\/author\/fotini-kouneli\/"},"uagb_comment_info":0,"uagb_excerpt":"Universit\u00e4tsstr.\u00a015044801 BochumRaum: GB 6\/143 Telefon: +49 (0) 234\/32-27104E-Mail: katharina.krol@ruhr-uni-bochum.de . . .: Titel der Dissertation Dokumentarische Verantwortung. Marginalisierung und Sichtbarkeit","_links":{"self":[{"href":"https:\/\/das-dokumentarische.blogs.ruhr-uni-bochum.de\/en\/wp-json\/wp\/v2\/pages\/8717","targetHints":{"allow":["GET"]}}],"collection":[{"href":"https:\/\/das-dokumentarische.blogs.ruhr-uni-bochum.de\/en\/wp-json\/wp\/v2\/pages"}],"about":[{"href":"https:\/\/das-dokumentarische.blogs.ruhr-uni-bochum.de\/en\/wp-json\/wp\/v2\/types\/page"}],"author":[{"embeddable":true,"href":"https:\/\/das-dokumentarische.blogs.ruhr-uni-bochum.de\/en\/wp-json\/wp\/v2\/users\/42"}],"replies":[{"embeddable":true,"href":"https:\/\/das-dokumentarische.blogs.ruhr-uni-bochum.de\/en\/wp-json\/wp\/v2\/comments?post=8717"}],"version-history":[{"count":16,"href":"https:\/\/das-dokumentarische.blogs.ruhr-uni-bochum.de\/en\/wp-json\/wp\/v2\/pages\/8717\/revisions"}],"predecessor-version":[{"id":12975,"href":"https:\/\/das-dokumentarische.blogs.ruhr-uni-bochum.de\/en\/wp-json\/wp\/v2\/pages\/8717\/revisions\/12975"}],"wp:attachment":[{"href":"https:\/\/das-dokumentarische.blogs.ruhr-uni-bochum.de\/en\/wp-json\/wp\/v2\/media?parent=8717"}],"curies":[{"name":"wp","href":"https:\/\/api.w.org\/{rel}","templated":true}]}}