{"id":8713,"date":"2022-11-14T17:17:54","date_gmt":"2022-11-14T16:17:54","guid":{"rendered":"https:\/\/das-dokumentarische.blogs.ruhr-uni-bochum.de\/?page_id=8713"},"modified":"2025-08-01T10:54:20","modified_gmt":"2025-08-01T08:54:20","slug":"lena-demary-m-a","status":"publish","type":"page","link":"https:\/\/das-dokumentarische.blogs.ruhr-uni-bochum.de\/en\/lena-demary-m-a\/","title":{"rendered":"Lena Demary, M.A."},"content":{"rendered":"\n<figure class=\"wp-block-image alignleft size-large is-resized\"><a href=\"https:\/\/das-dokumentarische.blogs.ruhr-uni-bochum.de\/wp-content\/uploads\/2022\/10\/IMG_2786.png\"><img loading=\"lazy\" decoding=\"async\" width=\"700\" height=\"700\" src=\"https:\/\/das-dokumentarische.blogs.ruhr-uni-bochum.de\/wp-content\/uploads\/2022\/10\/IMG_2786-700x700.png\" alt=\"\" class=\"wp-image-8875\" style=\"width:209px;height:209px\" srcset=\"https:\/\/das-dokumentarische.blogs.ruhr-uni-bochum.de\/wp-content\/uploads\/2022\/10\/IMG_2786-700x700.png 700w, https:\/\/das-dokumentarische.blogs.ruhr-uni-bochum.de\/wp-content\/uploads\/2022\/10\/IMG_2786-300x300.png 300w, https:\/\/das-dokumentarische.blogs.ruhr-uni-bochum.de\/wp-content\/uploads\/2022\/10\/IMG_2786-150x150.png 150w, https:\/\/das-dokumentarische.blogs.ruhr-uni-bochum.de\/wp-content\/uploads\/2022\/10\/IMG_2786-768x768.png 768w, https:\/\/das-dokumentarische.blogs.ruhr-uni-bochum.de\/wp-content\/uploads\/2022\/10\/IMG_2786-1536x1536.png 1536w, https:\/\/das-dokumentarische.blogs.ruhr-uni-bochum.de\/wp-content\/uploads\/2022\/10\/IMG_2786-2048x2048.png 2048w, https:\/\/das-dokumentarische.blogs.ruhr-uni-bochum.de\/wp-content\/uploads\/2022\/10\/IMG_2786-600x600.png 600w, https:\/\/das-dokumentarische.blogs.ruhr-uni-bochum.de\/wp-content\/uploads\/2022\/10\/IMG_2786.png 1920w\" sizes=\"auto, (max-width: 700px) 100vw, 700px\" \/><\/a><\/figure>\n\n\n\n<p>Universit\u00e4tsstr.\u00a0150<br>44801 Bochum<br>Room: GB 6\/140<\/p>\n\n\n\n<p>Phone: +49 (0) 234\/32-27098<br>E-Mail: Lena.Demary@ruhr-uni-bochum.de<\/p>\n\n\n\n<p><mark style=\"background-color:rgba(0, 0, 0, 0)\" class=\"has-inline-color has-white-color\">.<\/mark><\/p>\n\n\n\n<h3 class=\"wp-block-heading\"><strong><span style=\"text-decoration: underline;\">Title of the Dissertation<\/span><\/strong><\/h3>\n\n\n\n<p>Wholenesses of the Fragmentary: Restoration as Negotiation Space (1750-1850),<em> AT<\/em><\/p>\n\n\n\n<h3 class=\"wp-block-heading\"><strong><u>Project Description<\/u><\/strong><\/h3>\n\n\n\n<p>On closer inspection, restoration unfolds into an amorphous discipline whose spheres of activity often remain invisible &#8211; or rather, overlooked. Although the activity occupies a natural place in various cultural systems, particularly in the Western world where it functions as the modus operandi of a historiophile society, it still remains under-researched in specific areas.<\/p>\n\n\n\n<p>At the center of the discussion is the thesis that restoration can be characterized to a large extent by its mutability and situativity. Within and through restoration, constructions emerge that consist of the individual signatures of the works to be restored, the varying expectations and needs of a society and the framing infrastructural, political and social systems that shape the fundamental spaces of possibility of preservation, care, repair, protection or reconstruction.<\/p>\n\n\n\n<p>The period between 1750 and 1850 is therefore particularly interesting, as its analysis enables a critical examination of previous research approaches, especially with regard to historical, substantive and ethical caesuras. Due to different circumstances, the late 18th and early 19th centuries produced an enormous variety of restoration strategies, which demonstrates the present negotiation space in terms of its transformative properties. By identifying central negotiation patterns that subsume specific dynamics, restoration will be unrolled as a negotiation space using the example of the genre of sculpture. The new perspectives that emerge in this process will also be examined in terms of their potential for the present and future of restoration.<\/p>\n\n\n\n<h3 class=\"wp-block-heading\"><strong><u>Scholarly Career<\/u><\/strong><\/h3>\n\n\n\n<ul class=\"wp-block-list\">\n<li>Since 10\/2022: Researcher (doctoral candidate) in the DFG Research Training Group \u201cThe Documentary. Excess and Withdrawal\u201d, Ruhr University Bochum<\/li>\n\n\n\n<li>07\/2020 to 06\/2022: Research Volunteer of the Gustav-L\u00fcbcke-Museum Hamm<\/li>\n\n\n\n<li>10\/2017 to 03\/2020: Master\u2019s degree in History of Art, Heinrich Heine University D\u00fcsseldorf<\/li>\n\n\n\n<li>10\/2014 to 09\/2017: Bachelor\u2019s degree in History of Art (main) and Philosophy (subsidiary), Heinrich Heine University D\u00fcsseldorf<\/li>\n<\/ul>\n\n\n\n<h3 class=\"wp-block-heading\"><strong><u>Publications<\/u><\/strong> <\/h3>\n\n\n\n<ul class=\"wp-block-list\">\n<li>Demary, Lena\/ Tazuke-Steininger, Nana\/ Eick, Eva Caroline et al.: &#8220;Museum of the Future&#8221;: A Manifesto?, in: HERE AND NOW at Museum Ludwig. together for and against it, Catalogue for the exhibition (Museum Ludwig K\u00f6ln), S. 182-197, K\u00f6ln 2022<\/li>\n\n\n\n<li>Wiener, J\u00fcrgen\/ K\u00f6pf, Reinhard (eds.): Moderne Glasmalerei in D\u00fcsseldorf, M\u00f6nchengladbach 2021, Written entries: Wilhelm Teuwen, Walther Benner, Ernst Otto K\u00f6pke, Emil Gl\u00fccker und G\u00fcnter Peltzer<\/li>\n<\/ul>\n\n\n\n<h3 class=\"wp-block-heading\"><strong><u>Talks<\/u><\/strong><\/h3>\n\n\n\n<ul class=\"wp-block-list\">\n<li>&#8220;<em>Documentification<\/em>, Restaurierung und Kartografie&#8221;, presented as part of the workshop &#8220;Rest &#8211; Fragment &#8211; Dokument. Zwischenr\u00e4ume des \u00dcbrig-Werdens&#8221;, 19.04.2024 at the Ruhr University Bochum<\/li>\n\n\n\n<li>&#8220;Transparenz und Verschleierung? Ambivalenzen fr\u00fcher restauratorischer Dokumentationen in Katalogen antiker Bildwerke&#8221;, presented as part of the colloquium &#8220;Find and Display \u2013 Fragment and Whole. Visualizing Antiquity. On the Episteme of Early Modern Drawings and Prints &#8211; II.&#8221;, 31.01.2024 at the Zentralinstitut f\u00fcr Kunstgeschichte M\u00fcnchen<\/li>\n\n\n\n<li>Podcast \/\/ &#8220;ewiggestrig? progressiv? Der Museums-Podcast&#8221; by Eva Caroline Eick and Yagmur Karakis, Episode &#8220;Konservierung und Restaurierung: Kulturg\u00fcter wie erhalten, wenn alles vergeht?&#8221;, 25.10.2022, https:\/\/open.spotify.com\/episode\/5tmjg7YsXuEdihGbihHvIe?si=3a68278f3def4f52<\/li>\n\n\n\n<li>\u201cGanzheiten des Fragmentarischen: Das Dokumentarische im Spannungsfeld von Skulptur, Restaurierung und Diskurs zwischen 1750 und 1820\u201d, presented as part of the Research Colloquium of the Institute of Art History and Archaeology, 23.11.2022 at the Martin Luther University Halle-Wittenberg <\/li>\n\n\n\n<li>\u201eNur Entwurf? Zur Bedeutung der Vorstudie bei Hans Kaiser\u201c, presented as part of the symposium \u201eIn progress! Zum Vor- und Nachleben von Glasmalerei nach 1945\u201c, 18.02.2022 at the Gustav-L\u00fcbcke-Museum Hamm <\/li>\n\n\n\n<li>\u201eBecause we do not like the authentic state? Das Authentische im Spannungsfeld von Restaurierung und musealer Forschung\u201c, presented as part of the lecture \u201eForschung im Museum\u201c, 15.12.2021 at the Heinrich Heine University D\u00fcsseldorf<\/li>\n<\/ul>\n\n\n\n<h3 class=\"wp-block-heading\"><strong><u>Organisation of Events<\/u><\/strong><\/h3>\n\n\n\n<ul class=\"wp-block-list\">\n<li>\u201eHans Kaiser: Im Dazwischen\u201c, Exhibtion, 05.06.2022 to 04.09.2022, Gustav-L\u00fcbcke-Museum Hamm<\/li>\n\n\n\n<li>\u201eIn progress! Zum Vor- und Nachleben von Glasmalerei nach 1945\u201c, Symposium on the occasion of the restoration of Hans Kaiser&#8217;s drafts for the <em>Dickinson Window <\/em>in the Washington National Cathedral, 18.02.2022, Gustav-L\u00fcbcke-Museum Hamm<\/li>\n\n\n\n<li>\u201eVerwandlungen des Lichts: Die Glasmalerei im \u0152uvre Hans Kaisers\u201c, University Course in collaboration with Dr. Reinhard K\u00f6pf,&nbsp;Department of Art History, Heinrich Heine University D\u00fcsseldorf, Summer Term 2021<\/li>\n<\/ul>\n\n\n\n<h3 class=\"wp-block-heading\"><strong><u>Miscellaneous<\/u><\/strong><\/h3>\n\n\n\n<ul class=\"wp-block-list\">\n<li>10\/2016 to 10\/2019: Fellowship \u201eDeutschlandstipendium\u201c (fellowship holder of the Herzog Erik von Arenberg Stiftung)<\/li>\n\n\n\n<li>Membership: Association of German Art Historians<\/li>\n<\/ul>\n","protected":false},"excerpt":{"rendered":"<p>Universit\u00e4tsstr.\u00a015044801 BochumRoom: GB 6\/140 Phone: +49 (0) 234\/32-27098E-Mail: Lena.Demary@ruhr-uni-bochum.de . Title of the Dissertation Wholenesses of the Fragmentary: Restoration as<\/p>\n","protected":false},"author":42,"featured_media":0,"parent":0,"menu_order":0,"comment_status":"closed","ping_status":"closed","template":"","meta":{"colormag_page_container_layout":"default_layout","colormag_page_sidebar_layout":"default_layout","_uag_custom_page_level_css":"","ngg_post_thumbnail":0,"footnotes":""},"class_list":["post-8713","page","type-page","status-publish","hentry"],"translation":{"provider":"WPGlobus","version":"3.0.2","language":"en","enabled_languages":["de","en"],"languages":{"de":{"title":true,"content":true,"excerpt":false},"en":{"title":true,"content":true,"excerpt":false}}},"yoast_head":"<!-- This site is optimized with the Yoast SEO plugin v27.4 - https:\/\/yoast.com\/product\/yoast-seo-wordpress\/ -->\n<title>Lena Demary, M.A. - GRK Das Dokumentarische. Exzess und Entzug<\/title>\n<meta name=\"robots\" content=\"index, follow, max-snippet:-1, max-image-preview:large, max-video-preview:-1\" \/>\n<link rel=\"canonical\" href=\"https:\/\/das-dokumentarische.blogs.ruhr-uni-bochum.de\/lena-demary-m-a\/\" \/>\n<meta property=\"og:locale\" content=\"en_US\" \/>\n<meta property=\"og:type\" content=\"article\" \/>\n<meta property=\"og:title\" content=\"Lena Demary, M.A. - GRK Das Dokumentarische. Exzess und Entzug\" \/>\n<meta property=\"og:url\" content=\"https:\/\/das-dokumentarische.blogs.ruhr-uni-bochum.de\/lena-demary-m-a\/\" \/>\n<meta property=\"og:site_name\" content=\"GRK Das Dokumentarische. Exzess und Entzug\" \/>\n<meta property=\"article:modified_time\" content=\"2025-08-01T08:54:20+00:00\" \/>\n<meta property=\"og:image\" content=\"https:\/\/das-dokumentarische.blogs.ruhr-uni-bochum.de\/wp-content\/uploads\/2022\/10\/IMG_2786.png\" \/>\n\t<meta property=\"og:image:width\" content=\"1920\" \/>\n\t<meta property=\"og:image:height\" content=\"1920\" \/>\n\t<meta property=\"og:image:type\" content=\"image\/png\" \/>\n<meta name=\"twitter:card\" content=\"summary_large_image\" \/>\n<meta name=\"twitter:label1\" content=\"Est. reading time\" \/>\n\t<meta name=\"twitter:data1\" content=\"4 minutes\" \/>\n<script type=\"application\/ld+json\" class=\"yoast-schema-graph\">{\"@context\":\"https:\\\/\\\/schema.org\",\"@graph\":[{\"@type\":\"WebPage\",\"@id\":\"https:\\\/\\\/das-dokumentarische.blogs.ruhr-uni-bochum.de\\\/lena-demary-m-a\\\/\",\"url\":\"https:\\\/\\\/das-dokumentarische.blogs.ruhr-uni-bochum.de\\\/lena-demary-m-a\\\/\",\"name\":\"Lena Demary, M.A. - GRK Das Dokumentarische. Exzess und Entzug\",\"isPartOf\":{\"@id\":\"https:\\\/\\\/das-dokumentarische.blogs.ruhr-uni-bochum.de\\\/en\\\/#website\"},\"primaryImageOfPage\":{\"@id\":\"https:\\\/\\\/das-dokumentarische.blogs.ruhr-uni-bochum.de\\\/lena-demary-m-a\\\/#primaryimage\"},\"image\":{\"@id\":\"https:\\\/\\\/das-dokumentarische.blogs.ruhr-uni-bochum.de\\\/lena-demary-m-a\\\/#primaryimage\"},\"thumbnailUrl\":\"https:\\\/\\\/das-dokumentarische.blogs.ruhr-uni-bochum.de\\\/wp-content\\\/uploads\\\/2022\\\/10\\\/IMG_2786-700x700.png\",\"datePublished\":\"2022-11-14T16:17:54+00:00\",\"dateModified\":\"2025-08-01T08:54:20+00:00\",\"breadcrumb\":{\"@id\":\"https:\\\/\\\/das-dokumentarische.blogs.ruhr-uni-bochum.de\\\/lena-demary-m-a\\\/#breadcrumb\"},\"inLanguage\":\"en-US\",\"potentialAction\":[{\"@type\":\"ReadAction\",\"target\":[\"https:\\\/\\\/das-dokumentarische.blogs.ruhr-uni-bochum.de\\\/lena-demary-m-a\\\/\"]}]},{\"@type\":\"ImageObject\",\"inLanguage\":\"en-US\",\"@id\":\"https:\\\/\\\/das-dokumentarische.blogs.ruhr-uni-bochum.de\\\/lena-demary-m-a\\\/#primaryimage\",\"url\":\"https:\\\/\\\/das-dokumentarische.blogs.ruhr-uni-bochum.de\\\/wp-content\\\/uploads\\\/2022\\\/10\\\/IMG_2786-700x700.png\",\"contentUrl\":\"https:\\\/\\\/das-dokumentarische.blogs.ruhr-uni-bochum.de\\\/wp-content\\\/uploads\\\/2022\\\/10\\\/IMG_2786-700x700.png\"},{\"@type\":\"BreadcrumbList\",\"@id\":\"https:\\\/\\\/das-dokumentarische.blogs.ruhr-uni-bochum.de\\\/lena-demary-m-a\\\/#breadcrumb\",\"itemListElement\":[{\"@type\":\"ListItem\",\"position\":1,\"name\":\"Startseite\",\"item\":\"https:\\\/\\\/das-dokumentarische.blogs.ruhr-uni-bochum.de\\\/en\\\/\"},{\"@type\":\"ListItem\",\"position\":2,\"name\":\"Lena Demary, M.A.\"}]},{\"@type\":\"WebSite\",\"@id\":\"https:\\\/\\\/das-dokumentarische.blogs.ruhr-uni-bochum.de\\\/en\\\/#website\",\"url\":\"https:\\\/\\\/das-dokumentarische.blogs.ruhr-uni-bochum.de\\\/en\\\/\",\"name\":\"GRK Das Dokumentarische. Exzess und Entzug\",\"description\":\"\",\"potentialAction\":[{\"@type\":\"SearchAction\",\"target\":{\"@type\":\"EntryPoint\",\"urlTemplate\":\"https:\\\/\\\/das-dokumentarische.blogs.ruhr-uni-bochum.de\\\/en\\\/?s={search_term_string}\"},\"query-input\":{\"@type\":\"PropertyValueSpecification\",\"valueRequired\":true,\"valueName\":\"search_term_string\"}}],\"inLanguage\":\"en-US\"}]}<\/script>\n<!-- \/ Yoast SEO plugin. -->","yoast_head_json":{"title":"Lena Demary, M.A. - GRK Das Dokumentarische. Exzess und Entzug","robots":{"index":"index","follow":"follow","max-snippet":"max-snippet:-1","max-image-preview":"max-image-preview:large","max-video-preview":"max-video-preview:-1"},"canonical":"https:\/\/das-dokumentarische.blogs.ruhr-uni-bochum.de\/lena-demary-m-a\/","og_locale":"en_US","og_type":"article","og_title":"Lena Demary, M.A. - GRK Das Dokumentarische. Exzess und Entzug","og_url":"https:\/\/das-dokumentarische.blogs.ruhr-uni-bochum.de\/lena-demary-m-a\/","og_site_name":"GRK Das Dokumentarische. Exzess und Entzug","article_modified_time":"2025-08-01T08:54:20+00:00","og_image":[{"width":1920,"height":1920,"url":"https:\/\/das-dokumentarische.blogs.ruhr-uni-bochum.de\/wp-content\/uploads\/2022\/10\/IMG_2786.png","type":"image\/png"}],"twitter_card":"summary_large_image","twitter_misc":{"Est. reading time":"4 minutes"},"schema":{"@context":"https:\/\/schema.org","@graph":[{"@type":"WebPage","@id":"https:\/\/das-dokumentarische.blogs.ruhr-uni-bochum.de\/lena-demary-m-a\/","url":"https:\/\/das-dokumentarische.blogs.ruhr-uni-bochum.de\/lena-demary-m-a\/","name":"Lena Demary, M.A. - GRK Das Dokumentarische. Exzess und Entzug","isPartOf":{"@id":"https:\/\/das-dokumentarische.blogs.ruhr-uni-bochum.de\/en\/#website"},"primaryImageOfPage":{"@id":"https:\/\/das-dokumentarische.blogs.ruhr-uni-bochum.de\/lena-demary-m-a\/#primaryimage"},"image":{"@id":"https:\/\/das-dokumentarische.blogs.ruhr-uni-bochum.de\/lena-demary-m-a\/#primaryimage"},"thumbnailUrl":"https:\/\/das-dokumentarische.blogs.ruhr-uni-bochum.de\/wp-content\/uploads\/2022\/10\/IMG_2786-700x700.png","datePublished":"2022-11-14T16:17:54+00:00","dateModified":"2025-08-01T08:54:20+00:00","breadcrumb":{"@id":"https:\/\/das-dokumentarische.blogs.ruhr-uni-bochum.de\/lena-demary-m-a\/#breadcrumb"},"inLanguage":"en-US","potentialAction":[{"@type":"ReadAction","target":["https:\/\/das-dokumentarische.blogs.ruhr-uni-bochum.de\/lena-demary-m-a\/"]}]},{"@type":"ImageObject","inLanguage":"en-US","@id":"https:\/\/das-dokumentarische.blogs.ruhr-uni-bochum.de\/lena-demary-m-a\/#primaryimage","url":"https:\/\/das-dokumentarische.blogs.ruhr-uni-bochum.de\/wp-content\/uploads\/2022\/10\/IMG_2786-700x700.png","contentUrl":"https:\/\/das-dokumentarische.blogs.ruhr-uni-bochum.de\/wp-content\/uploads\/2022\/10\/IMG_2786-700x700.png"},{"@type":"BreadcrumbList","@id":"https:\/\/das-dokumentarische.blogs.ruhr-uni-bochum.de\/lena-demary-m-a\/#breadcrumb","itemListElement":[{"@type":"ListItem","position":1,"name":"Startseite","item":"https:\/\/das-dokumentarische.blogs.ruhr-uni-bochum.de\/en\/"},{"@type":"ListItem","position":2,"name":"Lena Demary, M.A."}]},{"@type":"WebSite","@id":"https:\/\/das-dokumentarische.blogs.ruhr-uni-bochum.de\/en\/#website","url":"https:\/\/das-dokumentarische.blogs.ruhr-uni-bochum.de\/en\/","name":"GRK Das Dokumentarische. Exzess und Entzug","description":"","potentialAction":[{"@type":"SearchAction","target":{"@type":"EntryPoint","urlTemplate":"https:\/\/das-dokumentarische.blogs.ruhr-uni-bochum.de\/en\/?s={search_term_string}"},"query-input":{"@type":"PropertyValueSpecification","valueRequired":true,"valueName":"search_term_string"}}],"inLanguage":"en-US"}]}},"uagb_featured_image_src":{"full":false,"thumbnail":false,"medium":false,"medium_large":false,"large":false,"1536x1536":false,"2048x2048":false,"ultp_layout_landscape_large":false,"ultp_layout_landscape":false,"ultp_layout_portrait":false,"ultp_layout_square":false,"colormag-highlighted-post":false,"colormag-featured-post-medium":false,"colormag-featured-post-small":false,"colormag-featured-image":false,"colormag-default-news":false,"colormag-featured-image-large":false},"uagb_author_info":{"display_name":"Fotini Kouneli","author_link":"https:\/\/das-dokumentarische.blogs.ruhr-uni-bochum.de\/en\/author\/fotini-kouneli\/"},"uagb_comment_info":0,"uagb_excerpt":"Universit\u00e4tsstr.\u00a015044801 BochumRoom: GB 6\/140 Phone: +49 (0) 234\/32-27098E-Mail: Lena.Demary@ruhr-uni-bochum.de . Title of the Dissertation Wholenesses of the Fragmentary: Restoration as","_links":{"self":[{"href":"https:\/\/das-dokumentarische.blogs.ruhr-uni-bochum.de\/en\/wp-json\/wp\/v2\/pages\/8713","targetHints":{"allow":["GET"]}}],"collection":[{"href":"https:\/\/das-dokumentarische.blogs.ruhr-uni-bochum.de\/en\/wp-json\/wp\/v2\/pages"}],"about":[{"href":"https:\/\/das-dokumentarische.blogs.ruhr-uni-bochum.de\/en\/wp-json\/wp\/v2\/types\/page"}],"author":[{"embeddable":true,"href":"https:\/\/das-dokumentarische.blogs.ruhr-uni-bochum.de\/en\/wp-json\/wp\/v2\/users\/42"}],"replies":[{"embeddable":true,"href":"https:\/\/das-dokumentarische.blogs.ruhr-uni-bochum.de\/en\/wp-json\/wp\/v2\/comments?post=8713"}],"version-history":[{"count":64,"href":"https:\/\/das-dokumentarische.blogs.ruhr-uni-bochum.de\/en\/wp-json\/wp\/v2\/pages\/8713\/revisions"}],"predecessor-version":[{"id":12972,"href":"https:\/\/das-dokumentarische.blogs.ruhr-uni-bochum.de\/en\/wp-json\/wp\/v2\/pages\/8713\/revisions\/12972"}],"wp:attachment":[{"href":"https:\/\/das-dokumentarische.blogs.ruhr-uni-bochum.de\/en\/wp-json\/wp\/v2\/media?parent=8713"}],"curies":[{"name":"wp","href":"https:\/\/api.w.org\/{rel}","templated":true}]}}