{"id":8711,"date":"2022-11-14T17:19:25","date_gmt":"2022-11-14T16:19:25","guid":{"rendered":"https:\/\/das-dokumentarische.blogs.ruhr-uni-bochum.de\/?page_id=8711"},"modified":"2025-08-01T10:51:58","modified_gmt":"2025-08-01T08:51:58","slug":"franziska-barth-m-a","status":"publish","type":"page","link":"https:\/\/das-dokumentarische.blogs.ruhr-uni-bochum.de\/en\/franziska-barth-m-a\/","title":{"rendered":"Franziska Barth, M.A."},"content":{"rendered":"\n<figure class=\"wp-block-image alignleft size-large is-resized\"><a href=\"https:\/\/das-dokumentarische.blogs.ruhr-uni-bochum.de\/wp-content\/uploads\/2022\/10\/IMG_2854.png\"><img loading=\"lazy\" decoding=\"async\" width=\"700\" height=\"700\" src=\"https:\/\/das-dokumentarische.blogs.ruhr-uni-bochum.de\/wp-content\/uploads\/2022\/10\/IMG_2854-700x700.png\" alt=\"\" class=\"wp-image-8883\" style=\"width:166px;height:166px\" srcset=\"https:\/\/das-dokumentarische.blogs.ruhr-uni-bochum.de\/wp-content\/uploads\/2022\/10\/IMG_2854-700x700.png 700w, https:\/\/das-dokumentarische.blogs.ruhr-uni-bochum.de\/wp-content\/uploads\/2022\/10\/IMG_2854-300x300.png 300w, https:\/\/das-dokumentarische.blogs.ruhr-uni-bochum.de\/wp-content\/uploads\/2022\/10\/IMG_2854-150x150.png 150w, https:\/\/das-dokumentarische.blogs.ruhr-uni-bochum.de\/wp-content\/uploads\/2022\/10\/IMG_2854-768x768.png 768w, https:\/\/das-dokumentarische.blogs.ruhr-uni-bochum.de\/wp-content\/uploads\/2022\/10\/IMG_2854-1536x1536.png 1536w, https:\/\/das-dokumentarische.blogs.ruhr-uni-bochum.de\/wp-content\/uploads\/2022\/10\/IMG_2854-2048x2048.png 2048w, https:\/\/das-dokumentarische.blogs.ruhr-uni-bochum.de\/wp-content\/uploads\/2022\/10\/IMG_2854-600x600.png 600w, https:\/\/das-dokumentarische.blogs.ruhr-uni-bochum.de\/wp-content\/uploads\/2022\/10\/IMG_2854.png 1920w\" sizes=\"auto, (max-width: 700px) 100vw, 700px\" \/><\/a><\/figure>\n\n\n\n<p>Universit\u00e4tsstr.\u00a0150<br>44801 Bochum<br>Raum: GB 6\/143<\/p>\n\n\n\n<p>Telefon: +49 (0) 234\/32-27041<br>E-Mail: Franziska.Barth@ruhr-uni-bochum.de<\/p>\n\n\n\n<p><mark style=\"background-color:rgba(0, 0, 0, 0)\" class=\"has-inline-color has-white-color\">.<\/mark><\/p>\n\n\n\n<p class=\"has-medium-font-size\"><strong><u><mark style=\"background-color:rgba(0, 0, 0, 0)\" class=\"has-inline-color has-black-color\">Titel der Dissertation<\/mark><\/u><\/strong><\/p>\n\n\n\n<p>Between Trash and Treasure. Fotografie und Rest [AT]\n\n\n\n<p class=\"has-medium-font-size\"><strong><u><mark style=\"background-color:rgba(0, 0, 0, 0)\" class=\"has-inline-color has-black-color\">Projektbeschreibung<\/mark><\/u><\/strong><\/p>\n\n\n\n<p>Das Unkonkrete, Ausgeschlossene, Defekte, Verfallene, \u00dcberfl\u00fcssige, R\u00fcckst\u00e4ndige und Wertlose kann heute im Angesicht einer Gegenwart des permanenten \u00f6kologischen Ausnahmezustands nicht mehr nur als r\u00e4umliches Randph\u00e4nomen verstanden werden, sondern ist l\u00e4ngst zum <em>milieu int\u00e9rieur <\/em>(Schlaudt) avanciert. Diese zunehmende Ubiquit\u00e4t der Reste setzt das kulturelle Wertegef\u00fcge dahingehend unter Druck, als dass die Differenzen zwischen Objekt und Abjekt oder zugespitzt: zwischen dem, was Dokument wird und dem, was als \u203aAbfall\u2039 zwar diskursiv verdr\u00e4ngt wird, r\u00e4umlich-materiell jedoch zunehmend aufdringlicher wird, allm\u00e4hlich verw\u00e4ssern. Diese theoretische Gemengelage, so die These, macht nicht nur eine tiefergehende Besch\u00e4ftigung mit dem Begriff des Residualen erforderlich, sondern dr\u00e4ngt dar\u00fcber hinaus zu einer theoretischen Neubefragung des Dokumentarischen im Hinblick auf sein Dasein als \u203a\u00dcberbleibsel\u2039. In diesem Dissertationsvorhaben soll eine solche Neuperspektivierung beispielhaft aus der Perspektive der Fotografie im Sinne einer genuin dokumentarischen Kulturtechnik vorgenommen werden.<\/p>\n\n\n\n<p>Die arch\u00e4ologische Figuration der Fotografie als \u203adas, was \u00fcbrigbleibt\u2039 zieht sich wie ein roter Faden durch die Historie ihrer Theoriebildung, wenn sie etwa von verschiedenen Denkern des 20. Jahrhunderts als \u00bbstumme Zeugin\u00ab (Talbot), \u00bbRuine\u00ab (Dubois) bezeichnet wird oder der Vergleich zu geologischen Prozessen der Fossilation aufgerufen wird (Bazin). Diese idealisierende Vorstellung der Fotografie als \u203akulturelle Schatzkammer\u2039 verstellt jedoch den Blick auf die \u00fcberwiegend abtr\u00e4gliche, ausschlie\u00dfende und verneinende Konnotation des \u203aRests\u2039. So lie\u00dfe sich beispielsweise die Geschichte ihres technologischen Dispositivs ebenso als eine Geschichte der g\u00e4nzlich physischen Reste, etwa im Sinne der permanenten Aufbereitung prek\u00e4rer Materialit\u00e4ten (Bitumen, Gelatine, Eiwei\u00df, Silber, seltene Erden) perspektivieren, die sich der Rhetorik der \u203awertvollen Silberbilder\u2039 beziehungsweise der Ikonizit\u00e4t der Fotografie als blo\u00dfes Bildmedium ph\u00e4nomenologisch entgegenstellt. Einen weiteren Ausgangspunkt bilden die gegenw\u00e4rtig scheinbar grenzenlosen M\u00f6glichkeiten der fotografischen (Selbst-)Dokumentation und (Selbst-)Archivierung, die einen nie dagewesenen (materiellen) Exzess des Fotografischen hervorbringen. Diese Ma\u00dflosigkeit l\u00e4sst sich jedoch nicht nur auf der Makroebene im Sinne einer allgegenw\u00e4rtigen, amorphen Bilderflut begreifen, die die Serverkapazit\u00e4ten und Archive an ihre materiellen Grenzen treibt. Ebenso l\u00e4sst sich dieser \u00dcberschuss auf der Mikroebene mit Blick auf die in endloser Steigerung begriffene technische Konkretion des fotografischen Bildes in Form von <em>Ultra High Definition<\/em>, <em>RAW<\/em> <em>images<\/em> oder der <em>computer generated imagery<\/em> bestimmen, die nicht nur ein \u203aepistemologisches Zuviel\u2039 (Linseisen), sondern auch ein ganz konkret materielles Zuviel, kurz: <em>Datenm\u00fcll<\/em> erzeugen und dementsprechend die Produktion von einer \u00dcberf\u00fclle als Rest bereits von vorneherein antizipieren. Vor diesem Hintergrund ist die Frage nach Informationswert und Relevanz des Fotografischen\/Dokumentarischen nicht mehr losgel\u00f6st von seinen Residuen zu beantworten. Dabei steht jedoch weniger die Postulierung einer ontologischen Essenz dieser Begrifflichkeiten im Vordergrund als vielmehr die Befragung ihrer produktiven epistemologischen Schnittstellen, in denen sich die gleichsam fundamentale wie spekulative Frage danach sedimentiert, was <em>\u00fcbrigbleibt<\/em>.<\/p>\n\n\n\n<h4 class=\"wp-block-heading\"><strong><u>Wissenschaftlicher Werdegang<\/u><\/strong><\/h4>\n\n\n\n<ul class=\"wp-block-list\">\n<li>2021-2022 wissenschaftliche Mitarbeiterin im Drittmittelprojekt <em>Mind the Game! Computer Games Driving AI &amp; transforming society<\/em> (VolkswagenStiftung) an der Folkwang Universit\u00e4t der K\u00fcnste, Essen<\/li>\n\n\n\n<li>2019-2021 wissenschaftliche Hilfskraft im Fachbereich Gestaltung|Philosophie (Prof. Dr. Markus Rautzenberg), Folkwang Universit\u00e4t der K\u00fcnste, Essen<\/li>\n\n\n\n<li>2016-2021 Masterstudium <em>Photography Studies and Research<\/em> (Prof. Dr. Steffen Siegel), Folkwang Universit\u00e4t der K\u00fcnste, Essen<\/li>\n\n\n\n<li>2008-2016 Bachelorstudium in den F\u00e4chern Kunstgeschichte und Medien- und Kommunikationswissenschaften an der Martin-Luther-Universit\u00e4t Halle-Wittenberg und der Universidad Complutense Madrid<\/li>\n<\/ul>\n\n\n\n<h4 class=\"wp-block-heading\"><strong><u>Vortr\u00e4ge<\/u><\/strong><\/h4>\n\n\n\n<ul class=\"wp-block-list\">\n<li>2022<em> Intelligente Bilder?<\/em>, Ear-to-Ear-Talk mit Dr. Elisa Linseisen, in: <a href=\"the-space-between.de\"><em>THE SPACE BETWEEN<\/em><\/a>(Website)<\/li>\n<\/ul>\n\n\n\n<ul class=\"wp-block-list\">\n<li>2021 <em>B\/U\/ILD. Konstruktion und Fotografie<\/em>, Ausstellungsprojekt zus. mit Angela Deu\u00dfen und Sandra Happekotte, 4. Juli bis 1. August 2021, Neuer Kunstverein Wuppertal<\/li>\n\n\n\n<li><em>Rendering the Real<\/em>, Vortrag im Rahmen des Forschungskolloquiums f\u00fcr Theorie und Geschichte der Fotografie, Folkwang Universit\u00e4t der K\u00fcnste, Essen<\/li>\n\n\n\n<li>2019 <em>INSERT PHOTO [HERE]<\/em>, Textbeitrag zur gleichnam. Ausstellung, zus. mit Angela Deu\u00dfen, in: The Viehofer Years, hg. von Folkwang Universit\u00e4t der K\u00fcnste, Essen<\/li>\n<\/ul>\n\n\n\n<h4 class=\"wp-block-heading\"><strong><u>Veranstaltungsorganisation<\/u><\/strong><\/h4>\n\n\n\n<ul class=\"wp-block-list\">\n<li>Koordination und Redaktion des Website-Projekts <a href=\"http:\/\/www.the-space-between.de\/\"><em>THE SPACE BETWEEN<\/em><\/a> im Rahmen des Forschungsprojekts <em>Mind the Game! Computer games driving AI &amp; transforming society<\/em>, Folkwang Universit\u00e4t der K\u00fcnste, Essen<\/li>\n<\/ul>\n","protected":false},"excerpt":{"rendered":"<p>Universit\u00e4tsstr.\u00a015044801 BochumRaum: GB 6\/143 Telefon: +49 (0) 234\/32-27041E-Mail: Franziska.Barth@ruhr-uni-bochum.de . Titel der Dissertation Between Trash and Treasure. Fotografie und Rest<\/p>\n","protected":false},"author":42,"featured_media":0,"parent":0,"menu_order":0,"comment_status":"closed","ping_status":"closed","template":"","meta":{"colormag_page_container_layout":"default_layout","colormag_page_sidebar_layout":"default_layout","_uag_custom_page_level_css":"","ngg_post_thumbnail":0,"footnotes":""},"class_list":["post-8711","page","type-page","status-publish","hentry"],"translation":{"provider":"WPGlobus","version":"3.0.2","language":"en","enabled_languages":["de","en"],"languages":{"de":{"title":true,"content":true,"excerpt":false},"en":{"title":false,"content":false,"excerpt":false}}},"yoast_head":"<!-- This site is optimized with the Yoast SEO plugin v27.6 - https:\/\/yoast.com\/product\/yoast-seo-wordpress\/ -->\n<title>Franziska Barth, M.A. - GRK Das Dokumentarische. Exzess und Entzug<\/title>\n<meta name=\"robots\" content=\"index, follow, max-snippet:-1, max-image-preview:large, max-video-preview:-1\" \/>\n<link rel=\"canonical\" href=\"https:\/\/das-dokumentarische.blogs.ruhr-uni-bochum.de\/franziska-barth-m-a\/\" \/>\n<meta property=\"og:locale\" content=\"en_US\" \/>\n<meta property=\"og:type\" content=\"article\" \/>\n<meta property=\"og:title\" content=\"Franziska Barth, M.A. - GRK Das Dokumentarische. Exzess und Entzug\" \/>\n<meta property=\"og:url\" content=\"https:\/\/das-dokumentarische.blogs.ruhr-uni-bochum.de\/franziska-barth-m-a\/\" \/>\n<meta property=\"og:site_name\" content=\"GRK Das Dokumentarische. Exzess und Entzug\" \/>\n<meta property=\"article:modified_time\" content=\"2025-08-01T08:51:58+00:00\" \/>\n<meta property=\"og:image\" content=\"https:\/\/das-dokumentarische.blogs.ruhr-uni-bochum.de\/wp-content\/uploads\/2022\/10\/IMG_2854.png\" \/>\n\t<meta property=\"og:image:width\" content=\"1920\" \/>\n\t<meta property=\"og:image:height\" content=\"1920\" \/>\n\t<meta property=\"og:image:type\" content=\"image\/png\" \/>\n<meta name=\"twitter:card\" content=\"summary_large_image\" \/>\n<meta name=\"twitter:label1\" content=\"Est. reading time\" \/>\n\t<meta name=\"twitter:data1\" content=\"4 minutes\" \/>\n<script type=\"application\/ld+json\" class=\"yoast-schema-graph\">{\"@context\":\"https:\\\/\\\/schema.org\",\"@graph\":[{\"@type\":\"WebPage\",\"@id\":\"https:\\\/\\\/das-dokumentarische.blogs.ruhr-uni-bochum.de\\\/franziska-barth-m-a\\\/\",\"url\":\"https:\\\/\\\/das-dokumentarische.blogs.ruhr-uni-bochum.de\\\/franziska-barth-m-a\\\/\",\"name\":\"Franziska Barth, M.A. - GRK Das Dokumentarische. Exzess und Entzug\",\"isPartOf\":{\"@id\":\"https:\\\/\\\/das-dokumentarische.blogs.ruhr-uni-bochum.de\\\/en\\\/#website\"},\"primaryImageOfPage\":{\"@id\":\"https:\\\/\\\/das-dokumentarische.blogs.ruhr-uni-bochum.de\\\/franziska-barth-m-a\\\/#primaryimage\"},\"image\":{\"@id\":\"https:\\\/\\\/das-dokumentarische.blogs.ruhr-uni-bochum.de\\\/franziska-barth-m-a\\\/#primaryimage\"},\"thumbnailUrl\":\"https:\\\/\\\/das-dokumentarische.blogs.ruhr-uni-bochum.de\\\/wp-content\\\/uploads\\\/2022\\\/10\\\/IMG_2854-700x700.png\",\"datePublished\":\"2022-11-14T16:19:25+00:00\",\"dateModified\":\"2025-08-01T08:51:58+00:00\",\"breadcrumb\":{\"@id\":\"https:\\\/\\\/das-dokumentarische.blogs.ruhr-uni-bochum.de\\\/franziska-barth-m-a\\\/#breadcrumb\"},\"inLanguage\":\"en-US\",\"potentialAction\":[{\"@type\":\"ReadAction\",\"target\":[\"https:\\\/\\\/das-dokumentarische.blogs.ruhr-uni-bochum.de\\\/franziska-barth-m-a\\\/\"]}]},{\"@type\":\"ImageObject\",\"inLanguage\":\"en-US\",\"@id\":\"https:\\\/\\\/das-dokumentarische.blogs.ruhr-uni-bochum.de\\\/franziska-barth-m-a\\\/#primaryimage\",\"url\":\"https:\\\/\\\/das-dokumentarische.blogs.ruhr-uni-bochum.de\\\/wp-content\\\/uploads\\\/2022\\\/10\\\/IMG_2854-700x700.png\",\"contentUrl\":\"https:\\\/\\\/das-dokumentarische.blogs.ruhr-uni-bochum.de\\\/wp-content\\\/uploads\\\/2022\\\/10\\\/IMG_2854-700x700.png\"},{\"@type\":\"BreadcrumbList\",\"@id\":\"https:\\\/\\\/das-dokumentarische.blogs.ruhr-uni-bochum.de\\\/franziska-barth-m-a\\\/#breadcrumb\",\"itemListElement\":[{\"@type\":\"ListItem\",\"position\":1,\"name\":\"Startseite\",\"item\":\"https:\\\/\\\/das-dokumentarische.blogs.ruhr-uni-bochum.de\\\/en\\\/\"},{\"@type\":\"ListItem\",\"position\":2,\"name\":\"Franziska Barth, M.A.\"}]},{\"@type\":\"WebSite\",\"@id\":\"https:\\\/\\\/das-dokumentarische.blogs.ruhr-uni-bochum.de\\\/en\\\/#website\",\"url\":\"https:\\\/\\\/das-dokumentarische.blogs.ruhr-uni-bochum.de\\\/en\\\/\",\"name\":\"GRK Das Dokumentarische. Exzess und Entzug\",\"description\":\"\",\"potentialAction\":[{\"@type\":\"SearchAction\",\"target\":{\"@type\":\"EntryPoint\",\"urlTemplate\":\"https:\\\/\\\/das-dokumentarische.blogs.ruhr-uni-bochum.de\\\/en\\\/?s={search_term_string}\"},\"query-input\":{\"@type\":\"PropertyValueSpecification\",\"valueRequired\":true,\"valueName\":\"search_term_string\"}}],\"inLanguage\":\"en-US\"}]}<\/script>\n<!-- \/ Yoast SEO plugin. -->","yoast_head_json":{"title":"Franziska Barth, M.A. - GRK Das Dokumentarische. Exzess und Entzug","robots":{"index":"index","follow":"follow","max-snippet":"max-snippet:-1","max-image-preview":"max-image-preview:large","max-video-preview":"max-video-preview:-1"},"canonical":"https:\/\/das-dokumentarische.blogs.ruhr-uni-bochum.de\/franziska-barth-m-a\/","og_locale":"en_US","og_type":"article","og_title":"Franziska Barth, M.A. - GRK Das Dokumentarische. Exzess und Entzug","og_url":"https:\/\/das-dokumentarische.blogs.ruhr-uni-bochum.de\/franziska-barth-m-a\/","og_site_name":"GRK Das Dokumentarische. Exzess und Entzug","article_modified_time":"2025-08-01T08:51:58+00:00","og_image":[{"width":1920,"height":1920,"url":"https:\/\/das-dokumentarische.blogs.ruhr-uni-bochum.de\/wp-content\/uploads\/2022\/10\/IMG_2854.png","type":"image\/png"}],"twitter_card":"summary_large_image","twitter_misc":{"Est. reading time":"4 minutes"},"schema":{"@context":"https:\/\/schema.org","@graph":[{"@type":"WebPage","@id":"https:\/\/das-dokumentarische.blogs.ruhr-uni-bochum.de\/franziska-barth-m-a\/","url":"https:\/\/das-dokumentarische.blogs.ruhr-uni-bochum.de\/franziska-barth-m-a\/","name":"Franziska Barth, M.A. - GRK Das Dokumentarische. Exzess und Entzug","isPartOf":{"@id":"https:\/\/das-dokumentarische.blogs.ruhr-uni-bochum.de\/en\/#website"},"primaryImageOfPage":{"@id":"https:\/\/das-dokumentarische.blogs.ruhr-uni-bochum.de\/franziska-barth-m-a\/#primaryimage"},"image":{"@id":"https:\/\/das-dokumentarische.blogs.ruhr-uni-bochum.de\/franziska-barth-m-a\/#primaryimage"},"thumbnailUrl":"https:\/\/das-dokumentarische.blogs.ruhr-uni-bochum.de\/wp-content\/uploads\/2022\/10\/IMG_2854-700x700.png","datePublished":"2022-11-14T16:19:25+00:00","dateModified":"2025-08-01T08:51:58+00:00","breadcrumb":{"@id":"https:\/\/das-dokumentarische.blogs.ruhr-uni-bochum.de\/franziska-barth-m-a\/#breadcrumb"},"inLanguage":"en-US","potentialAction":[{"@type":"ReadAction","target":["https:\/\/das-dokumentarische.blogs.ruhr-uni-bochum.de\/franziska-barth-m-a\/"]}]},{"@type":"ImageObject","inLanguage":"en-US","@id":"https:\/\/das-dokumentarische.blogs.ruhr-uni-bochum.de\/franziska-barth-m-a\/#primaryimage","url":"https:\/\/das-dokumentarische.blogs.ruhr-uni-bochum.de\/wp-content\/uploads\/2022\/10\/IMG_2854-700x700.png","contentUrl":"https:\/\/das-dokumentarische.blogs.ruhr-uni-bochum.de\/wp-content\/uploads\/2022\/10\/IMG_2854-700x700.png"},{"@type":"BreadcrumbList","@id":"https:\/\/das-dokumentarische.blogs.ruhr-uni-bochum.de\/franziska-barth-m-a\/#breadcrumb","itemListElement":[{"@type":"ListItem","position":1,"name":"Startseite","item":"https:\/\/das-dokumentarische.blogs.ruhr-uni-bochum.de\/en\/"},{"@type":"ListItem","position":2,"name":"Franziska Barth, M.A."}]},{"@type":"WebSite","@id":"https:\/\/das-dokumentarische.blogs.ruhr-uni-bochum.de\/en\/#website","url":"https:\/\/das-dokumentarische.blogs.ruhr-uni-bochum.de\/en\/","name":"GRK Das Dokumentarische. Exzess und Entzug","description":"","potentialAction":[{"@type":"SearchAction","target":{"@type":"EntryPoint","urlTemplate":"https:\/\/das-dokumentarische.blogs.ruhr-uni-bochum.de\/en\/?s={search_term_string}"},"query-input":{"@type":"PropertyValueSpecification","valueRequired":true,"valueName":"search_term_string"}}],"inLanguage":"en-US"}]}},"uagb_featured_image_src":{"full":false,"thumbnail":false,"medium":false,"medium_large":false,"large":false,"1536x1536":false,"2048x2048":false,"ultp_layout_landscape_large":false,"ultp_layout_landscape":false,"ultp_layout_portrait":false,"ultp_layout_square":false,"colormag-highlighted-post":false,"colormag-featured-post-medium":false,"colormag-featured-post-small":false,"colormag-featured-image":false,"colormag-default-news":false,"colormag-featured-image-large":false},"uagb_author_info":{"display_name":"Fotini Kouneli","author_link":"https:\/\/das-dokumentarische.blogs.ruhr-uni-bochum.de\/en\/author\/fotini-kouneli\/"},"uagb_comment_info":0,"uagb_excerpt":"Universit\u00e4tsstr.\u00a015044801 BochumRaum: GB 6\/143 Telefon: +49 (0) 234\/32-27041E-Mail: Franziska.Barth@ruhr-uni-bochum.de . Titel der Dissertation Between Trash and Treasure. Fotografie und Rest","_links":{"self":[{"href":"https:\/\/das-dokumentarische.blogs.ruhr-uni-bochum.de\/en\/wp-json\/wp\/v2\/pages\/8711","targetHints":{"allow":["GET"]}}],"collection":[{"href":"https:\/\/das-dokumentarische.blogs.ruhr-uni-bochum.de\/en\/wp-json\/wp\/v2\/pages"}],"about":[{"href":"https:\/\/das-dokumentarische.blogs.ruhr-uni-bochum.de\/en\/wp-json\/wp\/v2\/types\/page"}],"author":[{"embeddable":true,"href":"https:\/\/das-dokumentarische.blogs.ruhr-uni-bochum.de\/en\/wp-json\/wp\/v2\/users\/42"}],"replies":[{"embeddable":true,"href":"https:\/\/das-dokumentarische.blogs.ruhr-uni-bochum.de\/en\/wp-json\/wp\/v2\/comments?post=8711"}],"version-history":[{"count":16,"href":"https:\/\/das-dokumentarische.blogs.ruhr-uni-bochum.de\/en\/wp-json\/wp\/v2\/pages\/8711\/revisions"}],"predecessor-version":[{"id":12969,"href":"https:\/\/das-dokumentarische.blogs.ruhr-uni-bochum.de\/en\/wp-json\/wp\/v2\/pages\/8711\/revisions\/12969"}],"wp:attachment":[{"href":"https:\/\/das-dokumentarische.blogs.ruhr-uni-bochum.de\/en\/wp-json\/wp\/v2\/media?parent=8711"}],"curies":[{"name":"wp","href":"https:\/\/api.w.org\/{rel}","templated":true}]}}