{"id":8707,"date":"2022-11-14T17:18:18","date_gmt":"2022-11-14T16:18:18","guid":{"rendered":"https:\/\/das-dokumentarische.blogs.ruhr-uni-bochum.de\/?page_id=8707"},"modified":"2025-10-16T11:34:45","modified_gmt":"2025-10-16T09:34:45","slug":"amelie-wedel-m-a","status":"publish","type":"page","link":"https:\/\/das-dokumentarische.blogs.ruhr-uni-bochum.de\/en\/amelie-wedel-m-a\/","title":{"rendered":"Amelie Wedel, M.A."},"content":{"rendered":"\n<figure class=\"wp-block-image alignleft size-large is-resized\"><a href=\"https:\/\/das-dokumentarische.blogs.ruhr-uni-bochum.de\/wp-content\/uploads\/2022\/10\/IMG_2784.png\"><img loading=\"lazy\" decoding=\"async\" width=\"700\" height=\"700\" src=\"https:\/\/das-dokumentarische.blogs.ruhr-uni-bochum.de\/wp-content\/uploads\/2022\/10\/IMG_2784-700x700.png\" alt=\"\" class=\"wp-image-8874\" style=\"width:170px;height:170px\" srcset=\"https:\/\/das-dokumentarische.blogs.ruhr-uni-bochum.de\/wp-content\/uploads\/2022\/10\/IMG_2784-700x700.png 700w, https:\/\/das-dokumentarische.blogs.ruhr-uni-bochum.de\/wp-content\/uploads\/2022\/10\/IMG_2784-300x300.png 300w, https:\/\/das-dokumentarische.blogs.ruhr-uni-bochum.de\/wp-content\/uploads\/2022\/10\/IMG_2784-150x150.png 150w, https:\/\/das-dokumentarische.blogs.ruhr-uni-bochum.de\/wp-content\/uploads\/2022\/10\/IMG_2784-768x768.png 768w, https:\/\/das-dokumentarische.blogs.ruhr-uni-bochum.de\/wp-content\/uploads\/2022\/10\/IMG_2784-1536x1536.png 1536w, https:\/\/das-dokumentarische.blogs.ruhr-uni-bochum.de\/wp-content\/uploads\/2022\/10\/IMG_2784-2048x2048.png 2048w, https:\/\/das-dokumentarische.blogs.ruhr-uni-bochum.de\/wp-content\/uploads\/2022\/10\/IMG_2784-600x600.png 600w, https:\/\/das-dokumentarische.blogs.ruhr-uni-bochum.de\/wp-content\/uploads\/2022\/10\/IMG_2784.png 1920w\" sizes=\"auto, (max-width: 700px) 100vw, 700px\" \/><\/a><\/figure>\n\n\n\n<p>Universit\u00e4tsstr.&nbsp;150<br>44801 Bochum<br>Raum: GB 6\/140<\/p>\n\n\n\n<p>Telefon: +49 (0) 234\/32-27079<br>E-Mail: amelie.wedel@ruhr-uni-bochum.de<\/p>\n\n\n\n<p><mark style=\"background-color:rgba(0, 0, 0, 0)\" class=\"has-inline-color has-white-color\">.<br><\/mark><\/p>\n\n\n\n<p><\/p>\n\n\n\n<p class=\"has-medium-font-size\"><strong><u>Titel der Dissertation<\/u><\/strong><\/p>\n\n\n\n<p>Verteilte Verbindungen. Planetarische Praktiken im experimentellen Dokumentarfilm<\/p>\n\n\n\n<p class=\"has-medium-font-size\"><strong><u>Projektbeschreibung<\/u><\/strong><\/p>\n\n\n\n<p>Mit der Mondflug-Aufnahme \u201aBlue Marble\u2018 entstand im Jahr 1972 eine der ersten Fotografien der gesamten Erde. Beschrieben als blaue Perle vor tiefschwarzem Hintergrund galt sie als Sinnbild f\u00fcr die Fragilit\u00e4t des globalen \u00d6kosystems und diente der damaligen US-amerikanischen Umweltbewegung als Aufruf zur Wiederherstellung einer verloren geglaubten Einheit des Menschen, der Natur und des Kosmos. Insbesondere postkoloniale und feministische Kritiker:innen haben seitdem auf die vereinheitlichenden Mechanismen aufmerksam gemacht, mit denen die Komplexit\u00e4t globaler Systeme in einem einzigen Bild komprimiert wird. Dies f\u00fchre dazu, so die vielstimmige Kritik, dass lokale und kontextuelle Unterschiede unter einer allumfassenden raumzeitlichen Dimension subsumiert werden.<\/p>\n\n\n\n<p>Ausgehend von dieser Kritik und vor dem Hintergrund andauernder \u00f6kologischer Katastrophen fragt meine Studie nach Neuperspektivierungen des Planetarischen. Dies untersuche ich anhand von zeitgen\u00f6ssischen Kunst-und Filmarbeiten, die \u00e4sthetische, technische und ethische Praktiken erproben, um planetarische Verbindungen aus situierten Kontexten dar- und herzustellen. In diesen Arbeiten l\u00e4sst sich eine im Ecocriticism entstehende Konzeption des Planetarischen beobachten, die diese nicht nur als multiskalare Gr\u00f6\u00dfenordnung \u2013 diskutiert mit Konzepten wie dem Anthropoz\u00e4n oder der Deep Time \u2013 sondern zunehmend als relationale Kategorie greift. Wesentlich ist hierbei eine mit Nachdruck ausgerufene ,\u00d6ko-logik\u2018&nbsp; (Elias\/Moraru), die den Anthropos innerhalb von mehr-als-menschlichen Gef\u00fcgen dezentriert und Fragen zu kollektiver Verantwortung und Praktiken der Sorge aufwirft. Meine theoretische Grundlage bildet der Begriff \u201aplanetarity\u2018, wie ihn die postkolonialen Literaturwissenschaftlerin Gayatri Chakravorty Spivak als Konzept einer spezifischen Form der Beziehungsethik in den 1990er Jahren in die Geisteswissenschaften eingef\u00fchrt hat. Diese m\u00f6chte ich mit Donna Haraways postanthropozentrischen Ethik des Antwortens \u00f6kologisch perspektivieren.<\/p>\n\n\n\n<h4 class=\"wp-block-heading\"><strong><u>Wissenschaftlicher Werdegang<\/u><\/strong><\/h4>\n\n\n\n<ul class=\"wp-block-list\">\n<li>Seit 10\/2022: wissenschaftliche Mitarbeiterin am DFG-Graduiertenkolleg \u201eDas Dokumentarische. Exzess und Entzug\u201c, Ruhr-Universit\u00e4t Bochum (Promotion)<\/li>\n\n\n\n<li>04\/2021-09\/2022: Promotion bei Jun.-Prof. Dr. Julia Bee, Bauhaus-Universit\u00e4t Weimar<\/li>\n\n\n\n<li>09\/2017-09\/2018: Masterstudium Contemporary Art Theory, Visual Cultures Department, Goldsmiths University of London<\/li>\n\n\n\n<li>10\/2009-06\/2015: Bachelorstudium Kunstgeschichte und Allgemeine und Vergleichende Literaturwissenschaft, Freie Universit\u00e4t Berlin<\/li>\n\n\n\n<li>09\/2013-02\/2014: Auslandsaufenthalt New York City, Forschung in den Archiven des MoMa, Electronic Arts Intermix<\/li>\n\n\n\n<li>09\/2011-03\/2012: Erasmusstudium History of Art und English Literature, University of Edinburgh<\/li>\n<\/ul>\n\n\n\n<h4 class=\"wp-block-heading\"><strong><u>Vortr\u00e4g<\/u><span style=\"text-decoration: underline;\">e und Moderationen<\/span><\/strong><\/h4>\n\n\n\n<ul class=\"wp-block-list\">\n<li>\u201eBoarcentrism? Filmische B\u00fcndnisse in <em>Les Sangli\u00e8res<\/em>\u201c, Vortrag, Jahrestagung der Gesellschaft f\u00fcr Medienwissenschaft, Universit\u00e4t Paderborn, 9\/2025<\/li>\n\n\n\n<li>\u201eElemental Power\u201c, Moderation, Jahrestagung der Gesellschaft f\u00fcr Medienwissenschaft, Universit\u00e4t Paderborn, 9\/2025<\/li>\n\n\n\n<li>\u201eTransecological Aesthetics\u201c, Workshop mit Prof. Dr. Wibke Straube und Prof. Dr. Henriette Gunkel, Ruhr-Universit\u00e4t Bochum, 6\/2025<\/li>\n\n\n\n<li>\u201eThe Artwork as a Living System\u201c, Moderation, \u201e404 Not Found\u201c \u2013 Abschlusstagung des Graduiertenkollegs \u201eDas Dokumentarische. Exzess und Entzug\u201c, Ruhr-Universit\u00e4t Bochum, Bochum, 5\/2025<\/li>\n\n\n\n<li>\u201eWie Luft umherstreifen. Dokumentarische Gegenstrategien\u201c, Vortrag, Workshop \u201eGebietsneu? Mediale Resonanzen zwischen \u00d6kologie und Migration\u201c mit Prof. Dr. Nanna Heidenreich, Ruhr-Universit\u00e4t Bochum, 1\/2025<\/li>\n\n\n\n<li>\u201eLeaving Art History? Contemporary Art and Material Practices\u201c, Panelmoderation mit Susanne Leeb und Sebasti\u00e1n Eduardo D\u00e1vila im Rahmen des Workshops \u201eThe Elusive Global. Potential Histories of Art and Media \u201c, organisiert von Anne Hemkendreis und Ying Sze Pek, Ruhr-Universit\u00e4t Bochum, 1\/2025<\/li>\n\n\n\n<li>\u201eMaintenance work and the temporality of waiting in the artist film <em>Particular Waters<\/em>\u201c, Vortrag, Workshop \u201eScreening Fears\u201c mit Francesco Casetti, Universit\u00e4t Hamburg, 6\/2024<\/li>\n\n\n\n<li>\u201eFriendship as curatorial method\u201c, Vortrag mit Kuratorinnenkollektiv topsoil im Rahmen des March Meeting: Tawashujat, Panel \u201cThe Catalytic Power of Collectives\u201d mit Ivet Curlin (What, How &amp; For Whom) und Mirwan Andan (ruangrupa), Sharjah Art Foundation, Sharjah, 3\/2024<\/li>\n\n\n\n<li>\u201e(Ver)St\u00f6rende Landschaften. Dokumentarische Beziehungsarbeit im \u00f6kologischen Film\u201c, Vortrag, Ringvorlesung \u201eDas Dokumentarische V\u201c, Ruhr-Universit\u00e4t Bochum, 12\/2023<\/li>\n\n\n\n<li>\u201e<em>Particular Waters<\/em>: Wasserinfrastrukturen und Zeitlichkeiten im artist film\u201d, Vortrag, Workshop \u201eInfrastruktur | Prozesse. Transformation, Erhaltung und Verfall\u201c mit Gabriele Schabacher, Ruhr-Universit\u00e4t Bochum, 11\/2023<\/li>\n\n\n\n<li>\u201eMapping Environments: Umherschweifen im Feral Atlas\u201c, Vortrag mit Vesna Schierbaum, Jahrestagung der Gesellschaft f\u00fcr Medienwissenschaft, Rheinische Friedrich-Wilhelms Universit\u00e4t Bonn, 9\/2023<\/li>\n\n\n\n<li>\u201eBeetles, Algae, Litter: Cinematic Multispecies Co-Production in <em>Geographies of Solitude<\/em>\u201c, Vortrag, Workshop \u201eSub(e)merging \u2013 Poetics, Temporalities, Epistemologies\u201c, organisiert von Prof. Dr. Petra L\u00f6ffler, Dr. Marie Beckmann, Edith-Russ-Haus f\u00fcr Medienkunst, Oldenburg, 5\/2023<\/li>\n\n\n\n<li>\u201eScores for Conviviality\u201c, Vortrag und Workshop, Symposium \u201eIf it is a garden that has become a wilderness. On Alternative Environments for Learning\u201c, Z\u00fcrcher Hochschule der K\u00fcnste, Z\u00fcrich, 12\/2022<\/li>\n\n\n\n<li>\u201eMapping Encounters\u201c, Workshopbeitrag zu \u201eRadical Teaching Workshop: Feministisch Schreiben\u201c, organisiert von Gerko Egert,Vierte Welt, Berlin, 9\/2022<\/li>\n\n\n\n<li>\u201eEcological Turns in den K\u00fcnsten\u201c, Seminarvortrag zusammen mit Maja Avnat, Institut f\u00fcr Kunst und Theorie, Bauhaus-Universit\u00e4t Weimar, 4\/2022<\/li>\n\n\n\n<li>\u201eVisions from Within the essay film <em>Sunstone<\/em> by Filipa C\u00e9sar and Louis Henderson\u201c, Tank, Museum of Contemporary Art, San Jose, 07\/2019<\/li>\n<\/ul>\n\n\n\n<h4 class=\"wp-block-heading\"><strong><u>Veranstaltungsorganisation<\/u><\/strong><\/h4>\n\n\n\n<ul class=\"wp-block-list\">\n<li>\u201eMediale Resonanzen zwischen \u00d6kologie und Migration\u201c, Abendvortrag und Workshop mit Prof. Dr. Nanna Heidenreich, organisiert mit Katharina Menschick und Ying Sze Pek, Ruhr-Universit\u00e4t Bochum, 1\/2025<\/li>\n\n\n\n<li>\u201eDokumentarische Extraktivismen\u201c, Film-Screening und Workshop mit Su Yu Hsin, titre provisoire und Pinar \u00d6grenci, organisiert mit Katharina Krol und Ying Sze Pek, Museum unter Tage \/ Situation Kunst, sowie LWL-Museum Henrichsh\u00fctte, Bochum, 7\/2024<\/li>\n\n\n\n<li>\u201ePhytopoetics\u201c, Workshop zu Praktiken des nature writings, organisiert mit Kika Thorne und Joe Walsh, Community Wildlife Garden, London, 6\/2024<\/li>\n\n\n\n<li>\u201eSituiertes Forschen und Schreiben\u201c, Workshopreihe mit Prof. Dr. Kathrin Busch, Dr. Isabel Mehl und Dr. Oona Lochner, organisiert mit Rose Beermann, Anne K\u00fcper, Katharina Menschick, Paulena M\u00fcller, Hannah Schmedes, Ruhr-Universit\u00e4t Bochum, 2023<\/li>\n\n\n\n<li>Summer School \u201eDaring Auralities\u201c, zusammen mit Ali Yalgin, Garp Sessions, Babakale, 7\/2021<\/li>\n<\/ul>\n\n\n\n<h4 class=\"wp-block-heading\" style=\"font-size:16px\"><strong><span style=\"text-decoration: underline;\">Publikationen <\/span><\/strong><\/h4>\n\n\n\n<ul class=\"wp-block-list\">\n<li><em>Situiertes Forschen und Schreiben. Ein Arbeitsbuch<\/em>. Herausgeberin zusammen mit Rose Beermann, Anne K\u00fcper, Katharina Menschick, Paulena M\u00fcller, Hannah Schmedes, Bielefeld: transcript Verlag, 2026.<\/li>\n\n\n\n<li>\u201eResearch Score #2. A Set of Replacable Instructions\u201c (zusammen mit Sofia Villena Araya). In: Bee, Julia; Egert, Gerko (2025; Hg.): <em>Experimente Lernen, TechnikenTauschen. Ein experimentelles Handbuch 2<\/em>. Berlin, Bochum:\u00a0 Nocturne \u2013 Plattform f\u00fcr experimentelle Wissensproduktion, 2025.<\/li>\n\n\n\n<li>\u201eFilming from a Snail\u2019s-Eye View: Submerged Vision and the Observational Mode in<em>Geographies of Solitude<\/em>.\u201c In: Beckmann, Marie; L\u00f6ffler, Petra (2025; Hg.): <em>Sub(e)merging: Experiences, Practices and Politics from below<\/em>, Z\u00fcrich: diaphanes. S. 73-90.<\/li>\n\n\n\n<li>\u201eDie Kunst der Erdbetrachtung.\u201c In: Hemkendreis, Anne (2025; Hg.): <em>Unendlichkeit, Leere, Lebendigkeit<\/em>. Ausstellungsheft, S. 28-35.<\/li>\n\n\n\n<li>\u201eMapping Encounters (zusammen mit topsoil). In: Gerko Egert (2023; Hg.): <em>Spectres of Learning<\/em>, Berlin, Bochum: Nocturne \u2013 Plattform f\u00fcr experimentelle Wissensproduktion.<\/li>\n\n\n\n<li><em>Qualities of Collective Learning <\/em>(zusammen mit topsoil), Pamphlet im Rahmen der School of Commons, Rotterdam: humdrum press.<\/li>\n\n\n\n<li>\u201eSpaces of Refuge, Regeneration and the Politics of Listening.\u201c In: Ay\u015fe \u0130dil \u0130dil &amp; Deniz K\u0131rkal\u0131 (2023; Hg.): <em>Garp Sessions: Documentation and Commissioned Works 2019-2022<\/em>, <em>Garp Sessions: Belgeleme ve Yeni \u00dcretimler 2019-2022<\/em>, Berlin, Bochum: Nocturne \u2013 Plattform f\u00fcr experimentelle Wissensproduktion, S. 34-40.<\/li>\n<\/ul>\n\n\n\n<h4 class=\"wp-block-heading\"><strong><u>Sonstiges<\/u><\/strong><\/h4>\n\n\n\n<ul class=\"wp-block-list\">\n<li>Seit 2023: Mitgr\u00fcnderin der AG Situiertes Forschung und Schreiben, zusammen mit Rose Beermann, Anne K\u00fcper, Katharina Menschick, Paulena M\u00fcller, Hannah Schmedes<\/li>\n\n\n\n<li>Seit 2022: Mitglied der AG Ecomedia<\/li>\n\n\n\n<li>Seit 2020: Mitglied der Gesellschaft f\u00fcr Medienwissenschaft (GfM)<\/li>\n\n\n\n<li>Seit 06\/2018: Mitgr\u00fcnderin von topsoil, einem transnationalen kuratorischen Forschungskollektiv<\/li>\n\n\n\n<li>Seit 2012: Kuratorische Projekte u.a. im Grimmuseum, Berlin; KW-Institut f\u00fcr zeitgen\u00f6ssische Kunst, Berlin; psfs2, Berlin; Safe House, London; Flux Factory, New York City<\/li>\n<\/ul>\n\n\n\n<p><\/p>\n","protected":false},"excerpt":{"rendered":"<p>Universit\u00e4tsstr.&nbsp;15044801 BochumRaum: GB 6\/140 Telefon: +49 (0) 234\/32-27079E-Mail: amelie.wedel@ruhr-uni-bochum.de . Titel der Dissertation Verteilte Verbindungen. Planetarische Praktiken im experimentellen Dokumentarfilm<\/p>\n","protected":false},"author":42,"featured_media":0,"parent":0,"menu_order":0,"comment_status":"closed","ping_status":"closed","template":"","meta":{"colormag_page_container_layout":"default_layout","colormag_page_sidebar_layout":"default_layout","_uag_custom_page_level_css":"","ngg_post_thumbnail":0,"footnotes":""},"class_list":["post-8707","page","type-page","status-publish","hentry"],"translation":{"provider":"WPGlobus","version":"3.0.2","language":"en","enabled_languages":["de","en"],"languages":{"de":{"title":true,"content":true,"excerpt":false},"en":{"title":false,"content":false,"excerpt":false}}},"yoast_head":"<!-- This site is optimized with the Yoast SEO plugin v27.6 - https:\/\/yoast.com\/product\/yoast-seo-wordpress\/ -->\n<title>Amelie Wedel, M.A. - GRK Das Dokumentarische. Exzess und Entzug<\/title>\n<meta name=\"robots\" content=\"index, follow, max-snippet:-1, max-image-preview:large, max-video-preview:-1\" \/>\n<link rel=\"canonical\" href=\"https:\/\/das-dokumentarische.blogs.ruhr-uni-bochum.de\/amelie-wedel-m-a\/\" \/>\n<meta property=\"og:locale\" content=\"en_US\" \/>\n<meta property=\"og:type\" content=\"article\" \/>\n<meta property=\"og:title\" content=\"Amelie Wedel, M.A. - GRK Das Dokumentarische. Exzess und Entzug\" \/>\n<meta property=\"og:url\" content=\"https:\/\/das-dokumentarische.blogs.ruhr-uni-bochum.de\/amelie-wedel-m-a\/\" \/>\n<meta property=\"og:site_name\" content=\"GRK Das Dokumentarische. Exzess und Entzug\" \/>\n<meta property=\"article:modified_time\" content=\"2025-10-16T09:34:45+00:00\" \/>\n<meta property=\"og:image\" content=\"https:\/\/das-dokumentarische.blogs.ruhr-uni-bochum.de\/wp-content\/uploads\/2022\/10\/IMG_2784.png\" \/>\n\t<meta property=\"og:image:width\" content=\"1920\" \/>\n\t<meta property=\"og:image:height\" content=\"1920\" \/>\n\t<meta property=\"og:image:type\" content=\"image\/png\" \/>\n<meta name=\"twitter:card\" content=\"summary_large_image\" \/>\n<meta name=\"twitter:label1\" content=\"Est. reading time\" \/>\n\t<meta name=\"twitter:data1\" content=\"7 minutes\" \/>\n<script type=\"application\/ld+json\" class=\"yoast-schema-graph\">{\"@context\":\"https:\\\/\\\/schema.org\",\"@graph\":[{\"@type\":\"WebPage\",\"@id\":\"https:\\\/\\\/das-dokumentarische.blogs.ruhr-uni-bochum.de\\\/amelie-wedel-m-a\\\/\",\"url\":\"https:\\\/\\\/das-dokumentarische.blogs.ruhr-uni-bochum.de\\\/amelie-wedel-m-a\\\/\",\"name\":\"Amelie Wedel, M.A. - GRK Das Dokumentarische. Exzess und Entzug\",\"isPartOf\":{\"@id\":\"https:\\\/\\\/das-dokumentarische.blogs.ruhr-uni-bochum.de\\\/en\\\/#website\"},\"primaryImageOfPage\":{\"@id\":\"https:\\\/\\\/das-dokumentarische.blogs.ruhr-uni-bochum.de\\\/amelie-wedel-m-a\\\/#primaryimage\"},\"image\":{\"@id\":\"https:\\\/\\\/das-dokumentarische.blogs.ruhr-uni-bochum.de\\\/amelie-wedel-m-a\\\/#primaryimage\"},\"thumbnailUrl\":\"https:\\\/\\\/das-dokumentarische.blogs.ruhr-uni-bochum.de\\\/wp-content\\\/uploads\\\/2022\\\/10\\\/IMG_2784-700x700.png\",\"datePublished\":\"2022-11-14T16:18:18+00:00\",\"dateModified\":\"2025-10-16T09:34:45+00:00\",\"breadcrumb\":{\"@id\":\"https:\\\/\\\/das-dokumentarische.blogs.ruhr-uni-bochum.de\\\/amelie-wedel-m-a\\\/#breadcrumb\"},\"inLanguage\":\"en-US\",\"potentialAction\":[{\"@type\":\"ReadAction\",\"target\":[\"https:\\\/\\\/das-dokumentarische.blogs.ruhr-uni-bochum.de\\\/amelie-wedel-m-a\\\/\"]}]},{\"@type\":\"ImageObject\",\"inLanguage\":\"en-US\",\"@id\":\"https:\\\/\\\/das-dokumentarische.blogs.ruhr-uni-bochum.de\\\/amelie-wedel-m-a\\\/#primaryimage\",\"url\":\"https:\\\/\\\/das-dokumentarische.blogs.ruhr-uni-bochum.de\\\/wp-content\\\/uploads\\\/2022\\\/10\\\/IMG_2784-700x700.png\",\"contentUrl\":\"https:\\\/\\\/das-dokumentarische.blogs.ruhr-uni-bochum.de\\\/wp-content\\\/uploads\\\/2022\\\/10\\\/IMG_2784-700x700.png\"},{\"@type\":\"BreadcrumbList\",\"@id\":\"https:\\\/\\\/das-dokumentarische.blogs.ruhr-uni-bochum.de\\\/amelie-wedel-m-a\\\/#breadcrumb\",\"itemListElement\":[{\"@type\":\"ListItem\",\"position\":1,\"name\":\"Startseite\",\"item\":\"https:\\\/\\\/das-dokumentarische.blogs.ruhr-uni-bochum.de\\\/en\\\/\"},{\"@type\":\"ListItem\",\"position\":2,\"name\":\"Amelie Wedel, M.A.\"}]},{\"@type\":\"WebSite\",\"@id\":\"https:\\\/\\\/das-dokumentarische.blogs.ruhr-uni-bochum.de\\\/en\\\/#website\",\"url\":\"https:\\\/\\\/das-dokumentarische.blogs.ruhr-uni-bochum.de\\\/en\\\/\",\"name\":\"GRK Das Dokumentarische. Exzess und Entzug\",\"description\":\"\",\"potentialAction\":[{\"@type\":\"SearchAction\",\"target\":{\"@type\":\"EntryPoint\",\"urlTemplate\":\"https:\\\/\\\/das-dokumentarische.blogs.ruhr-uni-bochum.de\\\/en\\\/?s={search_term_string}\"},\"query-input\":{\"@type\":\"PropertyValueSpecification\",\"valueRequired\":true,\"valueName\":\"search_term_string\"}}],\"inLanguage\":\"en-US\"}]}<\/script>\n<!-- \/ Yoast SEO plugin. -->","yoast_head_json":{"title":"Amelie Wedel, M.A. - GRK Das Dokumentarische. Exzess und Entzug","robots":{"index":"index","follow":"follow","max-snippet":"max-snippet:-1","max-image-preview":"max-image-preview:large","max-video-preview":"max-video-preview:-1"},"canonical":"https:\/\/das-dokumentarische.blogs.ruhr-uni-bochum.de\/amelie-wedel-m-a\/","og_locale":"en_US","og_type":"article","og_title":"Amelie Wedel, M.A. - GRK Das Dokumentarische. Exzess und Entzug","og_url":"https:\/\/das-dokumentarische.blogs.ruhr-uni-bochum.de\/amelie-wedel-m-a\/","og_site_name":"GRK Das Dokumentarische. Exzess und Entzug","article_modified_time":"2025-10-16T09:34:45+00:00","og_image":[{"width":1920,"height":1920,"url":"https:\/\/das-dokumentarische.blogs.ruhr-uni-bochum.de\/wp-content\/uploads\/2022\/10\/IMG_2784.png","type":"image\/png"}],"twitter_card":"summary_large_image","twitter_misc":{"Est. reading time":"7 minutes"},"schema":{"@context":"https:\/\/schema.org","@graph":[{"@type":"WebPage","@id":"https:\/\/das-dokumentarische.blogs.ruhr-uni-bochum.de\/amelie-wedel-m-a\/","url":"https:\/\/das-dokumentarische.blogs.ruhr-uni-bochum.de\/amelie-wedel-m-a\/","name":"Amelie Wedel, M.A. - GRK Das Dokumentarische. Exzess und Entzug","isPartOf":{"@id":"https:\/\/das-dokumentarische.blogs.ruhr-uni-bochum.de\/en\/#website"},"primaryImageOfPage":{"@id":"https:\/\/das-dokumentarische.blogs.ruhr-uni-bochum.de\/amelie-wedel-m-a\/#primaryimage"},"image":{"@id":"https:\/\/das-dokumentarische.blogs.ruhr-uni-bochum.de\/amelie-wedel-m-a\/#primaryimage"},"thumbnailUrl":"https:\/\/das-dokumentarische.blogs.ruhr-uni-bochum.de\/wp-content\/uploads\/2022\/10\/IMG_2784-700x700.png","datePublished":"2022-11-14T16:18:18+00:00","dateModified":"2025-10-16T09:34:45+00:00","breadcrumb":{"@id":"https:\/\/das-dokumentarische.blogs.ruhr-uni-bochum.de\/amelie-wedel-m-a\/#breadcrumb"},"inLanguage":"en-US","potentialAction":[{"@type":"ReadAction","target":["https:\/\/das-dokumentarische.blogs.ruhr-uni-bochum.de\/amelie-wedel-m-a\/"]}]},{"@type":"ImageObject","inLanguage":"en-US","@id":"https:\/\/das-dokumentarische.blogs.ruhr-uni-bochum.de\/amelie-wedel-m-a\/#primaryimage","url":"https:\/\/das-dokumentarische.blogs.ruhr-uni-bochum.de\/wp-content\/uploads\/2022\/10\/IMG_2784-700x700.png","contentUrl":"https:\/\/das-dokumentarische.blogs.ruhr-uni-bochum.de\/wp-content\/uploads\/2022\/10\/IMG_2784-700x700.png"},{"@type":"BreadcrumbList","@id":"https:\/\/das-dokumentarische.blogs.ruhr-uni-bochum.de\/amelie-wedel-m-a\/#breadcrumb","itemListElement":[{"@type":"ListItem","position":1,"name":"Startseite","item":"https:\/\/das-dokumentarische.blogs.ruhr-uni-bochum.de\/en\/"},{"@type":"ListItem","position":2,"name":"Amelie Wedel, M.A."}]},{"@type":"WebSite","@id":"https:\/\/das-dokumentarische.blogs.ruhr-uni-bochum.de\/en\/#website","url":"https:\/\/das-dokumentarische.blogs.ruhr-uni-bochum.de\/en\/","name":"GRK Das Dokumentarische. Exzess und Entzug","description":"","potentialAction":[{"@type":"SearchAction","target":{"@type":"EntryPoint","urlTemplate":"https:\/\/das-dokumentarische.blogs.ruhr-uni-bochum.de\/en\/?s={search_term_string}"},"query-input":{"@type":"PropertyValueSpecification","valueRequired":true,"valueName":"search_term_string"}}],"inLanguage":"en-US"}]}},"uagb_featured_image_src":{"full":false,"thumbnail":false,"medium":false,"medium_large":false,"large":false,"1536x1536":false,"2048x2048":false,"ultp_layout_landscape_large":false,"ultp_layout_landscape":false,"ultp_layout_portrait":false,"ultp_layout_square":false,"colormag-highlighted-post":false,"colormag-featured-post-medium":false,"colormag-featured-post-small":false,"colormag-featured-image":false,"colormag-default-news":false,"colormag-featured-image-large":false},"uagb_author_info":{"display_name":"Fotini Kouneli","author_link":"https:\/\/das-dokumentarische.blogs.ruhr-uni-bochum.de\/en\/author\/fotini-kouneli\/"},"uagb_comment_info":0,"uagb_excerpt":"Universit\u00e4tsstr.&nbsp;15044801 BochumRaum: GB 6\/140 Telefon: +49 (0) 234\/32-27079E-Mail: amelie.wedel@ruhr-uni-bochum.de . Titel der Dissertation Verteilte Verbindungen. Planetarische Praktiken im experimentellen Dokumentarfilm","_links":{"self":[{"href":"https:\/\/das-dokumentarische.blogs.ruhr-uni-bochum.de\/en\/wp-json\/wp\/v2\/pages\/8707","targetHints":{"allow":["GET"]}}],"collection":[{"href":"https:\/\/das-dokumentarische.blogs.ruhr-uni-bochum.de\/en\/wp-json\/wp\/v2\/pages"}],"about":[{"href":"https:\/\/das-dokumentarische.blogs.ruhr-uni-bochum.de\/en\/wp-json\/wp\/v2\/types\/page"}],"author":[{"embeddable":true,"href":"https:\/\/das-dokumentarische.blogs.ruhr-uni-bochum.de\/en\/wp-json\/wp\/v2\/users\/42"}],"replies":[{"embeddable":true,"href":"https:\/\/das-dokumentarische.blogs.ruhr-uni-bochum.de\/en\/wp-json\/wp\/v2\/comments?post=8707"}],"version-history":[{"count":11,"href":"https:\/\/das-dokumentarische.blogs.ruhr-uni-bochum.de\/en\/wp-json\/wp\/v2\/pages\/8707\/revisions"}],"predecessor-version":[{"id":12998,"href":"https:\/\/das-dokumentarische.blogs.ruhr-uni-bochum.de\/en\/wp-json\/wp\/v2\/pages\/8707\/revisions\/12998"}],"wp:attachment":[{"href":"https:\/\/das-dokumentarische.blogs.ruhr-uni-bochum.de\/en\/wp-json\/wp\/v2\/media?parent=8707"}],"curies":[{"name":"wp","href":"https:\/\/api.w.org\/{rel}","templated":true}]}}