{"id":8479,"date":"2022-06-07T16:41:07","date_gmt":"2022-06-07T14:41:07","guid":{"rendered":"https:\/\/das-dokumentarische.blogs.ruhr-uni-bochum.de\/?page_id=8479"},"modified":"2022-06-09T14:05:40","modified_gmt":"2022-06-09T12:05:40","slug":"kawashima","status":"publish","type":"page","link":"https:\/\/das-dokumentarische.blogs.ruhr-uni-bochum.de\/en\/kawashima\/","title":{"rendered":"Prof. Dr. Kentaro Kawashima"},"content":{"rendered":"\n<div class=\"wp-block-group is-layout-flow wp-block-group-is-layout-flow\">\n<figure class=\"wp-block-image alignleft size-large is-resized\"><a href=\"https:\/\/das-dokumentarische.blogs.ruhr-uni-bochum.de\/wp-content\/uploads\/2022\/06\/kawashima-2.jpeg\"><img loading=\"lazy\" decoding=\"async\" src=\"https:\/\/das-dokumentarische.blogs.ruhr-uni-bochum.de\/wp-content\/uploads\/2022\/06\/kawashima-2-700x701.jpeg\" alt=\"\" class=\"wp-image-8477\" width=\"224\" height=\"224\" srcset=\"https:\/\/das-dokumentarische.blogs.ruhr-uni-bochum.de\/wp-content\/uploads\/2022\/06\/kawashima-2-700x701.jpeg 700w, https:\/\/das-dokumentarische.blogs.ruhr-uni-bochum.de\/wp-content\/uploads\/2022\/06\/kawashima-2-300x300.jpeg 300w, https:\/\/das-dokumentarische.blogs.ruhr-uni-bochum.de\/wp-content\/uploads\/2022\/06\/kawashima-2-150x150.jpeg 150w, https:\/\/das-dokumentarische.blogs.ruhr-uni-bochum.de\/wp-content\/uploads\/2022\/06\/kawashima-2-600x600.jpeg 600w, https:\/\/das-dokumentarische.blogs.ruhr-uni-bochum.de\/wp-content\/uploads\/2022\/06\/kawashima-2.jpeg 722w\" sizes=\"auto, (max-width: 224px) 100vw, 224px\" \/><\/a><figcaption> <span style=\"font-size: revert;\"> <\/span> <\/figcaption><\/figure>\n\n\n\n<div class=\"wp-block-group is-layout-flow wp-block-group-is-layout-flow\">\n<p><mark style=\"background-color:rgba(0, 0, 0, 0)\" class=\"has-inline-color has-white-color\">.<\/mark><\/p>\n\n\n\n<p>Raum: UNI 105, 4\/33<\/p>\n\n\n\n<p>E-Mail: <a href=\"mailto:kkentaro@flet.keio.ac.jp\">kkentaro@flet.keio.ac.jp<\/a><\/p>\n\n\n\n<p><em><strong>Sommersemester 2022 und Wintersemester 2022\/23<\/strong><\/em> <\/p>\n<\/div>\n<\/div>\n\n\n\n<p class=\"has-white-color has-text-color\">.<\/p>\n\n\n\n<p class=\"has-white-color has-text-color\">.<\/p>\n\n\n\n<p><mark style=\"background-color:rgba(0, 0, 0, 0)\" class=\"has-inline-color has-white-color\">.<\/mark><\/p>\n\n\n\n<p><mark style=\"background-color:rgba(0, 0, 0, 0)\" class=\"has-inline-color has-white-color\">.<\/mark><\/p>\n\n\n<div  class=\"wp-block-ultimate-post-heading ultp-block-6163db\"><div class=\"ultp-block-wrapper\"><div class=\"ultp-heading-wrap ultp-heading-style9 ultp-heading-left\"><h2 class=\"ultp-heading-inner\"><span><mark class=\"has-inline-color has-white-color\">.<br>.<\/mark><br><mark class=\"has-inline-color has-white-color\">.<br><\/mark>Wissenschaftlicher Werdegang<\/span><\/h2><\/div><\/div><\/div>\n\n\n<div class=\"wp-block-group is-layout-flow wp-block-group-is-layout-flow\">\n<p>Seit 04\/2022: Fellow im DFG-Graduiertenkolleg \u201eDas Dokumentarische\u201c<\/p>\n\n\n\n<p>Seit 04\/2015: Professor f\u00fcr Germanistik an der Keio-Universit\u00e4t in Tokio<\/p>\n\n\n\n<p>04\/2012 bis 03\/2015: Associate Professor f\u00fcr Germanistik an der Keio-Universit\u00e4t<\/p>\n\n\n\n<p>04\/2011 bis 03\/2012: Dozent im Zentrum der Allgemeinen Bildung an der Meijigakuin-Universit\u00e4t in Tokio<\/p>\n\n\n\n<p>07\/2009: Erwerb des Doktortitels im Fach der Germanistik an der Ruhr-Universit\u00e4t Bochum<\/p>\n\n\n\n<p>10\/2001 bis 09\/2003: Doktorand im Fach der Germanistik bei Prof. Dr. Manfred Schneider<\/p>\n\n\n\n<p>10\/2001 bis 09\/2003: DAAD-Stipendiat<\/p>\n\n\n\n<p>03\/1998: Erwerb des Magistertitels im Fach der Germanistik an der Keio-Universit\u00e4t<\/p>\n\n\n\n<p>04\/1996-1998: Magisterstudium im Fach der Germanistik an der Keio-Universit\u00e4t<\/p>\n\n\n\n<p>04\/1992 bis 03\/1996: Bachelorstudium im Fach der Germanistik an der Keio-Universit\u00e4t<\/p>\n\n\n\n<p class=\"has-white-color has-text-color\">.<\/p>\n\n\n\n<p class=\"has-white-color has-text-color\">.<\/p>\n\n\n<div  class=\"wp-block-ultimate-post-heading ultp-block-414ae8\"><div class=\"ultp-block-wrapper\"><div class=\"ultp-heading-wrap ultp-heading-style9 ultp-heading-left\"><h2 class=\"ultp-heading-inner\"><span>Publikationen<\/span><\/h2><\/div><\/div><\/div><\/div>\n\n\n\n<p>-\u201eKomik und Galgenhumor\u201c in Tschernobyl. \u00dcber Alexander Kluges <em>Die W\u00e4chter des Sarkophags<\/em>. In: Yoshiyuki Muroi (Hg.): <em>Einheit in der Vielfalt? Germanistik zwischen Divergenz und Konvergenz. Asiatische Germanistentagung 2019 in Sapporo<\/em>. Tokyo\/M\u00fcnchen 2020, S. 595\u2013602. <a href=\"https:\/\/www.iudicium.de\/katalog\/86205-331.pdf\">https:\/\/www.iudicium.de\/katalog\/86205-331.pdf<\/a> (Wiedergedruckt in: Christian Schulte\/Birgit Haberpeuntner\/Melanie Konrad (Hg.): <em>Plurale Autorschaft<\/em>. Kluge-Jahrbuch, Bd. 7, G\u00f6ttingen 2022, S. 427-435)<\/p>\n\n\n\n<p>-Walter Benjamin \u201aknipst\u2018. In: <em>z.B. Zeitschrift zum Beispiel. Themenheft Handgreifliche Beispiele<\/em>, Zweite Lieferung. Hg. v. Jessica G\u00fcsken\/Peter Risthaus. Nr. 3. M\u00fcnster 2019, S. 127-145. <a href=\"https:\/\/ub-deposit.fernuni-hagen.de\/receive\/mir_mods_00001512?fbclid=IwAR33rg1Ls2A2QYowLO9BuaDn_hr3RE5kaGsPsycmmQrtpfCQ2vEIk7eCMRk\">https:\/\/ub-deposit.fernuni-hagen.de\/receive\/mir_mods_00001512?fbclid=IwAR33rg1Ls2A2QYowLO9BuaDn_hr3RE5kaGsPsycmmQrtpfCQ2vEIk7eCMRk<\/a><\/p>\n\n\n\n<p>-Metamorphosis as Origin\u2014Koji Yamamura\u2019s Short Animation <em>Franz Kafka\u2019s A Country Doctor<\/em>. In: <em>Arts<\/em> \uff08MDPI) &nbsp;8\uff082\uff09, 2019: <a href=\"https:\/\/www.mdpi.com\/2076-0752\/8\/2\/54\">https:\/\/www.mdpi.com\/2076-0752\/8\/2\/54<\/a><\/p>\n\n\n\n<p>-W. G. Sebalds Archiv und Zeuge \u2013 im Vergleich mit Giorgio Agamben. In: Markus Joch (Hg.): <em>Erinnerungsliteratur nach 1945. Medien, Kontroversen, Narrationsformen<\/em>. Studienreihe der Japanischen Gesellschaft f\u00fcr Germanistik 132, 2018, S. 8\u201323. <a href=\"https:\/\/www.jgg.jp\/pluginfile.php\/133\/mod_book\/chapter\/30\/SrJGG-132.pdf\">https:\/\/www.jgg.jp\/pluginfile.php\/133\/mod_book\/chapter\/30\/SrJGG-132.pdf<\/a><\/p>\n\n\n\n<p>-Recht und Literatur in Benjamins Essay <em>Franz Kafka<\/em>. In: <em>Neue Beitr\u00e4ge zur Germanistik<\/em>. Bd.16, Heft 1. 2017, S, 47\u201361. <a href=\"https:\/\/www.jstage.jst.go.jp\/article\/jgg\/155\/0\/155_47\/_article\/-char\/ja\">https:\/\/www.jstage.jst.go.jp\/article\/jgg\/155\/0\/155_47\/_article\/-char\/ja<\/a><\/p>\n\n\n\n<p>-\u201eim Grunde nichts anderes als die Materialisierung gespenstischer Erscheinungen\u201c \u2013 \u00dcber die Fotografie in \u201eDie Ausgewanderten\u201c von W.G. Sebald. In: Monika Wolting (Hg.): <em>Identit\u00e4tskonstruktionen in der deutschen Gegenwartsliteratur<\/em>. G\u00f6ttingen 2017, S. 229\u2013240.<\/p>\n\n\n\n<p>-Dekonstruktion und Autofiktion \u2013\u2013 \u00dcber Paul de Mans Theorie zur Autobiographie. In: Leopold Schl\u00f6ndorff (Hg.): <em>Autofiktion heute. Zur literarischen Konstitution des autobiographischen Subjekts in der deutschen Gegenwartsliteratur<\/em>.Studienreihe der japanischen Gesellschaft f\u00fcr Germanistik 122, 2017, S. 7\u201321. <a href=\"https:\/\/www.jgg.jp\/pluginfile.php\/133\/mod_book\/chapter\/30\/SrJGG122_170518.pdf\">https:\/\/www.jgg.jp\/pluginfile.php\/133\/mod_book\/chapter\/30\/SrJGG122_170518.pdf<\/a><\/p>\n\n\n\n<p>-Christoph Ransmayrs Arbeit am Zeugen \u2013\u2013 Jean Am\u00e9ry und der Roman <em>Morbus Kitahara<\/em>. In: <em>Beitr\u00e4ge zur \u00f6sterreichischen Literatur<\/em>. Jg. 33 (2017), S. 12\u201323. <a href=\"https:\/\/www.jstage.jst.go.jp\/article\/austriabungaku\/33\/0\/33_A12\/_article\/-char\/ja\">https:\/\/www.jstage.jst.go.jp\/article\/austriabungaku\/33\/0\/33_A12\/_article\/-char\/ja<\/a><\/p>\n\n\n\n<p>-Komik des passiven K\u00f6rpers:\u2028K\u00f4ji Yamamuras Animationsfilm <em>Kafka \u2013 Ein Landarzt<\/em>. In: Kayo Adachi-Rabe\/Andreas Becker (Hg.): <em>K\u00f6rperinszenierungen im japanischen Film<\/em>. Darmstadt 2016, S.187\u2013201.<\/p>\n\n\n\n<p>&#8211;<em>Autobiographie und Photographie nach 1900 \u2013 Proust, Benjamin, Brinkmann, Barthes, Sebald.<\/em> Bielefeld 2011, 312S.<\/p>\n\n\n\n<p>-Ein Bild der Kontrollgesellschaft. \u00dcber Kinji Fukasakus &#8220;BATTLE ROYALE&#8221;. In: Winfried Pauleit\/Christine R\u00fcffert\/Karl-Heinz Schmid\/Alfred Tews (Hg.): <em>Public Enemies. Film zwischen Identit\u00e4tsbildung und Kontrolle<\/em>. Berlin 2011, S.101\u00ad\u2013110.<\/p>\n\n\n\n<p>-Das bucklichte M\u00e4nnlein am Ende. Kinematographie als Referenz des autobiographischen Schreibens bei Walter Benjamin. In: Kanichiro Omiya (Hg.): <em>Figuren des Transgressiven \u2013 das Ende und der Gast.<\/em> M\u00fcnchen 2009, S. 116\u2013132.<\/p>\n\n\n\n<p>-Digitale Videokameras als neue Strategie der \u00dcberwachung. Drei Szenen aus Japan. In: K. Ludwig Pfeiffer\/Ralf Schnell (Hg.): <em>Schwellen der Medialisierung: Medienanthropologische Perspektiven \u2013 Deutschland und Japan.<\/em> Bielefeld 2008, S. 153\u2013170.<\/p>\n\n\n\n<p>-\u201eUmbrien! Tumbrien! Kackien! Alles Ruinen!\u201c \u00dcber Rolf Dieter Brinkmanns <em>Rom, Blicke<\/em>. In: <em>Neue Beitr\u00e4ge zur Germanistik<\/em>. Bd. 6 \/ Heft 1, 2007, S. 84\u2013101.<\/p>\n\n\n\n<p>-\u201e&#8230; dem L\u00e4cheln nah\u201c. Das photographierte Gesicht in Roland Barthes&#8217; <em>Das Reich der Zeichen<\/em>. In: <em>parapluie. elektronische zeitschrift f\u00fcr kulturen \u2013 k\u00fcnste \u2013 literaturen<\/em>. 23 (8. 2006).&nbsp; <a href=\"http:\/\/parapluie.de\/archiv\/bewusstsein\/barthes\/\">http:\/\/parapluie.de\/archiv\/bewusstsein\/barthes\/<\/a><\/p>\n\n\n\n<p>-Versuch zur \u00c4sthetik des liegenden Erz\u00e4hlens. \u00dcber Texte um Nichts von Samuel Beckett. In: Peter Risthaus (Hg.): <em>Par C\u0153ur. Einige Lehren Samuel Becketts.<\/em> Bochum 2006, S. 9\u201318.<\/p>\n\n\n\n<p>&#8211; Metamorphose, Wiederholung, L\u00e4cheln. Bez\u00fcge auf die Photographie in den autobiographischen Schriften von Marcel Proust und Soseki Natsume. In: Josef F\u00fcrnk\u00e4s, Masato Izumi, K. Ludwig Pfeiffer, Ralf Schnell (Hg.): <em>Medienanthropologie und Medienavantgarde. Ortsbestimmungen und Grenz\u00fcberschreitungen<\/em>. Bielefeld 2005, S. 169\u2013191.<\/p>\n\n\n\n<p class=\"has-white-color has-text-color\">.<\/p>\n\n\n\n<p class=\"has-white-color has-text-color\">.<\/p>\n\n\n<div  class=\"wp-block-ultimate-post-heading ultp-block-9a4baf\"><div class=\"ultp-block-wrapper\"><div class=\"ultp-heading-wrap ultp-heading-style9 ultp-heading-left\"><h2 class=\"ultp-heading-inner\"><span>Vortr\u00e4ge<\/span><\/h2><\/div><\/div><\/div>\n\n\n<p>-Ein Kind als Zeuge. Die Atomkatastrophe von Fukushima in \u201eAkios Aufzeichnungen\u201c, gehalten am 30. 1. 2020 im Workshop zu <em>Am Weltenrand sitzen die Menschen und lachen<\/em> von Philipp Weiss an der Sophia-Universit\u00e4t.<\/p>\n\n\n\n<p>-\u201eIch bin das Drama\u201c \u2013 Heiner M\u00fcllers Lyrik nach 1989 als autobiographisches Maskenspiel, gehalten am 5. 7. 2019 im Symposium <em>Systemwechsel, literarisch. Ost- und Westdeutschland um 1989 im internationalen Vergleich<\/em>. Deutsches Literaturarchiv Marbach.<\/p>\n\n\n\n<p>-Erinnerungspolitik des Unterhaltungsromans <em>Die ewige Null<\/em>, gehalten am 12. 5. 2018 im Workshop <em>ERINNERUNGSKULTUR<\/em>EN<em> NACH 1945<\/em> an der Keio-Universit\u00e4t in Tokio.<\/p>\n\n\n\n<p>-Prinzessin der Wiederholung \u2013\u2013 \u00dcber Tom Tykwers <em>Lola rennt<\/em>, gehalten am 13. 5. 2017 im Workshop <em>Das Sch\u00f6ne oder das Wahre. Perspektiven der \u00c4sthetik<\/em> an der Keio-Universit\u00e4t in Tokio.<\/p>\n\n\n\n<p>-Knipsen: Walter Benjamin am Ausl\u00f6ser, gehalten am 14. 7. 2017 auf der Internationalen Tagung \u201eTangibilit\u00e4t \u2013 Handgreifliche Beispiele \u00e4sthetischen Wissens\u201c an der FernUnversit\u00e4t in Hagen.<\/p>\n\n\n\n<p>-\u201eim Grunde nichts anderes als die Materialisierung gespenstischer Erscheinungen\u201c \u2013\u2013 \u00dcber die Fotografie in <em>Die Ausgewanderten<\/em> von W.G. Sebald, gehalten am 26. 8. 2015 im 13. Kongress der IVG an der Tonji-Universit\u00e4t in Shanghai.<\/p>\n\n\n\n<p>&#8211; Literarisches Filmspiel. \u00dcber Herbert. J. Wimmers <em>unsichtbare filme. ein relativer roman<\/em>, gehalten am 16. 11. 2013 im 22. Seminar zur \u00f6sterreichischen Gegenwartsliteratur\u2028Nozawa Onsen.<\/p>\n\n\n\n<p>-Das Integroskop als konspiratives Medium, gehalten am 29. 3. 2012 auf der Internationalen Fachtagung: Thomas Pynchons Roman <em>Against the Day. <\/em>Herausforderung f\u00fcr die Literaturwissenschaft in Coesfeld\/Westfalen.<\/p>\n\n\n\n<p class=\"has-white-color has-text-color\">.<\/p>\n\n\n\n<p class=\"has-white-color has-text-color\">.<\/p>\n\n\n<div  class=\"wp-block-ultimate-post-heading ultp-block-6f311b\"><div class=\"ultp-block-wrapper\"><div class=\"ultp-heading-wrap ultp-heading-style9 ultp-heading-left\"><h2 class=\"ultp-heading-inner\"><span>Sonstiges<\/span><\/h2><\/div><\/div><\/div>\n\n\n<p>-Mitglied der Japanischen Gesellschaft f\u00fcr Germanistik<\/p>\n\n\n\n<p>-Mitglied der Gesellschaft f\u00fcr \u00f6sterreichische Literatur in Japan<\/p>\n\n\n\n<p class=\"has-white-color has-text-color\">.<\/p>\n\n\n\n<p class=\"has-white-color has-text-color\">.<\/p>\n","protected":false},"excerpt":{"rendered":"<p>. Raum: UNI 105, 4\/33 E-Mail: kkentaro@flet.keio.ac.jp Sommersemester 2022 und Wintersemester 2022\/23 . . . . Seit 04\/2022: Fellow im<\/p>\n","protected":false},"author":42,"featured_media":0,"parent":0,"menu_order":0,"comment_status":"closed","ping_status":"closed","template":"","meta":{"colormag_page_container_layout":"default_layout","colormag_page_sidebar_layout":"default_layout","_uag_custom_page_level_css":"","ngg_post_thumbnail":0,"footnotes":""},"class_list":["post-8479","page","type-page","status-publish","hentry"],"translation":{"provider":"WPGlobus","version":"3.0.2","language":"en","enabled_languages":["de","en"],"languages":{"de":{"title":true,"content":true,"excerpt":false},"en":{"title":false,"content":false,"excerpt":false}}},"yoast_head":"<!-- This site is optimized with the Yoast SEO plugin v27.4 - https:\/\/yoast.com\/product\/yoast-seo-wordpress\/ -->\n<title>Prof. Dr. Kentaro Kawashima - GRK Das Dokumentarische. Exzess und Entzug<\/title>\n<meta name=\"robots\" content=\"index, follow, max-snippet:-1, max-image-preview:large, max-video-preview:-1\" \/>\n<link rel=\"canonical\" href=\"https:\/\/das-dokumentarische.blogs.ruhr-uni-bochum.de\/kawashima\/\" \/>\n<meta property=\"og:locale\" content=\"en_US\" \/>\n<meta property=\"og:type\" content=\"article\" \/>\n<meta property=\"og:title\" content=\"Prof. Dr. Kentaro Kawashima - GRK Das Dokumentarische. Exzess und Entzug\" \/>\n<meta property=\"og:url\" content=\"https:\/\/das-dokumentarische.blogs.ruhr-uni-bochum.de\/kawashima\/\" \/>\n<meta property=\"og:site_name\" content=\"GRK Das Dokumentarische. Exzess und Entzug\" \/>\n<meta property=\"article:modified_time\" content=\"2022-06-09T12:05:40+00:00\" \/>\n<meta property=\"og:image\" content=\"https:\/\/das-dokumentarische.blogs.ruhr-uni-bochum.de\/wp-content\/uploads\/2022\/06\/kawashima-2-700x701.jpeg\" \/>\n<meta name=\"twitter:card\" content=\"summary_large_image\" \/>\n<meta name=\"twitter:label1\" content=\"Est. reading time\" \/>\n\t<meta name=\"twitter:data1\" content=\"5 minutes\" \/>\n<script type=\"application\/ld+json\" class=\"yoast-schema-graph\">{\"@context\":\"https:\\\/\\\/schema.org\",\"@graph\":[{\"@type\":\"WebPage\",\"@id\":\"https:\\\/\\\/das-dokumentarische.blogs.ruhr-uni-bochum.de\\\/kawashima\\\/\",\"url\":\"https:\\\/\\\/das-dokumentarische.blogs.ruhr-uni-bochum.de\\\/kawashima\\\/\",\"name\":\"Prof. Dr. Kentaro Kawashima - GRK Das Dokumentarische. Exzess und Entzug\",\"isPartOf\":{\"@id\":\"https:\\\/\\\/das-dokumentarische.blogs.ruhr-uni-bochum.de\\\/en\\\/#website\"},\"primaryImageOfPage\":{\"@id\":\"https:\\\/\\\/das-dokumentarische.blogs.ruhr-uni-bochum.de\\\/kawashima\\\/#primaryimage\"},\"image\":{\"@id\":\"https:\\\/\\\/das-dokumentarische.blogs.ruhr-uni-bochum.de\\\/kawashima\\\/#primaryimage\"},\"thumbnailUrl\":\"https:\\\/\\\/das-dokumentarische.blogs.ruhr-uni-bochum.de\\\/wp-content\\\/uploads\\\/2022\\\/06\\\/kawashima-2-700x701.jpeg\",\"datePublished\":\"2022-06-07T14:41:07+00:00\",\"dateModified\":\"2022-06-09T12:05:40+00:00\",\"breadcrumb\":{\"@id\":\"https:\\\/\\\/das-dokumentarische.blogs.ruhr-uni-bochum.de\\\/kawashima\\\/#breadcrumb\"},\"inLanguage\":\"en-US\",\"potentialAction\":[{\"@type\":\"ReadAction\",\"target\":[\"https:\\\/\\\/das-dokumentarische.blogs.ruhr-uni-bochum.de\\\/kawashima\\\/\"]}]},{\"@type\":\"ImageObject\",\"inLanguage\":\"en-US\",\"@id\":\"https:\\\/\\\/das-dokumentarische.blogs.ruhr-uni-bochum.de\\\/kawashima\\\/#primaryimage\",\"url\":\"https:\\\/\\\/das-dokumentarische.blogs.ruhr-uni-bochum.de\\\/wp-content\\\/uploads\\\/2022\\\/06\\\/kawashima-2-700x701.jpeg\",\"contentUrl\":\"https:\\\/\\\/das-dokumentarische.blogs.ruhr-uni-bochum.de\\\/wp-content\\\/uploads\\\/2022\\\/06\\\/kawashima-2-700x701.jpeg\"},{\"@type\":\"BreadcrumbList\",\"@id\":\"https:\\\/\\\/das-dokumentarische.blogs.ruhr-uni-bochum.de\\\/kawashima\\\/#breadcrumb\",\"itemListElement\":[{\"@type\":\"ListItem\",\"position\":1,\"name\":\"Startseite\",\"item\":\"https:\\\/\\\/das-dokumentarische.blogs.ruhr-uni-bochum.de\\\/en\\\/\"},{\"@type\":\"ListItem\",\"position\":2,\"name\":\"Prof. Dr. Kentaro Kawashima\"}]},{\"@type\":\"WebSite\",\"@id\":\"https:\\\/\\\/das-dokumentarische.blogs.ruhr-uni-bochum.de\\\/en\\\/#website\",\"url\":\"https:\\\/\\\/das-dokumentarische.blogs.ruhr-uni-bochum.de\\\/en\\\/\",\"name\":\"GRK Das Dokumentarische. Exzess und Entzug\",\"description\":\"\",\"potentialAction\":[{\"@type\":\"SearchAction\",\"target\":{\"@type\":\"EntryPoint\",\"urlTemplate\":\"https:\\\/\\\/das-dokumentarische.blogs.ruhr-uni-bochum.de\\\/en\\\/?s={search_term_string}\"},\"query-input\":{\"@type\":\"PropertyValueSpecification\",\"valueRequired\":true,\"valueName\":\"search_term_string\"}}],\"inLanguage\":\"en-US\"}]}<\/script>\n<!-- \/ Yoast SEO plugin. -->","yoast_head_json":{"title":"Prof. Dr. Kentaro Kawashima - GRK Das Dokumentarische. Exzess und Entzug","robots":{"index":"index","follow":"follow","max-snippet":"max-snippet:-1","max-image-preview":"max-image-preview:large","max-video-preview":"max-video-preview:-1"},"canonical":"https:\/\/das-dokumentarische.blogs.ruhr-uni-bochum.de\/kawashima\/","og_locale":"en_US","og_type":"article","og_title":"Prof. Dr. Kentaro Kawashima - GRK Das Dokumentarische. Exzess und Entzug","og_url":"https:\/\/das-dokumentarische.blogs.ruhr-uni-bochum.de\/kawashima\/","og_site_name":"GRK Das Dokumentarische. Exzess und Entzug","article_modified_time":"2022-06-09T12:05:40+00:00","og_image":[{"url":"https:\/\/das-dokumentarische.blogs.ruhr-uni-bochum.de\/wp-content\/uploads\/2022\/06\/kawashima-2-700x701.jpeg","type":"","width":"","height":""}],"twitter_card":"summary_large_image","twitter_misc":{"Est. reading time":"5 minutes"},"schema":{"@context":"https:\/\/schema.org","@graph":[{"@type":"WebPage","@id":"https:\/\/das-dokumentarische.blogs.ruhr-uni-bochum.de\/kawashima\/","url":"https:\/\/das-dokumentarische.blogs.ruhr-uni-bochum.de\/kawashima\/","name":"Prof. Dr. Kentaro Kawashima - GRK Das Dokumentarische. Exzess und Entzug","isPartOf":{"@id":"https:\/\/das-dokumentarische.blogs.ruhr-uni-bochum.de\/en\/#website"},"primaryImageOfPage":{"@id":"https:\/\/das-dokumentarische.blogs.ruhr-uni-bochum.de\/kawashima\/#primaryimage"},"image":{"@id":"https:\/\/das-dokumentarische.blogs.ruhr-uni-bochum.de\/kawashima\/#primaryimage"},"thumbnailUrl":"https:\/\/das-dokumentarische.blogs.ruhr-uni-bochum.de\/wp-content\/uploads\/2022\/06\/kawashima-2-700x701.jpeg","datePublished":"2022-06-07T14:41:07+00:00","dateModified":"2022-06-09T12:05:40+00:00","breadcrumb":{"@id":"https:\/\/das-dokumentarische.blogs.ruhr-uni-bochum.de\/kawashima\/#breadcrumb"},"inLanguage":"en-US","potentialAction":[{"@type":"ReadAction","target":["https:\/\/das-dokumentarische.blogs.ruhr-uni-bochum.de\/kawashima\/"]}]},{"@type":"ImageObject","inLanguage":"en-US","@id":"https:\/\/das-dokumentarische.blogs.ruhr-uni-bochum.de\/kawashima\/#primaryimage","url":"https:\/\/das-dokumentarische.blogs.ruhr-uni-bochum.de\/wp-content\/uploads\/2022\/06\/kawashima-2-700x701.jpeg","contentUrl":"https:\/\/das-dokumentarische.blogs.ruhr-uni-bochum.de\/wp-content\/uploads\/2022\/06\/kawashima-2-700x701.jpeg"},{"@type":"BreadcrumbList","@id":"https:\/\/das-dokumentarische.blogs.ruhr-uni-bochum.de\/kawashima\/#breadcrumb","itemListElement":[{"@type":"ListItem","position":1,"name":"Startseite","item":"https:\/\/das-dokumentarische.blogs.ruhr-uni-bochum.de\/en\/"},{"@type":"ListItem","position":2,"name":"Prof. Dr. Kentaro Kawashima"}]},{"@type":"WebSite","@id":"https:\/\/das-dokumentarische.blogs.ruhr-uni-bochum.de\/en\/#website","url":"https:\/\/das-dokumentarische.blogs.ruhr-uni-bochum.de\/en\/","name":"GRK Das Dokumentarische. Exzess und Entzug","description":"","potentialAction":[{"@type":"SearchAction","target":{"@type":"EntryPoint","urlTemplate":"https:\/\/das-dokumentarische.blogs.ruhr-uni-bochum.de\/en\/?s={search_term_string}"},"query-input":{"@type":"PropertyValueSpecification","valueRequired":true,"valueName":"search_term_string"}}],"inLanguage":"en-US"}]}},"uagb_featured_image_src":{"full":false,"thumbnail":false,"medium":false,"medium_large":false,"large":false,"1536x1536":false,"2048x2048":false,"ultp_layout_landscape_large":false,"ultp_layout_landscape":false,"ultp_layout_portrait":false,"ultp_layout_square":false,"colormag-highlighted-post":false,"colormag-featured-post-medium":false,"colormag-featured-post-small":false,"colormag-featured-image":false,"colormag-default-news":false,"colormag-featured-image-large":false},"uagb_author_info":{"display_name":"Fotini Kouneli","author_link":"https:\/\/das-dokumentarische.blogs.ruhr-uni-bochum.de\/en\/author\/fotini-kouneli\/"},"uagb_comment_info":0,"uagb_excerpt":". Raum: UNI 105, 4\/33 E-Mail: kkentaro@flet.keio.ac.jp Sommersemester 2022 und Wintersemester 2022\/23 . . . . Seit 04\/2022: Fellow im","_links":{"self":[{"href":"https:\/\/das-dokumentarische.blogs.ruhr-uni-bochum.de\/en\/wp-json\/wp\/v2\/pages\/8479","targetHints":{"allow":["GET"]}}],"collection":[{"href":"https:\/\/das-dokumentarische.blogs.ruhr-uni-bochum.de\/en\/wp-json\/wp\/v2\/pages"}],"about":[{"href":"https:\/\/das-dokumentarische.blogs.ruhr-uni-bochum.de\/en\/wp-json\/wp\/v2\/types\/page"}],"author":[{"embeddable":true,"href":"https:\/\/das-dokumentarische.blogs.ruhr-uni-bochum.de\/en\/wp-json\/wp\/v2\/users\/42"}],"replies":[{"embeddable":true,"href":"https:\/\/das-dokumentarische.blogs.ruhr-uni-bochum.de\/en\/wp-json\/wp\/v2\/comments?post=8479"}],"version-history":[{"count":5,"href":"https:\/\/das-dokumentarische.blogs.ruhr-uni-bochum.de\/en\/wp-json\/wp\/v2\/pages\/8479\/revisions"}],"predecessor-version":[{"id":8489,"href":"https:\/\/das-dokumentarische.blogs.ruhr-uni-bochum.de\/en\/wp-json\/wp\/v2\/pages\/8479\/revisions\/8489"}],"wp:attachment":[{"href":"https:\/\/das-dokumentarische.blogs.ruhr-uni-bochum.de\/en\/wp-json\/wp\/v2\/media?parent=8479"}],"curies":[{"name":"wp","href":"https:\/\/api.w.org\/{rel}","templated":true}]}}