{"id":8200,"date":"2022-04-12T22:55:43","date_gmt":"2022-04-12T20:55:43","guid":{"rendered":"https:\/\/das-dokumentarische.blogs.ruhr-uni-bochum.de\/?page_id=8200"},"modified":"2022-04-29T22:44:02","modified_gmt":"2022-04-29T20:44:02","slug":"hygienekonzept","status":"publish","type":"page","link":"https:\/\/das-dokumentarische.blogs.ruhr-uni-bochum.de\/en\/dokumentwerden\/hygienekonzept\/","title":{"rendered":"HYGIENEKONZEPT"},"content":{"rendered":"\n<div class=\"wp-block-columns is-layout-flex wp-container-core-columns-is-layout-28f84493 wp-block-columns-is-layout-flex\">\n<div class=\"wp-block-column is-layout-flow wp-block-column-is-layout-flow\">\n<div class=\"wp-block-buttons is-layout-flex wp-block-buttons-is-layout-flex\">\n<div class=\"wp-block-button has-custom-width wp-block-button__width-100\"><a class=\"wp-block-button__link\" style=\"border-radius:0px\">INFO<\/a><\/div>\n<\/div>\n\n\n\n<div style=\"height:10px\" aria-hidden=\"true\" class=\"wp-block-spacer\"><\/div>\n\n\n\n<div class=\"wp-block-buttons is-layout-flex wp-block-buttons-is-layout-flex\">\n<div class=\"wp-block-button has-custom-width wp-block-button__width-100\"><a class=\"wp-block-button__link\" href=\"https:\/\/das-dokumentarische.blogs.ruhr-uni-bochum.de\/hygienekonzept\/\" style=\"border-radius:0px\">HYGIENEKONZEPT<\/a><\/div>\n<\/div>\n<\/div>\n\n\n\n<div class=\"wp-block-column is-layout-flow wp-block-column-is-layout-flow\">\n<div class=\"wp-block-buttons is-layout-flex wp-block-buttons-is-layout-flex\">\n<div class=\"wp-block-button has-custom-width wp-block-button__width-100\"><a class=\"wp-block-button__link\" href=\"https:\/\/das-dokumentarische.blogs.ruhr-uni-bochum.de\/dokumentwerden\/dokumentwerden-programm\/\" style=\"border-radius:0px\">PROGRAMM<\/a><\/div>\n<\/div>\n\n\n\n<div style=\"height:10px\" aria-hidden=\"true\" class=\"wp-block-spacer\"><\/div>\n\n\n\n<div class=\"wp-block-buttons is-layout-flex wp-block-buttons-is-layout-flex\">\n<div class=\"wp-block-button has-custom-width wp-block-button__width-100\"><a class=\"wp-block-button__link\" href=\"https:\/\/das-dokumentarische.blogs.ruhr-uni-bochum.de\/wp-content\/uploads\/2022\/04\/dok_abstracts_dokumentwerden_FIN_web-komprimiert.pdf\" style=\"border-radius:0px\" target=\"_blank\" rel=\"noreferrer noopener\">ABSTRACTS<\/a><\/div>\n<\/div>\n<\/div>\n\n\n\n<div class=\"wp-block-column is-layout-flow wp-block-column-is-layout-flow\">\n<div class=\"wp-block-buttons is-layout-flex wp-block-buttons-is-layout-flex\">\n<div class=\"wp-block-button has-custom-width wp-block-button__width-100\"><a class=\"wp-block-button__link\" href=\"https:\/\/das-dokumentarische.blogs.ruhr-uni-bochum.de\/dokumentwerden-call-for-papers\/\" style=\"border-radius:0px\">CALL FOR PAPERS<\/a><\/div>\n<\/div>\n\n\n\n<div style=\"height:10px\" aria-hidden=\"true\" class=\"wp-block-spacer\"><\/div>\n\n\n\n<div class=\"wp-block-buttons is-layout-flex wp-block-buttons-is-layout-flex\">\n<div class=\"wp-block-button has-custom-width wp-block-button__width-100 is-style-outline is-style-outline--1\"><a class=\"wp-block-button__link has-black-color has-white-background-color has-text-color has-background\" href=\"https:\/\/das-dokumentarische.blogs.ruhr-uni-bochum.de\/dokumentwerden\/registration\/\" style=\"border-radius:0px\">ANMELDUNG<\/a><\/div>\n<\/div>\n<\/div>\n<\/div>\n\n\n<div  class=\"wp-block-ultimate-post-heading ultp-block-29a573\"><div class=\"ultp-block-wrapper\"><div class=\"ultp-heading-wrap ultp-heading-style9 ultp-heading-left\"><h2 class=\"ultp-heading-inner\"><span><br><mark style=\"background-color:#000000\" class=\"has-inline-color has-white-color\">HYGIENEKONZEPT F\u00dcR DIE JAHRESTAGUNG \u201eDokument<em>werden<\/em>. Zeitlichkeit | Arbeit | Materialisierung&#8221; (5.-7. Mai 2022)<\/mark><\/span><\/h2><\/div><\/div><\/div>\n\n\n<p class=\"has-text-align-left\">Wir freuen uns bereits sehr auf die gemeinsame, pr\u00e4sentische Veranstaltung. Da die zuk\u00fcnftigen Entwicklungen der Corona-Lage noch immer schlecht einsch\u00e4tzbar sind und wir unsere Tagung m\u00f6glichst sicher gestalten wollen, haben wir uns als Organisationsteam dazu entschieden, unabh\u00e4ngig von den im Mai allgemein g\u00fcltigen Ma\u00dfnahmen, einige Regeln zusammenzustellen, die f\u00fcr unsere Veranstaltung gelten werden:<br><mark style=\"background-color:#ffffff\" class=\"has-inline-color has-white-color\">:<\/mark><\/p>\n\n\n\n<p><\/p>\n\n\n<div  class=\"wp-block-ultimate-post-heading ultp-block-70d77a\"><div class=\"ultp-block-wrapper\"><div class=\"ultp-heading-wrap ultp-heading-style9 ultp-heading-left\"><h2 class=\"ultp-heading-inner\"><span>Zugang zur Veranstaltung <\/span><\/h2><\/div><\/div><\/div>\n\n\n<p class=\"has-text-align-left\">Da unsere Jahrestagung im Kunstmuseum Bochum stattfindet, gelten ganz grunds\u00e4tzlich die f\u00fcr den Mai offiziell beschlossenen Ma\u00dfnahmen im gesamten Museumsraum. (Siehe: Kunstmuseum Bochum). F\u00fcr den Zutritt zu unserer im Veranstaltungsraum des Museums stattfindenden Tagung, gelten dar\u00fcber hinaus folgende Regeln:<br><br>\u2022 Vor dem (erstmaligen) Eintritt in das Kunstmuseum Bochum ist der jeweilige 2G-Nachweis vorzuzeigen. <strong>Unter 2G verstehen wir zweifach geimpft + geboostert\/genesen<\/strong>. Daraufhin erh\u00e4lt man ein tagesaktuelles B\u00e4ndchen mit dem der erneute Zutritt ohne wiederholte Kontrolle des 2G Status m\u00f6glich sein wird.<br>\u2022 W\u00e4hrend des Aufenthalts im Tagungsraum ist das Tragen einer <strong>FFP2 Maske<\/strong> verpflichtend. (Davon ausgenommen sind die Speaker:innen auf dem Podium, die ihre Maske zum Sprechen abnehmen d\u00fcrfen, um eine bessere Verst\u00e4ndlichkeit zu erm\u00f6glichen)<br>\u2022 Wir bitten au\u00dferdem darum, dass Personen mit m\u00f6glichen Symptomen oder Risiko-Kontakten eigenverantwortlich zu Hause bleiben und empfehlen, sich in einem der empfehlen, sich in einem der vielen Testzentren (beispielsweise direkt am Bochumer Hauptbahnhof) vorab testen zu lassen. <\/p>\n\n\n\n<p><\/p>\n\n\n<div  class=\"wp-block-ultimate-post-heading ultp-block-dd13f6\"><div class=\"ultp-block-wrapper\"><div class=\"ultp-heading-wrap ultp-heading-style9 ultp-heading-left\"><h2 class=\"ultp-heading-inner\"><span><br><br>w\u00e4hrend der veranstaltung<\/span><\/h2><\/div><\/div><\/div>\n\n\n<p class=\"has-text-align-left\">Im Rahmen unserer Veranstaltungen achten wir nat\u00fcrlich darauf, eine m\u00f6glichst sichere Umgebung zu gew\u00e4hrleisten. Aus diesem Grund wird nach jedem Panel der Veranstaltungsraum im Rahmen der M\u00f6glichkeiten gel\u00fcftet, die Bestuhlung erfolgt unter Ber\u00fccksichtigung der Abstandsregeln und die Verpflegung wird au\u00dferhalb des Veranstaltungsraumes aufgebaut und zum Verzehr bereit gestellt.<br><br>Wir hoffen mit diesen selbst auferlegten Ma\u00dfnahmen trotz immer noch pandemischer Lage eine m\u00f6glichst angenehme und sichere Veranstaltung durchf\u00fchren zu k\u00f6nnen!<\/p>\n","protected":false},"excerpt":{"rendered":"<p>Wir freuen uns bereits sehr auf die gemeinsame, pr\u00e4sentische Veranstaltung. Da die zuk\u00fcnftigen Entwicklungen der Corona-Lage noch immer schlecht einsch\u00e4tzbar<\/p>\n","protected":false},"author":42,"featured_media":7913,"parent":6886,"menu_order":0,"comment_status":"closed","ping_status":"closed","template":"","meta":{"colormag_page_container_layout":"default_layout","colormag_page_sidebar_layout":"default_layout","_uag_custom_page_level_css":"","ngg_post_thumbnail":0,"footnotes":""},"class_list":["post-8200","page","type-page","status-publish","has-post-thumbnail","hentry"],"translation":{"provider":"WPGlobus","version":"3.0.2","language":"en","enabled_languages":["de","en"],"languages":{"de":{"title":true,"content":true,"excerpt":false},"en":{"title":false,"content":false,"excerpt":false}}},"yoast_head":"<!-- This site is optimized with the Yoast SEO plugin v27.4 - https:\/\/yoast.com\/product\/yoast-seo-wordpress\/ -->\n<title>HYGIENEKONZEPT - GRK Das Dokumentarische. Exzess und Entzug<\/title>\n<meta name=\"robots\" content=\"index, follow, max-snippet:-1, max-image-preview:large, max-video-preview:-1\" \/>\n<link rel=\"canonical\" href=\"https:\/\/das-dokumentarische.blogs.ruhr-uni-bochum.de\/dokumentwerden\/hygienekonzept\/\" \/>\n<meta property=\"og:locale\" content=\"en_US\" \/>\n<meta property=\"og:type\" content=\"article\" \/>\n<meta property=\"og:title\" content=\"HYGIENEKONZEPT - GRK Das Dokumentarische. Exzess und Entzug\" \/>\n<meta property=\"og:url\" content=\"https:\/\/das-dokumentarische.blogs.ruhr-uni-bochum.de\/dokumentwerden\/hygienekonzept\/\" \/>\n<meta property=\"og:site_name\" content=\"GRK Das Dokumentarische. Exzess und Entzug\" \/>\n<meta property=\"article:modified_time\" content=\"2022-04-29T20:44:02+00:00\" \/>\n<meta property=\"og:image\" content=\"https:\/\/das-dokumentarische.blogs.ruhr-uni-bochum.de\/wp-content\/uploads\/2022\/02\/dasdok_website_header_dokwerd_FIN-scaled.jpg\" \/>\n\t<meta property=\"og:image:width\" content=\"2560\" \/>\n\t<meta property=\"og:image:height\" content=\"1424\" \/>\n\t<meta property=\"og:image:type\" content=\"image\/jpeg\" \/>\n<meta name=\"twitter:card\" content=\"summary_large_image\" \/>\n<meta name=\"twitter:label1\" content=\"Est. reading time\" \/>\n\t<meta name=\"twitter:data1\" content=\"2 minutes\" \/>\n<script type=\"application\/ld+json\" class=\"yoast-schema-graph\">{\"@context\":\"https:\\\/\\\/schema.org\",\"@graph\":[{\"@type\":\"WebPage\",\"@id\":\"https:\\\/\\\/das-dokumentarische.blogs.ruhr-uni-bochum.de\\\/dokumentwerden\\\/hygienekonzept\\\/\",\"url\":\"https:\\\/\\\/das-dokumentarische.blogs.ruhr-uni-bochum.de\\\/dokumentwerden\\\/hygienekonzept\\\/\",\"name\":\"HYGIENEKONZEPT - GRK Das Dokumentarische. Exzess und Entzug\",\"isPartOf\":{\"@id\":\"https:\\\/\\\/das-dokumentarische.blogs.ruhr-uni-bochum.de\\\/en\\\/#website\"},\"primaryImageOfPage\":{\"@id\":\"https:\\\/\\\/das-dokumentarische.blogs.ruhr-uni-bochum.de\\\/dokumentwerden\\\/hygienekonzept\\\/#primaryimage\"},\"image\":{\"@id\":\"https:\\\/\\\/das-dokumentarische.blogs.ruhr-uni-bochum.de\\\/dokumentwerden\\\/hygienekonzept\\\/#primaryimage\"},\"thumbnailUrl\":\"https:\\\/\\\/das-dokumentarische.blogs.ruhr-uni-bochum.de\\\/wp-content\\\/uploads\\\/2022\\\/02\\\/dasdok_website_header_dokwerd_FIN-scaled.jpg\",\"datePublished\":\"2022-04-12T20:55:43+00:00\",\"dateModified\":\"2022-04-29T20:44:02+00:00\",\"breadcrumb\":{\"@id\":\"https:\\\/\\\/das-dokumentarische.blogs.ruhr-uni-bochum.de\\\/dokumentwerden\\\/hygienekonzept\\\/#breadcrumb\"},\"inLanguage\":\"en-US\",\"potentialAction\":[{\"@type\":\"ReadAction\",\"target\":[\"https:\\\/\\\/das-dokumentarische.blogs.ruhr-uni-bochum.de\\\/dokumentwerden\\\/hygienekonzept\\\/\"]}]},{\"@type\":\"ImageObject\",\"inLanguage\":\"en-US\",\"@id\":\"https:\\\/\\\/das-dokumentarische.blogs.ruhr-uni-bochum.de\\\/dokumentwerden\\\/hygienekonzept\\\/#primaryimage\",\"url\":\"https:\\\/\\\/das-dokumentarische.blogs.ruhr-uni-bochum.de\\\/wp-content\\\/uploads\\\/2022\\\/02\\\/dasdok_website_header_dokwerd_FIN-scaled.jpg\",\"contentUrl\":\"https:\\\/\\\/das-dokumentarische.blogs.ruhr-uni-bochum.de\\\/wp-content\\\/uploads\\\/2022\\\/02\\\/dasdok_website_header_dokwerd_FIN-scaled.jpg\",\"width\":1920,\"height\":1068},{\"@type\":\"BreadcrumbList\",\"@id\":\"https:\\\/\\\/das-dokumentarische.blogs.ruhr-uni-bochum.de\\\/dokumentwerden\\\/hygienekonzept\\\/#breadcrumb\",\"itemListElement\":[{\"@type\":\"ListItem\",\"position\":1,\"name\":\"Startseite\",\"item\":\"https:\\\/\\\/das-dokumentarische.blogs.ruhr-uni-bochum.de\\\/en\\\/\"},{\"@type\":\"ListItem\",\"position\":2,\"name\":\"Tagung: DOKUMENTWERDEN. Zeitlichkeit | Arbeit | Materialisierung\",\"item\":\"https:\\\/\\\/das-dokumentarische.blogs.ruhr-uni-bochum.de\\\/dokumentwerden\\\/\"},{\"@type\":\"ListItem\",\"position\":3,\"name\":\"HYGIENEKONZEPT\"}]},{\"@type\":\"WebSite\",\"@id\":\"https:\\\/\\\/das-dokumentarische.blogs.ruhr-uni-bochum.de\\\/en\\\/#website\",\"url\":\"https:\\\/\\\/das-dokumentarische.blogs.ruhr-uni-bochum.de\\\/en\\\/\",\"name\":\"GRK Das Dokumentarische. Exzess und Entzug\",\"description\":\"\",\"potentialAction\":[{\"@type\":\"SearchAction\",\"target\":{\"@type\":\"EntryPoint\",\"urlTemplate\":\"https:\\\/\\\/das-dokumentarische.blogs.ruhr-uni-bochum.de\\\/en\\\/?s={search_term_string}\"},\"query-input\":{\"@type\":\"PropertyValueSpecification\",\"valueRequired\":true,\"valueName\":\"search_term_string\"}}],\"inLanguage\":\"en-US\"}]}<\/script>\n<!-- \/ Yoast SEO plugin. -->","yoast_head_json":{"title":"HYGIENEKONZEPT - GRK Das Dokumentarische. Exzess und Entzug","robots":{"index":"index","follow":"follow","max-snippet":"max-snippet:-1","max-image-preview":"max-image-preview:large","max-video-preview":"max-video-preview:-1"},"canonical":"https:\/\/das-dokumentarische.blogs.ruhr-uni-bochum.de\/dokumentwerden\/hygienekonzept\/","og_locale":"en_US","og_type":"article","og_title":"HYGIENEKONZEPT - GRK Das Dokumentarische. Exzess und Entzug","og_url":"https:\/\/das-dokumentarische.blogs.ruhr-uni-bochum.de\/dokumentwerden\/hygienekonzept\/","og_site_name":"GRK Das Dokumentarische. Exzess und Entzug","article_modified_time":"2022-04-29T20:44:02+00:00","og_image":[{"width":2560,"height":1424,"url":"https:\/\/das-dokumentarische.blogs.ruhr-uni-bochum.de\/wp-content\/uploads\/2022\/02\/dasdok_website_header_dokwerd_FIN-scaled.jpg","type":"image\/jpeg"}],"twitter_card":"summary_large_image","twitter_misc":{"Est. reading time":"2 minutes"},"schema":{"@context":"https:\/\/schema.org","@graph":[{"@type":"WebPage","@id":"https:\/\/das-dokumentarische.blogs.ruhr-uni-bochum.de\/dokumentwerden\/hygienekonzept\/","url":"https:\/\/das-dokumentarische.blogs.ruhr-uni-bochum.de\/dokumentwerden\/hygienekonzept\/","name":"HYGIENEKONZEPT - GRK Das Dokumentarische. Exzess und Entzug","isPartOf":{"@id":"https:\/\/das-dokumentarische.blogs.ruhr-uni-bochum.de\/en\/#website"},"primaryImageOfPage":{"@id":"https:\/\/das-dokumentarische.blogs.ruhr-uni-bochum.de\/dokumentwerden\/hygienekonzept\/#primaryimage"},"image":{"@id":"https:\/\/das-dokumentarische.blogs.ruhr-uni-bochum.de\/dokumentwerden\/hygienekonzept\/#primaryimage"},"thumbnailUrl":"https:\/\/das-dokumentarische.blogs.ruhr-uni-bochum.de\/wp-content\/uploads\/2022\/02\/dasdok_website_header_dokwerd_FIN-scaled.jpg","datePublished":"2022-04-12T20:55:43+00:00","dateModified":"2022-04-29T20:44:02+00:00","breadcrumb":{"@id":"https:\/\/das-dokumentarische.blogs.ruhr-uni-bochum.de\/dokumentwerden\/hygienekonzept\/#breadcrumb"},"inLanguage":"en-US","potentialAction":[{"@type":"ReadAction","target":["https:\/\/das-dokumentarische.blogs.ruhr-uni-bochum.de\/dokumentwerden\/hygienekonzept\/"]}]},{"@type":"ImageObject","inLanguage":"en-US","@id":"https:\/\/das-dokumentarische.blogs.ruhr-uni-bochum.de\/dokumentwerden\/hygienekonzept\/#primaryimage","url":"https:\/\/das-dokumentarische.blogs.ruhr-uni-bochum.de\/wp-content\/uploads\/2022\/02\/dasdok_website_header_dokwerd_FIN-scaled.jpg","contentUrl":"https:\/\/das-dokumentarische.blogs.ruhr-uni-bochum.de\/wp-content\/uploads\/2022\/02\/dasdok_website_header_dokwerd_FIN-scaled.jpg","width":1920,"height":1068},{"@type":"BreadcrumbList","@id":"https:\/\/das-dokumentarische.blogs.ruhr-uni-bochum.de\/dokumentwerden\/hygienekonzept\/#breadcrumb","itemListElement":[{"@type":"ListItem","position":1,"name":"Startseite","item":"https:\/\/das-dokumentarische.blogs.ruhr-uni-bochum.de\/en\/"},{"@type":"ListItem","position":2,"name":"Tagung: DOKUMENTWERDEN. Zeitlichkeit | Arbeit | Materialisierung","item":"https:\/\/das-dokumentarische.blogs.ruhr-uni-bochum.de\/dokumentwerden\/"},{"@type":"ListItem","position":3,"name":"HYGIENEKONZEPT"}]},{"@type":"WebSite","@id":"https:\/\/das-dokumentarische.blogs.ruhr-uni-bochum.de\/en\/#website","url":"https:\/\/das-dokumentarische.blogs.ruhr-uni-bochum.de\/en\/","name":"GRK Das Dokumentarische. Exzess und Entzug","description":"","potentialAction":[{"@type":"SearchAction","target":{"@type":"EntryPoint","urlTemplate":"https:\/\/das-dokumentarische.blogs.ruhr-uni-bochum.de\/en\/?s={search_term_string}"},"query-input":{"@type":"PropertyValueSpecification","valueRequired":true,"valueName":"search_term_string"}}],"inLanguage":"en-US"}]}},"uagb_featured_image_src":{"full":["https:\/\/das-dokumentarische.blogs.ruhr-uni-bochum.de\/wp-content\/uploads\/2022\/02\/dasdok_website_header_dokwerd_FIN-scaled.jpg",1920,1068,false],"thumbnail":["https:\/\/das-dokumentarische.blogs.ruhr-uni-bochum.de\/wp-content\/uploads\/2022\/02\/dasdok_website_header_dokwerd_FIN-150x150.jpg",150,150,true],"medium":["https:\/\/das-dokumentarische.blogs.ruhr-uni-bochum.de\/wp-content\/uploads\/2022\/02\/dasdok_website_header_dokwerd_FIN-300x167.jpg",300,167,true],"medium_large":["https:\/\/das-dokumentarische.blogs.ruhr-uni-bochum.de\/wp-content\/uploads\/2022\/02\/dasdok_website_header_dokwerd_FIN-768x427.jpg",768,427,true],"large":["https:\/\/das-dokumentarische.blogs.ruhr-uni-bochum.de\/wp-content\/uploads\/2022\/02\/dasdok_website_header_dokwerd_FIN-700x389.jpg",700,389,true],"1536x1536":["https:\/\/das-dokumentarische.blogs.ruhr-uni-bochum.de\/wp-content\/uploads\/2022\/02\/dasdok_website_header_dokwerd_FIN-1536x854.jpg",1536,854,true],"2048x2048":["https:\/\/das-dokumentarische.blogs.ruhr-uni-bochum.de\/wp-content\/uploads\/2022\/02\/dasdok_website_header_dokwerd_FIN-2048x1139.jpg",2048,1139,true],"ultp_layout_landscape_large":["https:\/\/das-dokumentarische.blogs.ruhr-uni-bochum.de\/wp-content\/uploads\/2022\/02\/dasdok_website_header_dokwerd_FIN-1200x800.jpg",1200,800,true],"ultp_layout_landscape":["https:\/\/das-dokumentarische.blogs.ruhr-uni-bochum.de\/wp-content\/uploads\/2022\/02\/dasdok_website_header_dokwerd_FIN-870x570.jpg",870,570,true],"ultp_layout_portrait":["https:\/\/das-dokumentarische.blogs.ruhr-uni-bochum.de\/wp-content\/uploads\/2022\/02\/dasdok_website_header_dokwerd_FIN-600x900.jpg",600,900,true],"ultp_layout_square":["https:\/\/das-dokumentarische.blogs.ruhr-uni-bochum.de\/wp-content\/uploads\/2022\/02\/dasdok_website_header_dokwerd_FIN-600x600.jpg",600,600,true],"colormag-highlighted-post":["https:\/\/das-dokumentarische.blogs.ruhr-uni-bochum.de\/wp-content\/uploads\/2022\/02\/dasdok_website_header_dokwerd_FIN-392x272.jpg",392,272,true],"colormag-featured-post-medium":["https:\/\/das-dokumentarische.blogs.ruhr-uni-bochum.de\/wp-content\/uploads\/2022\/02\/dasdok_website_header_dokwerd_FIN-390x205.jpg",390,205,true],"colormag-featured-post-small":["https:\/\/das-dokumentarische.blogs.ruhr-uni-bochum.de\/wp-content\/uploads\/2022\/02\/dasdok_website_header_dokwerd_FIN-130x90.jpg",130,90,true],"colormag-featured-image":["https:\/\/das-dokumentarische.blogs.ruhr-uni-bochum.de\/wp-content\/uploads\/2022\/02\/dasdok_website_header_dokwerd_FIN-800x445.jpg",800,445,true],"colormag-default-news":["https:\/\/das-dokumentarische.blogs.ruhr-uni-bochum.de\/wp-content\/uploads\/2022\/02\/dasdok_website_header_dokwerd_FIN-scaled.jpg",150,83,false],"colormag-featured-image-large":["https:\/\/das-dokumentarische.blogs.ruhr-uni-bochum.de\/wp-content\/uploads\/2022\/02\/dasdok_website_header_dokwerd_FIN-scaled.jpg",1079,600,false]},"uagb_author_info":{"display_name":"Fotini Kouneli","author_link":"https:\/\/das-dokumentarische.blogs.ruhr-uni-bochum.de\/en\/author\/fotini-kouneli\/"},"uagb_comment_info":0,"uagb_excerpt":"Wir freuen uns bereits sehr auf die gemeinsame, pr\u00e4sentische Veranstaltung. Da die zuk\u00fcnftigen Entwicklungen der Corona-Lage noch immer schlecht einsch\u00e4tzbar","_links":{"self":[{"href":"https:\/\/das-dokumentarische.blogs.ruhr-uni-bochum.de\/en\/wp-json\/wp\/v2\/pages\/8200","targetHints":{"allow":["GET"]}}],"collection":[{"href":"https:\/\/das-dokumentarische.blogs.ruhr-uni-bochum.de\/en\/wp-json\/wp\/v2\/pages"}],"about":[{"href":"https:\/\/das-dokumentarische.blogs.ruhr-uni-bochum.de\/en\/wp-json\/wp\/v2\/types\/page"}],"author":[{"embeddable":true,"href":"https:\/\/das-dokumentarische.blogs.ruhr-uni-bochum.de\/en\/wp-json\/wp\/v2\/users\/42"}],"replies":[{"embeddable":true,"href":"https:\/\/das-dokumentarische.blogs.ruhr-uni-bochum.de\/en\/wp-json\/wp\/v2\/comments?post=8200"}],"version-history":[{"count":13,"href":"https:\/\/das-dokumentarische.blogs.ruhr-uni-bochum.de\/en\/wp-json\/wp\/v2\/pages\/8200\/revisions"}],"predecessor-version":[{"id":8436,"href":"https:\/\/das-dokumentarische.blogs.ruhr-uni-bochum.de\/en\/wp-json\/wp\/v2\/pages\/8200\/revisions\/8436"}],"up":[{"embeddable":true,"href":"https:\/\/das-dokumentarische.blogs.ruhr-uni-bochum.de\/en\/wp-json\/wp\/v2\/pages\/6886"}],"wp:featuredmedia":[{"embeddable":true,"href":"https:\/\/das-dokumentarische.blogs.ruhr-uni-bochum.de\/en\/wp-json\/wp\/v2\/media\/7913"}],"wp:attachment":[{"href":"https:\/\/das-dokumentarische.blogs.ruhr-uni-bochum.de\/en\/wp-json\/wp\/v2\/media?parent=8200"}],"curies":[{"name":"wp","href":"https:\/\/api.w.org\/{rel}","templated":true}]}}