{"id":8009,"date":"2022-03-05T00:35:40","date_gmt":"2022-03-04T23:35:40","guid":{"rendered":"https:\/\/das-dokumentarische.blogs.ruhr-uni-bochum.de\/?page_id=8009"},"modified":"2022-04-29T22:41:00","modified_gmt":"2022-04-29T20:41:00","slug":"dokumentwerden-programm","status":"publish","type":"page","link":"https:\/\/das-dokumentarische.blogs.ruhr-uni-bochum.de\/en\/dokumentwerden\/dokumentwerden-programm\/","title":{"rendered":"Conference: DOKUMENTWERDEN | Programme"},"content":{"rendered":"\n<div class=\"wp-block-columns is-layout-flex wp-container-core-columns-is-layout-28f84493 wp-block-columns-is-layout-flex\">\n<div class=\"wp-block-column is-layout-flow wp-block-column-is-layout-flow\">\n<div class=\"wp-block-buttons is-layout-flex wp-block-buttons-is-layout-flex\">\n<div class=\"wp-block-button has-custom-width wp-block-button__width-100\"><a class=\"wp-block-button__link\" style=\"border-radius:0px\">INFO<\/a><\/div>\n<\/div>\n\n\n\n<div style=\"height:10px\" aria-hidden=\"true\" class=\"wp-block-spacer\"><\/div>\n\n\n\n<div class=\"wp-block-buttons is-layout-flex wp-block-buttons-is-layout-flex\">\n<div class=\"wp-block-button has-custom-width wp-block-button__width-100\"><a class=\"wp-block-button__link\" href=\"https:\/\/das-dokumentarische.blogs.ruhr-uni-bochum.de\/hygienekonzept\/\" style=\"border-radius:0px\">HYGIENEKONZEPT<\/a><\/div>\n<\/div>\n<\/div>\n\n\n\n<div class=\"wp-block-column is-layout-flow wp-block-column-is-layout-flow\">\n<div class=\"wp-block-buttons is-layout-flex wp-block-buttons-is-layout-flex\">\n<div class=\"wp-block-button has-custom-width wp-block-button__width-100\"><a class=\"wp-block-button__link\" href=\"https:\/\/das-dokumentarische.blogs.ruhr-uni-bochum.de\/dokumentwerden\/dokumentwerden-programm\/\" style=\"border-radius:0px\">PROGRAMM<\/a><\/div>\n<\/div>\n\n\n\n<div style=\"height:10px\" aria-hidden=\"true\" class=\"wp-block-spacer\"><\/div>\n\n\n\n<div class=\"wp-block-buttons is-layout-flex wp-block-buttons-is-layout-flex\">\n<div class=\"wp-block-button has-custom-width wp-block-button__width-100\"><a class=\"wp-block-button__link\" href=\"https:\/\/das-dokumentarische.blogs.ruhr-uni-bochum.de\/wp-content\/uploads\/2022\/04\/dok_abstracts_dokumentwerden_FIN_web-komprimiert.pdf\" style=\"border-radius:0px\" target=\"_blank\" rel=\"noreferrer noopener\">ABSTRACTS<\/a><\/div>\n<\/div>\n<\/div>\n\n\n\n<div class=\"wp-block-column is-layout-flow wp-block-column-is-layout-flow\">\n<div class=\"wp-block-buttons is-layout-flex wp-block-buttons-is-layout-flex\">\n<div class=\"wp-block-button has-custom-width wp-block-button__width-100\"><a class=\"wp-block-button__link\" href=\"https:\/\/das-dokumentarische.blogs.ruhr-uni-bochum.de\/dokumentwerden-call-for-papers\/\" style=\"border-radius:0px\">CALL FOR PAPERS<\/a><\/div>\n<\/div>\n\n\n\n<div style=\"height:10px\" aria-hidden=\"true\" class=\"wp-block-spacer\"><\/div>\n\n\n\n<div class=\"wp-block-buttons is-layout-flex wp-block-buttons-is-layout-flex\">\n<div class=\"wp-block-button has-custom-width wp-block-button__width-100 is-style-outline is-style-outline--1\"><a class=\"wp-block-button__link has-black-color has-white-background-color has-text-color has-background\" href=\"https:\/\/das-dokumentarische.blogs.ruhr-uni-bochum.de\/dokumentwerden\/registration\/\" style=\"border-radius:0px\">ANMELDUNG<\/a><\/div>\n<\/div>\n<\/div>\n<\/div>\n\n\n\n<hr class=\"wp-block-separator is-style-wide\"\/>\n\n\n\n<h2 class=\"wp-block-heading\">PROGRAMME<\/h2>\n\n\n\n<h3 class=\"has-light-green-cyan-color has-text-color wp-block-heading\">||| THURSDAY, 05.05.2022<\/h3>\n\n\n\n<figure class=\"wp-block-table\" style=\"font-size:16px\"><table><tbody><tr><td><em>from 14:00<\/em><\/td><td><em>Registration<\/em><\/td><\/tr><tr><td>15.00\u201315.30<\/td><td><strong>BEGR\u00dcSSUNG UND THEMATISCHE EINF\u00dcHRUNG <\/strong><br><em>FRIEDRICH BALKE, OLIVER FAHLE, NOOR MERTENS, PHILIPP HOHMANN <\/em>und <em>JULIA SCHADE<\/em><\/td><\/tr><tr><td>15.30\u201317.45<\/td><td><strong>PANEL I | MATERIALISIERUNG\/SAMMLUNG<\/strong><br>Chairs: <em>VANESSA KLOMFASS<\/em><strong><em> <\/em><\/strong>and <em>FYNN-ADRIAN RICHTER<\/em><\/td><\/tr><tr><td><\/td><td><strong><em>JULIA STEINMETZ<\/em><\/strong> (Berlin)<br>Dokumentierende Autographe. Handschriftliche Papierobjekte und ihr Einsatz f\u00fcr die Wissenschaftsgeschichte<br><br><strong><em>MARIE CZARNIKOW<\/em><\/strong> (Berlin)<br>Auf dem Weg zum Dokument des Weltkriegs. <em>Paper technologies<\/em> und Diaristik 1914\u20131918<\/td><\/tr><tr><td><em>16.30\u201316.45<\/em><\/td><td><em>Coffee break<\/em><\/td><\/tr><tr><td><\/td><td><strong><em>STEPHANIE MARX<\/em><\/strong> (Wien)<br>Literarische Dokumentwerdung. Joseph Roths <em>Die Flucht ohne Ende<\/em><br><br><strong><em>JUDITH NIEHAUS<\/em><\/strong> (Hamburg)<br>Dokument wird Kunst, Kunst wird Dokumentation. \u00dcber Katharina Kohls<br><em>Innere Sicherheit \u2013 Das Archiv<\/em> und die Dokumentwerdung im Schuber<\/td><\/tr><tr><td><em>17.45-18.00<\/em><\/td><td><em><em>Coffee break<\/em><\/em><\/td><\/tr><tr><td>18.00\u201319.15<\/td><td><strong>Keynote I | SPUREN: MATERIALISIERUNGEN T\u00dcRKISCH-DEUTSCHER LITERATURNETZWERKE IM RUHRGEBIET <\/strong><br>Conversation between <strong><em>NESRIN TAN\u00c7<\/em><\/strong> (Duisburg) and <em><strong>EVA BUSCH<\/strong><\/em> (Bochum)<br>Chairs: <em>VERA MADER<\/em> and <em>JULIA SCHADE<\/em><\/td><\/tr><tr><td><em>from 19.30<\/em><\/td><td><em>Buffet + Get-Together<\/em><\/td><\/tr><\/tbody><\/table><\/figure>\n\n\n\n<h3 class=\"has-light-green-cyan-color has-text-color wp-block-heading\">||| FRIDAY, 06.05.2022<\/h3>\n\n\n\n<figure class=\"wp-block-table\" style=\"font-size:16px\"><table><tbody><tr><td>10.00\u201311.30<\/td><td class=\"has-text-align-left\" data-align=\"left\"><strong>PANEL II | FABULATION<\/strong><br>Chair: <em>JULIA REICH<\/em><\/td><\/tr><tr><td><\/td><td class=\"has-text-align-left\" data-align=\"left\"><strong><em>SHIRIN WEIGELT <\/em><\/strong>(Weimar)<br>\u201eWhy don\u2019t they see what we see?\u201c Das <em>Simi Valley Trial<\/em> als medienanthropologische Szene<br><br><strong><em>LEON GABRIEL<\/em><\/strong> (Bochum)<br>Fabulationen aus der Krypta. Dokumentwerden, Zweifel und Entzug in den Arbeiten Walid Raads <br><br><strong><em>JOSEFINE HETTERICH<\/em><\/strong> (Frankfurt a. M.)<br>Queer Reproduction <em>[english]<\/em><\/td><\/tr><tr><td><em>11.30\u201312.00<\/em><\/td><td class=\"has-text-align-left\" data-align=\"left\"><em><em>Coffee break<\/em><\/em><\/td><\/tr><tr><td>12.00\u201313.30<\/td><td class=\"has-text-align-left\" data-align=\"left\"><strong>PANEL III | DOKUMENTARISCHE VERANTWORTUNG<\/strong><br>Chair: <em>MARION BIET<\/em><\/td><\/tr><tr><td><\/td><td class=\"has-text-align-left\" data-align=\"left\"><strong><em>SVENJA ENGELMANN-KEWITZ &amp; KIRSTEN J\u00dcDT<\/em><\/strong> (Dresden)<br>Landschaft als Dokument. Explorative Untersuchungen alternativer <br>Speichermedien der Gegenwart<br><br><strong><em>KATHARINA KROL<\/em><\/strong> (Bochum)<br>Dokumentarische Verantwortung. Marginalisierung und Sichtbarkeit am Beispiel der Untergrund-Community vom Bukarester Nordbahnhof <br><br><strong><em>MARTINA GIMPLINGER<\/em><\/strong> (Wien)<br>NICHT DOKUMENT WERDEN. Clara Fureys k\u00f6rperlich-sinnliches Nachsp\u00fcren in Anwesenheit eines metallenen <em>Fundst\u00fccks <\/em>von Heimrad B\u00e4cker<\/td><\/tr><tr><td><em>13.30\u201315.00<\/em><\/td><td class=\"has-text-align-left\" data-align=\"left\"><em>Lunch break<\/em><\/td><\/tr><tr><td>15.00\u201316.30<\/td><td class=\"has-text-align-left\" data-align=\"left\"><strong>PANEL IV | (ZUSAMMEN)ARBEIT<\/strong><br>Chair: <em>ANNA POLZE<\/em><\/td><\/tr><tr><td><\/td><td class=\"has-text-align-left\" data-align=\"left\"><strong><em>ANNA-SOPHIE PHILIPPI &amp; MAIKE SARAH REINERTH<\/em><\/strong> (Potsdam\/K\u00f6ln)<br>Videografische Arbeit als dokumentarische Praxis<br><br><strong><em>LISA-FREDERIKE SEIDLER<\/em><\/strong> (Berlin)<br>Protokolle der Theaterverlagsarbeit. Dokumente zwischen Coca-Cola und Marx<br><br><strong><em>LISA DEML<\/em><\/strong> (Birmingham)<br>The End of the Sky. Sensing the Frames of the Syrian Conflict<em> [english]<\/em><\/td><\/tr><tr><td><em>16.30\u201317.00<\/em><\/td><td class=\"has-text-align-left\" data-align=\"left\"><em>Coffee break<\/em><\/td><\/tr><tr><td>17.00\u201318.30<\/td><td class=\"has-text-align-left\" data-align=\"left\"><strong>KEYNOTE II | IN CORPORATION\/IN COOPERATION. PERSPEKTIVEN AUF ARBEIT UND DOKUMENTATION <\/strong><br>Conversation between <em><strong>C\u00c9LINE BERGER<\/strong><\/em> (K\u00f6ln) and<strong><em> SABETH BUCHMANN<\/em><\/strong> (Wien)<br>Chair: <em>THEODOR FRISORGER<\/em><\/td><\/tr><tr><td><em>ab 19.30<\/em><\/td><td class=\"has-text-align-left\" data-align=\"left\"><em>Conference Dinner<\/em><\/td><\/tr><\/tbody><\/table><\/figure>\n\n\n\n<h3 class=\"has-light-green-cyan-color has-text-color wp-block-heading\">||| SATURDAY, 07.05.2022<\/h3>\n\n\n\n<figure class=\"wp-block-table\" style=\"font-size:16px\"><table><tbody><tr><td>10.30\u201312.00<\/td><td><strong>KEYNOTE III | BILDDIAGRAMMATIK UND DIE DOKUMENTATION DER ZUKUNFT <\/strong><br>Conversation between <strong><em>KATIA SCHWERZMANN<\/em><\/strong> (Weimar) und <strong><em>CHRISTOPH ERNST<\/em><\/strong> (Bonn)<br>Chair:<em> JANA HECKTOR<\/em><\/td><\/tr><tr><td><em>12.00\u201313.30<\/em><\/td><td><em>Lunch break<\/em><\/td><\/tr><tr><td>13.30\u201315.00<\/td><td><strong>PANEL V: DIGITALES DOKUMENT<em>WERDEN<\/em><\/strong><br>Chair: <em>JANA HECKTOR<\/em><\/td><\/tr><tr><td><\/td><td><strong><em>BETTINA PAPENBURG<\/em><\/strong> (Freiburg)<br>Daten-Sehen. Dokument-Werden des Datenbildes<br><br><strong><em>DAVID RITTERSHAUS<\/em><\/strong> (Mainz)<br>Tanz wird Dokument. \u201eCommentary\u201c als gemeinschaftliche Praxis zwischen Archivierung, Ethnographie und Notation<br><br><strong><em>BENEDIKT MERKLE<\/em><\/strong> (Siegen)<br>Interpretation und Interpreter. Eine Fallstudie zu Flash-Archivierungsprojekten<\/td><\/tr><tr><td><em>15.00\u201315.15<\/em><\/td><td><em>Coffee break<\/em><\/td><\/tr><tr><td>15.15\u201316.15<\/td><td><strong>KEYNOTE IV | FOSSILE FACTISHES<\/strong><br>Presentation by <strong><em>ULRIKE BERGERMANN<\/em><\/strong> (Braunschweig) <br>with short responses by <em>VERA MADER<\/em>, <em>PHILIPP HOHMANN<\/em> and <em>MARION BIET<\/em><\/td><\/tr><\/tbody><\/table><\/figure>\n","protected":false},"excerpt":{"rendered":"<p>PROGRAMME ||| THURSDAY, 05.05.2022 from 14:00 Registration 15.00\u201315.30 BEGR\u00dcSSUNG UND THEMATISCHE EINF\u00dcHRUNG FRIEDRICH BALKE, OLIVER FAHLE, NOOR MERTENS, PHILIPP HOHMANN<\/p>\n","protected":false},"author":7,"featured_media":7913,"parent":6886,"menu_order":0,"comment_status":"closed","ping_status":"closed","template":"","meta":{"colormag_page_container_layout":"default_layout","colormag_page_sidebar_layout":"default_layout","_uag_custom_page_level_css":"","ngg_post_thumbnail":0,"footnotes":""},"class_list":["post-8009","page","type-page","status-publish","has-post-thumbnail","hentry"],"translation":{"provider":"WPGlobus","version":"3.0.2","language":"en","enabled_languages":["de","en"],"languages":{"de":{"title":true,"content":true,"excerpt":false},"en":{"title":true,"content":true,"excerpt":false}}},"yoast_head":"<!-- This site is optimized with the Yoast SEO plugin v27.6 - https:\/\/yoast.com\/product\/yoast-seo-wordpress\/ -->\n<title>Conference: DOKUMENTWERDEN | Programme - GRK Das Dokumentarische. Exzess und Entzug<\/title>\n<meta name=\"robots\" content=\"index, follow, max-snippet:-1, max-image-preview:large, max-video-preview:-1\" \/>\n<link rel=\"canonical\" href=\"https:\/\/das-dokumentarische.blogs.ruhr-uni-bochum.de\/dokumentwerden\/dokumentwerden-programm\/\" \/>\n<meta property=\"og:locale\" content=\"en_US\" \/>\n<meta property=\"og:type\" content=\"article\" \/>\n<meta property=\"og:title\" content=\"Conference: DOKUMENTWERDEN | Programme - GRK Das Dokumentarische. Exzess und Entzug\" \/>\n<meta property=\"og:url\" content=\"https:\/\/das-dokumentarische.blogs.ruhr-uni-bochum.de\/dokumentwerden\/dokumentwerden-programm\/\" \/>\n<meta property=\"og:site_name\" content=\"GRK Das Dokumentarische. Exzess und Entzug\" \/>\n<meta property=\"article:modified_time\" content=\"2022-04-29T20:41:00+00:00\" \/>\n<meta property=\"og:image\" content=\"https:\/\/das-dokumentarische.blogs.ruhr-uni-bochum.de\/wp-content\/uploads\/2022\/02\/dasdok_website_header_dokwerd_FIN-scaled.jpg\" \/>\n\t<meta property=\"og:image:width\" content=\"2560\" \/>\n\t<meta property=\"og:image:height\" content=\"1424\" \/>\n\t<meta property=\"og:image:type\" content=\"image\/jpeg\" \/>\n<meta name=\"twitter:card\" content=\"summary_large_image\" \/>\n<meta name=\"twitter:label1\" content=\"Est. reading time\" \/>\n\t<meta name=\"twitter:data1\" content=\"3 minutes\" \/>\n<script type=\"application\/ld+json\" class=\"yoast-schema-graph\">{\"@context\":\"https:\\\/\\\/schema.org\",\"@graph\":[{\"@type\":\"WebPage\",\"@id\":\"https:\\\/\\\/das-dokumentarische.blogs.ruhr-uni-bochum.de\\\/dokumentwerden\\\/dokumentwerden-programm\\\/\",\"url\":\"https:\\\/\\\/das-dokumentarische.blogs.ruhr-uni-bochum.de\\\/dokumentwerden\\\/dokumentwerden-programm\\\/\",\"name\":\"Conference: DOKUMENTWERDEN | Programme - GRK Das Dokumentarische. Exzess und Entzug\",\"isPartOf\":{\"@id\":\"https:\\\/\\\/das-dokumentarische.blogs.ruhr-uni-bochum.de\\\/en\\\/#website\"},\"primaryImageOfPage\":{\"@id\":\"https:\\\/\\\/das-dokumentarische.blogs.ruhr-uni-bochum.de\\\/dokumentwerden\\\/dokumentwerden-programm\\\/#primaryimage\"},\"image\":{\"@id\":\"https:\\\/\\\/das-dokumentarische.blogs.ruhr-uni-bochum.de\\\/dokumentwerden\\\/dokumentwerden-programm\\\/#primaryimage\"},\"thumbnailUrl\":\"https:\\\/\\\/das-dokumentarische.blogs.ruhr-uni-bochum.de\\\/wp-content\\\/uploads\\\/2022\\\/02\\\/dasdok_website_header_dokwerd_FIN-scaled.jpg\",\"datePublished\":\"2022-03-04T23:35:40+00:00\",\"dateModified\":\"2022-04-29T20:41:00+00:00\",\"breadcrumb\":{\"@id\":\"https:\\\/\\\/das-dokumentarische.blogs.ruhr-uni-bochum.de\\\/dokumentwerden\\\/dokumentwerden-programm\\\/#breadcrumb\"},\"inLanguage\":\"en-US\",\"potentialAction\":[{\"@type\":\"ReadAction\",\"target\":[\"https:\\\/\\\/das-dokumentarische.blogs.ruhr-uni-bochum.de\\\/dokumentwerden\\\/dokumentwerden-programm\\\/\"]}]},{\"@type\":\"ImageObject\",\"inLanguage\":\"en-US\",\"@id\":\"https:\\\/\\\/das-dokumentarische.blogs.ruhr-uni-bochum.de\\\/dokumentwerden\\\/dokumentwerden-programm\\\/#primaryimage\",\"url\":\"https:\\\/\\\/das-dokumentarische.blogs.ruhr-uni-bochum.de\\\/wp-content\\\/uploads\\\/2022\\\/02\\\/dasdok_website_header_dokwerd_FIN-scaled.jpg\",\"contentUrl\":\"https:\\\/\\\/das-dokumentarische.blogs.ruhr-uni-bochum.de\\\/wp-content\\\/uploads\\\/2022\\\/02\\\/dasdok_website_header_dokwerd_FIN-scaled.jpg\",\"width\":1920,\"height\":1068},{\"@type\":\"BreadcrumbList\",\"@id\":\"https:\\\/\\\/das-dokumentarische.blogs.ruhr-uni-bochum.de\\\/dokumentwerden\\\/dokumentwerden-programm\\\/#breadcrumb\",\"itemListElement\":[{\"@type\":\"ListItem\",\"position\":1,\"name\":\"Startseite\",\"item\":\"https:\\\/\\\/das-dokumentarische.blogs.ruhr-uni-bochum.de\\\/en\\\/\"},{\"@type\":\"ListItem\",\"position\":2,\"name\":\"Tagung: DOKUMENTWERDEN. Zeitlichkeit | Arbeit | Materialisierung\",\"item\":\"https:\\\/\\\/das-dokumentarische.blogs.ruhr-uni-bochum.de\\\/dokumentwerden\\\/\"},{\"@type\":\"ListItem\",\"position\":3,\"name\":\"Tagung: DOKUMENTWERDEN | Programm\"}]},{\"@type\":\"WebSite\",\"@id\":\"https:\\\/\\\/das-dokumentarische.blogs.ruhr-uni-bochum.de\\\/en\\\/#website\",\"url\":\"https:\\\/\\\/das-dokumentarische.blogs.ruhr-uni-bochum.de\\\/en\\\/\",\"name\":\"GRK Das Dokumentarische. Exzess und Entzug\",\"description\":\"\",\"potentialAction\":[{\"@type\":\"SearchAction\",\"target\":{\"@type\":\"EntryPoint\",\"urlTemplate\":\"https:\\\/\\\/das-dokumentarische.blogs.ruhr-uni-bochum.de\\\/en\\\/?s={search_term_string}\"},\"query-input\":{\"@type\":\"PropertyValueSpecification\",\"valueRequired\":true,\"valueName\":\"search_term_string\"}}],\"inLanguage\":\"en-US\"}]}<\/script>\n<!-- \/ Yoast SEO plugin. -->","yoast_head_json":{"title":"Conference: DOKUMENTWERDEN | Programme - GRK Das Dokumentarische. Exzess und Entzug","robots":{"index":"index","follow":"follow","max-snippet":"max-snippet:-1","max-image-preview":"max-image-preview:large","max-video-preview":"max-video-preview:-1"},"canonical":"https:\/\/das-dokumentarische.blogs.ruhr-uni-bochum.de\/dokumentwerden\/dokumentwerden-programm\/","og_locale":"en_US","og_type":"article","og_title":"Conference: DOKUMENTWERDEN | Programme - GRK Das Dokumentarische. Exzess und Entzug","og_url":"https:\/\/das-dokumentarische.blogs.ruhr-uni-bochum.de\/dokumentwerden\/dokumentwerden-programm\/","og_site_name":"GRK Das Dokumentarische. Exzess und Entzug","article_modified_time":"2022-04-29T20:41:00+00:00","og_image":[{"width":2560,"height":1424,"url":"https:\/\/das-dokumentarische.blogs.ruhr-uni-bochum.de\/wp-content\/uploads\/2022\/02\/dasdok_website_header_dokwerd_FIN-scaled.jpg","type":"image\/jpeg"}],"twitter_card":"summary_large_image","twitter_misc":{"Est. reading time":"3 minutes"},"schema":{"@context":"https:\/\/schema.org","@graph":[{"@type":"WebPage","@id":"https:\/\/das-dokumentarische.blogs.ruhr-uni-bochum.de\/dokumentwerden\/dokumentwerden-programm\/","url":"https:\/\/das-dokumentarische.blogs.ruhr-uni-bochum.de\/dokumentwerden\/dokumentwerden-programm\/","name":"Conference: DOKUMENTWERDEN | Programme - GRK Das Dokumentarische. Exzess und Entzug","isPartOf":{"@id":"https:\/\/das-dokumentarische.blogs.ruhr-uni-bochum.de\/en\/#website"},"primaryImageOfPage":{"@id":"https:\/\/das-dokumentarische.blogs.ruhr-uni-bochum.de\/dokumentwerden\/dokumentwerden-programm\/#primaryimage"},"image":{"@id":"https:\/\/das-dokumentarische.blogs.ruhr-uni-bochum.de\/dokumentwerden\/dokumentwerden-programm\/#primaryimage"},"thumbnailUrl":"https:\/\/das-dokumentarische.blogs.ruhr-uni-bochum.de\/wp-content\/uploads\/2022\/02\/dasdok_website_header_dokwerd_FIN-scaled.jpg","datePublished":"2022-03-04T23:35:40+00:00","dateModified":"2022-04-29T20:41:00+00:00","breadcrumb":{"@id":"https:\/\/das-dokumentarische.blogs.ruhr-uni-bochum.de\/dokumentwerden\/dokumentwerden-programm\/#breadcrumb"},"inLanguage":"en-US","potentialAction":[{"@type":"ReadAction","target":["https:\/\/das-dokumentarische.blogs.ruhr-uni-bochum.de\/dokumentwerden\/dokumentwerden-programm\/"]}]},{"@type":"ImageObject","inLanguage":"en-US","@id":"https:\/\/das-dokumentarische.blogs.ruhr-uni-bochum.de\/dokumentwerden\/dokumentwerden-programm\/#primaryimage","url":"https:\/\/das-dokumentarische.blogs.ruhr-uni-bochum.de\/wp-content\/uploads\/2022\/02\/dasdok_website_header_dokwerd_FIN-scaled.jpg","contentUrl":"https:\/\/das-dokumentarische.blogs.ruhr-uni-bochum.de\/wp-content\/uploads\/2022\/02\/dasdok_website_header_dokwerd_FIN-scaled.jpg","width":1920,"height":1068},{"@type":"BreadcrumbList","@id":"https:\/\/das-dokumentarische.blogs.ruhr-uni-bochum.de\/dokumentwerden\/dokumentwerden-programm\/#breadcrumb","itemListElement":[{"@type":"ListItem","position":1,"name":"Startseite","item":"https:\/\/das-dokumentarische.blogs.ruhr-uni-bochum.de\/en\/"},{"@type":"ListItem","position":2,"name":"Tagung: DOKUMENTWERDEN. Zeitlichkeit | Arbeit | Materialisierung","item":"https:\/\/das-dokumentarische.blogs.ruhr-uni-bochum.de\/dokumentwerden\/"},{"@type":"ListItem","position":3,"name":"Tagung: DOKUMENTWERDEN | Programm"}]},{"@type":"WebSite","@id":"https:\/\/das-dokumentarische.blogs.ruhr-uni-bochum.de\/en\/#website","url":"https:\/\/das-dokumentarische.blogs.ruhr-uni-bochum.de\/en\/","name":"GRK Das Dokumentarische. Exzess und Entzug","description":"","potentialAction":[{"@type":"SearchAction","target":{"@type":"EntryPoint","urlTemplate":"https:\/\/das-dokumentarische.blogs.ruhr-uni-bochum.de\/en\/?s={search_term_string}"},"query-input":{"@type":"PropertyValueSpecification","valueRequired":true,"valueName":"search_term_string"}}],"inLanguage":"en-US"}]}},"uagb_featured_image_src":{"full":["https:\/\/das-dokumentarische.blogs.ruhr-uni-bochum.de\/wp-content\/uploads\/2022\/02\/dasdok_website_header_dokwerd_FIN-scaled.jpg",1920,1068,false],"thumbnail":["https:\/\/das-dokumentarische.blogs.ruhr-uni-bochum.de\/wp-content\/uploads\/2022\/02\/dasdok_website_header_dokwerd_FIN-150x150.jpg",150,150,true],"medium":["https:\/\/das-dokumentarische.blogs.ruhr-uni-bochum.de\/wp-content\/uploads\/2022\/02\/dasdok_website_header_dokwerd_FIN-300x167.jpg",300,167,true],"medium_large":["https:\/\/das-dokumentarische.blogs.ruhr-uni-bochum.de\/wp-content\/uploads\/2022\/02\/dasdok_website_header_dokwerd_FIN-768x427.jpg",768,427,true],"large":["https:\/\/das-dokumentarische.blogs.ruhr-uni-bochum.de\/wp-content\/uploads\/2022\/02\/dasdok_website_header_dokwerd_FIN-700x389.jpg",700,389,true],"1536x1536":["https:\/\/das-dokumentarische.blogs.ruhr-uni-bochum.de\/wp-content\/uploads\/2022\/02\/dasdok_website_header_dokwerd_FIN-1536x854.jpg",1536,854,true],"2048x2048":["https:\/\/das-dokumentarische.blogs.ruhr-uni-bochum.de\/wp-content\/uploads\/2022\/02\/dasdok_website_header_dokwerd_FIN-2048x1139.jpg",2048,1139,true],"ultp_layout_landscape_large":["https:\/\/das-dokumentarische.blogs.ruhr-uni-bochum.de\/wp-content\/uploads\/2022\/02\/dasdok_website_header_dokwerd_FIN-1200x800.jpg",1200,800,true],"ultp_layout_landscape":["https:\/\/das-dokumentarische.blogs.ruhr-uni-bochum.de\/wp-content\/uploads\/2022\/02\/dasdok_website_header_dokwerd_FIN-870x570.jpg",870,570,true],"ultp_layout_portrait":["https:\/\/das-dokumentarische.blogs.ruhr-uni-bochum.de\/wp-content\/uploads\/2022\/02\/dasdok_website_header_dokwerd_FIN-600x900.jpg",600,900,true],"ultp_layout_square":["https:\/\/das-dokumentarische.blogs.ruhr-uni-bochum.de\/wp-content\/uploads\/2022\/02\/dasdok_website_header_dokwerd_FIN-600x600.jpg",600,600,true],"colormag-highlighted-post":["https:\/\/das-dokumentarische.blogs.ruhr-uni-bochum.de\/wp-content\/uploads\/2022\/02\/dasdok_website_header_dokwerd_FIN-392x272.jpg",392,272,true],"colormag-featured-post-medium":["https:\/\/das-dokumentarische.blogs.ruhr-uni-bochum.de\/wp-content\/uploads\/2022\/02\/dasdok_website_header_dokwerd_FIN-390x205.jpg",390,205,true],"colormag-featured-post-small":["https:\/\/das-dokumentarische.blogs.ruhr-uni-bochum.de\/wp-content\/uploads\/2022\/02\/dasdok_website_header_dokwerd_FIN-130x90.jpg",130,90,true],"colormag-featured-image":["https:\/\/das-dokumentarische.blogs.ruhr-uni-bochum.de\/wp-content\/uploads\/2022\/02\/dasdok_website_header_dokwerd_FIN-800x445.jpg",800,445,true],"colormag-default-news":["https:\/\/das-dokumentarische.blogs.ruhr-uni-bochum.de\/wp-content\/uploads\/2022\/02\/dasdok_website_header_dokwerd_FIN-scaled.jpg",150,83,false],"colormag-featured-image-large":["https:\/\/das-dokumentarische.blogs.ruhr-uni-bochum.de\/wp-content\/uploads\/2022\/02\/dasdok_website_header_dokwerd_FIN-scaled.jpg",1079,600,false]},"uagb_author_info":{"display_name":"das-dokumentarische","author_link":"https:\/\/das-dokumentarische.blogs.ruhr-uni-bochum.de\/en\/author\/dasdoxs6\/"},"uagb_comment_info":0,"uagb_excerpt":"PROGRAMME ||| THURSDAY, 05.05.2022 from 14:00 Registration 15.00\u201315.30 BEGR\u00dcSSUNG UND THEMATISCHE EINF\u00dcHRUNG FRIEDRICH BALKE, OLIVER FAHLE, NOOR MERTENS, PHILIPP HOHMANN","_links":{"self":[{"href":"https:\/\/das-dokumentarische.blogs.ruhr-uni-bochum.de\/en\/wp-json\/wp\/v2\/pages\/8009","targetHints":{"allow":["GET"]}}],"collection":[{"href":"https:\/\/das-dokumentarische.blogs.ruhr-uni-bochum.de\/en\/wp-json\/wp\/v2\/pages"}],"about":[{"href":"https:\/\/das-dokumentarische.blogs.ruhr-uni-bochum.de\/en\/wp-json\/wp\/v2\/types\/page"}],"author":[{"embeddable":true,"href":"https:\/\/das-dokumentarische.blogs.ruhr-uni-bochum.de\/en\/wp-json\/wp\/v2\/users\/7"}],"replies":[{"embeddable":true,"href":"https:\/\/das-dokumentarische.blogs.ruhr-uni-bochum.de\/en\/wp-json\/wp\/v2\/comments?post=8009"}],"version-history":[{"count":53,"href":"https:\/\/das-dokumentarische.blogs.ruhr-uni-bochum.de\/en\/wp-json\/wp\/v2\/pages\/8009\/revisions"}],"predecessor-version":[{"id":8433,"href":"https:\/\/das-dokumentarische.blogs.ruhr-uni-bochum.de\/en\/wp-json\/wp\/v2\/pages\/8009\/revisions\/8433"}],"up":[{"embeddable":true,"href":"https:\/\/das-dokumentarische.blogs.ruhr-uni-bochum.de\/en\/wp-json\/wp\/v2\/pages\/6886"}],"wp:featuredmedia":[{"embeddable":true,"href":"https:\/\/das-dokumentarische.blogs.ruhr-uni-bochum.de\/en\/wp-json\/wp\/v2\/media\/7913"}],"wp:attachment":[{"href":"https:\/\/das-dokumentarische.blogs.ruhr-uni-bochum.de\/en\/wp-json\/wp\/v2\/media?parent=8009"}],"curies":[{"name":"wp","href":"https:\/\/api.w.org\/{rel}","templated":true}]}}