{"id":750,"date":"2017-02-05T16:55:43","date_gmt":"2017-02-05T15:55:43","guid":{"rendered":"https:\/\/das-dokumentarische.blogs.ruhr-uni-bochum.de\/?page_id=750"},"modified":"2021-01-12T13:40:39","modified_gmt":"2021-01-12T12:40:39","slug":"maren-haffke","status":"publish","type":"page","link":"https:\/\/das-dokumentarische.blogs.ruhr-uni-bochum.de\/en\/kollegiat_innen\/maren-haffke\/","title":{"rendered":"Maren Haffke, Dr. des."},"content":{"rendered":"<h4><a href=\"https:\/\/das-dokumentarische.blogs.ruhr-uni-bochum.de\/wp-content\/uploads\/2017\/05\/Haffke_Maren.jpg\"><img loading=\"lazy\" decoding=\"async\" class=\"alignleft size-full wp-image-1151\" src=\"https:\/\/das-dokumentarische.blogs.ruhr-uni-bochum.de\/wp-content\/uploads\/2017\/05\/Haffke_Maren.jpg\" alt=\"\" width=\"200\" height=\"200\" srcset=\"https:\/\/das-dokumentarische.blogs.ruhr-uni-bochum.de\/wp-content\/uploads\/2017\/05\/Haffke_Maren.jpg 500w, https:\/\/das-dokumentarische.blogs.ruhr-uni-bochum.de\/wp-content\/uploads\/2017\/05\/Haffke_Maren-150x150.jpg 150w, https:\/\/das-dokumentarische.blogs.ruhr-uni-bochum.de\/wp-content\/uploads\/2017\/05\/Haffke_Maren-300x300.jpg 300w\" sizes=\"auto, (max-width: 200px) 100vw, 200px\" \/><\/a><\/h4>\n<p>Universit\u00e4tsstr. 105<br \/>\n44780 Bochum<br \/>\nRoom:&nbsp;UNI 105, 3\/29<\/p>\n<p>Phone: +49 (0) 234\/32-27046<br \/>\nE-Mail: maren.haffke@rub.de<\/p>\n<p><br class=\"clear\"><br class=\"clear\"><\/p>\n<hr>\n<h3><strong><u>Title of the Postdoc-Project<\/u><\/strong><\/h3>\n<p><em>The Reality of Field Recordings: Excess and Reserve of Acoustic Realisms in Media Studies and Sound Studies<\/em><\/p>\n<hr>\n<h3><strong><u>Project Description<\/u><\/strong><\/h3>\n<p>Recently, there seems to be a growing interest in field recording in contemporary music. Several labels have been releasing recordings of environmental sound in the context of musical publication structures. These activities are linked to a history of sampling techniques and instrumental utilization of recording media that, by way of the avant-garde movements and popular music of the 20th century, can be traced all the way back to <em>musique concr\u00e8te<\/em>. The new love for recording in the field \u2013 which is to say, outside of studios \u2013 is, in part, directly related to the historically unprecedented availability of affordable mobile recording technologies. Smartphones are not only equipped with cameras and mp3-players, they also come with microphones and support digital audio-recording-software. This creates possibilities for recording in the open that have been embraced both by laymen and professional musicians. The musical strategies that are applied by these musicians reveal complex approaches to the production and processing of found audio. Both the praxis of audio-recording and the archival storage of environmental sounds possess connections not only to musical contexts, but also to ethnographic studies, film sound design, bioacoustics, and the avant-gardes of the visual and performing arts. At the same time, we can observe a slight movement in the theory of sounds. Several recent publications in sound studies have introduced theories that attribute to the mediality of sound recordings a specific potential for registering material realities that go beyond anthropocentric subjectivation. These new materialisms and realisms often operate with a notion of acoustic environmentality. Starting from a media-archeological perspective, my project approaches field recordings and the history of acoustic ecologies by focusing on epistemological and material negotiations that organize the exchanges of musicology and media studies in the light of new realisms.<\/p>\n<hr>\n<h3><strong><u>Scholarly Career<\/u><\/strong><\/h3>\n<ul>\n<li>Since 01\/2017 | Postdoc at the DFG-graduate school \u201cDocumentary Practices. Excess and Privation\u201d, Ruhr-University Bochum<\/li>\n<li>08\/2016 | Submission of the dissertation \u201eDie Frage der Tasteninstrumente. Musikalische Medien und der Mangel des Symbolischen bei Friedrich Kittler und Wolfgang Scherer &#8211; Versuch einer Arch\u00e4ologie der Medienarch\u00e4ologie\u201c<\/li>\n<li>Since 04\/2016 | Research associate at the Instutute of Media Studies, Ruhr-University Bochum<\/li>\n<li>02\/2012 to 03\/2016 | Ph. D. student and scholarship holder at the Mercator Research Group \u201eSpaces of Anthropological Knowledge\u201c, Ruhr-University Bochum<\/li>\n<li>10\/2004 to 07\/2010 | Study of Musicology, Media Studies and Psychology at the Rheinischen Friedrich-Wilhelms-University of Bonn: Academic degree Magistra Artium<\/li>\n<\/ul>\n<hr>\n<h3><strong><u>Publications<\/u><\/strong><\/h3>\n<ul>\n<li>\u201eWas wei\u00df Musik \u00fcber Medien? Medienarch\u00e4ologie, Akustik und musikalisches&nbsp; Wissen im Anschluss an Friedrich Kittler\u201c. In: Schl\u00fcter, Bettina\/Volmar, Axel (Eds.). <em>Von akustischen Medien zur auditiven Kultur.<\/em> Navigationen 2 (2015). Siegen&nbsp; 2015.<\/li>\n<li>\u201eSpielt Charlie Parker in den Wind oder mit ihm? Bemerkungen zu Friedrich Kittlers Verst\u00e4ndnis von Jazz und Literatur\u201c. In: Balke, Friedrich\/Siegert, Bernhard\/Vogl, Joseph (Eds.).&nbsp; <em>Mediengeschichte nach Kittler<\/em> (Archiv f\u00fcr Mediengeschichte). M\u00fcnchen 2013.<\/li>\n<\/ul>\n<hr>\n<h3><strong><u>Talks<br \/>\n<\/u><\/strong><\/h3>\n<ul>\n<li>10\/2015 | <em>Von Rauschen und Silbensalat. Musikalische Medialit\u00e4t in Kittlers Aufschreibesysteme 1800-1900.<\/em> Talk at the conference \u201e<a href=\"http:\/\/www.medienkulturwissenschaft-bonn.de\/aufschreibesysteme\/\" target=\"_blank\" rel=\"noopener noreferrer\">Aufschreibesysteme 1985-2015<\/a>\u201c, 11.12.2015, Rheinische Friedrich-Wilhelms University of Bonn<\/li>\n<li>02\/2015 | <em>Das Reelle und Medien akustischer T\u00e4uschung bei Friedrich Kittler. <\/em>Talk at the conference \u201eTreueschw\u00fcre und Realit\u00e4tsverlust\u201c, 2. Jahrestagung AG Auditive Kultur und Sound Studies der Gesellschaft f\u00fcr Medienwissenschaft, 19.-20. Februar 2015, Leuphana University of L\u00fcneburg<\/li>\n<li>09\/2014 | <em>Between Rausch and Rauschen: Sound and Music in German Materialist Media Archeology.<\/em> Given on <a href=\"https:\/\/www.thegsa.org\/conference\/documents\/GSA_program_14.pdf\" target=\"_blank\" rel=\"noopener noreferrer\">the 38th Annual Conference of the German Studies Association<\/a>, September 18.-21. 2014, Kansas City, Missouri, USA<\/li>\n<li>01\/2014&nbsp; | <em>The Sound of Order \/ The Order of Sound \u2013 Transformationen musikaischer Ordnung am Beginn der Moderne.<\/em> Given on the conference \u201eVon akustischen Medien zur Auditiven Kultur\u201c, 1. Jahrestagung der AG Auditive Kultur und Sound Studies der Gesellschaft f\u00fcr Medienwissenschaft, 30.01.-01.02.2014, Rheinische Friedrich-Wilhelms University of Bonn<\/li>\n<\/ul>\n<hr>\n<h3><strong><u>University Courses<\/u><\/strong><\/h3>\n<ul>\n<li>Winter term 2016\/2017 | Archeology of Sound Studies<\/li>\n<li>Summer term 2016 | Kittlersound \u2013 Music and Media archeology<\/li>\n<\/ul>\n<hr>\n<h3><strong><u>Miscellaneous<\/u><\/strong><\/h3>\n<ul>\n<li>Member of \u201c<span class=\"link-external\"><a class=\"external-link\" href=\"http:\/\/www.gfmedienwissenschaft.de\" target=\"_blank\" rel=\"noopener noreferrer\">Gesellschaft f\u00fcr Medienwissenschaft (GfM)<\/a>\u201d<\/span>\n<ul>\n<li><span class=\"link-external\">Working group on Auditive Media and Sound Studies<\/span><\/li>\n<\/ul>\n<\/li>\n<\/ul>\n<hr>\n<p><em>&nbsp;<\/em><\/p>\n<p><em>&nbsp;<\/em><\/p>\n<p><em>&nbsp;<\/em><\/p>\n","protected":false},"excerpt":{"rendered":"<p>Universit\u00e4tsstr. 105 44780 Bochum Room:&nbsp;UNI 105, 3\/29 Phone: +49 (0) 234\/32-27046 E-Mail: maren.haffke@rub.de Title of the Postdoc-Project The Reality of<\/p>\n","protected":false},"author":7,"featured_media":0,"parent":366,"menu_order":0,"comment_status":"closed","ping_status":"closed","template":"","meta":{"colormag_page_container_layout":"default_layout","colormag_page_sidebar_layout":"default_layout","_uag_custom_page_level_css":"","ngg_post_thumbnail":0,"footnotes":""},"class_list":["post-750","page","type-page","status-publish","hentry"],"translation":{"provider":"WPGlobus","version":"3.0.2","language":"en","enabled_languages":["de","en"],"languages":{"de":{"title":true,"content":true,"excerpt":false},"en":{"title":true,"content":true,"excerpt":false}}},"yoast_head":"<!-- This site is optimized with the Yoast SEO plugin v27.4 - https:\/\/yoast.com\/product\/yoast-seo-wordpress\/ -->\n<title>Maren Haffke, Dr. des. - GRK Das Dokumentarische. Exzess und Entzug<\/title>\n<meta name=\"robots\" content=\"index, follow, max-snippet:-1, max-image-preview:large, max-video-preview:-1\" \/>\n<link rel=\"canonical\" href=\"https:\/\/das-dokumentarische.blogs.ruhr-uni-bochum.de\/kollegiat_innen\/maren-haffke\/\" \/>\n<meta property=\"og:locale\" content=\"en_US\" \/>\n<meta property=\"og:type\" content=\"article\" \/>\n<meta property=\"og:title\" content=\"Maren Haffke, Dr. des. - GRK Das Dokumentarische. Exzess und Entzug\" \/>\n<meta property=\"og:url\" content=\"https:\/\/das-dokumentarische.blogs.ruhr-uni-bochum.de\/kollegiat_innen\/maren-haffke\/\" \/>\n<meta property=\"og:site_name\" content=\"GRK Das Dokumentarische. Exzess und Entzug\" \/>\n<meta property=\"article:modified_time\" content=\"2021-01-12T12:40:39+00:00\" \/>\n<meta property=\"og:image\" content=\"https:\/\/das-dokumentarische.blogs.ruhr-uni-bochum.de\/wp-content\/uploads\/2017\/05\/Haffke_Maren.jpg\" \/>\n<meta name=\"twitter:card\" content=\"summary_large_image\" \/>\n<meta name=\"twitter:label1\" content=\"Est. reading time\" \/>\n\t<meta name=\"twitter:data1\" content=\"6 minutes\" \/>\n<script type=\"application\/ld+json\" class=\"yoast-schema-graph\">{\"@context\":\"https:\\\/\\\/schema.org\",\"@graph\":[{\"@type\":\"WebPage\",\"@id\":\"https:\\\/\\\/das-dokumentarische.blogs.ruhr-uni-bochum.de\\\/kollegiat_innen\\\/maren-haffke\\\/\",\"url\":\"https:\\\/\\\/das-dokumentarische.blogs.ruhr-uni-bochum.de\\\/kollegiat_innen\\\/maren-haffke\\\/\",\"name\":\"Maren Haffke, Dr. des. - GRK Das Dokumentarische. Exzess und Entzug\",\"isPartOf\":{\"@id\":\"https:\\\/\\\/das-dokumentarische.blogs.ruhr-uni-bochum.de\\\/en\\\/#website\"},\"primaryImageOfPage\":{\"@id\":\"https:\\\/\\\/das-dokumentarische.blogs.ruhr-uni-bochum.de\\\/kollegiat_innen\\\/maren-haffke\\\/#primaryimage\"},\"image\":{\"@id\":\"https:\\\/\\\/das-dokumentarische.blogs.ruhr-uni-bochum.de\\\/kollegiat_innen\\\/maren-haffke\\\/#primaryimage\"},\"thumbnailUrl\":\"https:\\\/\\\/das-dokumentarische.blogs.ruhr-uni-bochum.de\\\/wp-content\\\/uploads\\\/2017\\\/05\\\/Haffke_Maren.jpg\",\"datePublished\":\"2017-02-05T15:55:43+00:00\",\"dateModified\":\"2021-01-12T12:40:39+00:00\",\"breadcrumb\":{\"@id\":\"https:\\\/\\\/das-dokumentarische.blogs.ruhr-uni-bochum.de\\\/kollegiat_innen\\\/maren-haffke\\\/#breadcrumb\"},\"inLanguage\":\"en-US\",\"potentialAction\":[{\"@type\":\"ReadAction\",\"target\":[\"https:\\\/\\\/das-dokumentarische.blogs.ruhr-uni-bochum.de\\\/kollegiat_innen\\\/maren-haffke\\\/\"]}]},{\"@type\":\"ImageObject\",\"inLanguage\":\"en-US\",\"@id\":\"https:\\\/\\\/das-dokumentarische.blogs.ruhr-uni-bochum.de\\\/kollegiat_innen\\\/maren-haffke\\\/#primaryimage\",\"url\":\"https:\\\/\\\/das-dokumentarische.blogs.ruhr-uni-bochum.de\\\/wp-content\\\/uploads\\\/2017\\\/05\\\/Haffke_Maren.jpg\",\"contentUrl\":\"https:\\\/\\\/das-dokumentarische.blogs.ruhr-uni-bochum.de\\\/wp-content\\\/uploads\\\/2017\\\/05\\\/Haffke_Maren.jpg\"},{\"@type\":\"BreadcrumbList\",\"@id\":\"https:\\\/\\\/das-dokumentarische.blogs.ruhr-uni-bochum.de\\\/kollegiat_innen\\\/maren-haffke\\\/#breadcrumb\",\"itemListElement\":[{\"@type\":\"ListItem\",\"position\":1,\"name\":\"Startseite\",\"item\":\"https:\\\/\\\/das-dokumentarische.blogs.ruhr-uni-bochum.de\\\/en\\\/\"},{\"@type\":\"ListItem\",\"position\":2,\"name\":\"Kollegiat_innen\",\"item\":\"https:\\\/\\\/das-dokumentarische.blogs.ruhr-uni-bochum.de\\\/kollegiat_innen\\\/\"},{\"@type\":\"ListItem\",\"position\":3,\"name\":\"Maren Haffke, Dr. des.\"}]},{\"@type\":\"WebSite\",\"@id\":\"https:\\\/\\\/das-dokumentarische.blogs.ruhr-uni-bochum.de\\\/en\\\/#website\",\"url\":\"https:\\\/\\\/das-dokumentarische.blogs.ruhr-uni-bochum.de\\\/en\\\/\",\"name\":\"GRK Das Dokumentarische. Exzess und Entzug\",\"description\":\"\",\"potentialAction\":[{\"@type\":\"SearchAction\",\"target\":{\"@type\":\"EntryPoint\",\"urlTemplate\":\"https:\\\/\\\/das-dokumentarische.blogs.ruhr-uni-bochum.de\\\/en\\\/?s={search_term_string}\"},\"query-input\":{\"@type\":\"PropertyValueSpecification\",\"valueRequired\":true,\"valueName\":\"search_term_string\"}}],\"inLanguage\":\"en-US\"}]}<\/script>\n<!-- \/ Yoast SEO plugin. -->","yoast_head_json":{"title":"Maren Haffke, Dr. des. - GRK Das Dokumentarische. Exzess und Entzug","robots":{"index":"index","follow":"follow","max-snippet":"max-snippet:-1","max-image-preview":"max-image-preview:large","max-video-preview":"max-video-preview:-1"},"canonical":"https:\/\/das-dokumentarische.blogs.ruhr-uni-bochum.de\/kollegiat_innen\/maren-haffke\/","og_locale":"en_US","og_type":"article","og_title":"Maren Haffke, Dr. des. - GRK Das Dokumentarische. Exzess und Entzug","og_url":"https:\/\/das-dokumentarische.blogs.ruhr-uni-bochum.de\/kollegiat_innen\/maren-haffke\/","og_site_name":"GRK Das Dokumentarische. Exzess und Entzug","article_modified_time":"2021-01-12T12:40:39+00:00","og_image":[{"url":"https:\/\/das-dokumentarische.blogs.ruhr-uni-bochum.de\/wp-content\/uploads\/2017\/05\/Haffke_Maren.jpg","type":"","width":"","height":""}],"twitter_card":"summary_large_image","twitter_misc":{"Est. reading time":"6 minutes"},"schema":{"@context":"https:\/\/schema.org","@graph":[{"@type":"WebPage","@id":"https:\/\/das-dokumentarische.blogs.ruhr-uni-bochum.de\/kollegiat_innen\/maren-haffke\/","url":"https:\/\/das-dokumentarische.blogs.ruhr-uni-bochum.de\/kollegiat_innen\/maren-haffke\/","name":"Maren Haffke, Dr. des. - GRK Das Dokumentarische. Exzess und Entzug","isPartOf":{"@id":"https:\/\/das-dokumentarische.blogs.ruhr-uni-bochum.de\/en\/#website"},"primaryImageOfPage":{"@id":"https:\/\/das-dokumentarische.blogs.ruhr-uni-bochum.de\/kollegiat_innen\/maren-haffke\/#primaryimage"},"image":{"@id":"https:\/\/das-dokumentarische.blogs.ruhr-uni-bochum.de\/kollegiat_innen\/maren-haffke\/#primaryimage"},"thumbnailUrl":"https:\/\/das-dokumentarische.blogs.ruhr-uni-bochum.de\/wp-content\/uploads\/2017\/05\/Haffke_Maren.jpg","datePublished":"2017-02-05T15:55:43+00:00","dateModified":"2021-01-12T12:40:39+00:00","breadcrumb":{"@id":"https:\/\/das-dokumentarische.blogs.ruhr-uni-bochum.de\/kollegiat_innen\/maren-haffke\/#breadcrumb"},"inLanguage":"en-US","potentialAction":[{"@type":"ReadAction","target":["https:\/\/das-dokumentarische.blogs.ruhr-uni-bochum.de\/kollegiat_innen\/maren-haffke\/"]}]},{"@type":"ImageObject","inLanguage":"en-US","@id":"https:\/\/das-dokumentarische.blogs.ruhr-uni-bochum.de\/kollegiat_innen\/maren-haffke\/#primaryimage","url":"https:\/\/das-dokumentarische.blogs.ruhr-uni-bochum.de\/wp-content\/uploads\/2017\/05\/Haffke_Maren.jpg","contentUrl":"https:\/\/das-dokumentarische.blogs.ruhr-uni-bochum.de\/wp-content\/uploads\/2017\/05\/Haffke_Maren.jpg"},{"@type":"BreadcrumbList","@id":"https:\/\/das-dokumentarische.blogs.ruhr-uni-bochum.de\/kollegiat_innen\/maren-haffke\/#breadcrumb","itemListElement":[{"@type":"ListItem","position":1,"name":"Startseite","item":"https:\/\/das-dokumentarische.blogs.ruhr-uni-bochum.de\/en\/"},{"@type":"ListItem","position":2,"name":"Kollegiat_innen","item":"https:\/\/das-dokumentarische.blogs.ruhr-uni-bochum.de\/kollegiat_innen\/"},{"@type":"ListItem","position":3,"name":"Maren Haffke, Dr. des."}]},{"@type":"WebSite","@id":"https:\/\/das-dokumentarische.blogs.ruhr-uni-bochum.de\/en\/#website","url":"https:\/\/das-dokumentarische.blogs.ruhr-uni-bochum.de\/en\/","name":"GRK Das Dokumentarische. Exzess und Entzug","description":"","potentialAction":[{"@type":"SearchAction","target":{"@type":"EntryPoint","urlTemplate":"https:\/\/das-dokumentarische.blogs.ruhr-uni-bochum.de\/en\/?s={search_term_string}"},"query-input":{"@type":"PropertyValueSpecification","valueRequired":true,"valueName":"search_term_string"}}],"inLanguage":"en-US"}]}},"uagb_featured_image_src":{"full":false,"thumbnail":false,"medium":false,"medium_large":false,"large":false,"1536x1536":false,"2048x2048":false,"ultp_layout_landscape_large":false,"ultp_layout_landscape":false,"ultp_layout_portrait":false,"ultp_layout_square":false,"colormag-highlighted-post":false,"colormag-featured-post-medium":false,"colormag-featured-post-small":false,"colormag-featured-image":false,"colormag-default-news":false,"colormag-featured-image-large":false},"uagb_author_info":{"display_name":"das-dokumentarische","author_link":"https:\/\/das-dokumentarische.blogs.ruhr-uni-bochum.de\/en\/author\/dasdoxs6\/"},"uagb_comment_info":0,"uagb_excerpt":"Universit\u00e4tsstr. 105 44780 Bochum Room:&nbsp;UNI 105, 3\/29 Phone: +49 (0) 234\/32-27046 E-Mail: maren.haffke@rub.de Title of the Postdoc-Project The Reality of","_links":{"self":[{"href":"https:\/\/das-dokumentarische.blogs.ruhr-uni-bochum.de\/en\/wp-json\/wp\/v2\/pages\/750","targetHints":{"allow":["GET"]}}],"collection":[{"href":"https:\/\/das-dokumentarische.blogs.ruhr-uni-bochum.de\/en\/wp-json\/wp\/v2\/pages"}],"about":[{"href":"https:\/\/das-dokumentarische.blogs.ruhr-uni-bochum.de\/en\/wp-json\/wp\/v2\/types\/page"}],"author":[{"embeddable":true,"href":"https:\/\/das-dokumentarische.blogs.ruhr-uni-bochum.de\/en\/wp-json\/wp\/v2\/users\/7"}],"replies":[{"embeddable":true,"href":"https:\/\/das-dokumentarische.blogs.ruhr-uni-bochum.de\/en\/wp-json\/wp\/v2\/comments?post=750"}],"version-history":[{"count":31,"href":"https:\/\/das-dokumentarische.blogs.ruhr-uni-bochum.de\/en\/wp-json\/wp\/v2\/pages\/750\/revisions"}],"predecessor-version":[{"id":6195,"href":"https:\/\/das-dokumentarische.blogs.ruhr-uni-bochum.de\/en\/wp-json\/wp\/v2\/pages\/750\/revisions\/6195"}],"up":[{"embeddable":true,"href":"https:\/\/das-dokumentarische.blogs.ruhr-uni-bochum.de\/en\/wp-json\/wp\/v2\/pages\/366"}],"wp:attachment":[{"href":"https:\/\/das-dokumentarische.blogs.ruhr-uni-bochum.de\/en\/wp-json\/wp\/v2\/media?parent=750"}],"curies":[{"name":"wp","href":"https:\/\/api.w.org\/{rel}","templated":true}]}}