{"id":4336,"date":"2019-10-16T20:18:42","date_gmt":"2019-10-16T18:18:42","guid":{"rendered":"https:\/\/das-dokumentarische.blogs.ruhr-uni-bochum.de\/?page_id=4336"},"modified":"2020-07-06T12:02:33","modified_gmt":"2020-07-06T10:02:33","slug":"tilman-richter","status":"publish","type":"page","link":"https:\/\/das-dokumentarische.blogs.ruhr-uni-bochum.de\/en\/kollegiat_innen\/tilman-richter\/","title":{"rendered":"Tilman Richter, M.A."},"content":{"rendered":"<h4><img loading=\"lazy\" decoding=\"async\" class=\"alignleft\" src=\"https:\/\/das-dokumentarische.blogs.ruhr-uni-bochum.de\/wp-content\/uploads\/2020\/05\/richter_t_10-fin.jpg\" width=\"170\" height=\"170\"><\/h4>\n<p>Universit\u00e4tsstr.&nbsp;105<br \/>\n44789 Bochum<br \/>\nRoom: UNI 105, 3\/25<\/p>\n<p>Phone: +49 (0) 234\/32-27296<br \/>\nE-Mail: tilman.richter@ruhr-uni-bochum.de<\/p>\n<p>&nbsp;<\/p>\n<hr>\n<h3><strong><u>Title of the Dissertation<\/u><\/strong><\/h3>\n<p><span lang=\"DE\">Unterschreiben. Zur Signatur von Individualit\u00e4t in der Moderne<\/span><span lang=\"DE\">.&nbsp;<\/span>(working title)<\/p>\n<hr>\n<h3><strong><u>Project Description<\/u><\/strong><\/h3>\n<p>It not only in the legal context that a signature turns documents into records. A signature concludes finalises a document and declares its form valid. It executes authorisation. It is an act demanding from signatories their guarantee. By way of their personal, embodied unmistakeability they commit themselves to that which they have signed, which thereby takes on not only their material presence, but also their will and their capacity for authorisation. A signature thus remains as a trace, the act of signing as a practice situated at the intersection between media and individuality. The signing subject does not precede the signature, the act of signing transforms both object and subject alike. In this regard, every signature is an act of inscribing oneself (in something).<\/p>\n<p>At the cross-over point of textual legal and bureaucratic orders, discourses and practices of education and media, the practice of signing serves as an example of how cultural techniques influence the inclusion of each individual in the social order of modernity. Those who can and may provide their signature possess sovereign power, their own will to document and validate, but also submit to the obligation to identify themselves, to bind their identity to documents, render themselves traceable and shape their person into a timeless, consistent unity.<\/p>\n<p>&nbsp;This doctoral thesis examines a variety of materials \u2013 bureaucratic regulations, literary descriptions, filmic and photographic portrayals and studies in the humanities in order to trace the establishment and historical transformation of the close connection between the concept of individuality and its documentation in the act of signing. How does modern society mobilise techniques, bodies and discourses through the act of signing to allocate agency and sovereignty?<\/p>\n<hr>\n<h3><strong><u>Scholarly Career&nbsp;<\/u><\/strong><\/h3>\n<ul>\n<li>Since October 2019: Researcher (doctoral candidate) in the DFG post-graduate programme \u201cThe Documentary. Excess and Withdrawal\u201d, Ruhr University Bochum<\/li>\n<li>10\/2015 to 11\/2018: Master\u2019s degree in Cultural Studies, Humboldt University Berlin<\/li>\n<li>04\/2015 to 09\/2015:&nbsp;Master\u2019s degree in History and Culture of Science and Technology, Berlin University of Technology<\/li>\n<li>10\/2009 to 04\/2015: Bachelor\u2019s degree in Philosophy, Cultural Reflection and Cultural Practice, University of Witten\/Herdecke<\/li>\n<\/ul>\n<hr>\n<h3><strong><u>University Courses<\/u><\/strong><\/h3>\n<ul>\n<li>Winter Term 2018\/19: Seminar &#8220;Die Idee der Universit\u00e4t\u201c, in collaboration with Caspar-Fridolin Lorenz, Faculty of Cultural Reflexion, University Witten\/Herdecke<\/li>\n<li>Summer Term 2016: Seminar &#8220;Sozialfiguren der Kapitalisierung\u201c in collaboration with Caspar-Fridolin Lorenz, Faculty of Cultural, Social and Educational Science, Humboldt University Berlin<\/li>\n<li>Winter Term 2013\/14: Seminar &#8220;K\u00f6rper und Technik\u201d, in collaboration with Christian Gr\u00fcny, Faculty of Cultural Reflexion, University Witten\/Herdecke<\/li>\n<\/ul>\n<hr>\n<h3><strong><u>Talks<\/u><\/strong><\/h3>\n<ul>\n<li>&#8220;The Forging of One\u2019s Self. Practicing Signatures, Practicing Individuality\u201c, talk presented as part of the online symposium &#8220;Practices of Privacy. Knowledge in the Making\u201c, April\/May 2020, Centre for Privacy Studies, University of Copenhagen<\/li>\n<li>&#8220;Unterschreiben\/\u00dcberschreiben\u201c, in collaboration with Caspar-Fridolin Lorenz,talk presented as part of the workshop &#8220;Mitschriften. Formate universit\u00e4rer Kritik\u201c, 27.11.-01.12.2017, Gut Siggen<\/li>\n<li>&#8220;Flexible Buchf\u00fchrung. Die Boh\u00e8me als Milieu prek\u00e4rer Individualisierung\u201c, in collaboration with Caspar-Fridolin Lorenz, talk presented as part of the 6th Student Congress for Sociology &#8220;Alle(s) in Bewegung\u201c at Chemnitz University (14.09.2017)<\/li>\n<li>&#8220;Tanz und das Technische des K\u00f6rpers\u201d, talk presented as part of the IX. congress of the German Society for Aesthetics at Hamburg University (19.02.2015)<\/li>\n<\/ul>\n<hr>\n<h3><strong><u>Organisation of Events<\/u><\/strong><\/h3>\n<ul>\n<li>Organisation of the student symposium \u201cConfidence Tricks and Enterprise. Individualisation in Economic Contexts\u201d, with Caspar-Fridolin Lorenz, 07.\/08.04.2017 at the Humboldt University of Berlin<\/li>\n<\/ul>\n<hr>\n<h3><strong><u>Miscellaneous<\/u><\/strong><\/h3>\n<ul>\n<li>Reviews and journalistic texts for Zeit Online, Frankfurter Allgemeine Sonntagszeitung, Merkur, Merkur Blog and others<\/li>\n<\/ul>\n<hr>\n<p>&nbsp;<\/p>\n","protected":false},"excerpt":{"rendered":"<p>Universit\u00e4tsstr.&nbsp;105 44789 Bochum Room: UNI 105, 3\/25 Phone: +49 (0) 234\/32-27296 E-Mail: tilman.richter@ruhr-uni-bochum.de &nbsp; Title of the Dissertation Unterschreiben. Zur<\/p>\n","protected":false},"author":27,"featured_media":0,"parent":366,"menu_order":0,"comment_status":"closed","ping_status":"closed","template":"","meta":{"colormag_page_container_layout":"default_layout","colormag_page_sidebar_layout":"default_layout","_uag_custom_page_level_css":"","ngg_post_thumbnail":0,"footnotes":""},"class_list":["post-4336","page","type-page","status-publish","hentry"],"translation":{"provider":"WPGlobus","version":"3.0.2","language":"en","enabled_languages":["de","en"],"languages":{"de":{"title":true,"content":true,"excerpt":false},"en":{"title":true,"content":true,"excerpt":false}}},"yoast_head":"<!-- This site is optimized with the Yoast SEO plugin v27.4 - https:\/\/yoast.com\/product\/yoast-seo-wordpress\/ -->\n<title>Tilman Richter, M.A. - GRK Das Dokumentarische. Exzess und Entzug<\/title>\n<meta name=\"robots\" content=\"index, follow, max-snippet:-1, max-image-preview:large, max-video-preview:-1\" \/>\n<link rel=\"canonical\" href=\"https:\/\/das-dokumentarische.blogs.ruhr-uni-bochum.de\/kollegiat_innen\/tilman-richter\/\" \/>\n<meta property=\"og:locale\" content=\"en_US\" \/>\n<meta property=\"og:type\" content=\"article\" \/>\n<meta property=\"og:title\" content=\"Tilman Richter, M.A. - GRK Das Dokumentarische. Exzess und Entzug\" \/>\n<meta property=\"og:url\" content=\"https:\/\/das-dokumentarische.blogs.ruhr-uni-bochum.de\/kollegiat_innen\/tilman-richter\/\" \/>\n<meta property=\"og:site_name\" content=\"GRK Das Dokumentarische. Exzess und Entzug\" \/>\n<meta property=\"article:modified_time\" content=\"2020-07-06T10:02:33+00:00\" \/>\n<meta property=\"og:image\" content=\"https:\/\/das-dokumentarische.blogs.ruhr-uni-bochum.de\/wp-content\/uploads\/2020\/05\/richter_t_10-fin.jpg\" \/>\n<meta name=\"twitter:card\" content=\"summary_large_image\" \/>\n<meta name=\"twitter:label1\" content=\"Est. reading time\" \/>\n\t<meta name=\"twitter:data1\" content=\"7 minutes\" \/>\n<script type=\"application\/ld+json\" class=\"yoast-schema-graph\">{\"@context\":\"https:\\\/\\\/schema.org\",\"@graph\":[{\"@type\":\"WebPage\",\"@id\":\"https:\\\/\\\/das-dokumentarische.blogs.ruhr-uni-bochum.de\\\/kollegiat_innen\\\/tilman-richter\\\/\",\"url\":\"https:\\\/\\\/das-dokumentarische.blogs.ruhr-uni-bochum.de\\\/kollegiat_innen\\\/tilman-richter\\\/\",\"name\":\"Tilman Richter, M.A. - GRK Das Dokumentarische. Exzess und Entzug\",\"isPartOf\":{\"@id\":\"https:\\\/\\\/das-dokumentarische.blogs.ruhr-uni-bochum.de\\\/en\\\/#website\"},\"primaryImageOfPage\":{\"@id\":\"https:\\\/\\\/das-dokumentarische.blogs.ruhr-uni-bochum.de\\\/kollegiat_innen\\\/tilman-richter\\\/#primaryimage\"},\"image\":{\"@id\":\"https:\\\/\\\/das-dokumentarische.blogs.ruhr-uni-bochum.de\\\/kollegiat_innen\\\/tilman-richter\\\/#primaryimage\"},\"thumbnailUrl\":\"https:\\\/\\\/das-dokumentarische.blogs.ruhr-uni-bochum.de\\\/wp-content\\\/uploads\\\/2020\\\/05\\\/richter_t_10-fin.jpg\",\"datePublished\":\"2019-10-16T18:18:42+00:00\",\"dateModified\":\"2020-07-06T10:02:33+00:00\",\"breadcrumb\":{\"@id\":\"https:\\\/\\\/das-dokumentarische.blogs.ruhr-uni-bochum.de\\\/kollegiat_innen\\\/tilman-richter\\\/#breadcrumb\"},\"inLanguage\":\"en-US\",\"potentialAction\":[{\"@type\":\"ReadAction\",\"target\":[\"https:\\\/\\\/das-dokumentarische.blogs.ruhr-uni-bochum.de\\\/kollegiat_innen\\\/tilman-richter\\\/\"]}]},{\"@type\":\"ImageObject\",\"inLanguage\":\"en-US\",\"@id\":\"https:\\\/\\\/das-dokumentarische.blogs.ruhr-uni-bochum.de\\\/kollegiat_innen\\\/tilman-richter\\\/#primaryimage\",\"url\":\"https:\\\/\\\/das-dokumentarische.blogs.ruhr-uni-bochum.de\\\/wp-content\\\/uploads\\\/2020\\\/05\\\/richter_t_10-fin.jpg\",\"contentUrl\":\"https:\\\/\\\/das-dokumentarische.blogs.ruhr-uni-bochum.de\\\/wp-content\\\/uploads\\\/2020\\\/05\\\/richter_t_10-fin.jpg\"},{\"@type\":\"BreadcrumbList\",\"@id\":\"https:\\\/\\\/das-dokumentarische.blogs.ruhr-uni-bochum.de\\\/kollegiat_innen\\\/tilman-richter\\\/#breadcrumb\",\"itemListElement\":[{\"@type\":\"ListItem\",\"position\":1,\"name\":\"Startseite\",\"item\":\"https:\\\/\\\/das-dokumentarische.blogs.ruhr-uni-bochum.de\\\/en\\\/\"},{\"@type\":\"ListItem\",\"position\":2,\"name\":\"Kollegiat_innen\",\"item\":\"https:\\\/\\\/das-dokumentarische.blogs.ruhr-uni-bochum.de\\\/kollegiat_innen\\\/\"},{\"@type\":\"ListItem\",\"position\":3,\"name\":\"Tilman Richter, M.A.\"}]},{\"@type\":\"WebSite\",\"@id\":\"https:\\\/\\\/das-dokumentarische.blogs.ruhr-uni-bochum.de\\\/en\\\/#website\",\"url\":\"https:\\\/\\\/das-dokumentarische.blogs.ruhr-uni-bochum.de\\\/en\\\/\",\"name\":\"GRK Das Dokumentarische. Exzess und Entzug\",\"description\":\"\",\"potentialAction\":[{\"@type\":\"SearchAction\",\"target\":{\"@type\":\"EntryPoint\",\"urlTemplate\":\"https:\\\/\\\/das-dokumentarische.blogs.ruhr-uni-bochum.de\\\/en\\\/?s={search_term_string}\"},\"query-input\":{\"@type\":\"PropertyValueSpecification\",\"valueRequired\":true,\"valueName\":\"search_term_string\"}}],\"inLanguage\":\"en-US\"}]}<\/script>\n<!-- \/ Yoast SEO plugin. -->","yoast_head_json":{"title":"Tilman Richter, M.A. - GRK Das Dokumentarische. Exzess und Entzug","robots":{"index":"index","follow":"follow","max-snippet":"max-snippet:-1","max-image-preview":"max-image-preview:large","max-video-preview":"max-video-preview:-1"},"canonical":"https:\/\/das-dokumentarische.blogs.ruhr-uni-bochum.de\/kollegiat_innen\/tilman-richter\/","og_locale":"en_US","og_type":"article","og_title":"Tilman Richter, M.A. - GRK Das Dokumentarische. Exzess und Entzug","og_url":"https:\/\/das-dokumentarische.blogs.ruhr-uni-bochum.de\/kollegiat_innen\/tilman-richter\/","og_site_name":"GRK Das Dokumentarische. Exzess und Entzug","article_modified_time":"2020-07-06T10:02:33+00:00","og_image":[{"url":"https:\/\/das-dokumentarische.blogs.ruhr-uni-bochum.de\/wp-content\/uploads\/2020\/05\/richter_t_10-fin.jpg","type":"","width":"","height":""}],"twitter_card":"summary_large_image","twitter_misc":{"Est. reading time":"7 minutes"},"schema":{"@context":"https:\/\/schema.org","@graph":[{"@type":"WebPage","@id":"https:\/\/das-dokumentarische.blogs.ruhr-uni-bochum.de\/kollegiat_innen\/tilman-richter\/","url":"https:\/\/das-dokumentarische.blogs.ruhr-uni-bochum.de\/kollegiat_innen\/tilman-richter\/","name":"Tilman Richter, M.A. - GRK Das Dokumentarische. Exzess und Entzug","isPartOf":{"@id":"https:\/\/das-dokumentarische.blogs.ruhr-uni-bochum.de\/en\/#website"},"primaryImageOfPage":{"@id":"https:\/\/das-dokumentarische.blogs.ruhr-uni-bochum.de\/kollegiat_innen\/tilman-richter\/#primaryimage"},"image":{"@id":"https:\/\/das-dokumentarische.blogs.ruhr-uni-bochum.de\/kollegiat_innen\/tilman-richter\/#primaryimage"},"thumbnailUrl":"https:\/\/das-dokumentarische.blogs.ruhr-uni-bochum.de\/wp-content\/uploads\/2020\/05\/richter_t_10-fin.jpg","datePublished":"2019-10-16T18:18:42+00:00","dateModified":"2020-07-06T10:02:33+00:00","breadcrumb":{"@id":"https:\/\/das-dokumentarische.blogs.ruhr-uni-bochum.de\/kollegiat_innen\/tilman-richter\/#breadcrumb"},"inLanguage":"en-US","potentialAction":[{"@type":"ReadAction","target":["https:\/\/das-dokumentarische.blogs.ruhr-uni-bochum.de\/kollegiat_innen\/tilman-richter\/"]}]},{"@type":"ImageObject","inLanguage":"en-US","@id":"https:\/\/das-dokumentarische.blogs.ruhr-uni-bochum.de\/kollegiat_innen\/tilman-richter\/#primaryimage","url":"https:\/\/das-dokumentarische.blogs.ruhr-uni-bochum.de\/wp-content\/uploads\/2020\/05\/richter_t_10-fin.jpg","contentUrl":"https:\/\/das-dokumentarische.blogs.ruhr-uni-bochum.de\/wp-content\/uploads\/2020\/05\/richter_t_10-fin.jpg"},{"@type":"BreadcrumbList","@id":"https:\/\/das-dokumentarische.blogs.ruhr-uni-bochum.de\/kollegiat_innen\/tilman-richter\/#breadcrumb","itemListElement":[{"@type":"ListItem","position":1,"name":"Startseite","item":"https:\/\/das-dokumentarische.blogs.ruhr-uni-bochum.de\/en\/"},{"@type":"ListItem","position":2,"name":"Kollegiat_innen","item":"https:\/\/das-dokumentarische.blogs.ruhr-uni-bochum.de\/kollegiat_innen\/"},{"@type":"ListItem","position":3,"name":"Tilman Richter, M.A."}]},{"@type":"WebSite","@id":"https:\/\/das-dokumentarische.blogs.ruhr-uni-bochum.de\/en\/#website","url":"https:\/\/das-dokumentarische.blogs.ruhr-uni-bochum.de\/en\/","name":"GRK Das Dokumentarische. Exzess und Entzug","description":"","potentialAction":[{"@type":"SearchAction","target":{"@type":"EntryPoint","urlTemplate":"https:\/\/das-dokumentarische.blogs.ruhr-uni-bochum.de\/en\/?s={search_term_string}"},"query-input":{"@type":"PropertyValueSpecification","valueRequired":true,"valueName":"search_term_string"}}],"inLanguage":"en-US"}]}},"uagb_featured_image_src":{"full":false,"thumbnail":false,"medium":false,"medium_large":false,"large":false,"1536x1536":false,"2048x2048":false,"ultp_layout_landscape_large":false,"ultp_layout_landscape":false,"ultp_layout_portrait":false,"ultp_layout_square":false,"colormag-highlighted-post":false,"colormag-featured-post-medium":false,"colormag-featured-post-small":false,"colormag-featured-image":false,"colormag-default-news":false,"colormag-featured-image-large":false},"uagb_author_info":{"display_name":"Olivia Bartniczek","author_link":"https:\/\/das-dokumentarische.blogs.ruhr-uni-bochum.de\/en\/author\/olivia-bartniczek\/"},"uagb_comment_info":0,"uagb_excerpt":"Universit\u00e4tsstr.&nbsp;105 44789 Bochum Room: UNI 105, 3\/25 Phone: +49 (0) 234\/32-27296 E-Mail: tilman.richter@ruhr-uni-bochum.de &nbsp; Title of the Dissertation Unterschreiben. Zur","_links":{"self":[{"href":"https:\/\/das-dokumentarische.blogs.ruhr-uni-bochum.de\/en\/wp-json\/wp\/v2\/pages\/4336","targetHints":{"allow":["GET"]}}],"collection":[{"href":"https:\/\/das-dokumentarische.blogs.ruhr-uni-bochum.de\/en\/wp-json\/wp\/v2\/pages"}],"about":[{"href":"https:\/\/das-dokumentarische.blogs.ruhr-uni-bochum.de\/en\/wp-json\/wp\/v2\/types\/page"}],"author":[{"embeddable":true,"href":"https:\/\/das-dokumentarische.blogs.ruhr-uni-bochum.de\/en\/wp-json\/wp\/v2\/users\/27"}],"replies":[{"embeddable":true,"href":"https:\/\/das-dokumentarische.blogs.ruhr-uni-bochum.de\/en\/wp-json\/wp\/v2\/comments?post=4336"}],"version-history":[{"count":13,"href":"https:\/\/das-dokumentarische.blogs.ruhr-uni-bochum.de\/en\/wp-json\/wp\/v2\/pages\/4336\/revisions"}],"predecessor-version":[{"id":5642,"href":"https:\/\/das-dokumentarische.blogs.ruhr-uni-bochum.de\/en\/wp-json\/wp\/v2\/pages\/4336\/revisions\/5642"}],"up":[{"embeddable":true,"href":"https:\/\/das-dokumentarische.blogs.ruhr-uni-bochum.de\/en\/wp-json\/wp\/v2\/pages\/366"}],"wp:attachment":[{"href":"https:\/\/das-dokumentarische.blogs.ruhr-uni-bochum.de\/en\/wp-json\/wp\/v2\/media?parent=4336"}],"curies":[{"name":"wp","href":"https:\/\/api.w.org\/{rel}","templated":true}]}}