{"id":4326,"date":"2019-10-16T20:22:11","date_gmt":"2019-10-16T18:22:11","guid":{"rendered":"https:\/\/das-dokumentarische.blogs.ruhr-uni-bochum.de\/?page_id=4326"},"modified":"2026-05-08T16:19:55","modified_gmt":"2026-05-08T14:19:55","slug":"vera-mader","status":"publish","type":"page","link":"https:\/\/das-dokumentarische.blogs.ruhr-uni-bochum.de\/en\/kollegiat_innen\/vera-mader\/","title":{"rendered":"Vera Mader, M.A."},"content":{"rendered":"<h4><a href=\"https:\/\/das-dokumentarische.blogs.ruhr-uni-bochum.de\/wp-content\/uploads\/2020\/05\/mader_01_fin.jpg\"><img loading=\"lazy\" decoding=\"async\" class=\"alignleft wp-image-5321 \" src=\"https:\/\/das-dokumentarische.blogs.ruhr-uni-bochum.de\/wp-content\/uploads\/2020\/05\/mader_01_fin.jpg\" alt=\"\" width=\"180\" height=\"180\" \/><\/a><\/h4>\n<p>Universit\u00e4tsstr.\u00a0105<br \/>\n44789 Bochum<br \/>\nRoom: UNI 105, 3\/26<\/p>\n<p>Phone: +49 (0) 234\/32-27283<br \/>\nE-Mail: vera.mader@ruhr-uni-bochum.de<\/p>\n<p>&nbsp;<\/p>\n<hr \/>\n<h3><strong><u>Title of the Dissertation<\/u><\/strong><\/h3>\n<p>Media Care Practices. (Working Title)<\/p>\n<hr \/>\n<hr \/>\n<h3><strong><u>Project Description<br \/>\n<\/u><\/strong><\/h3>\n<p>Care activities form the material basis of social cohabitation: the question of who cares for whom under which conditions establishes the framework in which participants negotiate experiences of community and selfhood. My project focuses on the politics of care in specific material and media practices of caring and asks to what extent media practices influence the sustained existence of \u2018more than human\u2019 environments that include objects and infrastructure as well as living beings while themselves becoming, unusually unnoticed, part of the social networks that are to be preserved, usually unnoticed.<\/p>\n<p>Here I am primarily interested in relationships of visibility and invisibility inherent in latent infrastructures and marginalised work or social positioning. The aim is to investigate how (counter-)documentary practices, from feminist works in film and video since the 1970s to care work in digital ecologies, problematise and politicise care in the sense of a situated ethics or praxis. As practices of critical thinking themselves, these media practices can be understood as forms of caring and communicate care as a threshold between emancipatory efforts and the consolidation of normative demands and inequality in power structures.<\/p>\n<p>While rendering affective relatedness again produces exclusion along the shifting boundaries of political representability, the multilayered interdependencies in constellations of care allow us to consider care as a communicative activity which remains unfettered by the logics of political representation. I ask whether the media practices situated between givers and receivers of care undermine concepts of the allocation of power to act (autonomously) connected to in\/visibility and are involved in the re-production of liveable environments.<\/p>\n<hr \/>\n<h3><strong><u>Scholarly Career<br \/>\n<\/u><\/strong><\/h3>\n<ul>\n<li>Since October 2019: researcher (doctoral candidate) in the DFG post-graduate programme \u201cThe Documentary. Excess and Withdrawal\u201d, Ruhr University of Bochum<\/li>\n<li>10\/2016 to 9\/2019: Master\u2019s degree in Media Culture Research, Albert Ludwig University of Freiburg<\/li>\n<li>9\/2017 to 5\/2018: studies at the Department of Media Studies, University of Massachusetts, Amherst<\/li>\n<li>10\/2013 to 9\/2016: Bachelor\u2019s degree in Media Culture Studies and European Ethnology, Albert Ludwig University of Freiburg<\/li>\n<\/ul>\n<hr \/>\n<h3><strong><u>Publications<\/u><\/strong><\/h3>\n<ul>\n<li>&#8220;Morgen, das 22. Jahrhundert. Neue, alte und Andere Zuk\u00fcnfte&#8221;, in: zfm 22, April 2020.<\/li>\n<li>&#8220;The Master&#8217;s Tools. Technische St\u00f6rung und Afrofeministische Differenz bei Janelle Mon\u00e1e und Erykah Badu&#8221;, in: FFK Journal No.5, March 2020.<\/li>\n<li>\u201eDer Bunker als Monitor \u2013 Unbreakable Kimmy Schmidt und die \u00c4sthetik der Hysterie im\u00a0Fernsehen\u201d, in: Scheffer, Bernd; Jahraus, Oliver (eds.), Medienobservationen, 2017.<br \/>\n<a href=\"https:\/\/www.medienobservationen.lmu.de\/artikel\/tv\/tv_pdf\/mader_hysterie.pdf\">https:\/\/www.medienobservationen.lmu.de\/artikel\/tv\/tv_pdf\/mader_hysterie.pdf<\/a><\/li>\n<\/ul>\n<hr \/>\n<h3><strong><u>Talks<\/u><\/strong><\/h3>\n<ul>\n<li>2020 &#8220;Rewind. Queer Asynchronicity and Afrofeminist Chronopolitics in the audiovisual works of FKA twigs and Kelela&#8221;, Queer Pop. Academic Symposium at theCenter for Popular Culture and Music<span id=\"parent-fieldname-title\" class=\"\"><\/span>, Albert Ludwig University of Freiburg.<\/li>\n<li>2020 &#8220;Katzen knutschen. Gemeinsam-Werden in Tiervideos&#8221;, 33. Film- und Fernsehwissenschaftliches Kolloquium, Braunschweig University of Art.<\/li>\n<li>2019 \u201eThe Master\u2019s Tools. \u00c4sthetiken der St\u00f6rung im Afrofuturismus von Janelle Mon\u00e1e und Erykah Badu\u201c, 32. Film- und Fernsehwissenschaftliches Kolloquium, Film University Babelsberg Konrad Wolf, Potsdam.<\/li>\n<li>2018 \u201cAttack the Rack \u2013 Performing emotional labor and consumer personhood in thrift haul videos\u201d, Graduate Student Conference \u201cPerformance and Labor in the Contemporary World\u201d, Duke University, Durham, NC.<\/li>\n<\/ul>\n<hr \/>\n<h3><strong><u>Miscellaneous<\/u><\/strong><\/h3>\n<ul>\n<li>Member of the Society for Media Studies (GfM)<\/li>\n<li>Research assistant at the Institute of Media Culture and Theatre, University of Cologne<\/li>\n<li>Member of the editorial board of the journals <em>Medienobservationen <\/em>and<em> Mediale Kontrolle unter Beobachtung<\/em><\/li>\n<\/ul>\n","protected":false},"excerpt":{"rendered":"<p>Universit\u00e4tsstr.\u00a0105 44789 Bochum Room: UNI 105, 3\/26 Phone: +49 (0) 234\/32-27283 E-Mail: vera.mader@ruhr-uni-bochum.de &nbsp; Title of the Dissertation Media Care<\/p>\n","protected":false},"author":27,"featured_media":0,"parent":366,"menu_order":0,"comment_status":"closed","ping_status":"closed","template":"","meta":{"colormag_page_container_layout":"default_layout","colormag_page_sidebar_layout":"default_layout","_uag_custom_page_level_css":"","ngg_post_thumbnail":0,"footnotes":""},"class_list":["post-4326","page","type-page","status-publish","hentry"],"translation":{"provider":"WPGlobus","version":"3.0.2","language":"en","enabled_languages":["de","en"],"languages":{"de":{"title":true,"content":true,"excerpt":false},"en":{"title":true,"content":true,"excerpt":false}}},"yoast_head":"<!-- This site is optimized with the Yoast SEO plugin v27.6 - https:\/\/yoast.com\/product\/yoast-seo-wordpress\/ -->\n<title>Vera Mader, M.A. - GRK Das Dokumentarische. Exzess und Entzug<\/title>\n<meta name=\"robots\" content=\"index, follow, max-snippet:-1, max-image-preview:large, max-video-preview:-1\" \/>\n<link rel=\"canonical\" href=\"https:\/\/das-dokumentarische.blogs.ruhr-uni-bochum.de\/kollegiat_innen\/vera-mader\/\" \/>\n<meta property=\"og:locale\" content=\"en_US\" \/>\n<meta property=\"og:type\" content=\"article\" \/>\n<meta property=\"og:title\" content=\"Vera Mader, M.A. - GRK Das Dokumentarische. Exzess und Entzug\" \/>\n<meta property=\"og:url\" content=\"https:\/\/das-dokumentarische.blogs.ruhr-uni-bochum.de\/kollegiat_innen\/vera-mader\/\" \/>\n<meta property=\"og:site_name\" content=\"GRK Das Dokumentarische. Exzess und Entzug\" \/>\n<meta property=\"article:modified_time\" content=\"2026-05-08T14:19:55+00:00\" \/>\n<meta property=\"og:image\" content=\"https:\/\/das-dokumentarische.blogs.ruhr-uni-bochum.de\/wp-content\/uploads\/2020\/05\/mader_01_fin.jpg\" \/>\n<meta name=\"twitter:card\" content=\"summary_large_image\" \/>\n<meta name=\"twitter:label1\" content=\"Est. reading time\" \/>\n\t<meta name=\"twitter:data1\" content=\"1 minute\" \/>\n<script type=\"application\/ld+json\" class=\"yoast-schema-graph\">{\"@context\":\"https:\\\/\\\/schema.org\",\"@graph\":[{\"@type\":\"WebPage\",\"@id\":\"https:\\\/\\\/das-dokumentarische.blogs.ruhr-uni-bochum.de\\\/kollegiat_innen\\\/vera-mader\\\/\",\"url\":\"https:\\\/\\\/das-dokumentarische.blogs.ruhr-uni-bochum.de\\\/kollegiat_innen\\\/vera-mader\\\/\",\"name\":\"Vera Mader, M.A. - GRK Das Dokumentarische. Exzess und Entzug\",\"isPartOf\":{\"@id\":\"https:\\\/\\\/das-dokumentarische.blogs.ruhr-uni-bochum.de\\\/en\\\/#website\"},\"primaryImageOfPage\":{\"@id\":\"https:\\\/\\\/das-dokumentarische.blogs.ruhr-uni-bochum.de\\\/kollegiat_innen\\\/vera-mader\\\/#primaryimage\"},\"image\":{\"@id\":\"https:\\\/\\\/das-dokumentarische.blogs.ruhr-uni-bochum.de\\\/kollegiat_innen\\\/vera-mader\\\/#primaryimage\"},\"thumbnailUrl\":\"https:\\\/\\\/das-dokumentarische.blogs.ruhr-uni-bochum.de\\\/wp-content\\\/uploads\\\/2020\\\/05\\\/mader_01_fin.jpg\",\"datePublished\":\"2019-10-16T18:22:11+00:00\",\"dateModified\":\"2026-05-08T14:19:55+00:00\",\"breadcrumb\":{\"@id\":\"https:\\\/\\\/das-dokumentarische.blogs.ruhr-uni-bochum.de\\\/kollegiat_innen\\\/vera-mader\\\/#breadcrumb\"},\"inLanguage\":\"en-US\",\"potentialAction\":[{\"@type\":\"ReadAction\",\"target\":[\"https:\\\/\\\/das-dokumentarische.blogs.ruhr-uni-bochum.de\\\/kollegiat_innen\\\/vera-mader\\\/\"]}]},{\"@type\":\"ImageObject\",\"inLanguage\":\"en-US\",\"@id\":\"https:\\\/\\\/das-dokumentarische.blogs.ruhr-uni-bochum.de\\\/kollegiat_innen\\\/vera-mader\\\/#primaryimage\",\"url\":\"https:\\\/\\\/das-dokumentarische.blogs.ruhr-uni-bochum.de\\\/wp-content\\\/uploads\\\/2020\\\/05\\\/mader_01_fin.jpg\",\"contentUrl\":\"https:\\\/\\\/das-dokumentarische.blogs.ruhr-uni-bochum.de\\\/wp-content\\\/uploads\\\/2020\\\/05\\\/mader_01_fin.jpg\"},{\"@type\":\"BreadcrumbList\",\"@id\":\"https:\\\/\\\/das-dokumentarische.blogs.ruhr-uni-bochum.de\\\/kollegiat_innen\\\/vera-mader\\\/#breadcrumb\",\"itemListElement\":[{\"@type\":\"ListItem\",\"position\":1,\"name\":\"Startseite\",\"item\":\"https:\\\/\\\/das-dokumentarische.blogs.ruhr-uni-bochum.de\\\/en\\\/\"},{\"@type\":\"ListItem\",\"position\":2,\"name\":\"Kollegiat_innen\",\"item\":\"https:\\\/\\\/das-dokumentarische.blogs.ruhr-uni-bochum.de\\\/kollegiat_innen\\\/\"},{\"@type\":\"ListItem\",\"position\":3,\"name\":\"Vera Mader, M.A.\"}]},{\"@type\":\"WebSite\",\"@id\":\"https:\\\/\\\/das-dokumentarische.blogs.ruhr-uni-bochum.de\\\/en\\\/#website\",\"url\":\"https:\\\/\\\/das-dokumentarische.blogs.ruhr-uni-bochum.de\\\/en\\\/\",\"name\":\"GRK Das Dokumentarische. Exzess und Entzug\",\"description\":\"\",\"potentialAction\":[{\"@type\":\"SearchAction\",\"target\":{\"@type\":\"EntryPoint\",\"urlTemplate\":\"https:\\\/\\\/das-dokumentarische.blogs.ruhr-uni-bochum.de\\\/en\\\/?s={search_term_string}\"},\"query-input\":{\"@type\":\"PropertyValueSpecification\",\"valueRequired\":true,\"valueName\":\"search_term_string\"}}],\"inLanguage\":\"en-US\"}]}<\/script>\n<!-- \/ Yoast SEO plugin. -->","yoast_head_json":{"title":"Vera Mader, M.A. - GRK Das Dokumentarische. Exzess und Entzug","robots":{"index":"index","follow":"follow","max-snippet":"max-snippet:-1","max-image-preview":"max-image-preview:large","max-video-preview":"max-video-preview:-1"},"canonical":"https:\/\/das-dokumentarische.blogs.ruhr-uni-bochum.de\/kollegiat_innen\/vera-mader\/","og_locale":"en_US","og_type":"article","og_title":"Vera Mader, M.A. - GRK Das Dokumentarische. Exzess und Entzug","og_url":"https:\/\/das-dokumentarische.blogs.ruhr-uni-bochum.de\/kollegiat_innen\/vera-mader\/","og_site_name":"GRK Das Dokumentarische. Exzess und Entzug","article_modified_time":"2026-05-08T14:19:55+00:00","og_image":[{"url":"https:\/\/das-dokumentarische.blogs.ruhr-uni-bochum.de\/wp-content\/uploads\/2020\/05\/mader_01_fin.jpg","type":"","width":"","height":""}],"twitter_card":"summary_large_image","twitter_misc":{"Est. reading time":"1 minute"},"schema":{"@context":"https:\/\/schema.org","@graph":[{"@type":"WebPage","@id":"https:\/\/das-dokumentarische.blogs.ruhr-uni-bochum.de\/kollegiat_innen\/vera-mader\/","url":"https:\/\/das-dokumentarische.blogs.ruhr-uni-bochum.de\/kollegiat_innen\/vera-mader\/","name":"Vera Mader, M.A. - GRK Das Dokumentarische. Exzess und Entzug","isPartOf":{"@id":"https:\/\/das-dokumentarische.blogs.ruhr-uni-bochum.de\/en\/#website"},"primaryImageOfPage":{"@id":"https:\/\/das-dokumentarische.blogs.ruhr-uni-bochum.de\/kollegiat_innen\/vera-mader\/#primaryimage"},"image":{"@id":"https:\/\/das-dokumentarische.blogs.ruhr-uni-bochum.de\/kollegiat_innen\/vera-mader\/#primaryimage"},"thumbnailUrl":"https:\/\/das-dokumentarische.blogs.ruhr-uni-bochum.de\/wp-content\/uploads\/2020\/05\/mader_01_fin.jpg","datePublished":"2019-10-16T18:22:11+00:00","dateModified":"2026-05-08T14:19:55+00:00","breadcrumb":{"@id":"https:\/\/das-dokumentarische.blogs.ruhr-uni-bochum.de\/kollegiat_innen\/vera-mader\/#breadcrumb"},"inLanguage":"en-US","potentialAction":[{"@type":"ReadAction","target":["https:\/\/das-dokumentarische.blogs.ruhr-uni-bochum.de\/kollegiat_innen\/vera-mader\/"]}]},{"@type":"ImageObject","inLanguage":"en-US","@id":"https:\/\/das-dokumentarische.blogs.ruhr-uni-bochum.de\/kollegiat_innen\/vera-mader\/#primaryimage","url":"https:\/\/das-dokumentarische.blogs.ruhr-uni-bochum.de\/wp-content\/uploads\/2020\/05\/mader_01_fin.jpg","contentUrl":"https:\/\/das-dokumentarische.blogs.ruhr-uni-bochum.de\/wp-content\/uploads\/2020\/05\/mader_01_fin.jpg"},{"@type":"BreadcrumbList","@id":"https:\/\/das-dokumentarische.blogs.ruhr-uni-bochum.de\/kollegiat_innen\/vera-mader\/#breadcrumb","itemListElement":[{"@type":"ListItem","position":1,"name":"Startseite","item":"https:\/\/das-dokumentarische.blogs.ruhr-uni-bochum.de\/en\/"},{"@type":"ListItem","position":2,"name":"Kollegiat_innen","item":"https:\/\/das-dokumentarische.blogs.ruhr-uni-bochum.de\/kollegiat_innen\/"},{"@type":"ListItem","position":3,"name":"Vera Mader, M.A."}]},{"@type":"WebSite","@id":"https:\/\/das-dokumentarische.blogs.ruhr-uni-bochum.de\/en\/#website","url":"https:\/\/das-dokumentarische.blogs.ruhr-uni-bochum.de\/en\/","name":"GRK Das Dokumentarische. Exzess und Entzug","description":"","potentialAction":[{"@type":"SearchAction","target":{"@type":"EntryPoint","urlTemplate":"https:\/\/das-dokumentarische.blogs.ruhr-uni-bochum.de\/en\/?s={search_term_string}"},"query-input":{"@type":"PropertyValueSpecification","valueRequired":true,"valueName":"search_term_string"}}],"inLanguage":"en-US"}]}},"uagb_featured_image_src":{"full":false,"thumbnail":false,"medium":false,"medium_large":false,"large":false,"1536x1536":false,"2048x2048":false,"ultp_layout_landscape_large":false,"ultp_layout_landscape":false,"ultp_layout_portrait":false,"ultp_layout_square":false,"colormag-highlighted-post":false,"colormag-featured-post-medium":false,"colormag-featured-post-small":false,"colormag-featured-image":false,"colormag-default-news":false,"colormag-featured-image-large":false},"uagb_author_info":{"display_name":"Olivia Bartniczek","author_link":"https:\/\/das-dokumentarische.blogs.ruhr-uni-bochum.de\/en\/author\/olivia-bartniczek\/"},"uagb_comment_info":0,"uagb_excerpt":"Universit\u00e4tsstr.\u00a0105 44789 Bochum Room: UNI 105, 3\/26 Phone: +49 (0) 234\/32-27283 E-Mail: vera.mader@ruhr-uni-bochum.de &nbsp; Title of the Dissertation Media Care","_links":{"self":[{"href":"https:\/\/das-dokumentarische.blogs.ruhr-uni-bochum.de\/en\/wp-json\/wp\/v2\/pages\/4326","targetHints":{"allow":["GET"]}}],"collection":[{"href":"https:\/\/das-dokumentarische.blogs.ruhr-uni-bochum.de\/en\/wp-json\/wp\/v2\/pages"}],"about":[{"href":"https:\/\/das-dokumentarische.blogs.ruhr-uni-bochum.de\/en\/wp-json\/wp\/v2\/types\/page"}],"author":[{"embeddable":true,"href":"https:\/\/das-dokumentarische.blogs.ruhr-uni-bochum.de\/en\/wp-json\/wp\/v2\/users\/27"}],"replies":[{"embeddable":true,"href":"https:\/\/das-dokumentarische.blogs.ruhr-uni-bochum.de\/en\/wp-json\/wp\/v2\/comments?post=4326"}],"version-history":[{"count":30,"href":"https:\/\/das-dokumentarische.blogs.ruhr-uni-bochum.de\/en\/wp-json\/wp\/v2\/pages\/4326\/revisions"}],"predecessor-version":[{"id":13070,"href":"https:\/\/das-dokumentarische.blogs.ruhr-uni-bochum.de\/en\/wp-json\/wp\/v2\/pages\/4326\/revisions\/13070"}],"up":[{"embeddable":true,"href":"https:\/\/das-dokumentarische.blogs.ruhr-uni-bochum.de\/en\/wp-json\/wp\/v2\/pages\/366"}],"wp:attachment":[{"href":"https:\/\/das-dokumentarische.blogs.ruhr-uni-bochum.de\/en\/wp-json\/wp\/v2\/media?parent=4326"}],"curies":[{"name":"wp","href":"https:\/\/api.w.org\/{rel}","templated":true}]}}