{"id":4281,"date":"2019-10-16T20:12:16","date_gmt":"2019-10-16T18:12:16","guid":{"rendered":"https:\/\/das-dokumentarische.blogs.ruhr-uni-bochum.de\/?page_id=4281"},"modified":"2023-03-29T21:48:34","modified_gmt":"2023-03-29T19:48:34","slug":"marion-biet","status":"publish","type":"page","link":"https:\/\/das-dokumentarische.blogs.ruhr-uni-bochum.de\/en\/kollegiat_innen\/marion-biet\/","title":{"rendered":"Marion Biet, M.A."},"content":{"rendered":"<h4><a href=\"https:\/\/das-dokumentarische.blogs.ruhr-uni-bochum.de\/wp-content\/uploads\/2020\/05\/biet_02_fin.jpg\"><img loading=\"lazy\" decoding=\"async\" class=\"alignleft wp-image-5319 \" src=\"https:\/\/das-dokumentarische.blogs.ruhr-uni-bochum.de\/wp-content\/uploads\/2020\/05\/biet_02_fin.jpg\" alt=\"\" width=\"180\" height=\"180\" srcset=\"https:\/\/das-dokumentarische.blogs.ruhr-uni-bochum.de\/wp-content\/uploads\/2020\/05\/biet_02_fin.jpg 562w, https:\/\/das-dokumentarische.blogs.ruhr-uni-bochum.de\/wp-content\/uploads\/2020\/05\/biet_02_fin-300x300.jpg 300w, https:\/\/das-dokumentarische.blogs.ruhr-uni-bochum.de\/wp-content\/uploads\/2020\/05\/biet_02_fin-150x150.jpg 150w\" sizes=\"auto, (max-width: 180px) 100vw, 180px\" \/><\/a><\/h4>\n<p>Universit\u00e4tsstr.\u00a0105<br \/>\n44789 Bochum<br \/>\nRoom: UNI 105, 3\/24<\/p>\n<p>Phone: +49 (0) 234\/32-27126<br \/>\nE-Mail: marion.biet@ruhr-uni-bochum.de<\/p>\n<p>&nbsp;<\/p>\n<hr \/>\n<h3><strong><u>Title of the Dissertation<\/u><\/strong><\/h3>\n<p>Between Bios and Zo\u00eb: Media Structures of the Long-Term Documentary Film. (Working Title)<\/p>\n<hr \/>\n<h3><strong><u>Project Description<\/u><\/strong><\/h3>\n<p>The long-term documentary film is a genre or subgenre that emerged in the 1960s with the series <em>Die Kinder von Golzow<\/em> (Winfried and Barbara Junge, DDR\/DE 1961\u20132006) and the <em>Up Series<\/em> (Michael Apted, GB 1964\u2013the present day), on the one hand as an experimental ordering of life and on the other as a search for new forms of documentation (Direct Cinema, Cin\u00e9ma v\u00e9rit\u00e9). These are film life narratives covering a very long timeframe \u2013 37 years in <em>Private Universe<\/em> (Helena T\u0159e\u0161t\u00edkov\u00e1, CR 2012), over 55 years in Michael Apted\u2019s <em>Up Series<\/em>\u2013 and hence inquire into the concept of life in different ways. This thesis seeks firstly to examine the heterogeneity of the material from several perspectives (film and media studies, but also the life sciences) and secondly to consider the polysemy of the term \u2018life\u2019 and the relevance of vitalism for the documentary, especially the long-term documentary film. Via its iterative method and its duration, the long-term documentary film reflects biological, biographical and historical temporalities by documenting the physical process of aging, regulation of life via narratives, and technological progress and political transformations. It thereby functions as an alternative dispositive of historiography focusing not only on the life of the individual, but also on \u2018life itself\u2019, its duration, its becoming and its passing by merging the past, the present and the future. Given this complex temporality, the long-term documentary film must thus be not so much subject to the logic of biography (bios) as characterised by the tensions of what I term \u2018zo\u00ebgraphy\u2019.<\/p>\n<hr \/>\n<h3><strong><u>Scholarly Career<\/u><\/strong><\/h3>\n<ul>\n<li>Since October 2019: researcher (doctoral candidate) in the DFG post-graduate programme \u201cThe Documentary. Excess and Withdrawal\u201d, Ruhr University of Bochum<\/li>\n<li>10\/2017\u20139\/2019: researcher at the Junior Chair of European Media Culture under Junior Professor Dr. Eva Krivanec, Bauhaus University of Weimar<\/li>\n<li>09\/2015\u201302\/2018: trinational Master\u2019s degree in European Film and Media Studies, Universit\u00e9 Lumi\u00e8re Lyon 2, Utrecht Universiteit and Bauhaus University of Weimar<\/li>\n<li>03\/2017\u201309\/2017: undergraduate \u00a0assistant \u00a0to the Junior Chair of Image Theory under Junior Professor Dr. Julia Bee<\/li>\n<li>01\/2017\u201309\/2017: undergraduate assistant to the Junior Chair of European Media Culture under\u00a0 Visiting Junior Professor Dr. Nicole Kandioler<\/li>\n<li>10\/2013\u201309\/2015: German\u2013French binational degree in European Media Culture, Universit\u00e9 Lumi\u00e8re Lyon 2, Bauhaus University of Weimar<\/li>\n<\/ul>\n<hr \/>\n<h3><strong><u>Summer School<\/u><\/strong><\/h3>\n<p>IFK_Akademy 2019 \u201eHappy End \u2013 Prospekte und Narrationen m\u00f6glicher Zukunft\u201c, IFK International<br \/>\nResearch Center for Cultural Studies | University of Art and Design Linz, 18-24\/08\/2019<\/p>\n<hr \/>\n<h3><strong><u>Publications<\/u><\/strong><\/h3>\n<p><strong>Editorship<\/strong><\/p>\n<ul>\n<li><em>Medienkomparatistik<\/em> (Hg. von Lisa Gotto und Annette Simonis), 3. Jahrgang, \u201eKuratieren als medienkomparatistische Methode\u201c, zusammen mit Nicole Kandioler, Bielefeld: Aisthesis Verlag, 2022.<\/li>\n<\/ul>\n<p><strong>Articles <\/strong><\/p>\n<ul>\n<li>\u201eZeit sammeln, Leben kuratieren. Helena Tr\u030ces\u030cti\u0301kova\u0301s Langzeitdokumentarfilme als intermediale Sammlungen\u201c In:\u00a0<i>Medienkomparatistik<\/i>, 3. Jahrgang \u201eKuratieren als medienkomparatistische Methode\u201c, Bielefeld: Aisthesis Verlag,\u00a02022, S. 71-86.<\/li>\n<li>&#8220;Kuratieren als medienkomparatistische Methode im Zeichen der Relationalit\u00e4t&#8221;, zusammen mit\u00a0Nicole Kandioler,\u00a0In:\u00a0<em>Medienkomparatistik<\/em>, 3. Jahrgang \u201eKuratieren als medienkomparatistische Methode\u201c, Bielefeld: Aisthesis Verlag, 2022, S. 9-20.<\/li>\n<li><a href=\"https:\/\/nocturne-plattform.de\/files\/pdfs\/Biet-Came-rer-Kamerieren-statt-schreiben.pdf\">\u00bbCam\u00e9rer\u00ab (\u00bbkamerieren\u00ab) statt schreiben. R\u00fcckblick auf die Entstehung des Essayfilms L\u2019usine, c\u2019est particulier quand m\u00eame (FR 2017), nocturne, Dezember 2021<\/a><\/li>\n<li>&#8220;(Re)penser <em>Retour \u00e0 Reims<\/em> avec un accent : la mobilit\u00e9 de classe au prisme des langues et de la mobilit\u00e9 g\u00e9ographique.&#8221; In: <em>Lendemains. \u00c9tudes compar\u00e9es sur la France,<\/em> Dezember 2020,\u00a0Heft 180,\u00a0S. 128-139.<\/li>\n<li><a href=\"https:\/\/protokult.de\/wp-content\/uploads\/Essay-Marion-Biet-ueber-first-in-first-out.pdf\">&#8220;Wir reden drinnen weiter.&#8221;<\/a> In: Onlinebesprechung der Filme der 44. Duisburger Filmwoche, 2020<\/li>\n<li>&#8220;Beziehungsarbeit im Langzeitdokumentarfilm zwischen Distanz und N\u00e4he&#8221;, zusammen mit Nicole Kandioler, In: <em>Montage AV<\/em> 28\/2, N\u00e4he und Distanz, 2019 S.63-78<\/li>\n<li><a href=\"http:\/\/andereswissen.de\/de\/media\/teil-2-cine-ethnographie-und-audiovisuelle-forschung\">&#8220;Cin\u00e9-Ethnographie und audiovisuelle Forschung. Die Filmpraxis im Seminar als Erfahrung eines situierten Wissens&#8221;, Blog andereswissen.de, Februar 2019. (Antwort auf Julia Bee&#8217;s Beitrag: &#8220;Gedanken zu anderen Wissenspraktiken in der Lehre&#8221;)<\/a><\/li>\n<\/ul>\n<p><strong>Translations<\/strong><\/p>\n<ul>\n<li>Translation from French to German, by\u00a0Michel Agier: \u201eDas urbane Kampieren als Heterotopie und Zuflucht. Zu einer Weltlandschaft der prek\u00e4ren R\u00e4ume\u201c, In: Karin Krauthausen und Rebekka Ladewig (Hg.): <em>Modell H\u00fctte.\u00a0Von emergenten Strukturen, sch\u00fctzender Haut und gebauter Umwelt<\/em>. Berlin\/Z\u00fcrich: Diaphanes, 2022, S. 197-220.\u00a0Zusammen mit Nicole Kandioler.<\/li>\n<li>Translation from French to German, by Enrico Camporese: &#8220;Super 8 ausstellen&#8221;, In: Oliver Fahle; Marek Jancovic; Elisa Linseisen; Alexandra Schneider (Eds.): <em>Zeitschrift f\u00fcr Medienwissenschaft,<\/em> Vol. 22, Medium|Format, 2020, pp. 87-94 (in collaboration with Nicole Kandioler)<\/li>\n<li>Translation from French to German, von Marie-Jos\u00e9 Mondzain. &#8220;Wer die \u00d6konomie ablehnt, lehnt Ikonomie ab&#8221;, In: Dieter Mersch: <em>Internationales Jahrbuch f\u00fcr Medienphilosophie<\/em>, Vol. 4, 2018, pp. 101\u2013120 (in collaboration with Nicole Kandioler)<\/li>\n<\/ul>\n<p><strong>Blog article<br \/>\n<\/strong><\/p>\n<ul>\n<li>&#8220;Cin\u00e9-Ethnographie und audiovisuelle Forschung. Die Filmpraxis im Seminar als Erfahrung eines situierten Wissens&#8221;, Blog andereswissen.de, February 2019. <a href=\"http:\/\/andereswissen.de\/de\/media\/teil-2-cine-ethnographie-und-audiovisuelle-forschung\">http:\/\/andereswissen.de\/de\/media\/teil-2-cine-ethnographie-und-audiovisuelle-forschung<\/a> (Response to Julia Bee&#8217;s article: &#8220;Gedanken zu anderen Wissenspraktiken in der Lehre&#8221;)<\/li>\n<\/ul>\n<p><strong>Documentary<\/strong><\/p>\n<ul>\n<li>L\u2019usine, c\u2019est particulier quand m\u00eame (DE\/FR 2017), 78min<iframe loading=\"lazy\" title=\"Trailer : L&#039;usine, c&#039;est particulier quand m&amp;ecirc;me (DE\/FR 2017)\" src=\"https:\/\/player.vimeo.com\/video\/216584318?h=b99fd3b20b&amp;dnt=1&amp;app_id=122963\" width=\"800\" height=\"450\" frameborder=\"0\" allow=\"autoplay; fullscreen; picture-in-picture\" allowfullscreen><\/iframe><\/li>\n<\/ul>\n<hr \/>\n<h3><strong><u>University Courses<br \/>\n<\/u><\/strong><\/h3>\n<ul>\n<li>Summer term 2019: BA-Seminar &#8220;Das Filmfestival: Ein Schauplatz Europas&#8221;, European Media Culture, Bauhaus University Weimar<\/li>\n<li>Summer term 2019: BA-Seminar &#8220;Wissen durch Comics &#8211; Entwurf eines Leitfadens zum wissenschaftlichen Arbeiten&#8221;, Media Culture\/Media Studies, Bauhaus University Weimar<\/li>\n<li>Winter term 2018-2019: BA-Seminar &#8220;Comic-Dynamik: vom stillen zum bewegten Bild&#8221;, European Media Culture, Bauhaus University Weimar<\/li>\n<li>Summer term 2018: BA-Seminar &#8220;Das Filmfestival als Forschungsgegenstand &#8211; Crossing Europe Linz&#8221;, European Media Culture, Bauhaus University Weimar<\/li>\n<\/ul>\n<hr \/>\n<h3><strong><u>Talks<\/u><\/strong><\/h3>\n<ul>\n<li><span lang=\"DE\"><span lang=\"DE\">&#8220;\u00dcber die Menschen hinaus das Leben: Die filmische Langzeitdokumentation als post-anthropozentrisches Gef\u00fcge&#8221;, Internationale Konferenz &#8220;<\/span><\/span>Kulturen im Anthropoz\u00e4n. Eine interdisziplin\u00e4re Herausforderung&#8221; an der Universit\u00e4t Innsbruck, 30. Juni 2021<\/li>\n<li>&#8220;Le film documentaire longitudinal : une exp\u00e9rience cin\u00e9mato-socio-biographique&#8221;, CIERA &#8211; Recherches actuelles sur le cin\u00e9ma, dans le cadre du s\u00e9minaire &#8220;Schwerpunkt Deutschland&#8221;, Universit\u00e9 Lumi\u00e8re Lyon 2, 19.03.2021<\/li>\n<li>&#8220;Wachstum des Lebendigen und Formen des (filmischen) Zeitraffers&#8221;, Panel: How to\u2026 learn! Performance, Youtube und Praxistipps, GfM Jahrestagung an der Ruhr-Universit\u00e4t Bochum, 01.10.2020<\/li>\n<li>&#8220;Der Langzeitdokumentarfilm zwischen Bios und Zo\u00eb&#8221;, 32. Film- und Fernsehwissenschaftliches Kolloquium, Film University Potsdam, 09.03.2019<\/li>\n<li>&#8220;From the film gesture to the gestures in the film &#8216;L\u2019usine, c\u2019est particulier quand m\u00eame (DE\/FR 2017)'&#8221;, Conference &#8220;Creating Shared Experience. Sensory Ethnography and Collaborative Filmmaking&#8221;, Bauhaus University Weimar, 15.02.2019<\/li>\n<li>&#8220;Exzess und Verknappung. Temporale Regime des Langzeitdokumentarfilms&#8221;, zus. mit Dr. Nicole Kandioler, Tagung &#8220;N\u00e4he suchen, Distanz wahren: Konfigurationen des filmischen Raums&#8221;, Institut f\u00fcr Film-, Theater-, Medien- und Kulturwissenschaft der Johannes Gutenberg-Universit\u00e4t Mainz, 19.01.2019<\/li>\n<\/ul>\n<hr \/>\n<h3><strong><u>Miscellaneous<\/u><\/strong><\/h3>\n<ul>\n<li>Member of the Society for Media Studies (GfM)<\/li>\n<li>Member of the Association fran\u00e7aise des enseignants et chercheurs en cin\u00e9ma et audiovisuel (afeccav)<\/li>\n<\/ul>\n<p>&nbsp;<\/p>\n<h3><strong>\u00a0<\/strong><\/h3>\n","protected":false},"excerpt":{"rendered":"<p>Universit\u00e4tsstr.\u00a0105 44789 Bochum Room: UNI 105, 3\/24 Phone: +49 (0) 234\/32-27126 E-Mail: marion.biet@ruhr-uni-bochum.de &nbsp; Title of the Dissertation Between Bios<\/p>\n","protected":false},"author":27,"featured_media":0,"parent":366,"menu_order":0,"comment_status":"closed","ping_status":"closed","template":"","meta":{"colormag_page_container_layout":"default_layout","colormag_page_sidebar_layout":"default_layout","_uag_custom_page_level_css":"","ngg_post_thumbnail":0,"footnotes":""},"class_list":["post-4281","page","type-page","status-publish","hentry"],"translation":{"provider":"WPGlobus","version":"3.0.2","language":"en","enabled_languages":["de","en"],"languages":{"de":{"title":true,"content":true,"excerpt":false},"en":{"title":true,"content":true,"excerpt":false}}},"yoast_head":"<!-- This site is optimized with the Yoast SEO plugin v27.6 - https:\/\/yoast.com\/product\/yoast-seo-wordpress\/ -->\n<title>Marion Biet, M.A. - GRK Das Dokumentarische. Exzess und Entzug<\/title>\n<meta name=\"robots\" content=\"index, follow, max-snippet:-1, max-image-preview:large, max-video-preview:-1\" \/>\n<link rel=\"canonical\" href=\"https:\/\/das-dokumentarische.blogs.ruhr-uni-bochum.de\/kollegiat_innen\/marion-biet\/\" \/>\n<meta property=\"og:locale\" content=\"en_US\" \/>\n<meta property=\"og:type\" content=\"article\" \/>\n<meta property=\"og:title\" content=\"Marion Biet, M.A. - GRK Das Dokumentarische. Exzess und Entzug\" \/>\n<meta property=\"og:url\" content=\"https:\/\/das-dokumentarische.blogs.ruhr-uni-bochum.de\/kollegiat_innen\/marion-biet\/\" \/>\n<meta property=\"og:site_name\" content=\"GRK Das Dokumentarische. Exzess und Entzug\" \/>\n<meta property=\"article:modified_time\" content=\"2023-03-29T19:48:34+00:00\" \/>\n<meta property=\"og:image\" content=\"https:\/\/das-dokumentarische.blogs.ruhr-uni-bochum.de\/wp-content\/uploads\/2020\/05\/biet_02_fin.jpg\" \/>\n<meta name=\"twitter:card\" content=\"summary_large_image\" \/>\n<meta name=\"twitter:label1\" content=\"Est. reading time\" \/>\n\t<meta name=\"twitter:data1\" content=\"7 minutes\" \/>\n<script type=\"application\/ld+json\" class=\"yoast-schema-graph\">{\"@context\":\"https:\\\/\\\/schema.org\",\"@graph\":[{\"@type\":\"WebPage\",\"@id\":\"https:\\\/\\\/das-dokumentarische.blogs.ruhr-uni-bochum.de\\\/kollegiat_innen\\\/marion-biet\\\/\",\"url\":\"https:\\\/\\\/das-dokumentarische.blogs.ruhr-uni-bochum.de\\\/kollegiat_innen\\\/marion-biet\\\/\",\"name\":\"Marion Biet, M.A. - GRK Das Dokumentarische. Exzess und Entzug\",\"isPartOf\":{\"@id\":\"https:\\\/\\\/das-dokumentarische.blogs.ruhr-uni-bochum.de\\\/en\\\/#website\"},\"primaryImageOfPage\":{\"@id\":\"https:\\\/\\\/das-dokumentarische.blogs.ruhr-uni-bochum.de\\\/kollegiat_innen\\\/marion-biet\\\/#primaryimage\"},\"image\":{\"@id\":\"https:\\\/\\\/das-dokumentarische.blogs.ruhr-uni-bochum.de\\\/kollegiat_innen\\\/marion-biet\\\/#primaryimage\"},\"thumbnailUrl\":\"https:\\\/\\\/das-dokumentarische.blogs.ruhr-uni-bochum.de\\\/wp-content\\\/uploads\\\/2020\\\/05\\\/biet_02_fin.jpg\",\"datePublished\":\"2019-10-16T18:12:16+00:00\",\"dateModified\":\"2023-03-29T19:48:34+00:00\",\"breadcrumb\":{\"@id\":\"https:\\\/\\\/das-dokumentarische.blogs.ruhr-uni-bochum.de\\\/kollegiat_innen\\\/marion-biet\\\/#breadcrumb\"},\"inLanguage\":\"en-US\",\"potentialAction\":[{\"@type\":\"ReadAction\",\"target\":[\"https:\\\/\\\/das-dokumentarische.blogs.ruhr-uni-bochum.de\\\/kollegiat_innen\\\/marion-biet\\\/\"]}]},{\"@type\":\"ImageObject\",\"inLanguage\":\"en-US\",\"@id\":\"https:\\\/\\\/das-dokumentarische.blogs.ruhr-uni-bochum.de\\\/kollegiat_innen\\\/marion-biet\\\/#primaryimage\",\"url\":\"https:\\\/\\\/das-dokumentarische.blogs.ruhr-uni-bochum.de\\\/wp-content\\\/uploads\\\/2020\\\/05\\\/biet_02_fin.jpg\",\"contentUrl\":\"https:\\\/\\\/das-dokumentarische.blogs.ruhr-uni-bochum.de\\\/wp-content\\\/uploads\\\/2020\\\/05\\\/biet_02_fin.jpg\"},{\"@type\":\"BreadcrumbList\",\"@id\":\"https:\\\/\\\/das-dokumentarische.blogs.ruhr-uni-bochum.de\\\/kollegiat_innen\\\/marion-biet\\\/#breadcrumb\",\"itemListElement\":[{\"@type\":\"ListItem\",\"position\":1,\"name\":\"Startseite\",\"item\":\"https:\\\/\\\/das-dokumentarische.blogs.ruhr-uni-bochum.de\\\/en\\\/\"},{\"@type\":\"ListItem\",\"position\":2,\"name\":\"Kollegiat_innen\",\"item\":\"https:\\\/\\\/das-dokumentarische.blogs.ruhr-uni-bochum.de\\\/kollegiat_innen\\\/\"},{\"@type\":\"ListItem\",\"position\":3,\"name\":\"Marion Biet, M.A.\"}]},{\"@type\":\"WebSite\",\"@id\":\"https:\\\/\\\/das-dokumentarische.blogs.ruhr-uni-bochum.de\\\/en\\\/#website\",\"url\":\"https:\\\/\\\/das-dokumentarische.blogs.ruhr-uni-bochum.de\\\/en\\\/\",\"name\":\"GRK Das Dokumentarische. Exzess und Entzug\",\"description\":\"\",\"potentialAction\":[{\"@type\":\"SearchAction\",\"target\":{\"@type\":\"EntryPoint\",\"urlTemplate\":\"https:\\\/\\\/das-dokumentarische.blogs.ruhr-uni-bochum.de\\\/en\\\/?s={search_term_string}\"},\"query-input\":{\"@type\":\"PropertyValueSpecification\",\"valueRequired\":true,\"valueName\":\"search_term_string\"}}],\"inLanguage\":\"en-US\"}]}<\/script>\n<!-- \/ Yoast SEO plugin. -->","yoast_head_json":{"title":"Marion Biet, M.A. - GRK Das Dokumentarische. Exzess und Entzug","robots":{"index":"index","follow":"follow","max-snippet":"max-snippet:-1","max-image-preview":"max-image-preview:large","max-video-preview":"max-video-preview:-1"},"canonical":"https:\/\/das-dokumentarische.blogs.ruhr-uni-bochum.de\/kollegiat_innen\/marion-biet\/","og_locale":"en_US","og_type":"article","og_title":"Marion Biet, M.A. - GRK Das Dokumentarische. Exzess und Entzug","og_url":"https:\/\/das-dokumentarische.blogs.ruhr-uni-bochum.de\/kollegiat_innen\/marion-biet\/","og_site_name":"GRK Das Dokumentarische. Exzess und Entzug","article_modified_time":"2023-03-29T19:48:34+00:00","og_image":[{"url":"https:\/\/das-dokumentarische.blogs.ruhr-uni-bochum.de\/wp-content\/uploads\/2020\/05\/biet_02_fin.jpg","type":"","width":"","height":""}],"twitter_card":"summary_large_image","twitter_misc":{"Est. reading time":"7 minutes"},"schema":{"@context":"https:\/\/schema.org","@graph":[{"@type":"WebPage","@id":"https:\/\/das-dokumentarische.blogs.ruhr-uni-bochum.de\/kollegiat_innen\/marion-biet\/","url":"https:\/\/das-dokumentarische.blogs.ruhr-uni-bochum.de\/kollegiat_innen\/marion-biet\/","name":"Marion Biet, M.A. - GRK Das Dokumentarische. Exzess und Entzug","isPartOf":{"@id":"https:\/\/das-dokumentarische.blogs.ruhr-uni-bochum.de\/en\/#website"},"primaryImageOfPage":{"@id":"https:\/\/das-dokumentarische.blogs.ruhr-uni-bochum.de\/kollegiat_innen\/marion-biet\/#primaryimage"},"image":{"@id":"https:\/\/das-dokumentarische.blogs.ruhr-uni-bochum.de\/kollegiat_innen\/marion-biet\/#primaryimage"},"thumbnailUrl":"https:\/\/das-dokumentarische.blogs.ruhr-uni-bochum.de\/wp-content\/uploads\/2020\/05\/biet_02_fin.jpg","datePublished":"2019-10-16T18:12:16+00:00","dateModified":"2023-03-29T19:48:34+00:00","breadcrumb":{"@id":"https:\/\/das-dokumentarische.blogs.ruhr-uni-bochum.de\/kollegiat_innen\/marion-biet\/#breadcrumb"},"inLanguage":"en-US","potentialAction":[{"@type":"ReadAction","target":["https:\/\/das-dokumentarische.blogs.ruhr-uni-bochum.de\/kollegiat_innen\/marion-biet\/"]}]},{"@type":"ImageObject","inLanguage":"en-US","@id":"https:\/\/das-dokumentarische.blogs.ruhr-uni-bochum.de\/kollegiat_innen\/marion-biet\/#primaryimage","url":"https:\/\/das-dokumentarische.blogs.ruhr-uni-bochum.de\/wp-content\/uploads\/2020\/05\/biet_02_fin.jpg","contentUrl":"https:\/\/das-dokumentarische.blogs.ruhr-uni-bochum.de\/wp-content\/uploads\/2020\/05\/biet_02_fin.jpg"},{"@type":"BreadcrumbList","@id":"https:\/\/das-dokumentarische.blogs.ruhr-uni-bochum.de\/kollegiat_innen\/marion-biet\/#breadcrumb","itemListElement":[{"@type":"ListItem","position":1,"name":"Startseite","item":"https:\/\/das-dokumentarische.blogs.ruhr-uni-bochum.de\/en\/"},{"@type":"ListItem","position":2,"name":"Kollegiat_innen","item":"https:\/\/das-dokumentarische.blogs.ruhr-uni-bochum.de\/kollegiat_innen\/"},{"@type":"ListItem","position":3,"name":"Marion Biet, M.A."}]},{"@type":"WebSite","@id":"https:\/\/das-dokumentarische.blogs.ruhr-uni-bochum.de\/en\/#website","url":"https:\/\/das-dokumentarische.blogs.ruhr-uni-bochum.de\/en\/","name":"GRK Das Dokumentarische. Exzess und Entzug","description":"","potentialAction":[{"@type":"SearchAction","target":{"@type":"EntryPoint","urlTemplate":"https:\/\/das-dokumentarische.blogs.ruhr-uni-bochum.de\/en\/?s={search_term_string}"},"query-input":{"@type":"PropertyValueSpecification","valueRequired":true,"valueName":"search_term_string"}}],"inLanguage":"en-US"}]}},"uagb_featured_image_src":{"full":false,"thumbnail":false,"medium":false,"medium_large":false,"large":false,"1536x1536":false,"2048x2048":false,"ultp_layout_landscape_large":false,"ultp_layout_landscape":false,"ultp_layout_portrait":false,"ultp_layout_square":false,"colormag-highlighted-post":false,"colormag-featured-post-medium":false,"colormag-featured-post-small":false,"colormag-featured-image":false,"colormag-default-news":false,"colormag-featured-image-large":false},"uagb_author_info":{"display_name":"Olivia Bartniczek","author_link":"https:\/\/das-dokumentarische.blogs.ruhr-uni-bochum.de\/en\/author\/olivia-bartniczek\/"},"uagb_comment_info":0,"uagb_excerpt":"Universit\u00e4tsstr.\u00a0105 44789 Bochum Room: UNI 105, 3\/24 Phone: +49 (0) 234\/32-27126 E-Mail: marion.biet@ruhr-uni-bochum.de &nbsp; Title of the Dissertation Between Bios","_links":{"self":[{"href":"https:\/\/das-dokumentarische.blogs.ruhr-uni-bochum.de\/en\/wp-json\/wp\/v2\/pages\/4281","targetHints":{"allow":["GET"]}}],"collection":[{"href":"https:\/\/das-dokumentarische.blogs.ruhr-uni-bochum.de\/en\/wp-json\/wp\/v2\/pages"}],"about":[{"href":"https:\/\/das-dokumentarische.blogs.ruhr-uni-bochum.de\/en\/wp-json\/wp\/v2\/types\/page"}],"author":[{"embeddable":true,"href":"https:\/\/das-dokumentarische.blogs.ruhr-uni-bochum.de\/en\/wp-json\/wp\/v2\/users\/27"}],"replies":[{"embeddable":true,"href":"https:\/\/das-dokumentarische.blogs.ruhr-uni-bochum.de\/en\/wp-json\/wp\/v2\/comments?post=4281"}],"version-history":[{"count":47,"href":"https:\/\/das-dokumentarische.blogs.ruhr-uni-bochum.de\/en\/wp-json\/wp\/v2\/pages\/4281\/revisions"}],"predecessor-version":[{"id":9587,"href":"https:\/\/das-dokumentarische.blogs.ruhr-uni-bochum.de\/en\/wp-json\/wp\/v2\/pages\/4281\/revisions\/9587"}],"up":[{"embeddable":true,"href":"https:\/\/das-dokumentarische.blogs.ruhr-uni-bochum.de\/en\/wp-json\/wp\/v2\/pages\/366"}],"wp:attachment":[{"href":"https:\/\/das-dokumentarische.blogs.ruhr-uni-bochum.de\/en\/wp-json\/wp\/v2\/media?parent=4281"}],"curies":[{"name":"wp","href":"https:\/\/api.w.org\/{rel}","templated":true}]}}