{"id":3985,"date":"2019-03-26T10:29:06","date_gmt":"2019-03-26T09:29:06","guid":{"rendered":"https:\/\/das-dokumentarische.blogs.ruhr-uni-bochum.de\/?page_id=3985"},"modified":"2019-04-04T14:17:42","modified_gmt":"2019-04-04T12:17:42","slug":"networkshop-sex-und-diskriminierung","status":"publish","type":"page","link":"https:\/\/das-dokumentarische.blogs.ruhr-uni-bochum.de\/en\/networkshop-sex-und-diskriminierung\/","title":{"rendered":"Vernetzungs-Workshop: Sex und Diskriminierung \u2013 Materialit\u00e4ten, Methode(n), Macht"},"content":{"rendered":"\n<p>In unmittelbarem Anschluss an das Symposium <a href=\"https:\/\/das-dokumentarische.blogs.ruhr-uni-bochum.de\/queeres-kino\/\" target=\"_blank\" rel=\"noreferrer noopener\" aria-label=\" (\u00f6ffnet in neuem Tab)\">&#8220;Queeres Kino | Queere \u00c4sthetiken als Dokumentation des Prek\u00e4ren&#8221;<\/a> laden wir am <strong>Samstag, 27. April 2019 (11.30-17 Uhr)<\/strong> herzlich zu einem Vernetzungs-Lunch und anschlie\u00dfendem Workshop der <em>AG Gender-\/Queer Studies und Medienwissenschaft<\/em> in die Universit\u00e4tsstr. 105, Raum EG 014 ein. <\/p>\n\n\n\n<p>Unter dem Titel \u201c<strong>Sex und Diskriminierung \u2013&nbsp; Materialit\u00e4ten, Methode(n), Macht<\/strong>\u201d m\u00f6chten wir Diskussionen aufnehmen und fortsetzen, die vom Bekanntwerden des sogenannten Falls Reitman\/Ronell im Sommer letztes Jahr angesto\u00dfen wurden, in ihren Gegenst\u00e4nden und Argumenten aber weit \u00fcber diesen hinausreichen und fortdauern. Dem regen Austausch auf dem internen E-Mail-Verteiler der <em>AG Gender-\/Queer Studies und Medienwissenschaft<\/em> folgten \u00f6ffentliche Beitr\u00e4ge und Artikel sowie die Gr\u00fcndung lokaler Lese- und Diskussionsgruppen in Wien, Berlin und Bochum. Entstanden sind diese R\u00e4ume auch aus dem Bed\u00fcrfnis heraus, die vorgebrachten Argumente sowohl institutionell als auch theoretisch zu verorten und mit der eigenen universit\u00e4ren Wirklichkeit in Bezug zu setzen.<\/p>\n\n\n\n<p>Diesem anhaltenden Bed\u00fcrfnis wollen wir Rechnung tragen und erneut einen solchen Raum zu Verf\u00fcgung stellen, um einen Komplex von sexual harrassment, campus security, Macht- und Abh\u00e4ngigkeitsverh\u00e4ltnissen in neoliberalen Universit\u00e4ten in den Blick zu nehmen und mit der Frage zu verbinden, wie (queere) Theorie dazu im Verh\u00e4ltnis steht. Konkreter wollen wir uns \u00dcberlegungen widmen, wie die Wahrnehmung von und Positionierung in Institutionen sich m\u00f6glicherweise entlang eines Generationenunterschieds jeweils ausgestaltet und wie diese Differenz auch Resonanz unterschiedlicher Theoriepolitiken ist. Diese Diskussionen sollen Anschluss er\u00f6ffnen f\u00fcr eine Beobachtung der eigenen universit\u00e4ren Institutionen und ihrem Umgang mit sexueller Diskriminierung, der (Nicht-)\u00dcbertragbarkeit von Title IX-Verfahren auf Hochschulen im deutschsprachigen Raum und der Frage danach, welche oder was f\u00fcr Protokolle es stattdessen (nicht) gibt.<\/p>\n\n\n\n<p>Wir laden alle Interessierten herzlich ein, sich an einer Fortsetzung der Diskussionen zu beteiligen. Die Teilnahme steht allen offen, unabh\u00e4ngig von einer Mitgliedschaft in der AG.<\/p>\n\n\n\n<p>F\u00fcr einen Ansto\u00df der Diskussionen werden wir um kurze Inputs aus den jeweiligen lokalen Lesegruppen bitten. Als Lekt\u00fcregrundlage f\u00fcr die gemeinsame Auseinandersetzung schlagen wir \u2013 jedoch nicht als close-readings \u2013 au\u00dferdem vor:<\/p>\n\n\n\n<ul class=\"wp-block-list\"><li>Bergermann, Ulrike (2018): Kinky Terror, der &#8216;Fall Ronell&#8217; und die K\u00f6rper akademischer Zeichentr\u00e4ger. In: <em>Gender-Blog der ZfM<\/em>, <a rel=\"noreferrer noopener\" aria-label=\" (\u00f6ffnet in neuem Tab)\" href=\"https:\/\/www.zfmedienwissenschaft.de\/online\/blog\/kinky-terror-fall-ronell\" target=\"_blank\">https:\/\/www.zfmedienwissenschaft.de\/online\/blog\/kinky-terror-fall-ronell<\/a>.<\/li><li>Bergermann, Ulrike\/Heidenreich, Nanna (im Erscheinen): &#8220;Intimacy Expectations&#8221;. Wissenslust, sexuelle Gewalt, universit\u00e4re Lehre. In: ZfM 20, I\/2019, S. 25-37 (wird auf Anfrage gern als PDF zur Verf\u00fcgung gestellt; ab April 2019 online unter <a rel=\"noreferrer noopener\" aria-label=\" (\u00f6ffnet in neuem Tab)\" href=\"https:\/\/www.zfmedienwissenschaft.de\/\" target=\"_blank\">https:\/\/www.zfmedienwissenschaft.de\/<\/a> verf\u00fcgbar).<\/li><li>Doyle, Jennifer (2015): <em>Campus Sex, Campus Security<\/em>. Cambridge\/London: Semiotext(e).<br> (wird auf Anfrage gern als PDF zur Verf\u00fcgung gestellt).<\/li><li>Kocher, Eva\/Porsche, Stefanie (2015): <em>Sexuelle Bel\u00e4stigung im Hochschulkontext \u2013 Schutzl\u00fccken und Empfehlungen<\/em>. Hrsg. v. Antidiskriminierungsstelle des Bundes, <a rel=\"noreferrer noopener\" aria-label=\" (\u00f6ffnet in neuem Tab)\" href=\"http:\/\/www.antidiskriminierungsstelle.de\/SharedDocs\/Downloads\/DE\/publikationen\/Expertisen_Studien\/Expertise_Sexuelle_Belaestigung_im_Hochschulkontext.pdf?__blob=publicationFile&amp;v=3\" target=\"_blank\">http:\/\/www.antidiskriminierungsstelle.de\/SharedDocs\/Downloads\/DE\/publikationen\/Expertisen\/Expertise_Sexuelle_Belaestigung_im_Hochschulkontext.pdf<\/a>.<\/li><li>Preciado, Paul (2018): Gegen das Ancien R\u00e9gime der Sexualit\u00e4t. In: <em>Zeit Online<\/em>,<a href=\"https:\/\/www.zeit.de\/kultur\/2018-01\/metoo-heterosexualitaet-maenner-frauen-macht-paul-preciado\/komplettansicht?print\" target=\"_blank\" rel=\"noreferrer noopener\" aria-label=\" (\u00f6ffnet in neuem Tab)\"> https:\/\/www.zeit.de\/kultur\/2018-01\/metoo-heterosexualitaet-maenner-frauen-macht-paul-preciado\/komplettansicht?print<\/a>.<\/li><\/ul>\n\n\n\n<p>In kleinerem Umfang k\u00f6nnen wir Reise- und \u00dcbernachtungskosten erstatten oder bezuschussen.  Entsprechende Anfragen bitte so bald als m\u00f6glich, sp\u00e4testens jedoch bis zum <strong>15. April 2019<\/strong> an <strong>Sarah.Horn-x3w@rub.de<\/strong>.<\/p>\n\n\n\n<p>Herzlich laden wir auch zum Vernetzungs-Lunch vor dem Workshop ein (11.30 &#8211; 13 Uhr, Raum EG015), der insbesondere Nachwuchswissenschaftler_innen, die an geschlechter- und queertheoretischen Fragestellungen Interessse haben, die M\u00f6glichkeit geben soll, miteinander in Kontakt zu kommen.<\/p>\n\n\n\n<p>F\u00fcr eine genauere Planung von Raumgr\u00f6\u00dfe und Catering bitten wir f\u00fcr Lunch und\/oder Workshop um eine Anmeldung unter <strong>Jasmin.Degeling@rub.de<\/strong> bis zum <strong>15. April 2019<\/strong>. Selbstverst\u00e4ndlich sind aber auch kurzentschlossene Teilnahmen mehr als willkommen.<\/p>\n\n\n\n<p>Wir freuen uns auf rege Beteiligung von Seiten der AG-Mitglieder, ausdr\u00fccklich aber auch dar\u00fcber hinaus.<\/p>\n\n\n\n<hr class=\"wp-block-separator\"\/>\n\n\n\n<p>Eine Veranstaltung der<em> AG Gender-\/Queer Studies und Medienwissenschaft<\/em> in Kooperation mit dem <em>DFG-Graduiertenkolleg &#8220;Das Dokumentarische. Exzess und Entzug&#8221;<\/em>.<\/p>\n\n\n\n<p><strong>Organisator_innen: <\/strong>Jasmin Degeling | Philipp Hanke | Sarah Horn | Mary Shnayien | Leonie Zilch<\/p>\n\n\n\n<p><strong>Kontakt:<\/strong> Jasmin.Degeling@rub.de | Sarah.Horn-x3w@rub.de<\/p>\n\n\n\n<p><br><\/p>\n","protected":false},"excerpt":{"rendered":"<p>In unmittelbarem Anschluss an das Symposium &#8220;Queeres Kino | Queere \u00c4sthetiken als Dokumentation des Prek\u00e4ren&#8221; laden wir am Samstag, 27.<\/p>\n","protected":false},"author":7,"featured_media":0,"parent":0,"menu_order":0,"comment_status":"closed","ping_status":"closed","template":"","meta":{"colormag_page_container_layout":"default_layout","colormag_page_sidebar_layout":"default_layout","_uag_custom_page_level_css":"","ngg_post_thumbnail":0,"footnotes":""},"class_list":["post-3985","page","type-page","status-publish","hentry"],"translation":{"provider":"WPGlobus","version":"3.0.2","language":"en","enabled_languages":["de","en"],"languages":{"de":{"title":true,"content":true,"excerpt":false},"en":{"title":false,"content":false,"excerpt":false}}},"yoast_head":"<!-- This site is optimized with the Yoast SEO plugin v27.4 - https:\/\/yoast.com\/product\/yoast-seo-wordpress\/ -->\n<title>Vernetzungs-Workshop: Sex und Diskriminierung \u2013 Materialit\u00e4ten, Methode(n), Macht - GRK Das Dokumentarische. Exzess und Entzug<\/title>\n<meta name=\"robots\" content=\"index, follow, max-snippet:-1, max-image-preview:large, max-video-preview:-1\" \/>\n<link rel=\"canonical\" href=\"https:\/\/das-dokumentarische.blogs.ruhr-uni-bochum.de\/en\/networkshop-sex-und-diskriminierung\/\" \/>\n<meta property=\"og:locale\" content=\"en_US\" \/>\n<meta property=\"og:type\" content=\"article\" \/>\n<meta property=\"og:title\" content=\"Vernetzungs-Workshop: Sex und Diskriminierung \u2013 Materialit\u00e4ten, Methode(n), Macht - GRK Das Dokumentarische. Exzess und Entzug\" \/>\n<meta property=\"og:url\" content=\"https:\/\/das-dokumentarische.blogs.ruhr-uni-bochum.de\/en\/networkshop-sex-und-diskriminierung\/\" \/>\n<meta property=\"og:site_name\" content=\"GRK Das Dokumentarische. Exzess und Entzug\" \/>\n<meta property=\"article:modified_time\" content=\"2019-04-04T12:17:42+00:00\" \/>\n<meta name=\"twitter:card\" content=\"summary_large_image\" \/>\n<meta name=\"twitter:label1\" content=\"Est. reading time\" \/>\n\t<meta name=\"twitter:data1\" content=\"3 minutes\" \/>\n<script type=\"application\/ld+json\" class=\"yoast-schema-graph\">{\"@context\":\"https:\\\/\\\/schema.org\",\"@graph\":[{\"@type\":\"WebPage\",\"@id\":\"https:\\\/\\\/das-dokumentarische.blogs.ruhr-uni-bochum.de\\\/en\\\/networkshop-sex-und-diskriminierung\\\/\",\"url\":\"https:\\\/\\\/das-dokumentarische.blogs.ruhr-uni-bochum.de\\\/en\\\/networkshop-sex-und-diskriminierung\\\/\",\"name\":\"Vernetzungs-Workshop: Sex und Diskriminierung \u2013 Materialit\u00e4ten, Methode(n), Macht - GRK Das Dokumentarische. Exzess und Entzug\",\"isPartOf\":{\"@id\":\"https:\\\/\\\/das-dokumentarische.blogs.ruhr-uni-bochum.de\\\/en\\\/#website\"},\"datePublished\":\"2019-03-26T09:29:06+00:00\",\"dateModified\":\"2019-04-04T12:17:42+00:00\",\"breadcrumb\":{\"@id\":\"https:\\\/\\\/das-dokumentarische.blogs.ruhr-uni-bochum.de\\\/en\\\/networkshop-sex-und-diskriminierung\\\/#breadcrumb\"},\"inLanguage\":\"en-US\",\"potentialAction\":[{\"@type\":\"ReadAction\",\"target\":[\"https:\\\/\\\/das-dokumentarische.blogs.ruhr-uni-bochum.de\\\/en\\\/networkshop-sex-und-diskriminierung\\\/\"]}]},{\"@type\":\"BreadcrumbList\",\"@id\":\"https:\\\/\\\/das-dokumentarische.blogs.ruhr-uni-bochum.de\\\/en\\\/networkshop-sex-und-diskriminierung\\\/#breadcrumb\",\"itemListElement\":[{\"@type\":\"ListItem\",\"position\":1,\"name\":\"Startseite\",\"item\":\"https:\\\/\\\/das-dokumentarische.blogs.ruhr-uni-bochum.de\\\/en\\\/\"},{\"@type\":\"ListItem\",\"position\":2,\"name\":\"Vernetzungs-Workshop: Sex und Diskriminierung \u2013 Materialit\u00e4ten, Methode(n), Macht\"}]},{\"@type\":\"WebSite\",\"@id\":\"https:\\\/\\\/das-dokumentarische.blogs.ruhr-uni-bochum.de\\\/en\\\/#website\",\"url\":\"https:\\\/\\\/das-dokumentarische.blogs.ruhr-uni-bochum.de\\\/en\\\/\",\"name\":\"GRK Das Dokumentarische. Exzess und Entzug\",\"description\":\"\",\"potentialAction\":[{\"@type\":\"SearchAction\",\"target\":{\"@type\":\"EntryPoint\",\"urlTemplate\":\"https:\\\/\\\/das-dokumentarische.blogs.ruhr-uni-bochum.de\\\/en\\\/?s={search_term_string}\"},\"query-input\":{\"@type\":\"PropertyValueSpecification\",\"valueRequired\":true,\"valueName\":\"search_term_string\"}}],\"inLanguage\":\"en-US\"}]}<\/script>\n<!-- \/ Yoast SEO plugin. -->","yoast_head_json":{"title":"Vernetzungs-Workshop: Sex und Diskriminierung \u2013 Materialit\u00e4ten, Methode(n), Macht - GRK Das Dokumentarische. Exzess und Entzug","robots":{"index":"index","follow":"follow","max-snippet":"max-snippet:-1","max-image-preview":"max-image-preview:large","max-video-preview":"max-video-preview:-1"},"canonical":"https:\/\/das-dokumentarische.blogs.ruhr-uni-bochum.de\/en\/networkshop-sex-und-diskriminierung\/","og_locale":"en_US","og_type":"article","og_title":"Vernetzungs-Workshop: Sex und Diskriminierung \u2013 Materialit\u00e4ten, Methode(n), Macht - GRK Das Dokumentarische. Exzess und Entzug","og_url":"https:\/\/das-dokumentarische.blogs.ruhr-uni-bochum.de\/en\/networkshop-sex-und-diskriminierung\/","og_site_name":"GRK Das Dokumentarische. Exzess und Entzug","article_modified_time":"2019-04-04T12:17:42+00:00","twitter_card":"summary_large_image","twitter_misc":{"Est. reading time":"3 minutes"},"schema":{"@context":"https:\/\/schema.org","@graph":[{"@type":"WebPage","@id":"https:\/\/das-dokumentarische.blogs.ruhr-uni-bochum.de\/en\/networkshop-sex-und-diskriminierung\/","url":"https:\/\/das-dokumentarische.blogs.ruhr-uni-bochum.de\/en\/networkshop-sex-und-diskriminierung\/","name":"Vernetzungs-Workshop: Sex und Diskriminierung \u2013 Materialit\u00e4ten, Methode(n), Macht - GRK Das Dokumentarische. Exzess und Entzug","isPartOf":{"@id":"https:\/\/das-dokumentarische.blogs.ruhr-uni-bochum.de\/en\/#website"},"datePublished":"2019-03-26T09:29:06+00:00","dateModified":"2019-04-04T12:17:42+00:00","breadcrumb":{"@id":"https:\/\/das-dokumentarische.blogs.ruhr-uni-bochum.de\/en\/networkshop-sex-und-diskriminierung\/#breadcrumb"},"inLanguage":"en-US","potentialAction":[{"@type":"ReadAction","target":["https:\/\/das-dokumentarische.blogs.ruhr-uni-bochum.de\/en\/networkshop-sex-und-diskriminierung\/"]}]},{"@type":"BreadcrumbList","@id":"https:\/\/das-dokumentarische.blogs.ruhr-uni-bochum.de\/en\/networkshop-sex-und-diskriminierung\/#breadcrumb","itemListElement":[{"@type":"ListItem","position":1,"name":"Startseite","item":"https:\/\/das-dokumentarische.blogs.ruhr-uni-bochum.de\/en\/"},{"@type":"ListItem","position":2,"name":"Vernetzungs-Workshop: Sex und Diskriminierung \u2013 Materialit\u00e4ten, Methode(n), Macht"}]},{"@type":"WebSite","@id":"https:\/\/das-dokumentarische.blogs.ruhr-uni-bochum.de\/en\/#website","url":"https:\/\/das-dokumentarische.blogs.ruhr-uni-bochum.de\/en\/","name":"GRK Das Dokumentarische. Exzess und Entzug","description":"","potentialAction":[{"@type":"SearchAction","target":{"@type":"EntryPoint","urlTemplate":"https:\/\/das-dokumentarische.blogs.ruhr-uni-bochum.de\/en\/?s={search_term_string}"},"query-input":{"@type":"PropertyValueSpecification","valueRequired":true,"valueName":"search_term_string"}}],"inLanguage":"en-US"}]}},"uagb_featured_image_src":{"full":false,"thumbnail":false,"medium":false,"medium_large":false,"large":false,"1536x1536":false,"2048x2048":false,"ultp_layout_landscape_large":false,"ultp_layout_landscape":false,"ultp_layout_portrait":false,"ultp_layout_square":false,"colormag-highlighted-post":false,"colormag-featured-post-medium":false,"colormag-featured-post-small":false,"colormag-featured-image":false,"colormag-default-news":false,"colormag-featured-image-large":false},"uagb_author_info":{"display_name":"das-dokumentarische","author_link":"https:\/\/das-dokumentarische.blogs.ruhr-uni-bochum.de\/en\/author\/dasdoxs6\/"},"uagb_comment_info":0,"uagb_excerpt":"In unmittelbarem Anschluss an das Symposium &#8220;Queeres Kino | Queere \u00c4sthetiken als Dokumentation des Prek\u00e4ren&#8221; laden wir am Samstag, 27.","_links":{"self":[{"href":"https:\/\/das-dokumentarische.blogs.ruhr-uni-bochum.de\/en\/wp-json\/wp\/v2\/pages\/3985","targetHints":{"allow":["GET"]}}],"collection":[{"href":"https:\/\/das-dokumentarische.blogs.ruhr-uni-bochum.de\/en\/wp-json\/wp\/v2\/pages"}],"about":[{"href":"https:\/\/das-dokumentarische.blogs.ruhr-uni-bochum.de\/en\/wp-json\/wp\/v2\/types\/page"}],"author":[{"embeddable":true,"href":"https:\/\/das-dokumentarische.blogs.ruhr-uni-bochum.de\/en\/wp-json\/wp\/v2\/users\/7"}],"replies":[{"embeddable":true,"href":"https:\/\/das-dokumentarische.blogs.ruhr-uni-bochum.de\/en\/wp-json\/wp\/v2\/comments?post=3985"}],"version-history":[{"count":14,"href":"https:\/\/das-dokumentarische.blogs.ruhr-uni-bochum.de\/en\/wp-json\/wp\/v2\/pages\/3985\/revisions"}],"predecessor-version":[{"id":4016,"href":"https:\/\/das-dokumentarische.blogs.ruhr-uni-bochum.de\/en\/wp-json\/wp\/v2\/pages\/3985\/revisions\/4016"}],"wp:attachment":[{"href":"https:\/\/das-dokumentarische.blogs.ruhr-uni-bochum.de\/en\/wp-json\/wp\/v2\/media?parent=3985"}],"curies":[{"name":"wp","href":"https:\/\/api.w.org\/{rel}","templated":true}]}}