{"id":387,"date":"2016-11-16T23:22:58","date_gmt":"2016-11-16T22:22:58","guid":{"rendered":"https:\/\/das-dokumentarische.blogs.ruhr-uni-bochum.de\/?page_id=387"},"modified":"2020-07-06T12:15:11","modified_gmt":"2020-07-06T10:15:11","slug":"matthias-preuss","status":"publish","type":"page","link":"https:\/\/das-dokumentarische.blogs.ruhr-uni-bochum.de\/en\/kollegiat_innen\/matthias-preuss\/","title":{"rendered":"Matthias Preuss, M.A."},"content":{"rendered":"<p><a href=\"https:\/\/das-dokumentarische.blogs.ruhr-uni-bochum.de\/wp-content\/uploads\/2016\/12\/preuss_matthias.jpg\"><img loading=\"lazy\" decoding=\"async\" class=\"alignleft wp-image-567\" src=\"https:\/\/das-dokumentarische.blogs.ruhr-uni-bochum.de\/wp-content\/uploads\/2016\/12\/preuss_matthias.jpg\" alt=\"preuss_matthias\" width=\"200\" height=\"200\" srcset=\"https:\/\/das-dokumentarische.blogs.ruhr-uni-bochum.de\/wp-content\/uploads\/2016\/12\/preuss_matthias.jpg 1000w, https:\/\/das-dokumentarische.blogs.ruhr-uni-bochum.de\/wp-content\/uploads\/2016\/12\/preuss_matthias-150x150.jpg 150w, https:\/\/das-dokumentarische.blogs.ruhr-uni-bochum.de\/wp-content\/uploads\/2016\/12\/preuss_matthias-300x300.jpg 300w, https:\/\/das-dokumentarische.blogs.ruhr-uni-bochum.de\/wp-content\/uploads\/2016\/12\/preuss_matthias-768x768.jpg 768w, https:\/\/das-dokumentarische.blogs.ruhr-uni-bochum.de\/wp-content\/uploads\/2016\/12\/preuss_matthias-700x700.jpg 700w\" sizes=\"auto, (max-width: 200px) 100vw, 200px\" \/><\/a><br \/>\nUniversit\u00e4tsstr. 105<br \/>\n44789 Bochum<br \/>\nRoom:&nbsp;UNI 105, 3\/26<\/p>\n<p>Phone: +49 (0) 234\/32-27291<br \/>\nE-Mail: matthias.preuss@rub.de<\/p>\n<p><br class=\"clear\"><br class=\"clear\"><\/p>\n<hr>\n<h3><strong><u>Title of the Dissertation<\/u><\/strong><\/h3>\n<p>Anomalies: Literature and Ecology 1866-1900<\/p>\n<hr>\n<h3><strong><u>Project Description<br \/>\n<\/u><\/strong><\/h3>\n<p>This thesis is devoted to the scrutiny and problematization of the documentation of ecological anomalies and the representation of ecological knowledge in literary and biological texts of the second half of the 19<sup>th<\/sup> century. On the one hand, it examines the poetic operations at play in the production and popularization of knowledge and the medial formatting of knowledge in ecological discourse. On the other, it analyzes the forms in which ecological knowledge emerges as a benchmark for documentary practices in literature. The project is situated in the fields of Ecocriticism, Media Ecology, and the Environmental Humanities.<\/p>\n<p>As regards media theory, the dissertation explores the nexus of realistic poetologies, scientific evidence and the documentary form with respect to both the construction of nature and the artistic and technical grasping of it. As regards recent German literary history, it aims to provide, firstly, a re-reading of realistic and naturalistic texts from an ecocritical point of view and, secondly, an examination of literature (in contrast to scientific and philosophical texts) dating from a period that has not been extensively investigated in the field of Ecocriticism. As regards the history of science, the dissertation takes a closer look at a knowledge of life that is dispersed in scientific and artistic discourses after the emergence of the notion of \u201cecology\u201d (1866), while considering the intricate relationship between it and the ongoing formation of ecology within and against the framework of evolutionary biology. It seeks to bring into relief the continuities of natural history and the specificity of \u201cearly\u201d ecological thinking, before the progressive scientification of ecology, in relation to systems theory and cybernetics in the 20<sup>th<\/sup> century.<\/p>\n<p>By working on three core problem areas \u2013 (a) realism and documentary practice, (b) politics and ecology, and (c) anthropocentrism and the Anthropocene<em> \u2013 <\/em>the thesis seeks to contribute to the theoretical and methodological framework of the Environmental Humanities, in which questions of mediation, representation, and representability, as well as questions of narration and figuration, are becoming increasingly important with respect to global climate change.<\/p>\n<hr>\n<h3><strong><u>Scholarly Career<\/u><\/strong><\/h3>\n<ul>\n<li>Since 10\/2016: Doctoral Student Member of the DFG Graduate Research Group on \u201cDocumentary Practices. Excess and Privation\u201d, Ruhr-University Bochum<\/li>\n<li>10\/2014 to 08\/2016: Research associate\/Lecturer with Prof. Dr. Andrea Allerkamp (Chair for Western European Literatures), Department for Cultural Studies, European University Viadrina, Frankfurt (Oder)<\/li>\n<li>09\/2013 to 06\/2014: Teaching assistant\/Visiting Graduate Student in the German and Roman Languages and Literatures Department, The Johns Hopkins University, Baltimore, MD (USA)<\/li>\n<li>10\/2010 to 08\/2013: Research M.A. studies in Literary Studies: Aesthetics \u2013 Literature \u2013 Philosophy, European University Viadrina, Frankfurt (Oder)<\/li>\n<\/ul>\n<hr>\n<h3><strong><u>Publications<\/u><\/strong><\/h3>\n<p><em><strong>Edited volumes<br \/>\n<\/strong><\/em><\/p>\n<ul>\n<li>Allerkamp, Andrea\/Preuss, Matthias\/Sch\u00f6nbeck, Sebastian: <em>Unarten. Kleist und das Gesetz der Gattung<\/em>, Bielefeld: transcript 2017 (in print).<\/li>\n<\/ul>\n<p><em><strong>Essays<\/strong><\/em><\/p>\n<ul>\n<li>Preuss, Matthias: \u201eZur Ordnungswidrigkeit der Dinge. Linn\u00e9s marginale Monstrosit\u00e4t(en) und das kalligrammatische Verfahren&#8221;, in: F\u00f6rschler, Silke\/Mariss, Anne: <em>Akteure \u2013 Tiere \u2013 Dinge. Verfahrensweisen der Naturgeschichte<\/em>, K\u00f6ln, Weimar, Wien: B\u00f6hlau 2017<\/li>\n<li>Preuss, Matthias: \u201eThe In\/visible Stag. An Ovidian Sabotage of Descartes\u2019 Anthropological Machine\u201c, in: Stella, Marco\/Gibas, Petr\/Pauknerov\u00e1, Karol\u00edna: <em>Non\u2010humans and after in Social Science<\/em>, \u010cerven\u00fd Kostelec: Pavel Mervart 2016, p. 117-127.<\/li>\n<li>Preuss, Matthias\/Sch\u00f6nbeck, Sebastian: \u201eAbnorme Paarungen versuchen. Naturgeschichtliche Betisen in Flauberts Bouvard und P\u00e9cuchet\u201c, in: Anderson, Sage\/Edinger, Sebastian\/Heller, Jakob\/Edinger, Sebastian: <em>\u00dcberg\u00e4nge<\/em>. W\u00fcrzburg: K\u00f6nigshausen und Neumann 2016 (in preparation).<\/li>\n<li>Preuss, Matthias: \u201eNarrative Prellsch\u00fcsse. Die spielerische Suspension allen theoretischen und kriegerischen Ernstes in \u203aUnwahrscheinliche Wahrhaftigkeiten\u2039\u201c, in: Kleist\u2010Jahrbuch (KJb) 2016, p. 126-141.<\/li>\n<li>Preuss, Matthias\/Sch\u00f6nbeck, Sebastian: \u201eB\u00eates Studies: Flaubert\u2019s and Balzac\u2019s Lessons in Natural History&#8221;, in: <em>Journal for Literary Theory<\/em> 9,2 (2015), Special Edition: <em>Cultural and Literary Animal Studies<\/em>, Roland Borgards (Ed.), p. 250\u2010270.<\/li>\n<li>Preuss, Matthias: <em>\u201e<\/em>Pferche. Der Gemeinplatz als Lebensraum<em>\u201c, <\/em>in: <em>Tierstudien <\/em>6 \u2013 Tiere und Raum (2014), p. 108 &#8211; 117.<\/li>\n<\/ul>\n<hr>\n<h3><strong><u>Talks<br \/>\n<\/u><\/strong><\/h3>\n<ul>\n<li>\u201cHow to Disappear Completely? The Poetics of Extinction\u201c, October 2016, International Symposium \u201cTexts, Animals, Environments. Zoopoetics and Environmental Poetics\u201d, Castle Herrenhausen, Hannover<\/li>\n<li>\u201cMangelerscheinungen. Zu den politischen und \u00f6kologischen Randbedingungen imagin\u00e4rer Inseln\u201c,m July 2016, Lecture Series \u201cBegrenzung. Zu Aktualit\u00e4t und Perspektiven einer Wissensordnung der Kulturwissenschaften\u201d, European University Viadrina, Frankfurt (Oder)<\/li>\n<li>\u201cThe Erosion of Genre. Slow Death as Form of Life\u201c, March 2016, ALCA Annual Meeting 2016, Section: \u201cZoopoetics: Forms of Life\u201d, Harvard University, Cambridge, MA, USA<\/li>\n<li>\u201cGr\u00e4uel entdecken. Demonstrationen im K\u00e4thchen\u201c, September 2015, International Conference \u201cUnarten. Kleist und das Gesetz der Gattung\u201c, Kleist Museum, Frankfurt (Oder)<\/li>\n<li>\u201cDie Ordnungswidrigkeit der Dinge. Carl von Linn\u00e9s marginale Monstrosit\u00e4t(en)\u201c, June 2015, Conference \u201cAkteure, Tiere, Dinge. Verfahrensweisen der Naturgeschichte\u201c, Ottoneum, Kassel<\/li>\n<li>\u201cSpinning Theory. Arachne\u2019s Traces and the Entanglement of Zoopoetics\u201c, March 2015, ACLA Annual Meeting 2015, Section: \u201cWhat is Zoopoetics?\u201c, Seattle, WA, USA<\/li>\n<li>\u201cFallen &amp; Fehlen: Der poetologische Einsatz in Unwahrscheinliche Wahrhaftigkeiten\u201c, October 2014, &nbsp;4<sup>th<\/sup> Scientific Kleist Colloquium, Kleist Museum, Frankfurt (Oder)<\/li>\n<li>\u201cAbnorme Paarungen versuchen. Naturgeschichtliche Betisen in Flauberts Bouvard et P\u00e9cuchet\u201c, September 2014, with Sebastian Sch\u00f6nbeck, &nbsp;Final Conference of the DFG Graduate Program \u201cLebensformen + Lebenswissen\u201d: \u201c\u00dcberg\u00e4nge\u201c, Literaturwerkstatt, Berlin<\/li>\n<li>\u201dInhibited Animotion: The Twofold Character of a Commonplace\u201d, March 2014, ACLA Annual Meeting 2014: \u201cCapitals\u201d, Section: \u201cTraffic in Animals\u201d, New York University, New York City, NY, USA<\/li>\n<li>\u201cAn in\/visible stag. Reapproaching Descartes with Agamben\u201c, November 2012, International Conference \u201cNon\u2010human in Social Science III: Past Trajectories \u2010 Future Prospects\u201d, Universita Karlova, Prague, Czech Republic<\/li>\n<\/ul>\n<hr>\n<h3><span style=\"text-decoration: underline;\"><strong>University Courses<br \/>\n<\/strong><\/span><\/h3>\n<ul>\n<li>Summer term 2016: \u201eRobinsonades. The (Im)Possibility of Islands and the Phantasm of Insulation\u201c B.A. Seminar (in English), Literary Studies\/Cultural Studies, European University Viadrina<\/li>\n<li>Winter term 2015: \u201eOikos \u2013 Logos \u2013 Kritik. Ecocriticism zur Einf\u00fchrung\u201c (Oikos \u2013 Logos \u2013 Critique. An Introduction to Ecocriticism), B.A. Seminar with Writing Fellows, Literary Studies\/Cultural Studies, European University Viadrina<\/li>\n<li>Summer term 2015: \u201eKatastrophen. Desastr\u00f6se Literatur und der apokalyptische Ton\u201c (Catastrophes. Disastrous Literature and the Apocalyptic Tone), B.A. Seminar, Literary Studies\/Cultural Studies, European University Viadrina<\/li>\n<li>Winter term 2014: \u201eZoopoetik. Zur literarischen Produktion und Produktivit\u00e4t des Nichtmenschlichen\u201c (Zoopoetics. On the Literary Production and Productivity of the Non-Human), Literary Studies\/Cultural Studies, European University Viadrina<\/li>\n<\/ul>\n<hr>\n<h3><strong><u>Miscellaneous<br \/>\n<\/u><\/strong><\/h3>\n<ul>\n<li>Co-organization of the 3-day International Conference \u201eUnarten. Kleist und das Gesetz der Gattung\u201c (Bad Habits\/Non-Species. Kleist and the Law of Genre), 24. &#8211; 26. Sept. 2015.<\/li>\n<\/ul>\n<ul>\n<li><em>Memberships<\/em>\n<ul>\n<li>Junior Scholar Network Cultural and Literary Animal Studies (CLAS)<\/li>\n<li><a href=\"http:\/\/www.heinrich-von-kleist.org\/kleist-gesellschaft\/\" target=\"_blank\" rel=\"noopener noreferrer\">Heinrich\u2010von\u2010Kleist\u2010Gesellschaft<\/a><\/li>\n<li><a href=\"https:\/\/www.acla.org\/\" target=\"_blank\" rel=\"noopener noreferrer\">American Comparative Literature Association (ACLA)<\/a><\/li>\n<li><a href=\"https:\/\/www.gfmedienwissenschaft.de\/\" target=\"_blank\" rel=\"noopener noreferrer\">Society for Media Studies (GfM)<\/a><\/li>\n<li>Berlin CLAS Reading Circle<\/li>\n<\/ul>\n<\/li>\n<\/ul>\n","protected":false},"excerpt":{"rendered":"<p>Universit\u00e4tsstr. 105 44789 Bochum Room:&nbsp;UNI 105, 3\/26 Phone: +49 (0) 234\/32-27291 E-Mail: matthias.preuss@rub.de Title of the Dissertation Anomalies: Literature and<\/p>\n","protected":false},"author":7,"featured_media":0,"parent":366,"menu_order":0,"comment_status":"closed","ping_status":"closed","template":"","meta":{"colormag_page_container_layout":"default_layout","colormag_page_sidebar_layout":"default_layout","_uag_custom_page_level_css":"","ngg_post_thumbnail":0,"footnotes":""},"class_list":["post-387","page","type-page","status-publish","hentry"],"translation":{"provider":"WPGlobus","version":"3.0.2","language":"en","enabled_languages":["de","en"],"languages":{"de":{"title":true,"content":true,"excerpt":false},"en":{"title":true,"content":true,"excerpt":false}}},"yoast_head":"<!-- This site is optimized with the Yoast SEO plugin v27.4 - https:\/\/yoast.com\/product\/yoast-seo-wordpress\/ -->\n<title>Matthias Preuss, M.A. - GRK Das Dokumentarische. Exzess und Entzug<\/title>\n<meta name=\"robots\" content=\"index, follow, max-snippet:-1, max-image-preview:large, max-video-preview:-1\" \/>\n<link rel=\"canonical\" href=\"https:\/\/das-dokumentarische.blogs.ruhr-uni-bochum.de\/kollegiat_innen\/matthias-preuss\/\" \/>\n<meta property=\"og:locale\" content=\"en_US\" \/>\n<meta property=\"og:type\" content=\"article\" \/>\n<meta property=\"og:title\" content=\"Matthias Preuss, M.A. - GRK Das Dokumentarische. Exzess und Entzug\" \/>\n<meta property=\"og:url\" content=\"https:\/\/das-dokumentarische.blogs.ruhr-uni-bochum.de\/kollegiat_innen\/matthias-preuss\/\" \/>\n<meta property=\"og:site_name\" content=\"GRK Das Dokumentarische. Exzess und Entzug\" \/>\n<meta property=\"article:modified_time\" content=\"2020-07-06T10:15:11+00:00\" \/>\n<meta property=\"og:image\" content=\"https:\/\/das-dokumentarische.blogs.ruhr-uni-bochum.de\/wp-content\/uploads\/2016\/12\/preuss_matthias.jpg\" \/>\n<meta name=\"twitter:card\" content=\"summary_large_image\" \/>\n<meta name=\"twitter:label1\" content=\"Est. reading time\" \/>\n\t<meta name=\"twitter:data1\" content=\"12 minutes\" \/>\n<script type=\"application\/ld+json\" class=\"yoast-schema-graph\">{\"@context\":\"https:\\\/\\\/schema.org\",\"@graph\":[{\"@type\":\"WebPage\",\"@id\":\"https:\\\/\\\/das-dokumentarische.blogs.ruhr-uni-bochum.de\\\/kollegiat_innen\\\/matthias-preuss\\\/\",\"url\":\"https:\\\/\\\/das-dokumentarische.blogs.ruhr-uni-bochum.de\\\/kollegiat_innen\\\/matthias-preuss\\\/\",\"name\":\"Matthias Preuss, M.A. - GRK Das Dokumentarische. Exzess und Entzug\",\"isPartOf\":{\"@id\":\"https:\\\/\\\/das-dokumentarische.blogs.ruhr-uni-bochum.de\\\/en\\\/#website\"},\"primaryImageOfPage\":{\"@id\":\"https:\\\/\\\/das-dokumentarische.blogs.ruhr-uni-bochum.de\\\/kollegiat_innen\\\/matthias-preuss\\\/#primaryimage\"},\"image\":{\"@id\":\"https:\\\/\\\/das-dokumentarische.blogs.ruhr-uni-bochum.de\\\/kollegiat_innen\\\/matthias-preuss\\\/#primaryimage\"},\"thumbnailUrl\":\"https:\\\/\\\/das-dokumentarische.blogs.ruhr-uni-bochum.de\\\/wp-content\\\/uploads\\\/2016\\\/12\\\/preuss_matthias.jpg\",\"datePublished\":\"2016-11-16T22:22:58+00:00\",\"dateModified\":\"2020-07-06T10:15:11+00:00\",\"breadcrumb\":{\"@id\":\"https:\\\/\\\/das-dokumentarische.blogs.ruhr-uni-bochum.de\\\/kollegiat_innen\\\/matthias-preuss\\\/#breadcrumb\"},\"inLanguage\":\"en-US\",\"potentialAction\":[{\"@type\":\"ReadAction\",\"target\":[\"https:\\\/\\\/das-dokumentarische.blogs.ruhr-uni-bochum.de\\\/kollegiat_innen\\\/matthias-preuss\\\/\"]}]},{\"@type\":\"ImageObject\",\"inLanguage\":\"en-US\",\"@id\":\"https:\\\/\\\/das-dokumentarische.blogs.ruhr-uni-bochum.de\\\/kollegiat_innen\\\/matthias-preuss\\\/#primaryimage\",\"url\":\"https:\\\/\\\/das-dokumentarische.blogs.ruhr-uni-bochum.de\\\/wp-content\\\/uploads\\\/2016\\\/12\\\/preuss_matthias.jpg\",\"contentUrl\":\"https:\\\/\\\/das-dokumentarische.blogs.ruhr-uni-bochum.de\\\/wp-content\\\/uploads\\\/2016\\\/12\\\/preuss_matthias.jpg\"},{\"@type\":\"BreadcrumbList\",\"@id\":\"https:\\\/\\\/das-dokumentarische.blogs.ruhr-uni-bochum.de\\\/kollegiat_innen\\\/matthias-preuss\\\/#breadcrumb\",\"itemListElement\":[{\"@type\":\"ListItem\",\"position\":1,\"name\":\"Startseite\",\"item\":\"https:\\\/\\\/das-dokumentarische.blogs.ruhr-uni-bochum.de\\\/en\\\/\"},{\"@type\":\"ListItem\",\"position\":2,\"name\":\"Kollegiat_innen\",\"item\":\"https:\\\/\\\/das-dokumentarische.blogs.ruhr-uni-bochum.de\\\/kollegiat_innen\\\/\"},{\"@type\":\"ListItem\",\"position\":3,\"name\":\"Matthias Preuss, M.A.\"}]},{\"@type\":\"WebSite\",\"@id\":\"https:\\\/\\\/das-dokumentarische.blogs.ruhr-uni-bochum.de\\\/en\\\/#website\",\"url\":\"https:\\\/\\\/das-dokumentarische.blogs.ruhr-uni-bochum.de\\\/en\\\/\",\"name\":\"GRK Das Dokumentarische. Exzess und Entzug\",\"description\":\"\",\"potentialAction\":[{\"@type\":\"SearchAction\",\"target\":{\"@type\":\"EntryPoint\",\"urlTemplate\":\"https:\\\/\\\/das-dokumentarische.blogs.ruhr-uni-bochum.de\\\/en\\\/?s={search_term_string}\"},\"query-input\":{\"@type\":\"PropertyValueSpecification\",\"valueRequired\":true,\"valueName\":\"search_term_string\"}}],\"inLanguage\":\"en-US\"}]}<\/script>\n<!-- \/ Yoast SEO plugin. -->","yoast_head_json":{"title":"Matthias Preuss, M.A. - GRK Das Dokumentarische. Exzess und Entzug","robots":{"index":"index","follow":"follow","max-snippet":"max-snippet:-1","max-image-preview":"max-image-preview:large","max-video-preview":"max-video-preview:-1"},"canonical":"https:\/\/das-dokumentarische.blogs.ruhr-uni-bochum.de\/kollegiat_innen\/matthias-preuss\/","og_locale":"en_US","og_type":"article","og_title":"Matthias Preuss, M.A. - GRK Das Dokumentarische. Exzess und Entzug","og_url":"https:\/\/das-dokumentarische.blogs.ruhr-uni-bochum.de\/kollegiat_innen\/matthias-preuss\/","og_site_name":"GRK Das Dokumentarische. Exzess und Entzug","article_modified_time":"2020-07-06T10:15:11+00:00","og_image":[{"url":"https:\/\/das-dokumentarische.blogs.ruhr-uni-bochum.de\/wp-content\/uploads\/2016\/12\/preuss_matthias.jpg","type":"","width":"","height":""}],"twitter_card":"summary_large_image","twitter_misc":{"Est. reading time":"12 minutes"},"schema":{"@context":"https:\/\/schema.org","@graph":[{"@type":"WebPage","@id":"https:\/\/das-dokumentarische.blogs.ruhr-uni-bochum.de\/kollegiat_innen\/matthias-preuss\/","url":"https:\/\/das-dokumentarische.blogs.ruhr-uni-bochum.de\/kollegiat_innen\/matthias-preuss\/","name":"Matthias Preuss, M.A. - GRK Das Dokumentarische. Exzess und Entzug","isPartOf":{"@id":"https:\/\/das-dokumentarische.blogs.ruhr-uni-bochum.de\/en\/#website"},"primaryImageOfPage":{"@id":"https:\/\/das-dokumentarische.blogs.ruhr-uni-bochum.de\/kollegiat_innen\/matthias-preuss\/#primaryimage"},"image":{"@id":"https:\/\/das-dokumentarische.blogs.ruhr-uni-bochum.de\/kollegiat_innen\/matthias-preuss\/#primaryimage"},"thumbnailUrl":"https:\/\/das-dokumentarische.blogs.ruhr-uni-bochum.de\/wp-content\/uploads\/2016\/12\/preuss_matthias.jpg","datePublished":"2016-11-16T22:22:58+00:00","dateModified":"2020-07-06T10:15:11+00:00","breadcrumb":{"@id":"https:\/\/das-dokumentarische.blogs.ruhr-uni-bochum.de\/kollegiat_innen\/matthias-preuss\/#breadcrumb"},"inLanguage":"en-US","potentialAction":[{"@type":"ReadAction","target":["https:\/\/das-dokumentarische.blogs.ruhr-uni-bochum.de\/kollegiat_innen\/matthias-preuss\/"]}]},{"@type":"ImageObject","inLanguage":"en-US","@id":"https:\/\/das-dokumentarische.blogs.ruhr-uni-bochum.de\/kollegiat_innen\/matthias-preuss\/#primaryimage","url":"https:\/\/das-dokumentarische.blogs.ruhr-uni-bochum.de\/wp-content\/uploads\/2016\/12\/preuss_matthias.jpg","contentUrl":"https:\/\/das-dokumentarische.blogs.ruhr-uni-bochum.de\/wp-content\/uploads\/2016\/12\/preuss_matthias.jpg"},{"@type":"BreadcrumbList","@id":"https:\/\/das-dokumentarische.blogs.ruhr-uni-bochum.de\/kollegiat_innen\/matthias-preuss\/#breadcrumb","itemListElement":[{"@type":"ListItem","position":1,"name":"Startseite","item":"https:\/\/das-dokumentarische.blogs.ruhr-uni-bochum.de\/en\/"},{"@type":"ListItem","position":2,"name":"Kollegiat_innen","item":"https:\/\/das-dokumentarische.blogs.ruhr-uni-bochum.de\/kollegiat_innen\/"},{"@type":"ListItem","position":3,"name":"Matthias Preuss, M.A."}]},{"@type":"WebSite","@id":"https:\/\/das-dokumentarische.blogs.ruhr-uni-bochum.de\/en\/#website","url":"https:\/\/das-dokumentarische.blogs.ruhr-uni-bochum.de\/en\/","name":"GRK Das Dokumentarische. Exzess und Entzug","description":"","potentialAction":[{"@type":"SearchAction","target":{"@type":"EntryPoint","urlTemplate":"https:\/\/das-dokumentarische.blogs.ruhr-uni-bochum.de\/en\/?s={search_term_string}"},"query-input":{"@type":"PropertyValueSpecification","valueRequired":true,"valueName":"search_term_string"}}],"inLanguage":"en-US"}]}},"uagb_featured_image_src":{"full":false,"thumbnail":false,"medium":false,"medium_large":false,"large":false,"1536x1536":false,"2048x2048":false,"ultp_layout_landscape_large":false,"ultp_layout_landscape":false,"ultp_layout_portrait":false,"ultp_layout_square":false,"colormag-highlighted-post":false,"colormag-featured-post-medium":false,"colormag-featured-post-small":false,"colormag-featured-image":false,"colormag-default-news":false,"colormag-featured-image-large":false},"uagb_author_info":{"display_name":"das-dokumentarische","author_link":"https:\/\/das-dokumentarische.blogs.ruhr-uni-bochum.de\/en\/author\/dasdoxs6\/"},"uagb_comment_info":0,"uagb_excerpt":"Universit\u00e4tsstr. 105 44789 Bochum Room:&nbsp;UNI 105, 3\/26 Phone: +49 (0) 234\/32-27291 E-Mail: matthias.preuss@rub.de Title of the Dissertation Anomalies: Literature and","_links":{"self":[{"href":"https:\/\/das-dokumentarische.blogs.ruhr-uni-bochum.de\/en\/wp-json\/wp\/v2\/pages\/387","targetHints":{"allow":["GET"]}}],"collection":[{"href":"https:\/\/das-dokumentarische.blogs.ruhr-uni-bochum.de\/en\/wp-json\/wp\/v2\/pages"}],"about":[{"href":"https:\/\/das-dokumentarische.blogs.ruhr-uni-bochum.de\/en\/wp-json\/wp\/v2\/types\/page"}],"author":[{"embeddable":true,"href":"https:\/\/das-dokumentarische.blogs.ruhr-uni-bochum.de\/en\/wp-json\/wp\/v2\/users\/7"}],"replies":[{"embeddable":true,"href":"https:\/\/das-dokumentarische.blogs.ruhr-uni-bochum.de\/en\/wp-json\/wp\/v2\/comments?post=387"}],"version-history":[{"count":38,"href":"https:\/\/das-dokumentarische.blogs.ruhr-uni-bochum.de\/en\/wp-json\/wp\/v2\/pages\/387\/revisions"}],"predecessor-version":[{"id":5662,"href":"https:\/\/das-dokumentarische.blogs.ruhr-uni-bochum.de\/en\/wp-json\/wp\/v2\/pages\/387\/revisions\/5662"}],"up":[{"embeddable":true,"href":"https:\/\/das-dokumentarische.blogs.ruhr-uni-bochum.de\/en\/wp-json\/wp\/v2\/pages\/366"}],"wp:attachment":[{"href":"https:\/\/das-dokumentarische.blogs.ruhr-uni-bochum.de\/en\/wp-json\/wp\/v2\/media?parent=387"}],"curies":[{"name":"wp","href":"https:\/\/api.w.org\/{rel}","templated":true}]}}