{"id":385,"date":"2016-11-16T23:22:54","date_gmt":"2016-11-16T22:22:54","guid":{"rendered":"https:\/\/das-dokumentarische.blogs.ruhr-uni-bochum.de\/?page_id=385"},"modified":"2022-04-29T23:07:04","modified_gmt":"2022-04-29T21:07:04","slug":"leonie-zilch","status":"publish","type":"page","link":"https:\/\/das-dokumentarische.blogs.ruhr-uni-bochum.de\/en\/kollegiat_innen\/leonie-zilch\/","title":{"rendered":"Dr. Leonie Zilch"},"content":{"rendered":"\n<div class=\"wp-block-media-text alignwide is-stacked-on-mobile\" style=\"grid-template-columns:26% auto\"><figure class=\"wp-block-media-text__media\"><img loading=\"lazy\" decoding=\"async\" width=\"700\" height=\"700\" src=\"https:\/\/das-dokumentarische.blogs.ruhr-uni-bochum.de\/wp-content\/uploads\/2016\/12\/zilch_leonie-700x700.jpg\" alt=\"\" class=\"wp-image-561 size-full\" srcset=\"https:\/\/das-dokumentarische.blogs.ruhr-uni-bochum.de\/wp-content\/uploads\/2016\/12\/zilch_leonie-700x700.jpg 700w, https:\/\/das-dokumentarische.blogs.ruhr-uni-bochum.de\/wp-content\/uploads\/2016\/12\/zilch_leonie-150x150.jpg 150w, https:\/\/das-dokumentarische.blogs.ruhr-uni-bochum.de\/wp-content\/uploads\/2016\/12\/zilch_leonie-300x300.jpg 300w, https:\/\/das-dokumentarische.blogs.ruhr-uni-bochum.de\/wp-content\/uploads\/2016\/12\/zilch_leonie-768x768.jpg 768w, https:\/\/das-dokumentarische.blogs.ruhr-uni-bochum.de\/wp-content\/uploads\/2016\/12\/zilch_leonie.jpg 1000w\" sizes=\"auto, (max-width: 700px) 100vw, 700px\" \/><\/figure><div class=\"wp-block-media-text__content\">\n<p><br>E-Mail: leozilch@uni-mainz.de<\/p>\n<\/div><\/div>\n\n\n\n<hr class=\"wp-block-separator\"\/>\n\n\n\n<p><strong><u>Title of the Dissertation<\/u><\/strong><\/p>\n\n\n\n<p>Arousing Documents: Pornographic Films and How we Read Them<\/p>\n\n\n\n<hr class=\"wp-block-separator\"\/>\n\n\n\n<p><strong><u>Project Description<\/u><\/strong><\/p>\n\n\n\n<p>In 1991, Christian Hansen, Catherine Needham and Bill Nichols noted a \u201cdocumentary impulse\u201d (Hansen et al., 1991, p. 211) in porn movies. For almost 20 years, almost nobody paid heed to their observation. Now, with the rise of amateur pornography, live-webcam-sex, and the inclusion of interviews and behind-the-scenes material, the question concerning the \u201cdocumentary impulse\u201d of pornographic images reemerges. Especially in feminist and queer pornography, this documentary gesture is intertwined with the idea of authentic representation. Some porn scholars claim that the line between \u201cpornographic performance and documented reality\u201d (Scott, 2016, p. 120) is currently blurred. In my dissertation project, I want to investigate the documentary gesture of contemporary pornographies by analyzing feminist and queer pornography, as well as mainstream (primarily gonzo movies) and amateur pornography.<\/p>\n\n\n\n<p>Hansen, Christian; Needham, Catherine; Nichols, Bill (1991): \u201cPornography, Ethnography, and the Discourse of Power\u201d. In: Bill Nichols (Ed.): <em>Representing Reality: Issues and Concepts in Documentary<\/em>. Bloomington, Ind.: Indiana Univ. Press, pp. 201\u2013228.<\/p>\n\n\n\n<p>Scott, Karly-Lynne (2016): \u201cPerforming labour. Ethical spectatorship and the communication of labour conditions in pornography\u201d. In: <em>Porn Studies <\/em>3 (2), pp. 120\u2013132.<\/p>\n\n\n\n<hr class=\"wp-block-separator\"\/>\n\n\n\n<p><strong><u>Scholarly Career<\/u><\/strong><\/p>\n\n\n\n<ul class=\"wp-block-list\"><li>Since 10\/2016: Doctoral Student Member of the DFG Graduate Research Group on \u201cDocumentary Practices. Excess and Privation\u201d, Ruhr-University Bochum<\/li><li>&nbsp;04\/2016 to 09\/2016: Student assistant in Media Studies for Jun. Prof. Dr. Florian Sprenger and Dr. des. Jana Mangold, Goethe-University Frankfurt.<\/li><li>&nbsp;10\/2012 to 09\/2016: Bachelor of Arts in Theater, Film and Media Studies at Goethe University Frankfurt.<\/li><li>&nbsp;10\/2015 to 07\/2016: Training course \u201cBuch- und Medienpraxis\u201d, Goethe University Frankfurt.<\/li><li>&nbsp;04\/2012 to 03\/2016: Student assistant at the Bibliothek f\u00fcr Jugendbuchforschung (Library for Studies of Literature for Children and Young Persons), Goethe University Frankfurt.<\/li><li>&nbsp;10\/2010 to 10\/2015: Study of German and Philosophy for certification as secondary teacher, Goethe University Frankfurt. Thesis: On the Aesthetic of Feminist Pornography.<\/li><\/ul>\n\n\n\n<hr class=\"wp-block-separator\"\/>\n\n\n\n<p><strong><u>Publications<\/u><\/strong><\/p>\n\n\n\n<p><strong>Editorships<\/strong><\/p>\n\n\n\n<ul class=\"wp-block-list\"><li>in collaboration with Robert D\u00f6rre, Julia Eckel, Sarah Horn and Elisa Linseisen: FFK journal No. 4, Publication of the 31. Film- und Fernsehwissenschaftliches Kolloquium, <a href=\"http:\/\/ffk-journal.de\/?journal=ffk-journal&amp;page=issue&amp;op=view&amp;path%5B%5D=5\">Open Access<\/a>, 2019.<\/li><\/ul>\n\n\n\n<p><strong>Articles<\/strong><\/p>\n\n\n\n<ul class=\"wp-block-list\"><li>(forthcoming): Zug\u00e4nge. \u00dcber Rollst\u00fchle und andere Fahrgesch\u00e4fte, in: Friedrich Balke, Natalie Binczek, Maren Haffke, Simon Roth\u00f6hler, Marcel Beyer (Eds.):<em> Exzess und Entzug. Ferres vor Gursky, Ferres vor Immendorf<\/em>, Leipzig: Spector Books, pp. 43-46.<\/li><li>(2020): Von Peter Banning zu Pan zu Peter \u2013 Der Weg der Individuation nach Carl Gustav Jung in Spielbergs Hook, in: Iris Sch\u00e4fer (Ed.): <em>Zur \u00c4sthetik psychischer Krankheit in kinder- und jugendliterarischen Medien. Psychoanalytische und tiefenpsychologische Analysen \u2013 transdisziplin\u00e4r erweitert<\/em>. G\u00f6ttingen: Vandenhoeck &amp; Ruprecht, pp. 435-452.<\/li><li>(2019):&nbsp; Editorial, in collaboration with Robert D\u00f6rre, Julia Eckel, Sarah Horn and Elisa Linseisen, in: <em>FFK journal<\/em>, No. 4, 2019, <a href=\"http:\/\/ffk-journal.de\/?journal=ffk-journal&amp;page=article&amp;op=view&amp;path%5B%5D=85\">Open Access I-V<\/a>.<\/li><li>Zilch, Leonie (2017): You were so hot I forgot you were in a wheelchair, in: ASta Newspaper University Frankfurt, Special Edition <em>Sex und Schein,<\/em> Winter 2016\/17, pp. 17-18. Online available at: <a href=\"http:\/\/asta-frankfurt.de\/sites\/default\/files\/dateien\/asta-zeitung-sex-schein\/20170125astaffmzeitungwebversion.pdf\">http:\/\/asta-frankfurt.de\/sites\/default\/files\/dateien\/asta-zeitung-sex-schein\/20170125astaffmzeitungwebversion.pdf<\/a><\/li><\/ul>\n\n\n\n<p><strong>Reviews<\/strong><\/p>\n\n\n\n<ul class=\"wp-block-list\"><li>(2017): Bildungsauftrag. Manche ja, manche nein: Zu Shira Tarrants &#8220;The Pornography Industry&#8221;, in: <em>CARGO Film\/Medien\/Kultur, 35 (<\/em>3\/2017), pp. 74-77.<\/li><li>(2017): Human Enhancement und M\u00f6glichkeiten der Alterit\u00e4t. Omnibus review for: Harrasser, Karin (2013): K\u00f6rper 2.0. \u00dcber die technische Erweiterbarkeit des Menschen, Spreen, Dierk (2015): Upgradekultur. Der K\u00f6rper in der Enhancement-Gesellschaft, Adams, Rachel\/Reiss, Benjamin\/Serlin, David (Hrsg.): Keywords for Disability Studies, in: <em>Zeitschrift f\u00fcr Medienwissenschaft<\/em>, 16, 1\/2017, pp. 192-197.<\/li><\/ul>\n\n\n\n<hr class=\"wp-block-separator\"\/>\n\n\n\n<p><strong><u>Talks<\/u><\/strong><\/p>\n\n\n\n<ul class=\"wp-block-list\"><li><em>Feministisch, Mainstream, Queer: \u201eDie Pornografie\u201c ist viele,<\/em> 02 November 2019, FILMZ \u2013 Festival des deutschen Films, 01.-08.11.2019, Mainz.<\/li><li><em>From \u201cAdult Breastfeeding\u201d to \u201cTit Torture\u201d: Exploring the Female Breast in Contemporary Pornographies<\/em>, 07 March 2018, XVI MAGIS International Film Studies Spring School, Gorizia, Italien.<\/li><li><em>Talking sex in mainstream and alternative pornographies,<\/em> 30 July 2017 at the NECS conference 2017 \u201eSensibility and the Senses\u201c, Universit\u00e9 Sorbonne Nouvelle \u2013 Paris 3<\/li><li><em>Arousing Documents \u2013 pornographic films and how we read them<\/em>, Graduate Workshop &#8220;Queer Temporalities and Media Aesthetics&#8221; from April 24 to 30 April 2017, Northwestern University, Chicago IL<\/li><li>\u201eWas ist feministische Pornografie?\u201c, 05 July 2015 at the \u201e<a href=\"https:\/\/studentischekonferenztfm.files.wordpress.com\/2015\/06\/programm.jpg\">Studentischen Konferenz TFM<\/a>\u201c, Goethe University Frankfurt<\/li><\/ul>\n\n\n\n<hr class=\"wp-block-separator\"\/>\n\n\n\n<p><strong><u>University Courses<\/u><\/strong><\/p>\n\n\n\n<ul class=\"wp-block-list\"><li>Summer term 2016: Autonomous tutorial \u201eSchlampe, Mutter, Erl\u00f6serin \u2013 Frauenrollen im Horrorfilm\u201c, Faculty 10, Department of Theatre, Film and Media Studies, Goethe University Frankfurt.<\/li><li>Winter term 2015\/16: Autonomous tutorial \u201eFeministische Pornografie \u2013 ein Oxymoron?\u201c, Faculty 10, Department of Theatre, Film and Media Studies, Goethe University Frankfurt.<\/li><\/ul>\n\n\n\n<hr class=\"wp-block-separator\"\/>\n\n\n\n<p><strong><u>Organisation of Events<\/u><\/strong><\/p>\n\n\n\n<ul class=\"wp-block-list\"><li>Cooperation on concept and realisation: 3. interdisciplinary workshop \u201eQueer Temporalities and Media Aesthetics\u201d in cooperation with the Critical Theory Cluster der Northwestern University , 24.-26.04.2018, Ruhr University Bochum.<\/li><li>Cooperation on concept and realisation: 31. Film- und Fernsehwissenschaftliches Kolloquium, 13.02.-15.02.2018, Ruhr University Bochum.<\/li><li>Cooperation on concept and organisation: \u201eStudentische Konferenz TFM 2015\u201c, 04.07.-05.07.2015, Goethe University Frankfurt.<\/li><\/ul>\n\n\n\n<hr class=\"wp-block-separator\"\/>\n\n\n\n<p><strong><u>Miscellaneous<\/u><\/strong><\/p>\n\n\n\n<ul class=\"wp-block-list\"><li>Member of <a href=\"https:\/\/www.gfmedienwissenschaft.de\/\">\u201cGesellschaft f\u00fcr Medienwissenschaft (GfM)<\/a>\u201d<ul><li>AG Gender\/Queer Studies &amp; Media Studies<\/li><\/ul><\/li><\/ul>\n\n\n\n<p><em>Member of <a href=\"https:\/\/necs.org\/\">NECS \u2013 European Network for Cinema and Media Studies<\/a><\/em><\/p>\n","protected":false},"excerpt":{"rendered":"<p>E-Mail: leozilch@uni-mainz.de Title of the Dissertation Arousing Documents: Pornographic Films and How we Read Them Project Description In 1991, Christian<\/p>\n","protected":false},"author":7,"featured_media":0,"parent":366,"menu_order":0,"comment_status":"closed","ping_status":"closed","template":"","meta":{"colormag_page_container_layout":"default_layout","colormag_page_sidebar_layout":"default_layout","_uag_custom_page_level_css":"","ngg_post_thumbnail":0,"footnotes":""},"class_list":["post-385","page","type-page","status-publish","hentry"],"translation":{"provider":"WPGlobus","version":"3.0.2","language":"en","enabled_languages":["de","en"],"languages":{"de":{"title":true,"content":true,"excerpt":false},"en":{"title":true,"content":true,"excerpt":false}}},"yoast_head":"<!-- This site is optimized with the Yoast SEO plugin v27.4 - https:\/\/yoast.com\/product\/yoast-seo-wordpress\/ -->\n<title>Dr. Leonie Zilch - GRK Das Dokumentarische. Exzess und Entzug<\/title>\n<meta name=\"robots\" content=\"index, follow, max-snippet:-1, max-image-preview:large, max-video-preview:-1\" \/>\n<link rel=\"canonical\" href=\"https:\/\/das-dokumentarische.blogs.ruhr-uni-bochum.de\/kollegiat_innen\/leonie-zilch\/\" \/>\n<meta property=\"og:locale\" content=\"en_US\" \/>\n<meta property=\"og:type\" content=\"article\" \/>\n<meta property=\"og:title\" content=\"Dr. Leonie Zilch - GRK Das Dokumentarische. Exzess und Entzug\" \/>\n<meta property=\"og:url\" content=\"https:\/\/das-dokumentarische.blogs.ruhr-uni-bochum.de\/kollegiat_innen\/leonie-zilch\/\" \/>\n<meta property=\"og:site_name\" content=\"GRK Das Dokumentarische. Exzess und Entzug\" \/>\n<meta property=\"article:modified_time\" content=\"2022-04-29T21:07:04+00:00\" \/>\n<meta property=\"og:image\" content=\"https:\/\/das-dokumentarische.blogs.ruhr-uni-bochum.de\/wp-content\/uploads\/2016\/12\/zilch_leonie-700x700.jpg\" \/>\n<meta name=\"twitter:card\" content=\"summary_large_image\" \/>\n<meta name=\"twitter:label1\" content=\"Est. reading time\" \/>\n\t<meta name=\"twitter:data1\" content=\"6 minutes\" \/>\n<script type=\"application\/ld+json\" class=\"yoast-schema-graph\">{\"@context\":\"https:\\\/\\\/schema.org\",\"@graph\":[{\"@type\":\"WebPage\",\"@id\":\"https:\\\/\\\/das-dokumentarische.blogs.ruhr-uni-bochum.de\\\/kollegiat_innen\\\/leonie-zilch\\\/\",\"url\":\"https:\\\/\\\/das-dokumentarische.blogs.ruhr-uni-bochum.de\\\/kollegiat_innen\\\/leonie-zilch\\\/\",\"name\":\"Dr. Leonie Zilch - GRK Das Dokumentarische. Exzess und Entzug\",\"isPartOf\":{\"@id\":\"https:\\\/\\\/das-dokumentarische.blogs.ruhr-uni-bochum.de\\\/en\\\/#website\"},\"primaryImageOfPage\":{\"@id\":\"https:\\\/\\\/das-dokumentarische.blogs.ruhr-uni-bochum.de\\\/kollegiat_innen\\\/leonie-zilch\\\/#primaryimage\"},\"image\":{\"@id\":\"https:\\\/\\\/das-dokumentarische.blogs.ruhr-uni-bochum.de\\\/kollegiat_innen\\\/leonie-zilch\\\/#primaryimage\"},\"thumbnailUrl\":\"https:\\\/\\\/das-dokumentarische.blogs.ruhr-uni-bochum.de\\\/wp-content\\\/uploads\\\/2016\\\/12\\\/zilch_leonie-700x700.jpg\",\"datePublished\":\"2016-11-16T22:22:54+00:00\",\"dateModified\":\"2022-04-29T21:07:04+00:00\",\"breadcrumb\":{\"@id\":\"https:\\\/\\\/das-dokumentarische.blogs.ruhr-uni-bochum.de\\\/kollegiat_innen\\\/leonie-zilch\\\/#breadcrumb\"},\"inLanguage\":\"en-US\",\"potentialAction\":[{\"@type\":\"ReadAction\",\"target\":[\"https:\\\/\\\/das-dokumentarische.blogs.ruhr-uni-bochum.de\\\/kollegiat_innen\\\/leonie-zilch\\\/\"]}]},{\"@type\":\"ImageObject\",\"inLanguage\":\"en-US\",\"@id\":\"https:\\\/\\\/das-dokumentarische.blogs.ruhr-uni-bochum.de\\\/kollegiat_innen\\\/leonie-zilch\\\/#primaryimage\",\"url\":\"https:\\\/\\\/das-dokumentarische.blogs.ruhr-uni-bochum.de\\\/wp-content\\\/uploads\\\/2016\\\/12\\\/zilch_leonie-700x700.jpg\",\"contentUrl\":\"https:\\\/\\\/das-dokumentarische.blogs.ruhr-uni-bochum.de\\\/wp-content\\\/uploads\\\/2016\\\/12\\\/zilch_leonie-700x700.jpg\"},{\"@type\":\"BreadcrumbList\",\"@id\":\"https:\\\/\\\/das-dokumentarische.blogs.ruhr-uni-bochum.de\\\/kollegiat_innen\\\/leonie-zilch\\\/#breadcrumb\",\"itemListElement\":[{\"@type\":\"ListItem\",\"position\":1,\"name\":\"Startseite\",\"item\":\"https:\\\/\\\/das-dokumentarische.blogs.ruhr-uni-bochum.de\\\/en\\\/\"},{\"@type\":\"ListItem\",\"position\":2,\"name\":\"Kollegiat_innen\",\"item\":\"https:\\\/\\\/das-dokumentarische.blogs.ruhr-uni-bochum.de\\\/kollegiat_innen\\\/\"},{\"@type\":\"ListItem\",\"position\":3,\"name\":\"Dr. Leonie Zilch\"}]},{\"@type\":\"WebSite\",\"@id\":\"https:\\\/\\\/das-dokumentarische.blogs.ruhr-uni-bochum.de\\\/en\\\/#website\",\"url\":\"https:\\\/\\\/das-dokumentarische.blogs.ruhr-uni-bochum.de\\\/en\\\/\",\"name\":\"GRK Das Dokumentarische. Exzess und Entzug\",\"description\":\"\",\"potentialAction\":[{\"@type\":\"SearchAction\",\"target\":{\"@type\":\"EntryPoint\",\"urlTemplate\":\"https:\\\/\\\/das-dokumentarische.blogs.ruhr-uni-bochum.de\\\/en\\\/?s={search_term_string}\"},\"query-input\":{\"@type\":\"PropertyValueSpecification\",\"valueRequired\":true,\"valueName\":\"search_term_string\"}}],\"inLanguage\":\"en-US\"}]}<\/script>\n<!-- \/ Yoast SEO plugin. -->","yoast_head_json":{"title":"Dr. Leonie Zilch - GRK Das Dokumentarische. Exzess und Entzug","robots":{"index":"index","follow":"follow","max-snippet":"max-snippet:-1","max-image-preview":"max-image-preview:large","max-video-preview":"max-video-preview:-1"},"canonical":"https:\/\/das-dokumentarische.blogs.ruhr-uni-bochum.de\/kollegiat_innen\/leonie-zilch\/","og_locale":"en_US","og_type":"article","og_title":"Dr. Leonie Zilch - GRK Das Dokumentarische. Exzess und Entzug","og_url":"https:\/\/das-dokumentarische.blogs.ruhr-uni-bochum.de\/kollegiat_innen\/leonie-zilch\/","og_site_name":"GRK Das Dokumentarische. Exzess und Entzug","article_modified_time":"2022-04-29T21:07:04+00:00","og_image":[{"url":"https:\/\/das-dokumentarische.blogs.ruhr-uni-bochum.de\/wp-content\/uploads\/2016\/12\/zilch_leonie-700x700.jpg","type":"","width":"","height":""}],"twitter_card":"summary_large_image","twitter_misc":{"Est. reading time":"6 minutes"},"schema":{"@context":"https:\/\/schema.org","@graph":[{"@type":"WebPage","@id":"https:\/\/das-dokumentarische.blogs.ruhr-uni-bochum.de\/kollegiat_innen\/leonie-zilch\/","url":"https:\/\/das-dokumentarische.blogs.ruhr-uni-bochum.de\/kollegiat_innen\/leonie-zilch\/","name":"Dr. Leonie Zilch - GRK Das Dokumentarische. Exzess und Entzug","isPartOf":{"@id":"https:\/\/das-dokumentarische.blogs.ruhr-uni-bochum.de\/en\/#website"},"primaryImageOfPage":{"@id":"https:\/\/das-dokumentarische.blogs.ruhr-uni-bochum.de\/kollegiat_innen\/leonie-zilch\/#primaryimage"},"image":{"@id":"https:\/\/das-dokumentarische.blogs.ruhr-uni-bochum.de\/kollegiat_innen\/leonie-zilch\/#primaryimage"},"thumbnailUrl":"https:\/\/das-dokumentarische.blogs.ruhr-uni-bochum.de\/wp-content\/uploads\/2016\/12\/zilch_leonie-700x700.jpg","datePublished":"2016-11-16T22:22:54+00:00","dateModified":"2022-04-29T21:07:04+00:00","breadcrumb":{"@id":"https:\/\/das-dokumentarische.blogs.ruhr-uni-bochum.de\/kollegiat_innen\/leonie-zilch\/#breadcrumb"},"inLanguage":"en-US","potentialAction":[{"@type":"ReadAction","target":["https:\/\/das-dokumentarische.blogs.ruhr-uni-bochum.de\/kollegiat_innen\/leonie-zilch\/"]}]},{"@type":"ImageObject","inLanguage":"en-US","@id":"https:\/\/das-dokumentarische.blogs.ruhr-uni-bochum.de\/kollegiat_innen\/leonie-zilch\/#primaryimage","url":"https:\/\/das-dokumentarische.blogs.ruhr-uni-bochum.de\/wp-content\/uploads\/2016\/12\/zilch_leonie-700x700.jpg","contentUrl":"https:\/\/das-dokumentarische.blogs.ruhr-uni-bochum.de\/wp-content\/uploads\/2016\/12\/zilch_leonie-700x700.jpg"},{"@type":"BreadcrumbList","@id":"https:\/\/das-dokumentarische.blogs.ruhr-uni-bochum.de\/kollegiat_innen\/leonie-zilch\/#breadcrumb","itemListElement":[{"@type":"ListItem","position":1,"name":"Startseite","item":"https:\/\/das-dokumentarische.blogs.ruhr-uni-bochum.de\/en\/"},{"@type":"ListItem","position":2,"name":"Kollegiat_innen","item":"https:\/\/das-dokumentarische.blogs.ruhr-uni-bochum.de\/kollegiat_innen\/"},{"@type":"ListItem","position":3,"name":"Dr. Leonie Zilch"}]},{"@type":"WebSite","@id":"https:\/\/das-dokumentarische.blogs.ruhr-uni-bochum.de\/en\/#website","url":"https:\/\/das-dokumentarische.blogs.ruhr-uni-bochum.de\/en\/","name":"GRK Das Dokumentarische. Exzess und Entzug","description":"","potentialAction":[{"@type":"SearchAction","target":{"@type":"EntryPoint","urlTemplate":"https:\/\/das-dokumentarische.blogs.ruhr-uni-bochum.de\/en\/?s={search_term_string}"},"query-input":{"@type":"PropertyValueSpecification","valueRequired":true,"valueName":"search_term_string"}}],"inLanguage":"en-US"}]}},"uagb_featured_image_src":{"full":false,"thumbnail":false,"medium":false,"medium_large":false,"large":false,"1536x1536":false,"2048x2048":false,"ultp_layout_landscape_large":false,"ultp_layout_landscape":false,"ultp_layout_portrait":false,"ultp_layout_square":false,"colormag-highlighted-post":false,"colormag-featured-post-medium":false,"colormag-featured-post-small":false,"colormag-featured-image":false,"colormag-default-news":false,"colormag-featured-image-large":false},"uagb_author_info":{"display_name":"das-dokumentarische","author_link":"https:\/\/das-dokumentarische.blogs.ruhr-uni-bochum.de\/en\/author\/dasdoxs6\/"},"uagb_comment_info":0,"uagb_excerpt":"E-Mail: leozilch@uni-mainz.de Title of the Dissertation Arousing Documents: Pornographic Films and How we Read Them Project Description In 1991, Christian","_links":{"self":[{"href":"https:\/\/das-dokumentarische.blogs.ruhr-uni-bochum.de\/en\/wp-json\/wp\/v2\/pages\/385","targetHints":{"allow":["GET"]}}],"collection":[{"href":"https:\/\/das-dokumentarische.blogs.ruhr-uni-bochum.de\/en\/wp-json\/wp\/v2\/pages"}],"about":[{"href":"https:\/\/das-dokumentarische.blogs.ruhr-uni-bochum.de\/en\/wp-json\/wp\/v2\/types\/page"}],"author":[{"embeddable":true,"href":"https:\/\/das-dokumentarische.blogs.ruhr-uni-bochum.de\/en\/wp-json\/wp\/v2\/users\/7"}],"replies":[{"embeddable":true,"href":"https:\/\/das-dokumentarische.blogs.ruhr-uni-bochum.de\/en\/wp-json\/wp\/v2\/comments?post=385"}],"version-history":[{"count":55,"href":"https:\/\/das-dokumentarische.blogs.ruhr-uni-bochum.de\/en\/wp-json\/wp\/v2\/pages\/385\/revisions"}],"predecessor-version":[{"id":8458,"href":"https:\/\/das-dokumentarische.blogs.ruhr-uni-bochum.de\/en\/wp-json\/wp\/v2\/pages\/385\/revisions\/8458"}],"up":[{"embeddable":true,"href":"https:\/\/das-dokumentarische.blogs.ruhr-uni-bochum.de\/en\/wp-json\/wp\/v2\/pages\/366"}],"wp:attachment":[{"href":"https:\/\/das-dokumentarische.blogs.ruhr-uni-bochum.de\/en\/wp-json\/wp\/v2\/media?parent=385"}],"curies":[{"name":"wp","href":"https:\/\/api.w.org\/{rel}","templated":true}]}}