{"id":381,"date":"2016-11-16T23:22:48","date_gmt":"2016-11-16T22:22:48","guid":{"rendered":"https:\/\/das-dokumentarische.blogs.ruhr-uni-bochum.de\/?page_id=381"},"modified":"2022-04-29T22:59:46","modified_gmt":"2022-04-29T20:59:46","slug":"felix-huettemann","status":"publish","type":"page","link":"https:\/\/das-dokumentarische.blogs.ruhr-uni-bochum.de\/en\/kollegiat_innen\/felix-huettemann\/","title":{"rendered":"Dr. Felix H\u00fcttemann"},"content":{"rendered":"\n<div class=\"wp-block-media-text alignwide is-stacked-on-mobile\" style=\"grid-template-columns:26% auto\"><figure class=\"wp-block-media-text__media\"><img loading=\"lazy\" decoding=\"async\" width=\"700\" height=\"700\" src=\"https:\/\/das-dokumentarische.blogs.ruhr-uni-bochum.de\/wp-content\/uploads\/2016\/11\/huettemann_felix-700x700.jpg\" alt=\"\" class=\"wp-image-652 size-full\" srcset=\"https:\/\/das-dokumentarische.blogs.ruhr-uni-bochum.de\/wp-content\/uploads\/2016\/11\/huettemann_felix-700x700.jpg 700w, https:\/\/das-dokumentarische.blogs.ruhr-uni-bochum.de\/wp-content\/uploads\/2016\/11\/huettemann_felix-150x150.jpg 150w, https:\/\/das-dokumentarische.blogs.ruhr-uni-bochum.de\/wp-content\/uploads\/2016\/11\/huettemann_felix-300x300.jpg 300w, https:\/\/das-dokumentarische.blogs.ruhr-uni-bochum.de\/wp-content\/uploads\/2016\/11\/huettemann_felix-768x768.jpg 768w, https:\/\/das-dokumentarische.blogs.ruhr-uni-bochum.de\/wp-content\/uploads\/2016\/11\/huettemann_felix.jpg 1000w\" sizes=\"auto, (max-width: 700px) 100vw, 700px\" \/><\/figure><div class=\"wp-block-media-text__content\">\n<p>Universit\u00e4tsstr.&nbsp;105<br>44789 Bochum<br>Room:&nbsp;UNI 105, 3\/28<\/p>\n\n\n\n<p>Phone: +49 (0) 234\/32-27098<br>E-Mail: felix.huettemann@rub.de<\/p>\n<\/div><\/div>\n\n\n\n<hr class=\"wp-block-separator\"\/>\n\n\n\n<h3 class=\"wp-block-heading\"><strong><u>Title of the Dissertation<\/u><\/strong><\/h3>\n\n\n\n<p>The Dandy and His Media Formings<em> (Working title)<\/em><\/p>\n\n\n\n<hr class=\"wp-block-separator\"\/>\n\n\n\n<h3 class=\"wp-block-heading\"><strong><u>Project Description<\/u><\/strong><\/h3>\n\n\n\n<p>In this project, a diversifying dandyistic media-aesthetic will be worked out from the history and media-philosophical discourses of the dandy and his media depictions. Key perspectives of my project are the literary, aesthetic and technical complexes of dandyism, which will be analyzed vis-\u00e0-vis the current technological condition, understood as a kind of a revitalized dandyistic (media-)ecology.<\/p>\n\n\n\n<p>Therefore, Dandyism will be considered as an ecological and aesthetic paradigm (following F\u00e9lix Guattari and others), which is generated out of a specific heterogenic environmental and artificial habitat of things, art, literature, fashion, interior design, and so on.<\/p>\n\n\n\n<p>The question \u201cWhat is a Dandy?\u201d is not that essential in this analysis\/study. What is of greater interest is developing a specific dandyistic media-aesthetic approach, which should be positioned vis-\u00e0-vis our current ubiquitous and environmental technology as a kind of environmental-becoming of technology and should constitute an aesthetic challenge to these technological frameworks.<\/p>\n\n\n\n<p>In this project, a diversifiying dandyistic media-aesthetic will be worked out of the history and media-philosophical discourses of the dandy and his media formings. Key perspectives of my project are the literary, aesthetical and technical complexes of dandyism, which will be analyzed in front of the current technological condition, understood as some kind of a revitalized dandyistic (media-)ecology.<\/p>\n\n\n\n<p>Therefore, Dandyism will be considered as an ecological and aesthetic paradigm (after F\u00e9lix Guattari and others) which is generated out of a specific heterogenic environmental and artificial habitat of things, art, literature, fashion, interior and so on.<\/p>\n\n\n\n<p>The question \u201cWhat is a Dandy?\u201d is not that essential in this analysis\/study. It is more interested in developing a specific dandyistic media-aesthetic approach, which should be positioned in front of our current ubiquitous and environmental technology as a kind of an environmental-becoming of technology and challenge these settings of technology aesthetically.<\/p>\n\n\n\n<hr class=\"wp-block-separator\"\/>\n\n\n\n<h3 class=\"wp-block-heading\"><strong><u>Scholarly Career<\/u><\/strong><\/h3>\n\n\n\n<ul class=\"wp-block-list\"><li>Since 10\/2016:&nbsp;Doctoral Student Member of the DFG Graduate Research Group on \u201cDocumentary Practices. Excess and Privation\u201d, Ruhr-University Bochum<\/li><li>10\/2014 to 10\/2016: Doctoral Fellow in the Mercator Research Group 2 \u201cSpaces of Anthropological Knowledge\u201d in Working Group 3 on Media and anthropological knowledge, Ruhr-University Bochum<\/li><li>01\/2014: Graduation Master of Arts | Master Thesis \u201cDie Z\u00e4sur Kybernetik. Das Ende der Vormachtstellung des Menschen durch die Kybernetik im Apriori von Sammeln, Speichern und Verarbeiten von Wissen und die M\u00f6glichkeit eines Dritten zwischen Mensch und Maschine.\u201d Primary supervisor: Prof. Dr. Nicolas Pethes, second supervisor: Prof. Dr. Friedrich Balke<\/li><li>Winter term 2011\/12 to winter term 2013\/14: Master studies in German studies and Philosophy, Ruhr-University Bochum<\/li><li>08\/2011: Graduation Bachelor of Arts<\/li><li>Winter term 2008\/09 to Summer term 2011: Bachelor studies in German studies and Philosophy, Ruhr-University Bochum<\/li><\/ul>\n\n\n\n<p><em><strong>Other Academic Activities<\/strong><\/em><\/p>\n\n\n\n<ul class=\"wp-block-list\"><li>Since summer term 2014 lecturer in German studies, new German literature, Ruhr-University Bochum<\/li><li>Winter term 2012\/13 &#8211; summer term 2014: Student\/research assistant for Jun. Prof. Dr. Yvonne W\u00fcbben at the Mercator Research Group 2 \u201cSpaces of Anthropological Knowledge\u201d in Working Group 2 on Literature and anthropological knowledge<\/li><li>Winter term 2011\/12 &#8211; summer term 2012: Tutor in Philosophy for \u201cHistorical introduction I and II\u201d<\/li><\/ul>\n\n\n\n<hr class=\"wp-block-separator\"\/>\n\n\n\n<h3 class=\"wp-block-heading\"><strong><u>Publications<\/u><\/strong><\/h3>\n\n\n\n<p><em><strong>Edited Volumes<\/strong><\/em><\/p>\n\n\n\n<ul class=\"wp-block-list\"><li>Felix H\u00fcttemann, Kevin Liggieri (Ed.): <em>Die Grenze Mensch. Diskurse des Transhumanismus<\/em>. Bielefeld 2017. (Forthcoming)<\/li><li>Felix H\u00fcttemann, Kevin Liggieri, Niels Werber: <em>Zeitschrift f\u00fcr Literaturwissenschaft und Linguistik<\/em>. 2015. Heft 179: Die Literatur des Ersten Weltkrieges.<\/li><\/ul>\n\n\n\n<p><em><strong>Essays<\/strong><\/em><\/p>\n\n\n\n<ul class=\"wp-block-list\"><li>\u201eWelt-ohne-uns\u201c. Nicht-menschliche R\u00e4ume und die Spekulation, sie zu denken. In: Julia Gruevska: <em>K\u00f6rper und R\u00e4ume. Studien zur Interdisziplin\u00e4ren Anthropologie<\/em>, ed. Gerald Hartung. Springer VS, Wiesbaden 2017. (To appear)<\/li><li>\u201eEin eigent\u00fcmlicher Apparat\u201c oder \u201eWenn es der Wahrheitsfindung dient!\u201c&nbsp; Polygraph, Affective Computing und Mensch-Maschine-Verstehen. In: Hans-Ulrich Lessing, Kevin Liggieri (Ed.): <em>&#8220;Das Wunder des Verstehens&#8221;. Interdisziplin\u00e4re Blicke auf ein au\u00dferordentliches Ph\u00e4nomen<\/em>. Freiburg\/M\u00fcnchen 2016. (Forthcoming)<\/li><li>Der Horror der Ersetzbarkeit \u2013 Die \u00dcber-nat\u00fcrlichkeit des Medialen und die falsche Angst vor den Dingen. In: Felix H\u00fcttemann, Kevin Liggieri (Ed.): <em>Die Grenze Mensch. Diskurse des Transhumanismus<\/em>. Bielefeld 2017. (To appear)<\/li><li>Der Mensch die obsolete Kopplungsstelle. Die Kybernetik als Z\u00e4sur des Denkens. In: Jan Baedke, Christina Brandt, Hans-Ulrich Lessing (Ed.): <em>Anthropologie 2.0 Neuere Ans\u00e4tze einer philosophischen Anthropologie im Zeitalter der Biowissenschaften.<\/em> M\u00fcnster\/Wien 2015, p. 155-173.<\/li><li>D\u00e9sinvolture oder die heitere Verachtung. Vom Dandy und seinem kalten L\u00e4cheln. In: Kevin Liggieri (Ed.): <em>Fr\u00f6hliche Wissenschaft. Genealogie des Lachens<\/em>. Freiburg\/M\u00fcnchen. 2015, p. 251-272.<\/li><li>Die Materialschlacht. Ernst J\u00fcngers Werkst\u00e4tten \u2013 Landschaft der Automation. In: <em>Zeitschrift f\u00fcr Literaturwissenschaft und Linguistik<\/em>. 2015. Heft 179: Die Literatur des Ersten Weltkrieges. Niels Werber, Felix H\u00fcttemann, Kevin Liggieri (Ed.), p. 60-78.<\/li><\/ul>\n\n\n\n<p><em><strong>Reviews<\/strong><\/em><\/p>\n\n\n\n<ul class=\"wp-block-list\"><li>\u201eEs geht eine Tr\u00e4ne auf Reisen\u2026\u201d Vom Elend zwischen Duftsteinen und Schmiersuff. Heinz Strunk: der goldene Handschuh. In: <em>Fusznote. Bochumer Literaturkritik<\/em>. 10\/2016 Edited by Ralph K\u00f6hnen, Peter Risthaus, Gregor Schwering, p. 8.<\/li><\/ul>\n\n\n\n<hr class=\"wp-block-separator\"\/>\n\n\n\n<h3 class=\"wp-block-heading\"><strong><u>Talks<\/u><\/strong><\/h3>\n\n\n\n<ul class=\"wp-block-list\"><li>\u201eHorror, Posthuman Threshold and World-without-us\u201d given on 11.09.16 at the conference \u201eCold Bodies \/ Warm Machines. Kunst und Technologie nach dem Menschen\u201c at NRW Forum D\u00fcsseldorf.<\/li><li>\u201eLuftfahrt tut not\u201d \u2013 Die ver\u00e4nderte Mensch-Technik-Relation im Kulminationspunkt der Materialschlacht und am Beispiel der Luftfahrt\u201c presented together with Kevin Liggieri on 14.11.2014 at the conference \u201eKrieg der Ingenieure\u201c? Der Erste Weltkrieg in Technik und Wissenschaft. 8. Aachener Tag der Wissenschaftsgeschichte.<\/li><li>\u201eDie Materialschlacht. Ernst J\u00fcngers Werkst\u00e4tten \u2013Landschaft der Automation\u201d presented on 20.06.2014 at the conference \u201e1914 Kriegerische Diskurse und Diskurse im Krieg\u201c at Ruhr-University Bochum.<\/li><\/ul>\n\n\n\n<hr class=\"wp-block-separator\"\/>\n\n\n\n<h3 class=\"wp-block-heading\"><strong>University Courses<\/strong><\/h3>\n\n\n\n<ul class=\"wp-block-list\"><li>Summer term 2015: Proseminar \u201eNietzsche, Ernst J\u00fcnger, Heidegger II: Technik, Nihilismus, Metaphysikkritik\u201d, Philosophy department, Ruhr-University Bochum (together with Prof. Dr. Hans-Ulrich Lessing)<\/li><li>Winter term 14\/15: Proseminar \u201eNietzsche, Ernst J\u00fcnger, Heidegger I: Technik, Nihilismus, Metaphysikkritik\u201d, Philosophy department, Ruhr-University Bochum (together with Prof. Dr. Hans-Ulrich Lessing)<\/li><li>Winter term 14\/15: Proseminar: \u201eChristian Krachts Roman 1979 und seine Kontexte\u201d, German studies, new German literature, Ruhr-University Bochum<\/li><li>Summer term 2014: Proseminar: \u201eDiskurse der Zwischenkriegszeit: Ernst J\u00fcnger und Walter Benjamin\u201d, German studies, new German literature, Ruhr-University Bochum<\/li><\/ul>\n\n\n\n<hr class=\"wp-block-separator\"\/>\n\n\n\n<h3 class=\"wp-block-heading\"><strong><u>Miscellaneous<\/u><\/strong><\/h3>\n\n\n\n<ul class=\"wp-block-list\"><li>Cooperation in the conception of the conference <em>\u201e<\/em><a href=\"https:\/\/www.nrw-forum.de\/veranstaltungen\/cold-bodies-warm-machines\" target=\"_blank\" rel=\"noreferrer noopener\">Cold Bodies \/ Warm Machines. Kunst und Technologie nach dem Menschen.<\/a>\u201d 09.09.16-11.9.16 in cooperation with Medienwerk.NRW and the Goldsmiths University London at NRW Forum D\u00fcsseldorf<\/li><li>Organisation and execution of the conference \u201e1914 Kriegerische Diskurse und Diskurse im Krieg.\u201d 20.06.2014 at Ruhr-University Bochum<\/li><li>Member of \u201c<a href=\"https:\/\/www.gfmedienwissenschaft.de\/\" target=\"_blank\" rel=\"noreferrer noopener\">Gesellschaft f\u00fcr Medienwissenschaft (GfM)<\/a>\u201d<\/li><\/ul>\n\n\n\n<p><\/p>\n","protected":false},"excerpt":{"rendered":"<p>Universit\u00e4tsstr.&nbsp;10544789 BochumRoom:&nbsp;UNI 105, 3\/28 Phone: +49 (0) 234\/32-27098E-Mail: felix.huettemann@rub.de Title of the Dissertation The Dandy and His Media Formings (Working<\/p>\n","protected":false},"author":7,"featured_media":0,"parent":366,"menu_order":0,"comment_status":"closed","ping_status":"closed","template":"","meta":{"colormag_page_container_layout":"default_layout","colormag_page_sidebar_layout":"default_layout","_uag_custom_page_level_css":"","ngg_post_thumbnail":0,"footnotes":""},"class_list":["post-381","page","type-page","status-publish","hentry"],"translation":{"provider":"WPGlobus","version":"3.0.2","language":"en","enabled_languages":["de","en"],"languages":{"de":{"title":true,"content":true,"excerpt":false},"en":{"title":true,"content":true,"excerpt":false}}},"yoast_head":"<!-- This site is optimized with the Yoast SEO plugin v27.4 - https:\/\/yoast.com\/product\/yoast-seo-wordpress\/ -->\n<title>Dr. Felix H\u00fcttemann - GRK Das Dokumentarische. Exzess und Entzug<\/title>\n<meta name=\"robots\" content=\"index, follow, max-snippet:-1, max-image-preview:large, max-video-preview:-1\" \/>\n<link rel=\"canonical\" href=\"https:\/\/das-dokumentarische.blogs.ruhr-uni-bochum.de\/kollegiat_innen\/felix-huettemann\/\" \/>\n<meta property=\"og:locale\" content=\"en_US\" \/>\n<meta property=\"og:type\" content=\"article\" \/>\n<meta property=\"og:title\" content=\"Dr. Felix H\u00fcttemann - GRK Das Dokumentarische. Exzess und Entzug\" \/>\n<meta property=\"og:url\" content=\"https:\/\/das-dokumentarische.blogs.ruhr-uni-bochum.de\/kollegiat_innen\/felix-huettemann\/\" \/>\n<meta property=\"og:site_name\" content=\"GRK Das Dokumentarische. Exzess und Entzug\" \/>\n<meta property=\"article:modified_time\" content=\"2022-04-29T20:59:46+00:00\" \/>\n<meta property=\"og:image\" content=\"https:\/\/das-dokumentarische.blogs.ruhr-uni-bochum.de\/wp-content\/uploads\/2016\/11\/huettemann_felix-700x700.jpg\" \/>\n<meta name=\"twitter:card\" content=\"summary_large_image\" \/>\n<meta name=\"twitter:label1\" content=\"Est. reading time\" \/>\n\t<meta name=\"twitter:data1\" content=\"7 minutes\" \/>\n<script type=\"application\/ld+json\" class=\"yoast-schema-graph\">{\"@context\":\"https:\\\/\\\/schema.org\",\"@graph\":[{\"@type\":\"WebPage\",\"@id\":\"https:\\\/\\\/das-dokumentarische.blogs.ruhr-uni-bochum.de\\\/kollegiat_innen\\\/felix-huettemann\\\/\",\"url\":\"https:\\\/\\\/das-dokumentarische.blogs.ruhr-uni-bochum.de\\\/kollegiat_innen\\\/felix-huettemann\\\/\",\"name\":\"Dr. Felix H\u00fcttemann - GRK Das Dokumentarische. Exzess und Entzug\",\"isPartOf\":{\"@id\":\"https:\\\/\\\/das-dokumentarische.blogs.ruhr-uni-bochum.de\\\/en\\\/#website\"},\"primaryImageOfPage\":{\"@id\":\"https:\\\/\\\/das-dokumentarische.blogs.ruhr-uni-bochum.de\\\/kollegiat_innen\\\/felix-huettemann\\\/#primaryimage\"},\"image\":{\"@id\":\"https:\\\/\\\/das-dokumentarische.blogs.ruhr-uni-bochum.de\\\/kollegiat_innen\\\/felix-huettemann\\\/#primaryimage\"},\"thumbnailUrl\":\"https:\\\/\\\/das-dokumentarische.blogs.ruhr-uni-bochum.de\\\/wp-content\\\/uploads\\\/2016\\\/11\\\/huettemann_felix-700x700.jpg\",\"datePublished\":\"2016-11-16T22:22:48+00:00\",\"dateModified\":\"2022-04-29T20:59:46+00:00\",\"breadcrumb\":{\"@id\":\"https:\\\/\\\/das-dokumentarische.blogs.ruhr-uni-bochum.de\\\/kollegiat_innen\\\/felix-huettemann\\\/#breadcrumb\"},\"inLanguage\":\"en-US\",\"potentialAction\":[{\"@type\":\"ReadAction\",\"target\":[\"https:\\\/\\\/das-dokumentarische.blogs.ruhr-uni-bochum.de\\\/kollegiat_innen\\\/felix-huettemann\\\/\"]}]},{\"@type\":\"ImageObject\",\"inLanguage\":\"en-US\",\"@id\":\"https:\\\/\\\/das-dokumentarische.blogs.ruhr-uni-bochum.de\\\/kollegiat_innen\\\/felix-huettemann\\\/#primaryimage\",\"url\":\"https:\\\/\\\/das-dokumentarische.blogs.ruhr-uni-bochum.de\\\/wp-content\\\/uploads\\\/2016\\\/11\\\/huettemann_felix-700x700.jpg\",\"contentUrl\":\"https:\\\/\\\/das-dokumentarische.blogs.ruhr-uni-bochum.de\\\/wp-content\\\/uploads\\\/2016\\\/11\\\/huettemann_felix-700x700.jpg\"},{\"@type\":\"BreadcrumbList\",\"@id\":\"https:\\\/\\\/das-dokumentarische.blogs.ruhr-uni-bochum.de\\\/kollegiat_innen\\\/felix-huettemann\\\/#breadcrumb\",\"itemListElement\":[{\"@type\":\"ListItem\",\"position\":1,\"name\":\"Startseite\",\"item\":\"https:\\\/\\\/das-dokumentarische.blogs.ruhr-uni-bochum.de\\\/en\\\/\"},{\"@type\":\"ListItem\",\"position\":2,\"name\":\"Kollegiat_innen\",\"item\":\"https:\\\/\\\/das-dokumentarische.blogs.ruhr-uni-bochum.de\\\/kollegiat_innen\\\/\"},{\"@type\":\"ListItem\",\"position\":3,\"name\":\"Dr. Felix H\u00fcttemann\"}]},{\"@type\":\"WebSite\",\"@id\":\"https:\\\/\\\/das-dokumentarische.blogs.ruhr-uni-bochum.de\\\/en\\\/#website\",\"url\":\"https:\\\/\\\/das-dokumentarische.blogs.ruhr-uni-bochum.de\\\/en\\\/\",\"name\":\"GRK Das Dokumentarische. Exzess und Entzug\",\"description\":\"\",\"potentialAction\":[{\"@type\":\"SearchAction\",\"target\":{\"@type\":\"EntryPoint\",\"urlTemplate\":\"https:\\\/\\\/das-dokumentarische.blogs.ruhr-uni-bochum.de\\\/en\\\/?s={search_term_string}\"},\"query-input\":{\"@type\":\"PropertyValueSpecification\",\"valueRequired\":true,\"valueName\":\"search_term_string\"}}],\"inLanguage\":\"en-US\"}]}<\/script>\n<!-- \/ Yoast SEO plugin. -->","yoast_head_json":{"title":"Dr. Felix H\u00fcttemann - GRK Das Dokumentarische. Exzess und Entzug","robots":{"index":"index","follow":"follow","max-snippet":"max-snippet:-1","max-image-preview":"max-image-preview:large","max-video-preview":"max-video-preview:-1"},"canonical":"https:\/\/das-dokumentarische.blogs.ruhr-uni-bochum.de\/kollegiat_innen\/felix-huettemann\/","og_locale":"en_US","og_type":"article","og_title":"Dr. Felix H\u00fcttemann - GRK Das Dokumentarische. Exzess und Entzug","og_url":"https:\/\/das-dokumentarische.blogs.ruhr-uni-bochum.de\/kollegiat_innen\/felix-huettemann\/","og_site_name":"GRK Das Dokumentarische. Exzess und Entzug","article_modified_time":"2022-04-29T20:59:46+00:00","og_image":[{"url":"https:\/\/das-dokumentarische.blogs.ruhr-uni-bochum.de\/wp-content\/uploads\/2016\/11\/huettemann_felix-700x700.jpg","type":"","width":"","height":""}],"twitter_card":"summary_large_image","twitter_misc":{"Est. reading time":"7 minutes"},"schema":{"@context":"https:\/\/schema.org","@graph":[{"@type":"WebPage","@id":"https:\/\/das-dokumentarische.blogs.ruhr-uni-bochum.de\/kollegiat_innen\/felix-huettemann\/","url":"https:\/\/das-dokumentarische.blogs.ruhr-uni-bochum.de\/kollegiat_innen\/felix-huettemann\/","name":"Dr. Felix H\u00fcttemann - GRK Das Dokumentarische. Exzess und Entzug","isPartOf":{"@id":"https:\/\/das-dokumentarische.blogs.ruhr-uni-bochum.de\/en\/#website"},"primaryImageOfPage":{"@id":"https:\/\/das-dokumentarische.blogs.ruhr-uni-bochum.de\/kollegiat_innen\/felix-huettemann\/#primaryimage"},"image":{"@id":"https:\/\/das-dokumentarische.blogs.ruhr-uni-bochum.de\/kollegiat_innen\/felix-huettemann\/#primaryimage"},"thumbnailUrl":"https:\/\/das-dokumentarische.blogs.ruhr-uni-bochum.de\/wp-content\/uploads\/2016\/11\/huettemann_felix-700x700.jpg","datePublished":"2016-11-16T22:22:48+00:00","dateModified":"2022-04-29T20:59:46+00:00","breadcrumb":{"@id":"https:\/\/das-dokumentarische.blogs.ruhr-uni-bochum.de\/kollegiat_innen\/felix-huettemann\/#breadcrumb"},"inLanguage":"en-US","potentialAction":[{"@type":"ReadAction","target":["https:\/\/das-dokumentarische.blogs.ruhr-uni-bochum.de\/kollegiat_innen\/felix-huettemann\/"]}]},{"@type":"ImageObject","inLanguage":"en-US","@id":"https:\/\/das-dokumentarische.blogs.ruhr-uni-bochum.de\/kollegiat_innen\/felix-huettemann\/#primaryimage","url":"https:\/\/das-dokumentarische.blogs.ruhr-uni-bochum.de\/wp-content\/uploads\/2016\/11\/huettemann_felix-700x700.jpg","contentUrl":"https:\/\/das-dokumentarische.blogs.ruhr-uni-bochum.de\/wp-content\/uploads\/2016\/11\/huettemann_felix-700x700.jpg"},{"@type":"BreadcrumbList","@id":"https:\/\/das-dokumentarische.blogs.ruhr-uni-bochum.de\/kollegiat_innen\/felix-huettemann\/#breadcrumb","itemListElement":[{"@type":"ListItem","position":1,"name":"Startseite","item":"https:\/\/das-dokumentarische.blogs.ruhr-uni-bochum.de\/en\/"},{"@type":"ListItem","position":2,"name":"Kollegiat_innen","item":"https:\/\/das-dokumentarische.blogs.ruhr-uni-bochum.de\/kollegiat_innen\/"},{"@type":"ListItem","position":3,"name":"Dr. Felix H\u00fcttemann"}]},{"@type":"WebSite","@id":"https:\/\/das-dokumentarische.blogs.ruhr-uni-bochum.de\/en\/#website","url":"https:\/\/das-dokumentarische.blogs.ruhr-uni-bochum.de\/en\/","name":"GRK Das Dokumentarische. Exzess und Entzug","description":"","potentialAction":[{"@type":"SearchAction","target":{"@type":"EntryPoint","urlTemplate":"https:\/\/das-dokumentarische.blogs.ruhr-uni-bochum.de\/en\/?s={search_term_string}"},"query-input":{"@type":"PropertyValueSpecification","valueRequired":true,"valueName":"search_term_string"}}],"inLanguage":"en-US"}]}},"uagb_featured_image_src":{"full":false,"thumbnail":false,"medium":false,"medium_large":false,"large":false,"1536x1536":false,"2048x2048":false,"ultp_layout_landscape_large":false,"ultp_layout_landscape":false,"ultp_layout_portrait":false,"ultp_layout_square":false,"colormag-highlighted-post":false,"colormag-featured-post-medium":false,"colormag-featured-post-small":false,"colormag-featured-image":false,"colormag-default-news":false,"colormag-featured-image-large":false},"uagb_author_info":{"display_name":"das-dokumentarische","author_link":"https:\/\/das-dokumentarische.blogs.ruhr-uni-bochum.de\/en\/author\/dasdoxs6\/"},"uagb_comment_info":0,"uagb_excerpt":"Universit\u00e4tsstr.&nbsp;10544789 BochumRoom:&nbsp;UNI 105, 3\/28 Phone: +49 (0) 234\/32-27098E-Mail: felix.huettemann@rub.de Title of the Dissertation The Dandy and His Media Formings (Working","_links":{"self":[{"href":"https:\/\/das-dokumentarische.blogs.ruhr-uni-bochum.de\/en\/wp-json\/wp\/v2\/pages\/381","targetHints":{"allow":["GET"]}}],"collection":[{"href":"https:\/\/das-dokumentarische.blogs.ruhr-uni-bochum.de\/en\/wp-json\/wp\/v2\/pages"}],"about":[{"href":"https:\/\/das-dokumentarische.blogs.ruhr-uni-bochum.de\/en\/wp-json\/wp\/v2\/types\/page"}],"author":[{"embeddable":true,"href":"https:\/\/das-dokumentarische.blogs.ruhr-uni-bochum.de\/en\/wp-json\/wp\/v2\/users\/7"}],"replies":[{"embeddable":true,"href":"https:\/\/das-dokumentarische.blogs.ruhr-uni-bochum.de\/en\/wp-json\/wp\/v2\/comments?post=381"}],"version-history":[{"count":54,"href":"https:\/\/das-dokumentarische.blogs.ruhr-uni-bochum.de\/en\/wp-json\/wp\/v2\/pages\/381\/revisions"}],"predecessor-version":[{"id":8450,"href":"https:\/\/das-dokumentarische.blogs.ruhr-uni-bochum.de\/en\/wp-json\/wp\/v2\/pages\/381\/revisions\/8450"}],"up":[{"embeddable":true,"href":"https:\/\/das-dokumentarische.blogs.ruhr-uni-bochum.de\/en\/wp-json\/wp\/v2\/pages\/366"}],"wp:attachment":[{"href":"https:\/\/das-dokumentarische.blogs.ruhr-uni-bochum.de\/en\/wp-json\/wp\/v2\/media?parent=381"}],"curies":[{"name":"wp","href":"https:\/\/api.w.org\/{rel}","templated":true}]}}