{"id":379,"date":"2016-10-19T20:37:43","date_gmt":"2016-10-19T18:37:43","guid":{"rendered":"https:\/\/das-dokumentarische.blogs.ruhr-uni-bochum.de\/?page_id=379"},"modified":"2021-01-13T10:46:11","modified_gmt":"2021-01-13T09:46:11","slug":"sarah-horn","status":"publish","type":"page","link":"https:\/\/das-dokumentarische.blogs.ruhr-uni-bochum.de\/en\/kollegiat_innen\/sarah-horn\/","title":{"rendered":"Sarah Horn, M.A."},"content":{"rendered":"<p><a href=\"https:\/\/das-dokumentarische.blogs.ruhr-uni-bochum.de\/wp-content\/uploads\/2016\/12\/horn_sarah.jpg\"><img loading=\"lazy\" decoding=\"async\" class=\"alignleft wp-image-565\" src=\"https:\/\/das-dokumentarische.blogs.ruhr-uni-bochum.de\/wp-content\/uploads\/2016\/12\/horn_sarah.jpg\" alt=\"horn_sarah\" width=\"200\" height=\"200\" srcset=\"https:\/\/das-dokumentarische.blogs.ruhr-uni-bochum.de\/wp-content\/uploads\/2016\/12\/horn_sarah.jpg 1000w, https:\/\/das-dokumentarische.blogs.ruhr-uni-bochum.de\/wp-content\/uploads\/2016\/12\/horn_sarah-150x150.jpg 150w, https:\/\/das-dokumentarische.blogs.ruhr-uni-bochum.de\/wp-content\/uploads\/2016\/12\/horn_sarah-300x300.jpg 300w, https:\/\/das-dokumentarische.blogs.ruhr-uni-bochum.de\/wp-content\/uploads\/2016\/12\/horn_sarah-768x768.jpg 768w, https:\/\/das-dokumentarische.blogs.ruhr-uni-bochum.de\/wp-content\/uploads\/2016\/12\/horn_sarah-700x700.jpg 700w\" sizes=\"auto, (max-width: 200px) 100vw, 200px\" \/><\/a><br \/>\nUniversit\u00e4tsstr. 105<br \/>\n44789 Bochum<br \/>\nRoom:\u00a0UNI 105, 3\/26<\/p>\n<p>Phone: +49 (0) 234\/32-27277<br \/>\nE-Mail: sarah.horn-x3w@rub.de<\/p>\n<p><br class=\"clear\" \/><br class=\"clear\" \/><\/p>\n<hr \/>\n<h3><strong><u>Title of the Dissertation<\/u><\/strong><\/h3>\n<p>Testo-Techniques. Queer Temporalities and Self-Documentation in trans Vlogs<\/p>\n<hr \/>\n<h3><strong><u>Project Description<br \/>\n<\/u><\/strong><\/h3>\n<p>Many trans people document their gender transition via video blogs (vlogs) on YouTube. A strikingly large number of these videos by Female-to-Male (FtM) vloggers refer to the date when they got their first dose of the hormone testosterone. Titled, for example, \u201c12 weeks on T\u201d or \u201c6 months on testosterone\u201d, these videos are recorded to provide an update on emotional and, especially, bodily changes that have occurred since the beginning of the hormone therapy. Expected effects \u2013 like the growth of facial hair, increase of muscle mass, change of body shape \u2013 are emphasized, in order to present and, at the same time, certify the body as male.<\/p>\n<p>In popular discourses testosterone appears to be a &#8216;magical&#8217; hormone that transforms the body according to certain scripts &#8211; mainly concerning rejuvenation, masculinization, procreation. In and with the trans vlogs we find that the hormone does not automatically deliver on these promises as it regularly engenders only some or unforeseen effects. The projects aims to rethink the entanglement of testosterone and vlog and the role of this agencement in the process of gender transition. The process itself is heavily institutionalized and relies on various pathologizing and paternalistic modes of medical, legal and therapeutical documentation. Whereas trans vlogs have been described as self-determined opposition to these protocols, we cannot uphold this perspective with regard to the uncertainties that are inherent to the hormon therapy and the vlogging. Therefore, self-documentation here is not understood as self-determination alongside a teleological progression from one gender (identity) to another. Rather, the project aims to analyze the queer temporality of testosterone and vlog and its impact on the continuous becoming of the gendered self.<\/p>\n<hr \/>\n<h3><strong><u>Scholarly Career<br \/>\n<\/u><\/strong><\/h3>\n<ul>\n<li>Since 10\/2016: Ph. D. student at the DFG-graduate school \u201cDocumentary Practices. Excess and Privation\u201d, Ruhr-University Bochum<\/li>\n<li>04\/2016 to 09\/2016: Scholar at the Mercator Research Group \u201eSpaces of Anthropological Knowledge\u201c, Ruhr-University Bochum<\/li>\n<li>10\/2014 to 09\/2015: Research Assistant for the preparation of the interdisciplinary DFG Research Group \u201eMediatised Life. Installations of the human since the 18th century\u201c, Romance Studies, Ruhr-University Bochum<\/li>\n<li>10\/2011 to 06\/2014: Master studies in Media Studies (M.A.), Ruhr-University Bochum<\/li>\n<li>10\/2007 to 02\/2011: Bachelor studies in Media Studies (cultural media studies, media law), University Cologne<\/li>\n<\/ul>\n<hr \/>\n<h3><strong><u>Publications<\/u><\/strong><\/h3>\n<p><em>Editorship<\/em><\/p>\n<ul>\n<li>with Robert D\u00f6rre, Julia Eckel, Elisa Linseisen, Leonie Zilch (eds.): <a href=\"http:\/\/ffk-journal.de\/?journal=ffk-journal&amp;page=issue&amp;op=view&amp;path%5B%5D=5\"><em>ffk Journal. Dokumentation des 31. Film- und Fernsehwissenschaftlichen Kolloquiums<\/em><\/a>, No. 4 (2019).<\/li>\n<li>with Jasmin Degeling, Astrid Deuber-Mankowsky, Mary Shayien (eds.):<em> <a href=\"https:\/\/kulturundgeschlecht.blogs.ruhr-uni-bochum.de\/?p=641\">onlinejournal kultur &amp; geschlecht 21<\/a><\/em>, June 2018.<\/li>\n<\/ul>\n<p><em>Article<\/em><\/p>\n<ul>\n<li>with Robert D\u00f6rre, Julia Eckel, Elisa Linseisen, Leonie Zilch: &#8220;<a href=\"http:\/\/ffk-journal.de\/?journal=ffk-journal&amp;page=article&amp;op=view&amp;path%5B%5D=85&amp;path%5B%5D=80\">Editorial<\/a>&#8220;, in: <em>ffk Journal. Dokumentation des 31. Film- und Fernsehwissenschaftlichen Kolloquiums<\/em>, Nr. 4 (2019), pp. i\u2013v.<\/li>\n<li>with Jasmin Degeling: <a href=\"https:\/\/kulturundgeschlecht.blogs.ruhr-uni-bochum.de\/wp-content\/uploads\/2018\/06\/Degeling_Horn_Queer-aufs-Spiel-gesetzt.pdf\">\u201e\u201aQueer\u2018 aufs Spiel gesetzt: \u00dcber <em>Bei\u00dfreflexe<\/em>, queere Bewegungsgeschichte und gegenw\u00e4rtige Affektkulturen\u201c<\/a>, <em>onlinejournal kultur &amp; geschlecht 21<\/em>, June 2018.<\/li>\n<li><em>\u201e<\/em><a href=\"http:\/\/ffk-journal.de\/?journal=ffk-journal&amp;page=article&amp;op=view&amp;path%5B%5D=44\">Hormonupdate auf YouTube. Zur ambivalenten Funktion von Testosteron in Trans*-Vlogs<\/a><em>\u201c<\/em>, in: Dennis Basaldella, Sandra Ludwig, Aileen Pinkert, Henrik Wehmeier, David Ziegenhagen (eds.): <em>ffk Journal. Dokumentation des 30. Film- und Fernsehwissenschaftlichen Kolloquiums<\/em>, No. 3 (2018), pp. 25\u201337.<\/li>\n<li><a href=\"https:\/\/kulturundgeschlecht.blogs.ruhr-uni-bochum.de\/wp-content\/uploads\/2015\/08\/horn.pdf\" target=\"_blank\" rel=\"noopener noreferrer\"><strong>\u201e<\/strong>Narrative Ordnungsmuster \u2013 \u201ageordnetes\u2018 Geschlecht? Zur medialen Herstellung der Eindeutigkeit von Geschlecht und Strategien der Verunklarung in autobiografischen Erz\u00e4hlungen\u201c<\/a>, <em>onlinejournal kultur &amp; geschlecht<\/em> 14, February 2015.<\/li>\n<\/ul>\n<p><em>Review<\/em><\/p>\n<ul>\n<li><em>\u201e<\/em><a href=\"https:\/\/kulturundgeschlecht.blogs.ruhr-uni-bochum.de\/wp-content\/uploads\/2016\/07\/Horn_GenderMedienReader_Rezension.pdf\">Die eigenen Voraussetzungen befragen. Rezension: Kathrin Peters, Andrea Seier (Hg.): <em>Gender &amp; Medien Reader<\/em>. Diaphanes, Z\u00fcrich-Berlin 2016<\/a><em>\u201c<\/em>, <em>onlinejournal kultur &amp; geschlecht<\/em> 17, July 2016.<\/li>\n<\/ul>\n<p><em>Interview<\/em><\/p>\n<ul>\n<li>with Anja Michaelsen: <em>\u201e<\/em><a href=\"https:\/\/kulturundgeschlecht.blogs.ruhr-uni-bochum.de\/wp-content\/uploads\/2017\/02\/MichaelsenHorn_GespraechSteffenHerrmann.pdf\">R\u00e4ume \u00f6ffnen, Begehren erweitern. Gespr\u00e4ch mit Steffen Herrmann \u00fcber den Unterstrich, linke Sprachpolitik, Hate Speech und queere Leiblichkeit<\/a><em>\u201c<\/em>, <em>onlinejournal kultur &amp; geschlecht<\/em> 18, February 2017.<\/li>\n<\/ul>\n<ul>\n<li><a href=\"https:\/\/kulturundgeschlecht.blogs.ruhr-uni-bochum.de\/wp-content\/uploads\/2015\/08\/horn.pdf\" target=\"_blank\" rel=\"noopener noreferrer\"><strong>\u201e<\/strong>Narrative Ordnungsmuster \u2013 \u201ageordnetes\u2018 Geschlecht? Zur medialen Herstellung der Eindeutigkeit von Geschlecht und Strategien der Verunklarung in autobiografischen Erz\u00e4hlungen\u201c<\/a>, <em>onlinejournal kultur &amp; geschlecht<\/em> 14, February 2015.<\/li>\n<\/ul>\n<hr \/>\n<h3><strong><u>Talks<br \/>\n<\/u><\/strong><\/h3>\n<ul>\n<li><em>Mediated Masculinities: Visual Archives, Masculinities and Race in Contemporary Practices of Self-\/Documentation <\/em>| <a href=\"https:\/\/mascnet.org\/wp-content\/uploads\/2019\/04\/Final-Network-Programme.pdf\">Masculinity and Body Image in the 21st Century<\/a> | Birmingham City University | 03.05.2019 | with Jasmin Degeling<\/li>\n<li><em>\u201eBei\u00dfkomplexe\u201c, oder: Einw\u00e4nde dagegen, die Zukunft von Queer\/Feminismen aufs Spiel zu setzen<\/em> | <a href=\"https:\/\/www.schwulesmuseum.de\/veranstaltung\/doppelpass-lesben-schwule-der-feminismus-i\/\">Doppelpass: Lesben, Schwule &amp; der Feminismus<\/a> | Schwules Museum* Berlin | 31.08.\u201301.09.2018<\/li>\n<li><em>\u201eHappy T-Day\u201c\u2013Transmale Bodies in Self-Documentary Vlogs<\/em>, 29.06.\u201301. 07.2017 | NECS conference 2017 &#8220;Sensibility and the Senses&#8221; | Universit\u00e9 Sourbonne Nouvelle &#8211; Paris 3<\/li>\n<li><em>Mit Hormonpr\u00e4parat und Webcam \u2013 selbstdokumentarische Praktiken in Trans*-Vlogs, <\/em>08.\u201310.03.2017 | <a href=\"http:\/\/kolloquium.ffk-journal.de\/\" target=\"_blank\" rel=\"noopener noreferrer\">30. Film- und Fernsehwissenschaftliches Kolloquium<\/a> | University of Hamburg<\/li>\n<\/ul>\n<hr \/>\n<h3><u>Events<\/u><\/h3>\n<ul>\n<li>2018 | Co-Organizer of the international conference &#8220;<a href=\"https:\/\/das-dokumentarische.blogs.ruhr-uni-bochum.de\/gegen_dokumentation\/\">GEGEN\\DOKUMENTATION<\/a>&#8221; | DFG-Graduiertenkolleg &#8220;Das Dokumentarische&#8221; | Situation Kunst, Bochum | 8.\u201310.11.2018<\/li>\n<li>2018 | Organizer of the 3rd Workshop <em>\u201e<\/em><a href=\"https:\/\/www.criticaltheory.northwestern.edu\/graduate\/workshops\/queer-temporalities-and-media-aesthetics.html\">Queer Temporalities and Media Aesthetics<\/a><em>\u201c<\/em> at Ruhr-University Bochum in cooperation with Northwestern University, Evanston (Chicago) | 24.\u201326.04.2018 | with Jasmin Degeling, Philipp Hanke, Mary Shnayien, Leonie Zilch<\/li>\n<li>2018 | Organizer of\u00a0<a href=\"http:\/\/www.ffk2018.blogs.rub.de\" target=\"_blank\" rel=\"noopener noreferrer\"> 31. Film- und Fernsehwissenschaftlichen Kolloquiums (FFK)<\/a> at Ruhr-University Bochum | 13.\u201315.02.3018 | with Robert D\u00f6rre, Julia Eckel, Elisa Linseisen, Leonie Zilch<\/li>\n<li>2017 | Organizer of &#8220;<a href=\"https:\/\/das-dokumentarische.blogs.ruhr-uni-bochum.de\/selbstdokumentation-affektkulturen\/\">Selbstdokumentation und Affektkulturen. Workshop mit Brigitte Weingart und Peter Rehberg<\/a>&#8221; |Graduiertenkolleg &#8220;Das Dokumentarische&#8221; | 16.\u201317.11.2017 | with Robert D\u00f6rre<\/li>\n<\/ul>\n<hr \/>\n<h3><span style=\"text-decoration: underline;\"><strong>Memberships \/ Miscellaneous<\/strong><\/span><\/h3>\n<ul>\n<li>since 2017 | Doctoral Reviewer at <span class=\"link-external\"><a class=\"external-link\" href=\"http:\/\/www.research-school.rub.de\/\" target=\"_blank\" rel=\"noopener noreferrer\">Ruhr-University Research School<\/a><\/span><\/li>\n<li>since 2016 | Member of the editorial team of <a href=\"https:\/\/kulturundgeschlecht.blogs.ruhr-uni-bochum.de\" target=\"_blank\" rel=\"noopener noreferrer\"><em>onlinejournal kultur &amp; geschlecht<\/em><\/a><\/li>\n<li>since 2016 | Member of the cooperation network <em>\u201e<\/em><a href=\"https:\/\/www.criticaltheory.northwestern.edu\/graduate\/workshops\/queer-temporalities-and-media-aesthetics.html\">Queer Temporalities and Media Aesthetics<\/a><em>\u201c<\/em> between Ruhr-University Bochum and the Critical Theory Cluster at Northwestern University, Evanston (Chicago)<\/li>\n<li>Memberships\n<ul>\n<li><a href=\"https:\/\/www.gfmedienwissenschaft.de\/\" target=\"_blank\" rel=\"noopener noreferrer\">Gesellschaft f\u00fcr Medienwissenschaft (GfM)<\/a>\n<ul>\n<li>Work Group Gender\/Queer Studies &amp; Media Studies<\/li>\n<\/ul>\n<\/li>\n<li><span class=\"link-external\"><a class=\"external-link\" href=\"http:\/\/necs.org\/\" target=\"_blank\" rel=\"noopener noreferrer\">European Network for Cinema and Media Studies (necs)<\/a><\/span><\/li>\n<li><a href=\"http:\/\/www.research-school.rub.de\/\">Ruhr-University Research School<\/a><\/li>\n<li><a href=\"https:\/\/www.studienstiftung.de\/alumni\/\">Alumni-Network of the German Academic Scholarship Foundation<\/a><\/li>\n<\/ul>\n<\/li>\n<\/ul>\n","protected":false},"excerpt":{"rendered":"<p>Universit\u00e4tsstr. 105 44789 Bochum Room:\u00a0UNI 105, 3\/26 Phone: +49 (0) 234\/32-27277 E-Mail: sarah.horn-x3w@rub.de Title of the Dissertation Testo-Techniques. Queer Temporalities<\/p>\n","protected":false},"author":7,"featured_media":0,"parent":366,"menu_order":0,"comment_status":"closed","ping_status":"closed","template":"","meta":{"colormag_page_container_layout":"default_layout","colormag_page_sidebar_layout":"default_layout","_uag_custom_page_level_css":"","ngg_post_thumbnail":0,"footnotes":""},"class_list":["post-379","page","type-page","status-publish","hentry"],"translation":{"provider":"WPGlobus","version":"3.0.2","language":"en","enabled_languages":["de","en"],"languages":{"de":{"title":true,"content":true,"excerpt":false},"en":{"title":true,"content":true,"excerpt":false}}},"yoast_head":"<!-- This site is optimized with the Yoast SEO plugin v27.4 - https:\/\/yoast.com\/product\/yoast-seo-wordpress\/ -->\n<title>Sarah Horn, M.A. - GRK Das Dokumentarische. Exzess und Entzug<\/title>\n<meta name=\"robots\" content=\"index, follow, max-snippet:-1, max-image-preview:large, max-video-preview:-1\" \/>\n<link rel=\"canonical\" href=\"https:\/\/das-dokumentarische.blogs.ruhr-uni-bochum.de\/kollegiat_innen\/sarah-horn\/\" \/>\n<meta property=\"og:locale\" content=\"en_US\" \/>\n<meta property=\"og:type\" content=\"article\" \/>\n<meta property=\"og:title\" content=\"Sarah Horn, M.A. - GRK Das Dokumentarische. Exzess und Entzug\" \/>\n<meta property=\"og:url\" content=\"https:\/\/das-dokumentarische.blogs.ruhr-uni-bochum.de\/kollegiat_innen\/sarah-horn\/\" \/>\n<meta property=\"og:site_name\" content=\"GRK Das Dokumentarische. Exzess und Entzug\" \/>\n<meta property=\"article:modified_time\" content=\"2021-01-13T09:46:11+00:00\" \/>\n<meta property=\"og:image\" content=\"https:\/\/das-dokumentarische.blogs.ruhr-uni-bochum.de\/wp-content\/uploads\/2016\/12\/horn_sarah.jpg\" \/>\n<meta name=\"twitter:card\" content=\"summary_large_image\" \/>\n<meta name=\"twitter:label1\" content=\"Est. reading time\" \/>\n\t<meta name=\"twitter:data1\" content=\"10 minutes\" \/>\n<script type=\"application\/ld+json\" class=\"yoast-schema-graph\">{\"@context\":\"https:\\\/\\\/schema.org\",\"@graph\":[{\"@type\":\"WebPage\",\"@id\":\"https:\\\/\\\/das-dokumentarische.blogs.ruhr-uni-bochum.de\\\/kollegiat_innen\\\/sarah-horn\\\/\",\"url\":\"https:\\\/\\\/das-dokumentarische.blogs.ruhr-uni-bochum.de\\\/kollegiat_innen\\\/sarah-horn\\\/\",\"name\":\"Sarah Horn, M.A. - GRK Das Dokumentarische. Exzess und Entzug\",\"isPartOf\":{\"@id\":\"https:\\\/\\\/das-dokumentarische.blogs.ruhr-uni-bochum.de\\\/en\\\/#website\"},\"primaryImageOfPage\":{\"@id\":\"https:\\\/\\\/das-dokumentarische.blogs.ruhr-uni-bochum.de\\\/kollegiat_innen\\\/sarah-horn\\\/#primaryimage\"},\"image\":{\"@id\":\"https:\\\/\\\/das-dokumentarische.blogs.ruhr-uni-bochum.de\\\/kollegiat_innen\\\/sarah-horn\\\/#primaryimage\"},\"thumbnailUrl\":\"https:\\\/\\\/das-dokumentarische.blogs.ruhr-uni-bochum.de\\\/wp-content\\\/uploads\\\/2016\\\/12\\\/horn_sarah.jpg\",\"datePublished\":\"2016-10-19T18:37:43+00:00\",\"dateModified\":\"2021-01-13T09:46:11+00:00\",\"breadcrumb\":{\"@id\":\"https:\\\/\\\/das-dokumentarische.blogs.ruhr-uni-bochum.de\\\/kollegiat_innen\\\/sarah-horn\\\/#breadcrumb\"},\"inLanguage\":\"en-US\",\"potentialAction\":[{\"@type\":\"ReadAction\",\"target\":[\"https:\\\/\\\/das-dokumentarische.blogs.ruhr-uni-bochum.de\\\/kollegiat_innen\\\/sarah-horn\\\/\"]}]},{\"@type\":\"ImageObject\",\"inLanguage\":\"en-US\",\"@id\":\"https:\\\/\\\/das-dokumentarische.blogs.ruhr-uni-bochum.de\\\/kollegiat_innen\\\/sarah-horn\\\/#primaryimage\",\"url\":\"https:\\\/\\\/das-dokumentarische.blogs.ruhr-uni-bochum.de\\\/wp-content\\\/uploads\\\/2016\\\/12\\\/horn_sarah.jpg\",\"contentUrl\":\"https:\\\/\\\/das-dokumentarische.blogs.ruhr-uni-bochum.de\\\/wp-content\\\/uploads\\\/2016\\\/12\\\/horn_sarah.jpg\"},{\"@type\":\"BreadcrumbList\",\"@id\":\"https:\\\/\\\/das-dokumentarische.blogs.ruhr-uni-bochum.de\\\/kollegiat_innen\\\/sarah-horn\\\/#breadcrumb\",\"itemListElement\":[{\"@type\":\"ListItem\",\"position\":1,\"name\":\"Startseite\",\"item\":\"https:\\\/\\\/das-dokumentarische.blogs.ruhr-uni-bochum.de\\\/en\\\/\"},{\"@type\":\"ListItem\",\"position\":2,\"name\":\"Kollegiat_innen\",\"item\":\"https:\\\/\\\/das-dokumentarische.blogs.ruhr-uni-bochum.de\\\/kollegiat_innen\\\/\"},{\"@type\":\"ListItem\",\"position\":3,\"name\":\"Sarah Horn, Dr. des.\"}]},{\"@type\":\"WebSite\",\"@id\":\"https:\\\/\\\/das-dokumentarische.blogs.ruhr-uni-bochum.de\\\/en\\\/#website\",\"url\":\"https:\\\/\\\/das-dokumentarische.blogs.ruhr-uni-bochum.de\\\/en\\\/\",\"name\":\"GRK Das Dokumentarische. Exzess und Entzug\",\"description\":\"\",\"potentialAction\":[{\"@type\":\"SearchAction\",\"target\":{\"@type\":\"EntryPoint\",\"urlTemplate\":\"https:\\\/\\\/das-dokumentarische.blogs.ruhr-uni-bochum.de\\\/en\\\/?s={search_term_string}\"},\"query-input\":{\"@type\":\"PropertyValueSpecification\",\"valueRequired\":true,\"valueName\":\"search_term_string\"}}],\"inLanguage\":\"en-US\"}]}<\/script>\n<!-- \/ Yoast SEO plugin. -->","yoast_head_json":{"title":"Sarah Horn, M.A. - GRK Das Dokumentarische. Exzess und Entzug","robots":{"index":"index","follow":"follow","max-snippet":"max-snippet:-1","max-image-preview":"max-image-preview:large","max-video-preview":"max-video-preview:-1"},"canonical":"https:\/\/das-dokumentarische.blogs.ruhr-uni-bochum.de\/kollegiat_innen\/sarah-horn\/","og_locale":"en_US","og_type":"article","og_title":"Sarah Horn, M.A. - GRK Das Dokumentarische. Exzess und Entzug","og_url":"https:\/\/das-dokumentarische.blogs.ruhr-uni-bochum.de\/kollegiat_innen\/sarah-horn\/","og_site_name":"GRK Das Dokumentarische. Exzess und Entzug","article_modified_time":"2021-01-13T09:46:11+00:00","og_image":[{"url":"https:\/\/das-dokumentarische.blogs.ruhr-uni-bochum.de\/wp-content\/uploads\/2016\/12\/horn_sarah.jpg","type":"","width":"","height":""}],"twitter_card":"summary_large_image","twitter_misc":{"Est. reading time":"10 minutes"},"schema":{"@context":"https:\/\/schema.org","@graph":[{"@type":"WebPage","@id":"https:\/\/das-dokumentarische.blogs.ruhr-uni-bochum.de\/kollegiat_innen\/sarah-horn\/","url":"https:\/\/das-dokumentarische.blogs.ruhr-uni-bochum.de\/kollegiat_innen\/sarah-horn\/","name":"Sarah Horn, M.A. - GRK Das Dokumentarische. Exzess und Entzug","isPartOf":{"@id":"https:\/\/das-dokumentarische.blogs.ruhr-uni-bochum.de\/en\/#website"},"primaryImageOfPage":{"@id":"https:\/\/das-dokumentarische.blogs.ruhr-uni-bochum.de\/kollegiat_innen\/sarah-horn\/#primaryimage"},"image":{"@id":"https:\/\/das-dokumentarische.blogs.ruhr-uni-bochum.de\/kollegiat_innen\/sarah-horn\/#primaryimage"},"thumbnailUrl":"https:\/\/das-dokumentarische.blogs.ruhr-uni-bochum.de\/wp-content\/uploads\/2016\/12\/horn_sarah.jpg","datePublished":"2016-10-19T18:37:43+00:00","dateModified":"2021-01-13T09:46:11+00:00","breadcrumb":{"@id":"https:\/\/das-dokumentarische.blogs.ruhr-uni-bochum.de\/kollegiat_innen\/sarah-horn\/#breadcrumb"},"inLanguage":"en-US","potentialAction":[{"@type":"ReadAction","target":["https:\/\/das-dokumentarische.blogs.ruhr-uni-bochum.de\/kollegiat_innen\/sarah-horn\/"]}]},{"@type":"ImageObject","inLanguage":"en-US","@id":"https:\/\/das-dokumentarische.blogs.ruhr-uni-bochum.de\/kollegiat_innen\/sarah-horn\/#primaryimage","url":"https:\/\/das-dokumentarische.blogs.ruhr-uni-bochum.de\/wp-content\/uploads\/2016\/12\/horn_sarah.jpg","contentUrl":"https:\/\/das-dokumentarische.blogs.ruhr-uni-bochum.de\/wp-content\/uploads\/2016\/12\/horn_sarah.jpg"},{"@type":"BreadcrumbList","@id":"https:\/\/das-dokumentarische.blogs.ruhr-uni-bochum.de\/kollegiat_innen\/sarah-horn\/#breadcrumb","itemListElement":[{"@type":"ListItem","position":1,"name":"Startseite","item":"https:\/\/das-dokumentarische.blogs.ruhr-uni-bochum.de\/en\/"},{"@type":"ListItem","position":2,"name":"Kollegiat_innen","item":"https:\/\/das-dokumentarische.blogs.ruhr-uni-bochum.de\/kollegiat_innen\/"},{"@type":"ListItem","position":3,"name":"Sarah Horn, Dr. des."}]},{"@type":"WebSite","@id":"https:\/\/das-dokumentarische.blogs.ruhr-uni-bochum.de\/en\/#website","url":"https:\/\/das-dokumentarische.blogs.ruhr-uni-bochum.de\/en\/","name":"GRK Das Dokumentarische. Exzess und Entzug","description":"","potentialAction":[{"@type":"SearchAction","target":{"@type":"EntryPoint","urlTemplate":"https:\/\/das-dokumentarische.blogs.ruhr-uni-bochum.de\/en\/?s={search_term_string}"},"query-input":{"@type":"PropertyValueSpecification","valueRequired":true,"valueName":"search_term_string"}}],"inLanguage":"en-US"}]}},"uagb_featured_image_src":{"full":false,"thumbnail":false,"medium":false,"medium_large":false,"large":false,"1536x1536":false,"2048x2048":false,"ultp_layout_landscape_large":false,"ultp_layout_landscape":false,"ultp_layout_portrait":false,"ultp_layout_square":false,"colormag-highlighted-post":false,"colormag-featured-post-medium":false,"colormag-featured-post-small":false,"colormag-featured-image":false,"colormag-default-news":false,"colormag-featured-image-large":false},"uagb_author_info":{"display_name":"das-dokumentarische","author_link":"https:\/\/das-dokumentarische.blogs.ruhr-uni-bochum.de\/en\/author\/dasdoxs6\/"},"uagb_comment_info":0,"uagb_excerpt":"Universit\u00e4tsstr. 105 44789 Bochum Room:\u00a0UNI 105, 3\/26 Phone: +49 (0) 234\/32-27277 E-Mail: sarah.horn-x3w@rub.de Title of the Dissertation Testo-Techniques. Queer Temporalities","_links":{"self":[{"href":"https:\/\/das-dokumentarische.blogs.ruhr-uni-bochum.de\/en\/wp-json\/wp\/v2\/pages\/379","targetHints":{"allow":["GET"]}}],"collection":[{"href":"https:\/\/das-dokumentarische.blogs.ruhr-uni-bochum.de\/en\/wp-json\/wp\/v2\/pages"}],"about":[{"href":"https:\/\/das-dokumentarische.blogs.ruhr-uni-bochum.de\/en\/wp-json\/wp\/v2\/types\/page"}],"author":[{"embeddable":true,"href":"https:\/\/das-dokumentarische.blogs.ruhr-uni-bochum.de\/en\/wp-json\/wp\/v2\/users\/7"}],"replies":[{"embeddable":true,"href":"https:\/\/das-dokumentarische.blogs.ruhr-uni-bochum.de\/en\/wp-json\/wp\/v2\/comments?post=379"}],"version-history":[{"count":51,"href":"https:\/\/das-dokumentarische.blogs.ruhr-uni-bochum.de\/en\/wp-json\/wp\/v2\/pages\/379\/revisions"}],"predecessor-version":[{"id":6202,"href":"https:\/\/das-dokumentarische.blogs.ruhr-uni-bochum.de\/en\/wp-json\/wp\/v2\/pages\/379\/revisions\/6202"}],"up":[{"embeddable":true,"href":"https:\/\/das-dokumentarische.blogs.ruhr-uni-bochum.de\/en\/wp-json\/wp\/v2\/pages\/366"}],"wp:attachment":[{"href":"https:\/\/das-dokumentarische.blogs.ruhr-uni-bochum.de\/en\/wp-json\/wp\/v2\/media?parent=379"}],"curies":[{"name":"wp","href":"https:\/\/api.w.org\/{rel}","templated":true}]}}