{"id":3404,"date":"2018-10-12T21:41:38","date_gmt":"2018-10-12T19:41:38","guid":{"rendered":"https:\/\/das-dokumentarische.blogs.ruhr-uni-bochum.de\/?page_id=3404"},"modified":"2022-04-20T12:24:14","modified_gmt":"2022-04-20T10:24:14","slug":"lena-holbein","status":"publish","type":"page","link":"https:\/\/das-dokumentarische.blogs.ruhr-uni-bochum.de\/en\/assoziierte-mitglieder\/lena-holbein\/","title":{"rendered":"Lena Holbein, M.A."},"content":{"rendered":"\n<p><em>&nbsp;(Associated Member 03\/2018-12\/2019)<\/em><\/p>\n\n\n\n<div class=\"wp-block-media-text alignwide is-stacked-on-mobile\" style=\"grid-template-columns:26% auto\"><figure class=\"wp-block-media-text__media\"><img loading=\"lazy\" decoding=\"async\" width=\"400\" height=\"400\" src=\"https:\/\/das-dokumentarische.blogs.ruhr-uni-bochum.de\/wp-content\/uploads\/2018\/10\/holbein-lena.jpg\" alt=\"\" class=\"wp-image-3415 size-full\" srcset=\"https:\/\/das-dokumentarische.blogs.ruhr-uni-bochum.de\/wp-content\/uploads\/2018\/10\/holbein-lena.jpg 400w, https:\/\/das-dokumentarische.blogs.ruhr-uni-bochum.de\/wp-content\/uploads\/2018\/10\/holbein-lena-150x150.jpg 150w, https:\/\/das-dokumentarische.blogs.ruhr-uni-bochum.de\/wp-content\/uploads\/2018\/10\/holbein-lena-300x300.jpg 300w\" sizes=\"auto, (max-width: 400px) 100vw, 400px\" \/><\/figure><div class=\"wp-block-media-text__content\">\n<h3 class=\"wp-block-heading\"><strong><u>Contact<\/u><\/strong><\/h3>\n\n\n\n<p>e-Mail:l.holbein@gmx.de<\/p>\n<\/div><\/div>\n\n\n\n<hr class=\"wp-block-separator\"\/>\n\n\n\n<h3 class=\"wp-block-heading\"><strong><u>Titel der Dissertation<\/u><\/strong><\/h3>\n\n\n\n<p><em>Das Archiv als Praxis der Evidenz- und Bedeutungsproduktion in der zeitgen\u00f6ssischen Kunst. \u00dcber Archivalische Verfahren im Umgang mit angeeigneten Fotografien<\/em><\/p>\n\n\n\n<hr class=\"wp-block-separator\"\/>\n\n\n\n<h3 class=\"wp-block-heading\"><strong><u>Projektbeschreibung<\/u><\/strong><\/h3>\n\n\n\n<p>Vom Archiv geht eine besondere Faszination aus \u2013 So proklamiert Hal Foster die internationale Gegenwartskunst vom \u201eArchival Impulse\u201c (2004) durchzogen, und schlie\u00dft daraus auf eine eigene Tendenz. Das Archivalische der Kunst zeige sich in der Aneignung von Bestehendem, mitunter konkretem Archiv-Material, als auch Pr\u00e4sentationsweisen, die das Archiv zitieren. Andererseits bestimmen Praxen des Archivs k\u00fcnstlerische Verfahren, denen Aneignungspraxen fremder Fotografien vorausgehen. Weisen des archivalischen Ordnens, Klassifizierens und Zeigens werden zitiert, umgeformt und hinterfragt. Beispielhaft f\u00fcr die Koinzidenz fotografischer Bildaneignung und einer archivalischen Praxis stehen ausgew\u00e4hlte Werke von Larry Sultan\/Mike Mandel, Joachim Schmid und Peter Piller, die den Gegenstand des Promotionsprojektes bilden. 1977 zeigen Larry Sultan und Mike Mandel unter dem Titel \u201eEvidence\u201c eine Auswahl an Fotografien, die sie im Zuge einer zweij\u00e4hrigen Recherche in Bildarchiven US-amerikanischer Institutionen angeeignet haben, in Gestalt eines Buchs und einer Ausstellung. \u201aEvidence\u2018 ist auch eine der Kategorien, unter denen Joachim Schmid Fotos, die er sich im Netz aneignet, klassifiziert. Das Fotobuch <em>Other People\u2019s Photographs <\/em>(2008-11) pr\u00e4sentiert eine Auswahl der Bilder nach Kategorien geordnet. Peter Piller hingegen zeigt unter dem Titel \u201eArchiv Peter Piller nimmt Schaden\u201c (2007) Farbfotos, die aus dem Bildarchiv eines Schweizer Versicherungsunternehmens stammen.<\/p>\n\n\n\n<p>Neben der Praxis der fotografischen Bildaneignung verbindet die drei zu untersuchenden Positionen eine Bezugnahme auf den Evidenzanspruch des fotografischen Bildes. Das Beweispotential der fotografischen Bilder wird in den kommentarlosen Bildarrangements als falsches Versprechen entlarvt. Vielmehr wird die der Fotografie von Beginn an zugesprochene beweisende Macht als Effekt fotografischer Gebrauchsweisen offenbar. Vor diesem Hintergrund, so meine Hypothese, scheint in der Koinzidenz von fotografischer Bildaneignung und der Aneignung archivalischer Praxen ein reflexives Potential mit Blick auf das Medium Fotografie begr\u00fcndet. Das Dissertationsprojekt verfolgt das Ziel, der Verkn\u00fcpfung von fotografiereflexiven Momenten und archivalischen Praxen als einem strategischen Verfahren innerhalb einer zeitgen\u00f6ssischen Praxis, die fremde Fotografien aneignet, nach zu gehen.<\/p>\n\n\n\n<p>Die Annahme, dass die Verschr\u00e4nkung von fotografischer Bildaneignung und archivalischen Verfahren weniger als Kontingenz, denn als Folge einer strukturellen Analogie von Archiv und Fotografie zu begreifen ist, bildet den Ausgangspunkt meiner Untersuchung. Als archiviertem und archivierendem Objekt zugleich kommt der Fotografie eine besondere Verbindung mit dem Archiv zu, die zum Ausgangspunkt f\u00fcr eine kritische Befragung der aus dieser Verkn\u00fcpfung resultierenden Wahrheitsanspr\u00fcche an das fotografische Bild wird. So scheint gerade in einer k\u00fcnstlerisch-archivalischen Auseinandersetzung mit fotografischem Material die M\u00f6glichkeit gegeben, den m\u00e4chtigen Einfluss des Archivs auf die in ihnen gelagerten Fotografien offenzulegen und als Modell von Wahrheits- und Wirklichkeitserzeugung zu entlarven, dessen Mechanismen auf das fotografische Bild zur\u00fcckwirken.<\/p>\n\n\n\n<p>Das vorliegende Promotionsprojekt leistet eine exemplarische Untersuchung der skizzierten k\u00fcnstlerischen Strategie unter Ber\u00fccksichtigung der Relevanz des Archivs als bedeutsame Referenz f\u00fcr die Kunstproduktion seit den 1970er Jahren und vor dem Hintergrund des anhaltenden Archiv-Diskurses im Zeitalter des Digitalen. Meiner Arbeit liegt eine Dynamisie-rung des Archivbegriffs zugrunde, der \u2013 als kulturelle Praxis begriffen \u2013 transferiert wird mit Blick auf eine archivalisch-k\u00fcnstlerische Praxis, in der archivische Mechanismen und Prinzipien strategisch unterlaufen werden. Bei der Betrachtung r\u00fcckt gleichfalls das dokumentarische Potential fotografischer Verfahren in den Blick, das dem Medium Fotografie ob seiner ver-meintlich \u201amechanischen Objektivit\u00e4t\u2018 von Beginn an zugeschrieben wurde; innerhalb eines k\u00fcnstlerischen Transfers der archivalischen Praktiken werden diese u.a. als Effekte des Doku-mentarischen erfahrbar.<\/p>\n\n\n\n<hr class=\"wp-block-separator\"\/>\n\n\n\n<h3 class=\"wp-block-heading\"><strong><u>Wissenschaftlicher Werdegang<\/u><\/strong><\/h3>\n\n\n\n<ul class=\"wp-block-list\"><li>Seit Oktober 2016: Promotions-Stipendiatin im DFG-Graduiertenkolleg \u201eDas fotografische Dispositiv\u201d, Hochschule f\u00fcr Bildende K\u00fcnste Braunschweig<\/li><li>10\/2010 bis 09\/2013: Masterstudium der Kunstgeschichte (Moderne und Zeitgen\u00f6ssische Kunst) an der Ruhr-Universit\u00e4t Bochum und der Universit\u00e9 de Toulouse II &#8211; Le Mirail<\/li><li>02\/2013 bis 01\/2014: Studentische Hilfskraft in den Kunstsammlungen der Ruhr-Universit\u00e4t Bochum<\/li><li>0\/2007 bis 07\/2010: Bachelorstudium der Kunstwissenschaft und Medienwissenschaften an der Hochschule f\u00fcr Bildende K\u00fcnste Braunschweig<\/li><\/ul>\n\n\n\n<hr class=\"wp-block-separator\"\/>\n\n\n\n<h3 class=\"wp-block-heading\"><strong><u>Publikationen (Auswahl)<\/u><\/strong><\/h3>\n\n\n\n<ul class=\"wp-block-list\"><li>\u201eReflections on the Archive. Reconsidering the Evidence-project (1977-2017)\u201c, in: Caraffa et al. (Hrsg.): <em>Photo-Objects. On the Materiality of Photographs and Photo-Archives in the Humanities and Sciences<\/em>. Max-Planck-Institut f\u00fcr Wissenschaftsgeschichte, Berlin, Erscheinungsdatum unbekannt.<\/li><li>\u201eVon Interpreten, Besuchern und anderen Mitspielern. Eine Begegnung mit Tino Sehgals Situationen\u201c, in: Dinkla, S\u00f6ke (Hrsg.): <em>Sculpture 21st.<\/em> (erscheint anl\u00e4sslich der&nbsp; gleichnamigen Ausstellung im Sommer 2014 im Lehmbruck Museum Duisburg), Ostfildern: Hatje Cantz Verlag, Erscheinungsdatum unbekannt.<\/li><li>\u201eHerbert Hofer: Drawing #1, 2010\u201c, in: Smerling, Walter\/ Ullrich, Ferdinand: <em>Public Art Ruhr. Die Metropole Ruhr und die Kunst im \u00f6ffentlichen Raum.<\/em> K\u00f6ln: Wienand, 2012, o.S.<\/li><li>\u201eRaimund Kummer: Schwelle, 1987\u201c, in: Smerling, Walter\/ Ullrich, Ferdinand: <em>Public Art Ruhr. Die Metropole Ruhr und die Kunst im \u00f6ffentlichen Raum.<\/em> K\u00f6ln: Wienand, 2012, o.S.<\/li><\/ul>\n\n\n\n<hr class=\"wp-block-separator\"\/>\n\n\n\n<h3 class=\"wp-block-heading\"><strong><u>Vortr\u00e4ge<\/u><\/strong><\/h3>\n\n\n\n<ul class=\"wp-block-list\"><li>\u201eReflections on the Archive. Reconsidering the Evidence-project (1977-2017)\u201c, gehalten am 17.02.2017 im Rahmen&nbsp;&nbsp;&nbsp;&nbsp;&nbsp;&nbsp;&nbsp;&nbsp; der Konferenz \u201cPhoto Objects. On the Materiality of Photographs and Photo-Archives in the Humanities and Sciences\u201d am Kunsthistorischen Institut in Florenz.<\/li><\/ul>\n\n\n\n<hr class=\"wp-block-separator\"\/>\n\n\n\n<h3 class=\"wp-block-heading\">Sonstiges<\/h3>\n\n\n\n<ul class=\"wp-block-list\"><li><em>Mitglied des Verbands Deutscher Kunsthistoriker<\/em><\/li><li><em>Mitglied der AG Fotografieforschung<\/em><\/li><\/ul>\n\n\n\n<p><\/p>\n","protected":false},"excerpt":{"rendered":"<p>&nbsp;(Associated Member 03\/2018-12\/2019) Contact e-Mail:l.holbein@gmx.de Titel der Dissertation Das Archiv als Praxis der Evidenz- und Bedeutungsproduktion in der zeitgen\u00f6ssischen Kunst.<\/p>\n","protected":false},"author":7,"featured_media":0,"parent":1426,"menu_order":0,"comment_status":"closed","ping_status":"closed","template":"","meta":{"colormag_page_container_layout":"default_layout","colormag_page_sidebar_layout":"default_layout","_uag_custom_page_level_css":"","ngg_post_thumbnail":0,"footnotes":""},"class_list":["post-3404","page","type-page","status-publish","hentry"],"translation":{"provider":"WPGlobus","version":"3.0.2","language":"en","enabled_languages":["de","en"],"languages":{"de":{"title":true,"content":true,"excerpt":false},"en":{"title":true,"content":true,"excerpt":false}}},"yoast_head":"<!-- This site is optimized with the Yoast SEO plugin v27.4 - https:\/\/yoast.com\/product\/yoast-seo-wordpress\/ -->\n<title>Lena Holbein, M.A. - GRK Das Dokumentarische. Exzess und Entzug<\/title>\n<meta name=\"robots\" content=\"index, follow, max-snippet:-1, max-image-preview:large, max-video-preview:-1\" \/>\n<link rel=\"canonical\" href=\"https:\/\/das-dokumentarische.blogs.ruhr-uni-bochum.de\/assoziierte-mitglieder\/lena-holbein\/\" \/>\n<meta property=\"og:locale\" content=\"en_US\" \/>\n<meta property=\"og:type\" content=\"article\" \/>\n<meta property=\"og:title\" content=\"Lena Holbein, M.A. - GRK Das Dokumentarische. Exzess und Entzug\" \/>\n<meta property=\"og:url\" content=\"https:\/\/das-dokumentarische.blogs.ruhr-uni-bochum.de\/assoziierte-mitglieder\/lena-holbein\/\" \/>\n<meta property=\"og:site_name\" content=\"GRK Das Dokumentarische. Exzess und Entzug\" \/>\n<meta property=\"article:modified_time\" content=\"2022-04-20T10:24:14+00:00\" \/>\n<meta property=\"og:image\" content=\"https:\/\/das-dokumentarische.blogs.ruhr-uni-bochum.de\/wp-content\/uploads\/2018\/10\/holbein-lena.jpg\" \/>\n<meta name=\"twitter:card\" content=\"summary_large_image\" \/>\n<meta name=\"twitter:label1\" content=\"Est. reading time\" \/>\n\t<meta name=\"twitter:data1\" content=\"5 minutes\" \/>\n<script type=\"application\/ld+json\" class=\"yoast-schema-graph\">{\"@context\":\"https:\\\/\\\/schema.org\",\"@graph\":[{\"@type\":\"WebPage\",\"@id\":\"https:\\\/\\\/das-dokumentarische.blogs.ruhr-uni-bochum.de\\\/assoziierte-mitglieder\\\/lena-holbein\\\/\",\"url\":\"https:\\\/\\\/das-dokumentarische.blogs.ruhr-uni-bochum.de\\\/assoziierte-mitglieder\\\/lena-holbein\\\/\",\"name\":\"Lena Holbein, M.A. - GRK Das Dokumentarische. Exzess und Entzug\",\"isPartOf\":{\"@id\":\"https:\\\/\\\/das-dokumentarische.blogs.ruhr-uni-bochum.de\\\/en\\\/#website\"},\"primaryImageOfPage\":{\"@id\":\"https:\\\/\\\/das-dokumentarische.blogs.ruhr-uni-bochum.de\\\/assoziierte-mitglieder\\\/lena-holbein\\\/#primaryimage\"},\"image\":{\"@id\":\"https:\\\/\\\/das-dokumentarische.blogs.ruhr-uni-bochum.de\\\/assoziierte-mitglieder\\\/lena-holbein\\\/#primaryimage\"},\"thumbnailUrl\":\"https:\\\/\\\/das-dokumentarische.blogs.ruhr-uni-bochum.de\\\/wp-content\\\/uploads\\\/2018\\\/10\\\/holbein-lena.jpg\",\"datePublished\":\"2018-10-12T19:41:38+00:00\",\"dateModified\":\"2022-04-20T10:24:14+00:00\",\"breadcrumb\":{\"@id\":\"https:\\\/\\\/das-dokumentarische.blogs.ruhr-uni-bochum.de\\\/assoziierte-mitglieder\\\/lena-holbein\\\/#breadcrumb\"},\"inLanguage\":\"en-US\",\"potentialAction\":[{\"@type\":\"ReadAction\",\"target\":[\"https:\\\/\\\/das-dokumentarische.blogs.ruhr-uni-bochum.de\\\/assoziierte-mitglieder\\\/lena-holbein\\\/\"]}]},{\"@type\":\"ImageObject\",\"inLanguage\":\"en-US\",\"@id\":\"https:\\\/\\\/das-dokumentarische.blogs.ruhr-uni-bochum.de\\\/assoziierte-mitglieder\\\/lena-holbein\\\/#primaryimage\",\"url\":\"https:\\\/\\\/das-dokumentarische.blogs.ruhr-uni-bochum.de\\\/wp-content\\\/uploads\\\/2018\\\/10\\\/holbein-lena.jpg\",\"contentUrl\":\"https:\\\/\\\/das-dokumentarische.blogs.ruhr-uni-bochum.de\\\/wp-content\\\/uploads\\\/2018\\\/10\\\/holbein-lena.jpg\"},{\"@type\":\"BreadcrumbList\",\"@id\":\"https:\\\/\\\/das-dokumentarische.blogs.ruhr-uni-bochum.de\\\/assoziierte-mitglieder\\\/lena-holbein\\\/#breadcrumb\",\"itemListElement\":[{\"@type\":\"ListItem\",\"position\":1,\"name\":\"Startseite\",\"item\":\"https:\\\/\\\/das-dokumentarische.blogs.ruhr-uni-bochum.de\\\/en\\\/\"},{\"@type\":\"ListItem\",\"position\":2,\"name\":\"Assoziierte Mitglieder\",\"item\":\"https:\\\/\\\/das-dokumentarische.blogs.ruhr-uni-bochum.de\\\/assoziierte-mitglieder\\\/\"},{\"@type\":\"ListItem\",\"position\":3,\"name\":\"Lena Holbein, M.A.\"}]},{\"@type\":\"WebSite\",\"@id\":\"https:\\\/\\\/das-dokumentarische.blogs.ruhr-uni-bochum.de\\\/en\\\/#website\",\"url\":\"https:\\\/\\\/das-dokumentarische.blogs.ruhr-uni-bochum.de\\\/en\\\/\",\"name\":\"GRK Das Dokumentarische. Exzess und Entzug\",\"description\":\"\",\"potentialAction\":[{\"@type\":\"SearchAction\",\"target\":{\"@type\":\"EntryPoint\",\"urlTemplate\":\"https:\\\/\\\/das-dokumentarische.blogs.ruhr-uni-bochum.de\\\/en\\\/?s={search_term_string}\"},\"query-input\":{\"@type\":\"PropertyValueSpecification\",\"valueRequired\":true,\"valueName\":\"search_term_string\"}}],\"inLanguage\":\"en-US\"}]}<\/script>\n<!-- \/ Yoast SEO plugin. -->","yoast_head_json":{"title":"Lena Holbein, M.A. - GRK Das Dokumentarische. Exzess und Entzug","robots":{"index":"index","follow":"follow","max-snippet":"max-snippet:-1","max-image-preview":"max-image-preview:large","max-video-preview":"max-video-preview:-1"},"canonical":"https:\/\/das-dokumentarische.blogs.ruhr-uni-bochum.de\/assoziierte-mitglieder\/lena-holbein\/","og_locale":"en_US","og_type":"article","og_title":"Lena Holbein, M.A. - GRK Das Dokumentarische. Exzess und Entzug","og_url":"https:\/\/das-dokumentarische.blogs.ruhr-uni-bochum.de\/assoziierte-mitglieder\/lena-holbein\/","og_site_name":"GRK Das Dokumentarische. Exzess und Entzug","article_modified_time":"2022-04-20T10:24:14+00:00","og_image":[{"url":"https:\/\/das-dokumentarische.blogs.ruhr-uni-bochum.de\/wp-content\/uploads\/2018\/10\/holbein-lena.jpg","type":"","width":"","height":""}],"twitter_card":"summary_large_image","twitter_misc":{"Est. reading time":"5 minutes"},"schema":{"@context":"https:\/\/schema.org","@graph":[{"@type":"WebPage","@id":"https:\/\/das-dokumentarische.blogs.ruhr-uni-bochum.de\/assoziierte-mitglieder\/lena-holbein\/","url":"https:\/\/das-dokumentarische.blogs.ruhr-uni-bochum.de\/assoziierte-mitglieder\/lena-holbein\/","name":"Lena Holbein, M.A. - GRK Das Dokumentarische. Exzess und Entzug","isPartOf":{"@id":"https:\/\/das-dokumentarische.blogs.ruhr-uni-bochum.de\/en\/#website"},"primaryImageOfPage":{"@id":"https:\/\/das-dokumentarische.blogs.ruhr-uni-bochum.de\/assoziierte-mitglieder\/lena-holbein\/#primaryimage"},"image":{"@id":"https:\/\/das-dokumentarische.blogs.ruhr-uni-bochum.de\/assoziierte-mitglieder\/lena-holbein\/#primaryimage"},"thumbnailUrl":"https:\/\/das-dokumentarische.blogs.ruhr-uni-bochum.de\/wp-content\/uploads\/2018\/10\/holbein-lena.jpg","datePublished":"2018-10-12T19:41:38+00:00","dateModified":"2022-04-20T10:24:14+00:00","breadcrumb":{"@id":"https:\/\/das-dokumentarische.blogs.ruhr-uni-bochum.de\/assoziierte-mitglieder\/lena-holbein\/#breadcrumb"},"inLanguage":"en-US","potentialAction":[{"@type":"ReadAction","target":["https:\/\/das-dokumentarische.blogs.ruhr-uni-bochum.de\/assoziierte-mitglieder\/lena-holbein\/"]}]},{"@type":"ImageObject","inLanguage":"en-US","@id":"https:\/\/das-dokumentarische.blogs.ruhr-uni-bochum.de\/assoziierte-mitglieder\/lena-holbein\/#primaryimage","url":"https:\/\/das-dokumentarische.blogs.ruhr-uni-bochum.de\/wp-content\/uploads\/2018\/10\/holbein-lena.jpg","contentUrl":"https:\/\/das-dokumentarische.blogs.ruhr-uni-bochum.de\/wp-content\/uploads\/2018\/10\/holbein-lena.jpg"},{"@type":"BreadcrumbList","@id":"https:\/\/das-dokumentarische.blogs.ruhr-uni-bochum.de\/assoziierte-mitglieder\/lena-holbein\/#breadcrumb","itemListElement":[{"@type":"ListItem","position":1,"name":"Startseite","item":"https:\/\/das-dokumentarische.blogs.ruhr-uni-bochum.de\/en\/"},{"@type":"ListItem","position":2,"name":"Assoziierte Mitglieder","item":"https:\/\/das-dokumentarische.blogs.ruhr-uni-bochum.de\/assoziierte-mitglieder\/"},{"@type":"ListItem","position":3,"name":"Lena Holbein, M.A."}]},{"@type":"WebSite","@id":"https:\/\/das-dokumentarische.blogs.ruhr-uni-bochum.de\/en\/#website","url":"https:\/\/das-dokumentarische.blogs.ruhr-uni-bochum.de\/en\/","name":"GRK Das Dokumentarische. Exzess und Entzug","description":"","potentialAction":[{"@type":"SearchAction","target":{"@type":"EntryPoint","urlTemplate":"https:\/\/das-dokumentarische.blogs.ruhr-uni-bochum.de\/en\/?s={search_term_string}"},"query-input":{"@type":"PropertyValueSpecification","valueRequired":true,"valueName":"search_term_string"}}],"inLanguage":"en-US"}]}},"uagb_featured_image_src":{"full":false,"thumbnail":false,"medium":false,"medium_large":false,"large":false,"1536x1536":false,"2048x2048":false,"ultp_layout_landscape_large":false,"ultp_layout_landscape":false,"ultp_layout_portrait":false,"ultp_layout_square":false,"colormag-highlighted-post":false,"colormag-featured-post-medium":false,"colormag-featured-post-small":false,"colormag-featured-image":false,"colormag-default-news":false,"colormag-featured-image-large":false},"uagb_author_info":{"display_name":"das-dokumentarische","author_link":"https:\/\/das-dokumentarische.blogs.ruhr-uni-bochum.de\/en\/author\/dasdoxs6\/"},"uagb_comment_info":0,"uagb_excerpt":"&nbsp;(Associated Member 03\/2018-12\/2019) Contact e-Mail:l.holbein@gmx.de Titel der Dissertation Das Archiv als Praxis der Evidenz- und Bedeutungsproduktion in der zeitgen\u00f6ssischen Kunst.","_links":{"self":[{"href":"https:\/\/das-dokumentarische.blogs.ruhr-uni-bochum.de\/en\/wp-json\/wp\/v2\/pages\/3404","targetHints":{"allow":["GET"]}}],"collection":[{"href":"https:\/\/das-dokumentarische.blogs.ruhr-uni-bochum.de\/en\/wp-json\/wp\/v2\/pages"}],"about":[{"href":"https:\/\/das-dokumentarische.blogs.ruhr-uni-bochum.de\/en\/wp-json\/wp\/v2\/types\/page"}],"author":[{"embeddable":true,"href":"https:\/\/das-dokumentarische.blogs.ruhr-uni-bochum.de\/en\/wp-json\/wp\/v2\/users\/7"}],"replies":[{"embeddable":true,"href":"https:\/\/das-dokumentarische.blogs.ruhr-uni-bochum.de\/en\/wp-json\/wp\/v2\/comments?post=3404"}],"version-history":[{"count":13,"href":"https:\/\/das-dokumentarische.blogs.ruhr-uni-bochum.de\/en\/wp-json\/wp\/v2\/pages\/3404\/revisions"}],"predecessor-version":[{"id":8291,"href":"https:\/\/das-dokumentarische.blogs.ruhr-uni-bochum.de\/en\/wp-json\/wp\/v2\/pages\/3404\/revisions\/8291"}],"up":[{"embeddable":true,"href":"https:\/\/das-dokumentarische.blogs.ruhr-uni-bochum.de\/en\/wp-json\/wp\/v2\/pages\/1426"}],"wp:attachment":[{"href":"https:\/\/das-dokumentarische.blogs.ruhr-uni-bochum.de\/en\/wp-json\/wp\/v2\/media?parent=3404"}],"curies":[{"name":"wp","href":"https:\/\/api.w.org\/{rel}","templated":true}]}}