{"id":1426,"date":"2017-08-30T15:54:41","date_gmt":"2017-08-30T13:54:41","guid":{"rendered":"https:\/\/das-dokumentarische.blogs.ruhr-uni-bochum.de\/?page_id=1426"},"modified":"2024-12-10T10:27:32","modified_gmt":"2024-12-10T09:27:32","slug":"assoziierte-mitglieder","status":"publish","type":"page","link":"https:\/\/das-dokumentarische.blogs.ruhr-uni-bochum.de\/en\/assoziierte-mitglieder\/","title":{"rendered":"Associated Members"},"content":{"rendered":"\n<h4 class=\"wp-block-heading\">CURRENTLY ASSOCIATED MEMBERS<\/h4>\n\n\n\n<hr class=\"wp-block-separator has-css-opacity\"\/>\n\n\n\n<div class=\"wp-block-media-text alignwide is-stacked-on-mobile\" style=\"grid-template-columns:27% auto\"><figure class=\"wp-block-media-text__media\"><img loading=\"lazy\" decoding=\"async\" width=\"700\" height=\"700\" src=\"https:\/\/das-dokumentarische.blogs.ruhr-uni-bochum.de\/wp-content\/uploads\/2022\/10\/IMG_2862-700x700.png\" alt=\"\" class=\"wp-image-8888 size-full\" srcset=\"https:\/\/das-dokumentarische.blogs.ruhr-uni-bochum.de\/wp-content\/uploads\/2022\/10\/IMG_2862-700x700.png 700w, https:\/\/das-dokumentarische.blogs.ruhr-uni-bochum.de\/wp-content\/uploads\/2022\/10\/IMG_2862-300x300.png 300w, https:\/\/das-dokumentarische.blogs.ruhr-uni-bochum.de\/wp-content\/uploads\/2022\/10\/IMG_2862-150x150.png 150w, https:\/\/das-dokumentarische.blogs.ruhr-uni-bochum.de\/wp-content\/uploads\/2022\/10\/IMG_2862-768x768.png 768w, https:\/\/das-dokumentarische.blogs.ruhr-uni-bochum.de\/wp-content\/uploads\/2022\/10\/IMG_2862-1536x1536.png 1536w, https:\/\/das-dokumentarische.blogs.ruhr-uni-bochum.de\/wp-content\/uploads\/2022\/10\/IMG_2862-2048x2048.png 2048w, https:\/\/das-dokumentarische.blogs.ruhr-uni-bochum.de\/wp-content\/uploads\/2022\/10\/IMG_2862-600x600.png 600w, https:\/\/das-dokumentarische.blogs.ruhr-uni-bochum.de\/wp-content\/uploads\/2022\/10\/IMG_2862.png 1920w\" sizes=\"auto, (max-width: 700px) 100vw, 700px\" \/><\/figure><div class=\"wp-block-media-text__content\">\n<h2 class=\"wp-block-heading\"><a href=\"https:\/\/das-dokumentarische.blogs.ruhr-uni-bochum.de\/vesna-schierbaum-m-a\/\">Vesna Schierbaum<\/a><\/h2>\n\n\n\n<p id=\"block-3b98f298-8c3c-4933-9605-5cde36dbf661\">E-Mail: vesna.schierbaum@uni-bonn.de<\/p>\n\n\n\n<p id=\"block-5dc03736-48ba-4a09-a4cc-e659f180ba9e\"><em><strong>Phd project:&nbsp;<\/strong>Sensing Crowds: Mediengeschichten des mobilen Sensing <\/em>(AT)<\/p>\n\n\n\n<p id=\"block-3604ddbc-0ce0-4b35-a12a-af0d29acbad0\">seit Summer term 2024<\/p>\n<\/div><\/div>\n\n\n\n<h4 class=\"wp-block-heading\"><strong><a href=\"https:\/\/das-dokumentarische.blogs.ruhr-uni-bochum.de\/wp-content\/uploads\/2020\/05\/Harms_Portrait_2019_q-scaled.jpg\"><\/a><\/strong><\/h4>\n\n\n\n<div class=\"wp-block-media-text alignwide is-stacked-on-mobile\" style=\"grid-template-columns:27% auto\"><figure class=\"wp-block-media-text__media\"><img loading=\"lazy\" decoding=\"async\" width=\"700\" height=\"700\" src=\"https:\/\/das-dokumentarische.blogs.ruhr-uni-bochum.de\/wp-content\/uploads\/2022\/10\/IMG_2851-700x700.png\" alt=\"\" class=\"wp-image-8882 size-full\" srcset=\"https:\/\/das-dokumentarische.blogs.ruhr-uni-bochum.de\/wp-content\/uploads\/2022\/10\/IMG_2851-700x700.png 700w, https:\/\/das-dokumentarische.blogs.ruhr-uni-bochum.de\/wp-content\/uploads\/2022\/10\/IMG_2851-300x300.png 300w, https:\/\/das-dokumentarische.blogs.ruhr-uni-bochum.de\/wp-content\/uploads\/2022\/10\/IMG_2851-150x150.png 150w, https:\/\/das-dokumentarische.blogs.ruhr-uni-bochum.de\/wp-content\/uploads\/2022\/10\/IMG_2851-768x768.png 768w, https:\/\/das-dokumentarische.blogs.ruhr-uni-bochum.de\/wp-content\/uploads\/2022\/10\/IMG_2851-1536x1536.png 1536w, https:\/\/das-dokumentarische.blogs.ruhr-uni-bochum.de\/wp-content\/uploads\/2022\/10\/IMG_2851-2048x2048.png 2048w, https:\/\/das-dokumentarische.blogs.ruhr-uni-bochum.de\/wp-content\/uploads\/2022\/10\/IMG_2851-600x600.png 600w, https:\/\/das-dokumentarische.blogs.ruhr-uni-bochum.de\/wp-content\/uploads\/2022\/10\/IMG_2851.png 1920w\" sizes=\"auto, (max-width: 700px) 100vw, 700px\" \/><\/figure><div class=\"wp-block-media-text__content\">\n<h2 class=\"wp-block-heading\"><a href=\"https:\/\/das-dokumentarische.blogs.ruhr-uni-bochum.de\/hannah-schmedes\/\">Hannah Schmedes<\/a><\/h2>\n\n\n\n<p id=\"block-3b98f298-8c3c-4933-9605-5cde36dbf661\">E-Mail: hannah.schmedes@ruhr-uni-bochum.de<\/p>\n\n\n\n<p id=\"block-5dc03736-48ba-4a09-a4cc-e659f180ba9e\"><em><strong>PhD project:\u00a0<\/strong><\/em> <em>\u201eThe infrastructural is political\u201c. Eine queer*feministische Infrastrukturkritik der Wikipedia (AT)<\/em><\/p>\n\n\n\n<p id=\"block-3604ddbc-0ce0-4b35-a12a-af0d29acbad0\">since Summer term 2024<\/p>\n<\/div><\/div>\n\n\n\n<h3 class=\"wp-block-heading\" id=\"block-b7081cac-9669-45c2-926a-47ac93d3edf4\"><\/h3>\n\n\n\n<h4 class=\"wp-block-heading\"><strong><a href=\"https:\/\/das-dokumentarische.blogs.ruhr-uni-bochum.de\/wp-content\/uploads\/2020\/05\/Harms_Portrait_2019_q-scaled.jpg\"><\/a><\/strong><\/h4>\n\n\n\n<hr class=\"wp-block-separator has-css-opacity\"\/>\n\n\n\n<h4 class=\"wp-block-heading\">FORMER ASSOCIATED MEMBERS<\/h4>\n\n\n\n<div class=\"wp-block-media-text alignwide is-stacked-on-mobile\" style=\"grid-template-columns:27% auto\"><figure class=\"wp-block-media-text__media\"><img loading=\"lazy\" decoding=\"async\" width=\"665\" height=\"572\" src=\"https:\/\/das-dokumentarische.blogs.ruhr-uni-bochum.de\/wp-content\/uploads\/2023\/08\/Photo-schwarzweiss-e1692095133594.jpg\" alt=\"\" class=\"wp-image-10331 size-full\" srcset=\"https:\/\/das-dokumentarische.blogs.ruhr-uni-bochum.de\/wp-content\/uploads\/2023\/08\/Photo-schwarzweiss-e1692095133594.jpg 665w, https:\/\/das-dokumentarische.blogs.ruhr-uni-bochum.de\/wp-content\/uploads\/2023\/08\/Photo-schwarzweiss-e1692095133594-300x258.jpg 300w\" sizes=\"auto, (max-width: 665px) 100vw, 665px\" \/><\/figure><div class=\"wp-block-media-text__content\">\n<h4 class=\"wp-block-heading\" id=\"block-b7081cac-9669-45c2-926a-47ac93d3edf4\">Vincent Kancans<\/h4>\n\n\n\n<p id=\"block-3b98f298-8c3c-4933-9605-5cde36dbf661\">E-Mail: kanca005@umn.edu<\/p>\n\n\n\n<p id=\"block-5dc03736-48ba-4a09-a4cc-e659f180ba9e\"><em><strong>PhD project: <\/strong>Unraveling the Nostalgia for Magnetic Tape<\/em><\/p>\n\n\n\n<p id=\"block-3604ddbc-0ce0-4b35-a12a-af0d29acbad0\">Winter term 2023\/24<\/p>\n<\/div><\/div>\n\n\n\n<hr class=\"wp-block-separator has-css-opacity\"\/>\n\n\n\n<div class=\"wp-block-media-text alignwide is-stacked-on-mobile\" style=\"grid-template-columns:26% auto\"><figure class=\"wp-block-media-text__media\"><img loading=\"lazy\" decoding=\"async\" width=\"700\" height=\"700\" src=\"https:\/\/das-dokumentarische.blogs.ruhr-uni-bochum.de\/wp-content\/uploads\/2020\/05\/Harms_Portrait_2019_q-700x700.jpg\" alt=\"\" class=\"wp-image-5368 size-full\" srcset=\"https:\/\/das-dokumentarische.blogs.ruhr-uni-bochum.de\/wp-content\/uploads\/2020\/05\/Harms_Portrait_2019_q-700x700.jpg 700w, https:\/\/das-dokumentarische.blogs.ruhr-uni-bochum.de\/wp-content\/uploads\/2020\/05\/Harms_Portrait_2019_q-300x300.jpg 300w, https:\/\/das-dokumentarische.blogs.ruhr-uni-bochum.de\/wp-content\/uploads\/2020\/05\/Harms_Portrait_2019_q-150x150.jpg 150w, https:\/\/das-dokumentarische.blogs.ruhr-uni-bochum.de\/wp-content\/uploads\/2020\/05\/Harms_Portrait_2019_q-768x768.jpg 768w, https:\/\/das-dokumentarische.blogs.ruhr-uni-bochum.de\/wp-content\/uploads\/2020\/05\/Harms_Portrait_2019_q-1536x1536.jpg 1536w, https:\/\/das-dokumentarische.blogs.ruhr-uni-bochum.de\/wp-content\/uploads\/2020\/05\/Harms_Portrait_2019_q-2048x2048.jpg 2048w, https:\/\/das-dokumentarische.blogs.ruhr-uni-bochum.de\/wp-content\/uploads\/2020\/05\/Harms_Portrait_2019_q-600x600.jpg 600w, https:\/\/das-dokumentarische.blogs.ruhr-uni-bochum.de\/wp-content\/uploads\/2020\/05\/Harms_Portrait_2019_q-scaled.jpg 1920w\" sizes=\"auto, (max-width: 700px) 100vw, 700px\" \/><\/figure><div class=\"wp-block-media-text__content\">\n<h4 class=\"wp-block-heading\"><a href=\"https:\/\/das-dokumentarische.blogs.ruhr-uni-bochum.de\/en\/assoziierte-mitglieder\/jan-harms\/\"><strong>Jan Harms<\/strong><\/a><\/h4>\n\n\n\n<p>E-Mail: jan.harms@hhu.de<\/p>\n\n\n\n<p><em><strong>PhD project: <\/strong>Verdachtsmomente. \u00c4sthetiken von Evidenz und Dokument in digitalen True-Crime-Formaten<\/em><\/p>\n\n\n\n<p>Member since 10\/2019<\/p>\n<\/div><\/div>\n\n\n\n<div class=\"wp-block-media-text alignwide is-stacked-on-mobile\" style=\"grid-template-columns:26% auto\"><figure class=\"wp-block-media-text__media\"><img loading=\"lazy\" decoding=\"async\" width=\"236\" height=\"237\" src=\"https:\/\/das-dokumentarische.blogs.ruhr-uni-bochum.de\/wp-content\/uploads\/2020\/05\/linseisen.jpg\" alt=\"\" class=\"wp-image-5376 size-full\" srcset=\"https:\/\/das-dokumentarische.blogs.ruhr-uni-bochum.de\/wp-content\/uploads\/2020\/05\/linseisen.jpg 236w, https:\/\/das-dokumentarische.blogs.ruhr-uni-bochum.de\/wp-content\/uploads\/2020\/05\/linseisen-150x150.jpg 150w\" sizes=\"auto, (max-width: 236px) 100vw, 236px\" \/><\/figure><div class=\"wp-block-media-text__content\">\n<h4 class=\"wp-block-heading\"><strong><a href=\"https:\/\/das-dokumentarische.blogs.ruhr-uni-bochum.de\/wp-content\/uploads\/2020\/05\/linseisen.jpg\"><\/a><\/strong><a href=\"https:\/\/das-dokumentarische.blogs.ruhr-uni-bochum.de\/en\/assoziierte-mitglieder\/elisa-linseisen\/\"><strong>Elisa Linseisen<\/strong><\/a><\/h4>\n\n\n\n<p>E-Mail: elisa.linseisen@upb.de<\/p>\n\n\n\n<p><em><strong>PostDoc project:<\/strong>&nbsp;<\/em>Protodocumentarism. In Search of Epistemic Counter-\/Models of Documentary Change with&nbsp; National Geographic<\/p>\n\n\n\n<p>Member since 01\/2020<\/p>\n<\/div><\/div>\n\n\n\n<div class=\"wp-block-media-text alignwide is-stacked-on-mobile\" style=\"grid-template-columns:26% auto\"><figure class=\"wp-block-media-text__media\"><img loading=\"lazy\" decoding=\"async\" width=\"700\" height=\"700\" src=\"https:\/\/das-dokumentarische.blogs.ruhr-uni-bochum.de\/wp-content\/uploads\/2017\/10\/Sina_portrait-700x700.jpg\" alt=\"\" class=\"wp-image-3030 size-full\" srcset=\"https:\/\/das-dokumentarische.blogs.ruhr-uni-bochum.de\/wp-content\/uploads\/2017\/10\/Sina_portrait-700x700.jpg 700w, https:\/\/das-dokumentarische.blogs.ruhr-uni-bochum.de\/wp-content\/uploads\/2017\/10\/Sina_portrait-150x150.jpg 150w, https:\/\/das-dokumentarische.blogs.ruhr-uni-bochum.de\/wp-content\/uploads\/2017\/10\/Sina_portrait-300x300.jpg 300w, https:\/\/das-dokumentarische.blogs.ruhr-uni-bochum.de\/wp-content\/uploads\/2017\/10\/Sina_portrait-768x768.jpg 768w, https:\/\/das-dokumentarische.blogs.ruhr-uni-bochum.de\/wp-content\/uploads\/2017\/10\/Sina_portrait.jpg 1920w\" sizes=\"auto, (max-width: 700px) 100vw, 700px\" \/><\/figure><div class=\"wp-block-media-text__content\">\n<h4 class=\"wp-block-heading\"><strong><em><a href=\"https:\/\/das-dokumentarische.blogs.ruhr-uni-bochum.de\/wp-content\/uploads\/2017\/10\/Sina_portrait.jpg\"><\/a><\/em><\/strong><strong><a href=\"https:\/\/das-dokumentarische.blogs.ruhr-uni-bochum.de\/en\/assoziierte-mitglieder\/veronique-sina\/\">V\u00e9ronique Sina<\/a><\/strong><\/h4>\n\n\n\n<p>E-Mail: veronique.sina@rub.de<\/p>\n\n\n\n<p><em><strong>PostDoc project:&nbsp;<\/strong>Discursive Constructions of Cultural Jewish Identities in (Audio-)Visual Media<\/em> <em>(working title)<\/em><\/p>\n\n\n\n<p>Member from 10\/2017\u201309\/2019<\/p>\n<\/div><\/div>\n\n\n\n<div class=\"wp-block-media-text alignwide is-stacked-on-mobile\" style=\"grid-template-columns:26% auto\"><figure class=\"wp-block-media-text__media\"><img loading=\"lazy\" decoding=\"async\" width=\"400\" height=\"400\" src=\"https:\/\/das-dokumentarische.blogs.ruhr-uni-bochum.de\/wp-content\/uploads\/2018\/10\/holbein-lena.jpg\" alt=\"\" class=\"wp-image-3415 size-full\" srcset=\"https:\/\/das-dokumentarische.blogs.ruhr-uni-bochum.de\/wp-content\/uploads\/2018\/10\/holbein-lena.jpg 400w, https:\/\/das-dokumentarische.blogs.ruhr-uni-bochum.de\/wp-content\/uploads\/2018\/10\/holbein-lena-150x150.jpg 150w, https:\/\/das-dokumentarische.blogs.ruhr-uni-bochum.de\/wp-content\/uploads\/2018\/10\/holbein-lena-300x300.jpg 300w\" sizes=\"auto, (max-width: 400px) 100vw, 400px\" \/><\/figure><div class=\"wp-block-media-text__content\">\n<h4 class=\"wp-block-heading\"><strong><em><a href=\"https:\/\/das-dokumentarische.blogs.ruhr-uni-bochum.de\/wp-content\/uploads\/2018\/10\/holbein-lena.jpg\"><\/a><\/em><a href=\"https:\/\/das-dokumentarische.blogs.ruhr-uni-bochum.de\/en\/assoziierte-mitglieder\/lena-holbein\/\">Lena Holbein<\/a><\/strong><\/h4>\n\n\n\n<p>E-Mail: l-ch.Holbein@hbk-bs.de<\/p>\n\n\n\n<p><em><strong>PhD project: <\/strong><\/em><em>Das Archiv als Praxis der Evidenz- und Bedeutungsproduktion in der zeitgen\u00f6ssischen Kunst. \u00dcber Archivalische Verfahren im Umgang mit angeeigneten Fotografien<\/em><\/p>\n\n\n\n<p>Member from 03\/2018\u201312\/2019<\/p>\n<\/div><\/div>\n\n\n\n<p><\/p>\n\n\n\n<div class=\"wp-block-media-text alignwide is-stacked-on-mobile\" style=\"grid-template-columns:26% auto\"><figure class=\"wp-block-media-text__media\"><img loading=\"lazy\" decoding=\"async\" width=\"300\" height=\"300\" src=\"https:\/\/das-dokumentarische.blogs.ruhr-uni-bochum.de\/wp-content\/uploads\/2021\/09\/BILD_Grako.jpg\" alt=\"\" class=\"wp-image-6901 size-full\" srcset=\"https:\/\/das-dokumentarische.blogs.ruhr-uni-bochum.de\/wp-content\/uploads\/2021\/09\/BILD_Grako.jpg 300w, https:\/\/das-dokumentarische.blogs.ruhr-uni-bochum.de\/wp-content\/uploads\/2021\/09\/BILD_Grako-150x150.jpg 150w\" sizes=\"auto, (max-width: 300px) 100vw, 300px\" \/><\/figure><div class=\"wp-block-media-text__content\">\n<h4 class=\"wp-block-heading\"><strong><a href=\"https:\/\/das-dokumentarische.blogs.ruhr-uni-bochum.de\/personen\/lotte-dinse\/\"><\/a><\/strong><strong><a href=\"https:\/\/das-dokumentarische.blogs.ruhr-uni-bochum.de\/personen\/lotte-dinse\/\">Lotte Dinse<\/a><\/strong><\/h4>\n\n\n\n<p>E-Mail: l-m-d@gmx.de<\/p>\n\n\n\n<p><em><strong>PhD project:<\/strong> Visuelle Repr\u00e4sentationen des Fremden und Eigenen im Kontext aktueller und historischer kunsttheoretischer und kulturanthropologischer Diskurse. Eine Untersuchung zum Verh\u00e4ltnis von Ethnografie und Kunst am Beispiel ausgew\u00e4hlter Positionen der zeitgen\u00f6ssischen Dokumentarfotografie<\/em><\/p>\n\n\n\n<p>Member from 10\/2016\u201303\/2017<\/p>\n<\/div><\/div>\n","protected":false},"excerpt":{"rendered":"<p>CURRENTLY ASSOCIATED MEMBERS Vesna Schierbaum E-Mail: vesna.schierbaum@uni-bonn.de Phd project:&nbsp;Sensing Crowds: Mediengeschichten des mobilen Sensing (AT) seit Summer term 2024 Hannah<\/p>\n","protected":false},"author":7,"featured_media":0,"parent":0,"menu_order":0,"comment_status":"closed","ping_status":"closed","template":"","meta":{"colormag_page_container_layout":"default_layout","colormag_page_sidebar_layout":"default_layout","_uag_custom_page_level_css":"","ngg_post_thumbnail":0,"footnotes":""},"class_list":["post-1426","page","type-page","status-publish","hentry"],"translation":{"provider":"WPGlobus","version":"3.0.2","language":"en","enabled_languages":["de","en"],"languages":{"de":{"title":true,"content":true,"excerpt":false},"en":{"title":true,"content":true,"excerpt":false}}},"yoast_head":"<!-- This site is optimized with the Yoast SEO plugin v27.4 - https:\/\/yoast.com\/product\/yoast-seo-wordpress\/ -->\n<title>Associated Members - GRK Das Dokumentarische. Exzess und Entzug<\/title>\n<meta name=\"robots\" content=\"index, follow, max-snippet:-1, max-image-preview:large, max-video-preview:-1\" \/>\n<link rel=\"canonical\" href=\"https:\/\/das-dokumentarische.blogs.ruhr-uni-bochum.de\/assoziierte-mitglieder\/\" \/>\n<meta property=\"og:locale\" content=\"en_US\" \/>\n<meta property=\"og:type\" content=\"article\" \/>\n<meta property=\"og:title\" content=\"Associated Members - GRK Das Dokumentarische. Exzess und Entzug\" \/>\n<meta property=\"og:url\" content=\"https:\/\/das-dokumentarische.blogs.ruhr-uni-bochum.de\/assoziierte-mitglieder\/\" \/>\n<meta property=\"og:site_name\" content=\"GRK Das Dokumentarische. Exzess und Entzug\" \/>\n<meta property=\"article:modified_time\" content=\"2024-12-10T09:27:32+00:00\" \/>\n<meta property=\"og:image\" content=\"https:\/\/das-dokumentarische.blogs.ruhr-uni-bochum.de\/wp-content\/uploads\/2022\/10\/IMG_2862.png\" \/>\n\t<meta property=\"og:image:width\" content=\"1920\" \/>\n\t<meta property=\"og:image:height\" content=\"1920\" \/>\n\t<meta property=\"og:image:type\" content=\"image\/png\" \/>\n<meta name=\"twitter:card\" content=\"summary_large_image\" \/>\n<meta name=\"twitter:label1\" content=\"Est. reading time\" \/>\n\t<meta name=\"twitter:data1\" content=\"3 minutes\" \/>\n<script type=\"application\/ld+json\" class=\"yoast-schema-graph\">{\"@context\":\"https:\\\/\\\/schema.org\",\"@graph\":[{\"@type\":\"WebPage\",\"@id\":\"https:\\\/\\\/das-dokumentarische.blogs.ruhr-uni-bochum.de\\\/assoziierte-mitglieder\\\/\",\"url\":\"https:\\\/\\\/das-dokumentarische.blogs.ruhr-uni-bochum.de\\\/assoziierte-mitglieder\\\/\",\"name\":\"Associated Members - GRK Das Dokumentarische. Exzess und Entzug\",\"isPartOf\":{\"@id\":\"https:\\\/\\\/das-dokumentarische.blogs.ruhr-uni-bochum.de\\\/en\\\/#website\"},\"primaryImageOfPage\":{\"@id\":\"https:\\\/\\\/das-dokumentarische.blogs.ruhr-uni-bochum.de\\\/assoziierte-mitglieder\\\/#primaryimage\"},\"image\":{\"@id\":\"https:\\\/\\\/das-dokumentarische.blogs.ruhr-uni-bochum.de\\\/assoziierte-mitglieder\\\/#primaryimage\"},\"thumbnailUrl\":\"https:\\\/\\\/das-dokumentarische.blogs.ruhr-uni-bochum.de\\\/wp-content\\\/uploads\\\/2022\\\/10\\\/IMG_2862-700x700.png\",\"datePublished\":\"2017-08-30T13:54:41+00:00\",\"dateModified\":\"2024-12-10T09:27:32+00:00\",\"breadcrumb\":{\"@id\":\"https:\\\/\\\/das-dokumentarische.blogs.ruhr-uni-bochum.de\\\/assoziierte-mitglieder\\\/#breadcrumb\"},\"inLanguage\":\"en-US\",\"potentialAction\":[{\"@type\":\"ReadAction\",\"target\":[\"https:\\\/\\\/das-dokumentarische.blogs.ruhr-uni-bochum.de\\\/assoziierte-mitglieder\\\/\"]}]},{\"@type\":\"ImageObject\",\"inLanguage\":\"en-US\",\"@id\":\"https:\\\/\\\/das-dokumentarische.blogs.ruhr-uni-bochum.de\\\/assoziierte-mitglieder\\\/#primaryimage\",\"url\":\"https:\\\/\\\/das-dokumentarische.blogs.ruhr-uni-bochum.de\\\/wp-content\\\/uploads\\\/2022\\\/10\\\/IMG_2862-700x700.png\",\"contentUrl\":\"https:\\\/\\\/das-dokumentarische.blogs.ruhr-uni-bochum.de\\\/wp-content\\\/uploads\\\/2022\\\/10\\\/IMG_2862-700x700.png\"},{\"@type\":\"BreadcrumbList\",\"@id\":\"https:\\\/\\\/das-dokumentarische.blogs.ruhr-uni-bochum.de\\\/assoziierte-mitglieder\\\/#breadcrumb\",\"itemListElement\":[{\"@type\":\"ListItem\",\"position\":1,\"name\":\"Startseite\",\"item\":\"https:\\\/\\\/das-dokumentarische.blogs.ruhr-uni-bochum.de\\\/en\\\/\"},{\"@type\":\"ListItem\",\"position\":2,\"name\":\"Assoziierte Mitglieder\"}]},{\"@type\":\"WebSite\",\"@id\":\"https:\\\/\\\/das-dokumentarische.blogs.ruhr-uni-bochum.de\\\/en\\\/#website\",\"url\":\"https:\\\/\\\/das-dokumentarische.blogs.ruhr-uni-bochum.de\\\/en\\\/\",\"name\":\"GRK Das Dokumentarische. Exzess und Entzug\",\"description\":\"\",\"potentialAction\":[{\"@type\":\"SearchAction\",\"target\":{\"@type\":\"EntryPoint\",\"urlTemplate\":\"https:\\\/\\\/das-dokumentarische.blogs.ruhr-uni-bochum.de\\\/en\\\/?s={search_term_string}\"},\"query-input\":{\"@type\":\"PropertyValueSpecification\",\"valueRequired\":true,\"valueName\":\"search_term_string\"}}],\"inLanguage\":\"en-US\"}]}<\/script>\n<!-- \/ Yoast SEO plugin. -->","yoast_head_json":{"title":"Associated Members - GRK Das Dokumentarische. Exzess und Entzug","robots":{"index":"index","follow":"follow","max-snippet":"max-snippet:-1","max-image-preview":"max-image-preview:large","max-video-preview":"max-video-preview:-1"},"canonical":"https:\/\/das-dokumentarische.blogs.ruhr-uni-bochum.de\/assoziierte-mitglieder\/","og_locale":"en_US","og_type":"article","og_title":"Associated Members - GRK Das Dokumentarische. Exzess und Entzug","og_url":"https:\/\/das-dokumentarische.blogs.ruhr-uni-bochum.de\/assoziierte-mitglieder\/","og_site_name":"GRK Das Dokumentarische. Exzess und Entzug","article_modified_time":"2024-12-10T09:27:32+00:00","og_image":[{"width":1920,"height":1920,"url":"https:\/\/das-dokumentarische.blogs.ruhr-uni-bochum.de\/wp-content\/uploads\/2022\/10\/IMG_2862.png","type":"image\/png"}],"twitter_card":"summary_large_image","twitter_misc":{"Est. reading time":"3 minutes"},"schema":{"@context":"https:\/\/schema.org","@graph":[{"@type":"WebPage","@id":"https:\/\/das-dokumentarische.blogs.ruhr-uni-bochum.de\/assoziierte-mitglieder\/","url":"https:\/\/das-dokumentarische.blogs.ruhr-uni-bochum.de\/assoziierte-mitglieder\/","name":"Associated Members - GRK Das Dokumentarische. Exzess und Entzug","isPartOf":{"@id":"https:\/\/das-dokumentarische.blogs.ruhr-uni-bochum.de\/en\/#website"},"primaryImageOfPage":{"@id":"https:\/\/das-dokumentarische.blogs.ruhr-uni-bochum.de\/assoziierte-mitglieder\/#primaryimage"},"image":{"@id":"https:\/\/das-dokumentarische.blogs.ruhr-uni-bochum.de\/assoziierte-mitglieder\/#primaryimage"},"thumbnailUrl":"https:\/\/das-dokumentarische.blogs.ruhr-uni-bochum.de\/wp-content\/uploads\/2022\/10\/IMG_2862-700x700.png","datePublished":"2017-08-30T13:54:41+00:00","dateModified":"2024-12-10T09:27:32+00:00","breadcrumb":{"@id":"https:\/\/das-dokumentarische.blogs.ruhr-uni-bochum.de\/assoziierte-mitglieder\/#breadcrumb"},"inLanguage":"en-US","potentialAction":[{"@type":"ReadAction","target":["https:\/\/das-dokumentarische.blogs.ruhr-uni-bochum.de\/assoziierte-mitglieder\/"]}]},{"@type":"ImageObject","inLanguage":"en-US","@id":"https:\/\/das-dokumentarische.blogs.ruhr-uni-bochum.de\/assoziierte-mitglieder\/#primaryimage","url":"https:\/\/das-dokumentarische.blogs.ruhr-uni-bochum.de\/wp-content\/uploads\/2022\/10\/IMG_2862-700x700.png","contentUrl":"https:\/\/das-dokumentarische.blogs.ruhr-uni-bochum.de\/wp-content\/uploads\/2022\/10\/IMG_2862-700x700.png"},{"@type":"BreadcrumbList","@id":"https:\/\/das-dokumentarische.blogs.ruhr-uni-bochum.de\/assoziierte-mitglieder\/#breadcrumb","itemListElement":[{"@type":"ListItem","position":1,"name":"Startseite","item":"https:\/\/das-dokumentarische.blogs.ruhr-uni-bochum.de\/en\/"},{"@type":"ListItem","position":2,"name":"Assoziierte Mitglieder"}]},{"@type":"WebSite","@id":"https:\/\/das-dokumentarische.blogs.ruhr-uni-bochum.de\/en\/#website","url":"https:\/\/das-dokumentarische.blogs.ruhr-uni-bochum.de\/en\/","name":"GRK Das Dokumentarische. Exzess und Entzug","description":"","potentialAction":[{"@type":"SearchAction","target":{"@type":"EntryPoint","urlTemplate":"https:\/\/das-dokumentarische.blogs.ruhr-uni-bochum.de\/en\/?s={search_term_string}"},"query-input":{"@type":"PropertyValueSpecification","valueRequired":true,"valueName":"search_term_string"}}],"inLanguage":"en-US"}]}},"uagb_featured_image_src":{"full":false,"thumbnail":false,"medium":false,"medium_large":false,"large":false,"1536x1536":false,"2048x2048":false,"ultp_layout_landscape_large":false,"ultp_layout_landscape":false,"ultp_layout_portrait":false,"ultp_layout_square":false,"colormag-highlighted-post":false,"colormag-featured-post-medium":false,"colormag-featured-post-small":false,"colormag-featured-image":false,"colormag-default-news":false,"colormag-featured-image-large":false},"uagb_author_info":{"display_name":"das-dokumentarische","author_link":"https:\/\/das-dokumentarische.blogs.ruhr-uni-bochum.de\/en\/author\/dasdoxs6\/"},"uagb_comment_info":0,"uagb_excerpt":"CURRENTLY ASSOCIATED MEMBERS Vesna Schierbaum E-Mail: vesna.schierbaum@uni-bonn.de Phd project:&nbsp;Sensing Crowds: Mediengeschichten des mobilen Sensing (AT) seit Summer term 2024 Hannah","_links":{"self":[{"href":"https:\/\/das-dokumentarische.blogs.ruhr-uni-bochum.de\/en\/wp-json\/wp\/v2\/pages\/1426","targetHints":{"allow":["GET"]}}],"collection":[{"href":"https:\/\/das-dokumentarische.blogs.ruhr-uni-bochum.de\/en\/wp-json\/wp\/v2\/pages"}],"about":[{"href":"https:\/\/das-dokumentarische.blogs.ruhr-uni-bochum.de\/en\/wp-json\/wp\/v2\/types\/page"}],"author":[{"embeddable":true,"href":"https:\/\/das-dokumentarische.blogs.ruhr-uni-bochum.de\/en\/wp-json\/wp\/v2\/users\/7"}],"replies":[{"embeddable":true,"href":"https:\/\/das-dokumentarische.blogs.ruhr-uni-bochum.de\/en\/wp-json\/wp\/v2\/comments?post=1426"}],"version-history":[{"count":71,"href":"https:\/\/das-dokumentarische.blogs.ruhr-uni-bochum.de\/en\/wp-json\/wp\/v2\/pages\/1426\/revisions"}],"predecessor-version":[{"id":12181,"href":"https:\/\/das-dokumentarische.blogs.ruhr-uni-bochum.de\/en\/wp-json\/wp\/v2\/pages\/1426\/revisions\/12181"}],"wp:attachment":[{"href":"https:\/\/das-dokumentarische.blogs.ruhr-uni-bochum.de\/en\/wp-json\/wp\/v2\/media?parent=1426"}],"curies":[{"name":"wp","href":"https:\/\/api.w.org\/{rel}","templated":true}]}}