{"id":11262,"date":"2024-04-24T13:00:51","date_gmt":"2024-04-24T11:00:51","guid":{"rendered":"https:\/\/das-dokumentarische.blogs.ruhr-uni-bochum.de\/?page_id=11262"},"modified":"2025-08-01T10:50:47","modified_gmt":"2025-08-01T08:50:47","slug":"anne-hemkendreis-dr","status":"publish","type":"page","link":"https:\/\/das-dokumentarische.blogs.ruhr-uni-bochum.de\/en\/kollegiat_innen\/anne-hemkendreis-dr\/","title":{"rendered":"Anne Hemkendreis, Dr."},"content":{"rendered":"\n<div class=\"wp-block-media-text alignwide is-stacked-on-mobile is-image-fill\" style=\"grid-template-columns:21% auto\"><figure class=\"wp-block-media-text__media\" style=\"background-image:url(https:\/\/das-dokumentarische.blogs.ruhr-uni-bochum.de\/wp-content\/uploads\/2024\/04\/Bewerbungsfoto_sw-Kopie-700x467.jpg);background-position:50% 50%\"><img decoding=\"async\" src=\"https:\/\/das-dokumentarische.blogs.ruhr-uni-bochum.de\/wp-content\/uploads\/2024\/04\/Bewerbungsfoto_sw-Kopie-700x467.jpg\" alt=\"\" class=\"wp-image-11263 size-full\"\/><\/figure><div class=\"wp-block-media-text__content\">\n<p class=\"has-text-align-left\">Raum:\u00a0GB 6\/140<br>Telefon: +49 (0) 234\/32-24683<br>E-Mail: <a href=\"mailto:anne.hemkendreis@ruhr-uni-bochum.de\" target=\"_blank\" rel=\"noreferrer noopener\">anne.hemkendreis@ruhr-uni-bochum.de<\/a><\/p>\n<\/div><\/div>\n\n\n\n<p><em>Fotograf: Bernd Brundert<\/em><\/p>\n\n\n\n<h4 class=\"wp-block-heading\"><strong><span style=\"text-decoration: underline;\">Projekte<\/span><\/strong><\/h4>\n\n\n\n<p><em><strong>Habilitationsprojekt: Arktische Landschaften: K\u00fcnstlerische Aktualisierungen der Romantik<\/strong><\/em><\/p>\n\n\n\n<p>Das Habilitationsprojekt von Anne Hemkendreis besch\u00e4ftigt sich mit der \u00f6kologisch motivierten Gegenwartskunst zur Arktis. In sechs Fallstudien \u2013 zu den K\u00fcnstlerinnen Swaantje G\u00fcntzel, Elina Brotherus, Sarah Gerats, Pia Arke, Marja Helander sowie dem K\u00fcnstlerduo Annika Dahlsten und Markku Laakso \u2013 untersucht das Projekt indigene und nicht-indigene Perspektiven auf die Vorstellung einer leeren Arktis als B\u00fchne f\u00fcr heroische Taten.&nbsp;<\/p>\n\n\n\n<p>Im Zentrum des Projekts steht eine wirkm\u00e4chtige Bildformel der Romantik, n\u00e4mlich die monumentale (m\u00e4nnliche) R\u00fcckenfigur als visueller Ausdruck f\u00fcr eine Erhebung des Menschen \u00fcber die Natur und als Verk\u00f6rperung eines imperialen Blicks. K\u00fcnstlerinnen der Gegenwart treten in die Fu\u00dfstapfen der romantischen R\u00fcckenfigur; sie besetzen diese (weiblich) neu und reflektieren kritisch ein von der Welt distanziertes Subjektdenken. Die Romantik wird dadurch zum Gegenstand der Auseinandersetzung und gleichzeitig zur Inspiration f\u00fcr die Konzeption eines \u00f6kologisch verfassten Natur-Mensch-Verh\u00e4ltnisses.&nbsp;<\/p>\n\n\n\n<p>Die Arktis als eine Region, in der der Klimawandel zunehmend an Sichtbarkeit gewinnt, wird dadurch als eine kolonialisierte und gegenderte Zone thematisch. In Zeiten der Eisschmelze, in der freiwerdende Ressourcen und neue Handelswege die Arktis in den Fokus \u00f6konomischer und nationaler Interessen r\u00fccken lassen, ist diese Perspektive von besonderer Relevanz. Die Publikation zu diesem Projekt erscheint 2025.<\/p>\n\n\n\n<p><em><strong>Folgeprojekt: S\u00e1micosmologies: Erforschung indigener Wissenskulturen und Praktiken der Sterndeutung<\/strong><\/em><\/p>\n\n\n\n<p>Ziel des Projekts ist ein Verst\u00e4ndnis der arktisch-indigenen Kosmologien als eine Form des Umweltwissens und das Nachzeichnen ihre Bedeutung f\u00fcr eine Welt in Zeiten der Krisen. Mit besonderem Augenmerk auf traditionelle samische Kosmologien und zeitgen\u00f6ssische samische Kunst wird das Auftauchen von menschlichen und nicht-menschlichen Protagonisten in indigenen Erz\u00e4hlungen, insbesondere \u00fcber den Sternenhimmel der Polarnacht, untersucht. Durch ihr n\u00e4chtliches Wiederauftauchen wurden diese mehr-als-menschlichen Figuren zu eindringlichen Emanationen, die den abstrakten Beziehungen zwischen Natur und Mensch eine konkrete, sinnliche und verst\u00e4ndliche Form gaben.&nbsp;<\/p>\n\n\n\n<p>Heute beziehen sich samische K\u00fcnstler auf diese geisterhaften Gestalten, um auf ihre bewegte Kulturgeschichte und die gegenw\u00e4rtige Realit\u00e4t der vom Klimawandel betroffenen Regionen aufmerksam zu machen. Die Einbeziehung traditioneller und wiederkehrender Geistergestalten aus samischen Erz\u00e4hlungen, die zwischen dem Himmlischen und dem Irdischen, dem Menschlichen und dem Nichtmenschlichen wandeln, unterstreicht die Dringlichkeit, die Beziehung des Menschen zur Natur erweitert und nicht l\u00e4nger anthropozentrisch zu denken. Dar\u00fcber hinaus erm\u00f6glichen diese faszinierenden, eindringlichen und vision\u00e4ren Figuren den Entwurf spekulativer Zuk\u00fcnfte, in denen die Natur als nicht-menschliches Subjekt betrachtet wird und neue M\u00f6glichkeiten im Nachdenken \u00fcber das Thema der Nachhaltigkeit entwickelt werden k\u00f6nnen<\/p>\n\n\n\n<h4 class=\"wp-block-heading\"><strong><u>Beruflicher Werdegang<\/u><\/strong><\/h4>\n\n\n\n<ul class=\"wp-block-list\">\n<li>04\/2024 \u2013 heute: Wissenschaftliche Mitarbeiterin am Graduiertenkolleg 2132 \u201eDas Dokumentarische: Exzess und Entzug\u201c<\/li>\n\n\n\n<li>04\/2022 \u2013 heute: Senior Lecturer am Humanities Research Centre der Australian National University of Canberra (ANU), Australien<\/li>\n\n\n\n<li>04\/2022 \u2013 2024: Mit-Herausgeberin des peer-reviewed online Journals \u201cw\/k \u2013 Zwischen Wissenschaft und Kunst\/Between Science and Art\u201c<\/li>\n\n\n\n<li>07\/2020 \u2013 04\/2024: Wissenschaftliche Mitarbeiterin am SFB 948 \u201cHelden \u2013 Heroisierungen \u2013 Heroismen\u201d \/ Teilprojekt S4 \u201c\u00c4sthetiken der Affizierung\u201d, Albert-Ludwigs-Universit\u00e4t in Freiburg<\/li>\n\n\n\n<li>04\/2017 \u2013 12\/2019: K\u00fcnstlerin im Bereich des Physischen Theaters\/der Luftartistik und Lehrende an der Universit\u00e4t der K\u00fcnste (UDK) in Berlin<\/li>\n\n\n\n<li>01\/2016 \u2013 12\/2017: Wissenschaftliche Mitarbeiterin am Institut f\u00fcr Philosophie und Bildwissenschaft an der Leuphana Universit\u00e4t in L\u00fcneburg<\/li>\n<\/ul>\n\n\n\n<h4 class=\"wp-block-heading\"><strong><u>Wissenschaftlicher Werdegang<\/u><\/strong><\/h4>\n\n\n\n<ul class=\"wp-block-list\">\n<li>20\/12\/2013:&nbsp;Promotion summa cum laude (Preis f\u00fcr herausragende Nachwuchswissenschaftler:innen der Universit\u00e4t)&nbsp;Fakult\u00e4t f\u00fcr Kulturwissenschaften \/ Institut f\u00fcr Philosophie und Kunstwissenschaft, Leuphana Universit\u00e4t L\u00fcneburg, betreut von Prof. Beate S\u00f6ntgen, Prof. Wolfgang Kemp, Prof. Christine G\u00f6ttler<\/li>\n\n\n\n<li>2012 \u2013 2013:&nbsp;Assoziiertes Mitglied des Sinergia-Projekts \u201cThe Interior: Arts, Space and Performance\u201d am Institut der Kunstgeschichte an der Universit\u00e4t Bern, Schweiz<\/li>\n\n\n\n<li>01\/2010 \u2013 12\/2013: Promotionsstudium an der Leuphana Universit\u00e4t in L\u00fcneburg<\/li>\n\n\n\n<li>19\/01\/2010: Master (mit Auszeichnung), Fakult\u00e4t f\u00fcr Geschichte&nbsp;\/ Institut f\u00fcr Kunstgeschichte, Ruhr-Universit\u00e4t in Bochum<\/li>\n\n\n\n<li>08\/2007 \u2013 01\/2010:&nbsp;Masterstudium der Kunstgeschichte und Germanistik an der Ruhr-Universit\u00e4t in Bochum<\/li>\n\n\n\n<li>16\/07\/2007:&nbsp;Bachelor, Fakult\u00e4t f\u00fcr Geschichte \/ Institut f\u00fcr Kunstgeschichte, Ruhr-Universit\u00e4t in Bochum<\/li>\n\n\n\n<li>09\/2004 \u2013 07\/2007: Bachelorstudium an der Ruhr-Universit\u00e4t in Bochum<\/li>\n<\/ul>\n\n\n\n<h4 class=\"wp-block-heading\"><strong><u>Stipendien und Mitgliedschaften<\/u><\/strong><\/h4>\n\n\n\n<ul class=\"wp-block-list\">\n<li>05\/2022 \u2013 heute:&nbsp;Mitglied der Jungen Akademie der Leopoldina und der BBAW<\/li>\n\n\n\n<li>2020 \u2013 2021: Junior-Fellowship am Alfried Krupp Wissenschaftskolleg in Greifswald&nbsp;<\/li>\n\n\n\n<li>2020:&nbsp;Stipendium (vier Monate) an der Klassik Stiftung in Weimar<\/li>\n\n\n\n<li>2014&nbsp;\u2013&nbsp;2016: Postdoc-Fellowship an der Fakult\u00e4t f\u00fcr Philosophie und Kunstwissenschaft an der&nbsp;Leuphana in L\u00fcneburg<\/li>\n\n\n\n<li>2010 \u2013 2013:&nbsp;Promotionstipendiatin der Studienstiftung des deutschen Volkes&nbsp;<\/li>\n\n\n\n<li>2010:&nbsp;Forschungsstipendium (zwei Monate) am Courtauld Institute of Arts in London, UK<\/li>\n\n\n\n<li>2007 \u2013 2010:&nbsp;Stipendiatin der Studienstiftung des deutschen Volkes<\/li>\n<\/ul>\n\n\n\n<h4 class=\"wp-block-heading\"><strong><u>Publikationen (Auswahl)<\/u><\/strong><\/h4>\n\n\n\n<p>ORCID: 0000-0002-2638-7704<\/p>\n\n\n\n<p><em>Monographien und Herausgeberschaften<\/em><\/p>\n\n\n\n<ul class=\"wp-block-list\">\n<li>\u00c4sthetiken des Heroischen: Darstellung, Affizierung, Gesellschaft (mit Ralf von den Hoff et al., Synthesemonographie des SFB 948), Wallstein: 2024 (im Druck, Juni, OA)<\/li>\n\n\n\n<li>Communicating Ice through Popular Art and Aesthetics (Anna-Sophie J\u00fcrgens als Mitherausgeberin), Palgrave: 2024 (Februar 2024,&nbsp;Einleitung und einzelne Kapitel&nbsp;<a href=\"https:\/\/link.springer.com\/book\/9783031397868\">OA<\/a>)<\/li>\n\n\n\n<li>Faces of Climate Change: The Age of the Million Heroes and Heroines. E-Journal \u2013 helden. heroes. h\u00e9ros. Special Issue (mit Stefanie Lethbridge), 2022, peer-reviewed&nbsp;<a href=\"https:\/\/freidok.uni-freiburg.de\/data\/231065\" target=\"_blank\" rel=\"noreferrer noopener\">OA<\/a><\/li>\n\n\n\n<li>Die monochromen Interieurbilder Vilhlem Hammersh\u00f8is: Verweigerte Einblicke \u2013 Ausgestellte Innenwelten, Fink: 2015 (Dissertation)<\/li>\n<\/ul>\n\n\n\n<p><em>Artikel&nbsp;<\/em><\/p>\n\n\n\n<ul class=\"wp-block-list\">\n<li>\u201eHeld:innen und ihr Publikum: Zur Wahrnehmung und Wirkung bildm\u00e4chtiger Figuren\u201d, hg. von Gorch Pieken und Katja Widmann, Hatje Cantz: 2024 (Ausstellungskatalog des SFB 948)<\/li>\n\n\n\n<li>\u201eHeroische Leerstellen in der Historienfotografie: Innere Versenkung und leeres Pathos\u201d, \u00c4sthetiken des Heroischen: Darstellung, Affizierung, Gesellschaft (mit Ralf von den Hoff et al.), Wallstein: 2024&nbsp;<\/li>\n\n\n\n<li>\u201eLeid und Triumph in Matthias Gr\u00fcnewalds \u201cIsenheimer Altar\u201d: Affektive Kontrastrelationen als Bedingung der Heroik\u201d (mit Achim Aurnhammer), \u00c4sthetiken des Heroischen: Darstellung, Affizierung, Gesellschaft (mit Ralf von den Hoff et al), Wallstein: 2024&nbsp;<\/li>\n\n\n\n<li>\u201eCommunicating Loss: Ice Research, Popular Art and Aesthetics (Introduction)\u201d (mit Anna-Sophie J\u00fcrgens), Communicating Ice in Popular Art and Aesthetics, Palgrave: 2024 (OA)<\/li>\n\n\n\n<li>\u201eOn the Aesthetic Facets of Ice Urgency: Some Final Reflections\u201d (mit Anna-Sophie J\u00fcrgens and Karina Judd), Communicating Ice in Popular Art and Aesthetics, Palgrave :2024&nbsp;<\/li>\n\n\n\n<li>\u201eFrozen Balloons: Aeronautic Heroism and Scientific Knowledge Production\u201d, Communicating Ice in Popular Arts and Aesthetics, Palgrave: 2024&nbsp;<\/li>\n\n\n\n<li>\u201eDie Wiederentdeckung der Romantik: Eislandschaften im Klimawandel\u201d, Caspar David Friedrich: Kunst f\u00fcr eine neue Zeit, hg. von Markus Bertsch und Johannes Grave, Hatje Cantz: 2023, 65-73 (Ausstellungskatalog der Hamburger Kunsthalle)<\/li>\n\n\n\n<li>\u201eIsaac Julian&#8217;s &#8220;True North&#8221;: Bewahrende, verweigerte und schmelzende Gesten der Heroisierung&#8221;, Heroische Gesten. E-Journal \u2013 helden. heroes. h\u00e9ros. Special Issue, hg. von Vera Marstaller und Dorna Safajan, 2023, 31-40, peer-reviewed&nbsp;<a href=\"https:\/\/freidok.uni-freiburg.de\/data\/238282\">OA<\/a><\/li>\n\n\n\n<li>\u201eHumour for Change? Melting Ice and Environmental Fragility in the Animated Film Comedies \u201cIce Age: The Meltdown\u201d and \u201cHappy Feet Two\u201d&#8221; (mit Parth Thaker et al.), Journal of Science and Popular Culture, 2023, 95-114, peer-reviewed&nbsp;<a href=\"https:\/\/intellectdiscover.com\/content\/journals\/10.1386\/jspc_00028_1\">OA<\/a><\/li>\n\n\n\n<li>\u201eJellyfish from Outer Space. Tentacular Creatures and Cosmic Responsibility in Environmental Art and Pop Culture&#8221; (mit Anna-Sophie J\u00fcrgens), Outer Space and Popular Culture, ed. by Annette Fr\u00f6hlich, Springer: 2023, 17-23<\/li>\n\n\n\n<li>\u201eWho owns the Arctic? Polar Heroism and Climate Criticism in Mariele Neudecker\u2019s Tankwork \u201cCook and Peary\u201d&#8221;, 21: Inquiries into Art, History and the Visual, 4\/2022, peer-reviewed&nbsp;<a href=\"https:\/\/journals.ub.uni-heidelberg.de\/index.php\/xxi\/article\/view\/91464\" target=\"_blank\" rel=\"noreferrer noopener\">OA<\/a><\/li>\n\n\n\n<li>\u201eHeroes in Miniature: Wandering Images of Thule between Greenland and Denmark (1935-36)&#8221;, Nordlit, 2022, peer-reviewed&nbsp;<a href=\"https:\/\/septentrio.uit.no\/index.php\/nordlit\/article\/view\/6321\" target=\"_blank\" rel=\"noreferrer noopener\">OA<\/a><\/li>\n\n\n\n<li>\u201eCan one estimate aerosol optical depths from Colour Painting? Atmospheric Chemistry and Physics, Climate of the Past&#8221;, (gemeinsam mit Christian von Savigny et al.), peer-reviewed und&nbsp;<strong>highlight article<\/strong>&nbsp;<a href=\"https:\/\/cp.copernicus.org\/articles\/18\/2345\/2022\/\" target=\"_blank\" rel=\"noreferrer noopener\">OA<\/a><\/li>\n<\/ul>\n\n\n\n<h4 class=\"wp-block-heading\"><strong><u>Organisation von Konferenzen und Workshops (Auswahl)<\/u><\/strong><\/h4>\n\n\n\n<ul class=\"wp-block-list\">\n<li>2023: WS: Mehr-als-Menschliche Heroisierungen, SFB 948, Albert-Ludwigs-Universit\u00e4t in Freiburg (<a href=\"https:\/\/www.sfb948.uni-freiburg.de\/de\/veranstaltungen\/tagungen\/mehr-als-menschliche-heroisierungen\/index.html?page=1\" target=\"_blank\" rel=\"noreferrer noopener\">Posthuman<\/a>)<\/li>\n\n\n\n<li>2021: Konf. Ice(St)Ages 3: Play with Senses. Aesthetic Communication with Ice, Australian National University, Canberra (Australien,&nbsp;<a href=\"https:\/\/cpas.anu.edu.au\/news-events\/events\/ice-stages-3-play-senses-aesthetic-communication-and-performativity-ice\" target=\"_blank\" rel=\"noreferrer noopener\">IS3<\/a>)<\/li>\n\n\n\n<li>2021:&nbsp;Konf. Ice(St)Ages 2: Heroes on Ice? Conquests and Doomsday Visions, SFB 948, Albert-Ludwigs-Universit\u00e4t in Freiburg (<a href=\"https:\/\/www.sfb948.uni-freiburg.de\/de\/veranstaltungen\/tagungen\/ice-stages-2\/index.html?page=1\" target=\"_blank\" rel=\"noreferrer noopener\">IS2<\/a>)<\/li>\n\n\n\n<li>2021:&nbsp;Konf. Ice(St)Ages 1: An Irretrievable Loss, Alfried-Krupp-Wissenschaftskolleg, Greifswald (<a href=\"https:\/\/www.wiko-greifswald.de\/programm\/allgemeines\/veranstaltungskalender\/veranstaltung\/n\/ice-stages-1-moving-environments-fleeting-encounters-and-performative-gestures\/\" target=\"_blank\" rel=\"noreferrer noopener\">IS1<\/a>)<\/li>\n<\/ul>\n\n\n\n<h4 class=\"wp-block-heading\"><strong><u>Lehre (Auswahl)<\/u><\/strong><\/h4>\n\n\n\n<p>Seit 2011 hat Anne Hemkendreis an der Leuphana Universit\u00e4t in L\u00fcneburg, der Universit\u00e4t der K\u00fcnste in Berlin (UDK) und der Albert-Ludwigs-Universit\u00e4t in Freiburg zu den Themen \u201a\u00d6ffentlichkeit und Privatheit\u2018, \u201aKunst und Wissenschaft\u2018 sowie \u201aKunst in Zeiten des Klimawandels\u2018 unterrichtet.<\/p>\n\n\n\n<p><em>Albert-Ludwigs-Universit\u00e4t, Freiburg<\/em><\/p>\n\n\n\n<ul class=\"wp-block-list\">\n<li>2023\/24:&nbsp;Bilder der Arktis: Heroische und indigene Perspektiven, BA<\/li>\n\n\n\n<li>2022&nbsp;\u2013&nbsp;23:&nbsp;Wissenschaft und Wahrnehmung der Natur, MA&nbsp;<\/li>\n\n\n\n<li>2021 \u2013 2022: Katastrophen: Genuss, Grauen und Zeugenschaft in der Kunst, BA&nbsp;<\/li>\n<\/ul>\n","protected":false},"excerpt":{"rendered":"<p>Raum:\u00a0GB 6\/140Telefon: +49 (0) 234\/32-24683E-Mail: anne.hemkendreis@ruhr-uni-bochum.de Fotograf: Bernd Brundert Projekte Habilitationsprojekt: Arktische Landschaften: K\u00fcnstlerische Aktualisierungen der Romantik Das Habilitationsprojekt von<\/p>\n","protected":false},"author":44,"featured_media":0,"parent":366,"menu_order":0,"comment_status":"closed","ping_status":"closed","template":"","meta":{"colormag_page_container_layout":"default_layout","colormag_page_sidebar_layout":"default_layout","_uag_custom_page_level_css":"","ngg_post_thumbnail":0,"footnotes":""},"class_list":["post-11262","page","type-page","status-publish","hentry"],"translation":{"provider":"WPGlobus","version":"3.0.2","language":"en","enabled_languages":["de","en"],"languages":{"de":{"title":true,"content":true,"excerpt":false},"en":{"title":false,"content":false,"excerpt":false}}},"yoast_head":"<!-- This site is optimized with the Yoast SEO plugin v27.3 - https:\/\/yoast.com\/product\/yoast-seo-wordpress\/ -->\n<title>Anne Hemkendreis, Dr. - GRK Das Dokumentarische. Exzess und Entzug<\/title>\n<meta name=\"robots\" content=\"index, follow, max-snippet:-1, max-image-preview:large, max-video-preview:-1\" \/>\n<link rel=\"canonical\" href=\"https:\/\/das-dokumentarische.blogs.ruhr-uni-bochum.de\/kollegiat_innen\/anne-hemkendreis-dr\/\" \/>\n<meta property=\"og:locale\" content=\"en_US\" \/>\n<meta property=\"og:type\" content=\"article\" \/>\n<meta property=\"og:title\" content=\"Anne Hemkendreis, Dr. - GRK Das Dokumentarische. Exzess und Entzug\" \/>\n<meta property=\"og:url\" content=\"https:\/\/das-dokumentarische.blogs.ruhr-uni-bochum.de\/kollegiat_innen\/anne-hemkendreis-dr\/\" \/>\n<meta property=\"og:site_name\" content=\"GRK Das Dokumentarische. Exzess und Entzug\" \/>\n<meta property=\"article:modified_time\" content=\"2025-08-01T08:50:47+00:00\" \/>\n<meta property=\"og:image\" content=\"https:\/\/das-dokumentarische.blogs.ruhr-uni-bochum.de\/wp-content\/uploads\/2024\/04\/Bewerbungsfoto_sw-Kopie-scaled-e1733487644588.jpg\" \/>\n\t<meta property=\"og:image:width\" content=\"995\" \/>\n\t<meta property=\"og:image:height\" content=\"899\" \/>\n\t<meta property=\"og:image:type\" content=\"image\/jpeg\" \/>\n<meta name=\"twitter:card\" content=\"summary_large_image\" \/>\n<meta name=\"twitter:label1\" content=\"Est. reading time\" \/>\n\t<meta name=\"twitter:data1\" content=\"8 minutes\" \/>\n<script type=\"application\/ld+json\" class=\"yoast-schema-graph\">{\"@context\":\"https:\\\/\\\/schema.org\",\"@graph\":[{\"@type\":\"WebPage\",\"@id\":\"https:\\\/\\\/das-dokumentarische.blogs.ruhr-uni-bochum.de\\\/kollegiat_innen\\\/anne-hemkendreis-dr\\\/\",\"url\":\"https:\\\/\\\/das-dokumentarische.blogs.ruhr-uni-bochum.de\\\/kollegiat_innen\\\/anne-hemkendreis-dr\\\/\",\"name\":\"Anne Hemkendreis, Dr. - GRK Das Dokumentarische. Exzess und Entzug\",\"isPartOf\":{\"@id\":\"https:\\\/\\\/das-dokumentarische.blogs.ruhr-uni-bochum.de\\\/en\\\/#website\"},\"primaryImageOfPage\":{\"@id\":\"https:\\\/\\\/das-dokumentarische.blogs.ruhr-uni-bochum.de\\\/kollegiat_innen\\\/anne-hemkendreis-dr\\\/#primaryimage\"},\"image\":{\"@id\":\"https:\\\/\\\/das-dokumentarische.blogs.ruhr-uni-bochum.de\\\/kollegiat_innen\\\/anne-hemkendreis-dr\\\/#primaryimage\"},\"thumbnailUrl\":\"https:\\\/\\\/das-dokumentarische.blogs.ruhr-uni-bochum.de\\\/wp-content\\\/uploads\\\/2024\\\/04\\\/Bewerbungsfoto_sw-Kopie-700x467.jpg\",\"datePublished\":\"2024-04-24T11:00:51+00:00\",\"dateModified\":\"2025-08-01T08:50:47+00:00\",\"breadcrumb\":{\"@id\":\"https:\\\/\\\/das-dokumentarische.blogs.ruhr-uni-bochum.de\\\/kollegiat_innen\\\/anne-hemkendreis-dr\\\/#breadcrumb\"},\"inLanguage\":\"en-US\",\"potentialAction\":[{\"@type\":\"ReadAction\",\"target\":[\"https:\\\/\\\/das-dokumentarische.blogs.ruhr-uni-bochum.de\\\/kollegiat_innen\\\/anne-hemkendreis-dr\\\/\"]}]},{\"@type\":\"ImageObject\",\"inLanguage\":\"en-US\",\"@id\":\"https:\\\/\\\/das-dokumentarische.blogs.ruhr-uni-bochum.de\\\/kollegiat_innen\\\/anne-hemkendreis-dr\\\/#primaryimage\",\"url\":\"https:\\\/\\\/das-dokumentarische.blogs.ruhr-uni-bochum.de\\\/wp-content\\\/uploads\\\/2024\\\/04\\\/Bewerbungsfoto_sw-Kopie-700x467.jpg\",\"contentUrl\":\"https:\\\/\\\/das-dokumentarische.blogs.ruhr-uni-bochum.de\\\/wp-content\\\/uploads\\\/2024\\\/04\\\/Bewerbungsfoto_sw-Kopie-700x467.jpg\"},{\"@type\":\"BreadcrumbList\",\"@id\":\"https:\\\/\\\/das-dokumentarische.blogs.ruhr-uni-bochum.de\\\/kollegiat_innen\\\/anne-hemkendreis-dr\\\/#breadcrumb\",\"itemListElement\":[{\"@type\":\"ListItem\",\"position\":1,\"name\":\"Startseite\",\"item\":\"https:\\\/\\\/das-dokumentarische.blogs.ruhr-uni-bochum.de\\\/en\\\/\"},{\"@type\":\"ListItem\",\"position\":2,\"name\":\"Kollegiat_innen\",\"item\":\"https:\\\/\\\/das-dokumentarische.blogs.ruhr-uni-bochum.de\\\/kollegiat_innen\\\/\"},{\"@type\":\"ListItem\",\"position\":3,\"name\":\"Anne Hemkendreis, Dr.\"}]},{\"@type\":\"WebSite\",\"@id\":\"https:\\\/\\\/das-dokumentarische.blogs.ruhr-uni-bochum.de\\\/en\\\/#website\",\"url\":\"https:\\\/\\\/das-dokumentarische.blogs.ruhr-uni-bochum.de\\\/en\\\/\",\"name\":\"GRK Das Dokumentarische. Exzess und Entzug\",\"description\":\"\",\"potentialAction\":[{\"@type\":\"SearchAction\",\"target\":{\"@type\":\"EntryPoint\",\"urlTemplate\":\"https:\\\/\\\/das-dokumentarische.blogs.ruhr-uni-bochum.de\\\/en\\\/?s={search_term_string}\"},\"query-input\":{\"@type\":\"PropertyValueSpecification\",\"valueRequired\":true,\"valueName\":\"search_term_string\"}}],\"inLanguage\":\"en-US\"}]}<\/script>\n<!-- \/ Yoast SEO plugin. -->","yoast_head_json":{"title":"Anne Hemkendreis, Dr. - GRK Das Dokumentarische. Exzess und Entzug","robots":{"index":"index","follow":"follow","max-snippet":"max-snippet:-1","max-image-preview":"max-image-preview:large","max-video-preview":"max-video-preview:-1"},"canonical":"https:\/\/das-dokumentarische.blogs.ruhr-uni-bochum.de\/kollegiat_innen\/anne-hemkendreis-dr\/","og_locale":"en_US","og_type":"article","og_title":"Anne Hemkendreis, Dr. - GRK Das Dokumentarische. Exzess und Entzug","og_url":"https:\/\/das-dokumentarische.blogs.ruhr-uni-bochum.de\/kollegiat_innen\/anne-hemkendreis-dr\/","og_site_name":"GRK Das Dokumentarische. Exzess und Entzug","article_modified_time":"2025-08-01T08:50:47+00:00","og_image":[{"width":995,"height":899,"url":"https:\/\/das-dokumentarische.blogs.ruhr-uni-bochum.de\/wp-content\/uploads\/2024\/04\/Bewerbungsfoto_sw-Kopie-scaled-e1733487644588.jpg","type":"image\/jpeg"}],"twitter_card":"summary_large_image","twitter_misc":{"Est. reading time":"8 minutes"},"schema":{"@context":"https:\/\/schema.org","@graph":[{"@type":"WebPage","@id":"https:\/\/das-dokumentarische.blogs.ruhr-uni-bochum.de\/kollegiat_innen\/anne-hemkendreis-dr\/","url":"https:\/\/das-dokumentarische.blogs.ruhr-uni-bochum.de\/kollegiat_innen\/anne-hemkendreis-dr\/","name":"Anne Hemkendreis, Dr. - GRK Das Dokumentarische. Exzess und Entzug","isPartOf":{"@id":"https:\/\/das-dokumentarische.blogs.ruhr-uni-bochum.de\/en\/#website"},"primaryImageOfPage":{"@id":"https:\/\/das-dokumentarische.blogs.ruhr-uni-bochum.de\/kollegiat_innen\/anne-hemkendreis-dr\/#primaryimage"},"image":{"@id":"https:\/\/das-dokumentarische.blogs.ruhr-uni-bochum.de\/kollegiat_innen\/anne-hemkendreis-dr\/#primaryimage"},"thumbnailUrl":"https:\/\/das-dokumentarische.blogs.ruhr-uni-bochum.de\/wp-content\/uploads\/2024\/04\/Bewerbungsfoto_sw-Kopie-700x467.jpg","datePublished":"2024-04-24T11:00:51+00:00","dateModified":"2025-08-01T08:50:47+00:00","breadcrumb":{"@id":"https:\/\/das-dokumentarische.blogs.ruhr-uni-bochum.de\/kollegiat_innen\/anne-hemkendreis-dr\/#breadcrumb"},"inLanguage":"en-US","potentialAction":[{"@type":"ReadAction","target":["https:\/\/das-dokumentarische.blogs.ruhr-uni-bochum.de\/kollegiat_innen\/anne-hemkendreis-dr\/"]}]},{"@type":"ImageObject","inLanguage":"en-US","@id":"https:\/\/das-dokumentarische.blogs.ruhr-uni-bochum.de\/kollegiat_innen\/anne-hemkendreis-dr\/#primaryimage","url":"https:\/\/das-dokumentarische.blogs.ruhr-uni-bochum.de\/wp-content\/uploads\/2024\/04\/Bewerbungsfoto_sw-Kopie-700x467.jpg","contentUrl":"https:\/\/das-dokumentarische.blogs.ruhr-uni-bochum.de\/wp-content\/uploads\/2024\/04\/Bewerbungsfoto_sw-Kopie-700x467.jpg"},{"@type":"BreadcrumbList","@id":"https:\/\/das-dokumentarische.blogs.ruhr-uni-bochum.de\/kollegiat_innen\/anne-hemkendreis-dr\/#breadcrumb","itemListElement":[{"@type":"ListItem","position":1,"name":"Startseite","item":"https:\/\/das-dokumentarische.blogs.ruhr-uni-bochum.de\/en\/"},{"@type":"ListItem","position":2,"name":"Kollegiat_innen","item":"https:\/\/das-dokumentarische.blogs.ruhr-uni-bochum.de\/kollegiat_innen\/"},{"@type":"ListItem","position":3,"name":"Anne Hemkendreis, Dr."}]},{"@type":"WebSite","@id":"https:\/\/das-dokumentarische.blogs.ruhr-uni-bochum.de\/en\/#website","url":"https:\/\/das-dokumentarische.blogs.ruhr-uni-bochum.de\/en\/","name":"GRK Das Dokumentarische. Exzess und Entzug","description":"","potentialAction":[{"@type":"SearchAction","target":{"@type":"EntryPoint","urlTemplate":"https:\/\/das-dokumentarische.blogs.ruhr-uni-bochum.de\/en\/?s={search_term_string}"},"query-input":{"@type":"PropertyValueSpecification","valueRequired":true,"valueName":"search_term_string"}}],"inLanguage":"en-US"}]}},"uagb_featured_image_src":{"full":false,"thumbnail":false,"medium":false,"medium_large":false,"large":false,"1536x1536":false,"2048x2048":false,"ultp_layout_landscape_large":false,"ultp_layout_landscape":false,"ultp_layout_portrait":false,"ultp_layout_square":false,"colormag-highlighted-post":false,"colormag-featured-post-medium":false,"colormag-featured-post-small":false,"colormag-featured-image":false,"colormag-default-news":false,"colormag-featured-image-large":false},"uagb_author_info":{"display_name":"Lisa R\u00f6mer","author_link":"https:\/\/das-dokumentarische.blogs.ruhr-uni-bochum.de\/en\/author\/lisa-roemer\/"},"uagb_comment_info":0,"uagb_excerpt":"Raum:\u00a0GB 6\/140Telefon: +49 (0) 234\/32-24683E-Mail: anne.hemkendreis@ruhr-uni-bochum.de Fotograf: Bernd Brundert Projekte Habilitationsprojekt: Arktische Landschaften: K\u00fcnstlerische Aktualisierungen der Romantik Das Habilitationsprojekt von","_links":{"self":[{"href":"https:\/\/das-dokumentarische.blogs.ruhr-uni-bochum.de\/en\/wp-json\/wp\/v2\/pages\/11262","targetHints":{"allow":["GET"]}}],"collection":[{"href":"https:\/\/das-dokumentarische.blogs.ruhr-uni-bochum.de\/en\/wp-json\/wp\/v2\/pages"}],"about":[{"href":"https:\/\/das-dokumentarische.blogs.ruhr-uni-bochum.de\/en\/wp-json\/wp\/v2\/types\/page"}],"author":[{"embeddable":true,"href":"https:\/\/das-dokumentarische.blogs.ruhr-uni-bochum.de\/en\/wp-json\/wp\/v2\/users\/44"}],"replies":[{"embeddable":true,"href":"https:\/\/das-dokumentarische.blogs.ruhr-uni-bochum.de\/en\/wp-json\/wp\/v2\/comments?post=11262"}],"version-history":[{"count":7,"href":"https:\/\/das-dokumentarische.blogs.ruhr-uni-bochum.de\/en\/wp-json\/wp\/v2\/pages\/11262\/revisions"}],"predecessor-version":[{"id":12968,"href":"https:\/\/das-dokumentarische.blogs.ruhr-uni-bochum.de\/en\/wp-json\/wp\/v2\/pages\/11262\/revisions\/12968"}],"up":[{"embeddable":true,"href":"https:\/\/das-dokumentarische.blogs.ruhr-uni-bochum.de\/en\/wp-json\/wp\/v2\/pages\/366"}],"wp:attachment":[{"href":"https:\/\/das-dokumentarische.blogs.ruhr-uni-bochum.de\/en\/wp-json\/wp\/v2\/media?parent=11262"}],"curies":[{"name":"wp","href":"https:\/\/api.w.org\/{rel}","templated":true}]}}