{"id":10389,"date":"2023-09-01T12:18:02","date_gmt":"2023-09-01T10:18:02","guid":{"rendered":"https:\/\/das-dokumentarische.blogs.ruhr-uni-bochum.de\/?page_id=10389"},"modified":"2026-04-01T16:33:07","modified_gmt":"2026-04-01T14:33:07","slug":"anna-grelik-m-a","status":"publish","type":"page","link":"https:\/\/das-dokumentarische.blogs.ruhr-uni-bochum.de\/en\/anna-grelik-m-a\/","title":{"rendered":"Anna Grelik M.A."},"content":{"rendered":"\n<figure class=\"wp-block-image alignleft size-large is-resized\"><a href=\"https:\/\/das-dokumentarische.blogs.ruhr-uni-bochum.de\/wp-content\/uploads\/2022\/10\/IMG_2772.png\"><img loading=\"lazy\" decoding=\"async\" width=\"700\" height=\"700\" src=\"https:\/\/das-dokumentarische.blogs.ruhr-uni-bochum.de\/wp-content\/uploads\/2022\/10\/IMG_2772-700x700.png\" alt=\"\" class=\"wp-image-8872\" style=\"width:167px;height:167px\" srcset=\"https:\/\/das-dokumentarische.blogs.ruhr-uni-bochum.de\/wp-content\/uploads\/2022\/10\/IMG_2772-700x700.png 700w, https:\/\/das-dokumentarische.blogs.ruhr-uni-bochum.de\/wp-content\/uploads\/2022\/10\/IMG_2772-300x300.png 300w, https:\/\/das-dokumentarische.blogs.ruhr-uni-bochum.de\/wp-content\/uploads\/2022\/10\/IMG_2772-150x150.png 150w, https:\/\/das-dokumentarische.blogs.ruhr-uni-bochum.de\/wp-content\/uploads\/2022\/10\/IMG_2772-768x768.png 768w, https:\/\/das-dokumentarische.blogs.ruhr-uni-bochum.de\/wp-content\/uploads\/2022\/10\/IMG_2772-1536x1536.png 1536w, https:\/\/das-dokumentarische.blogs.ruhr-uni-bochum.de\/wp-content\/uploads\/2022\/10\/IMG_2772-2048x2048.png 2048w, https:\/\/das-dokumentarische.blogs.ruhr-uni-bochum.de\/wp-content\/uploads\/2022\/10\/IMG_2772-600x600.png 600w, https:\/\/das-dokumentarische.blogs.ruhr-uni-bochum.de\/wp-content\/uploads\/2022\/10\/IMG_2772.png 1920w\" sizes=\"auto, (max-width: 700px) 100vw, 700px\" \/><\/a><\/figure>\n\n\n\n<p>Universit\u00e4tsstr.&nbsp;150<br>44801 Bochum<br>Room: GB 6\/140<\/p>\n\n\n\n<p>phone: +49 (0) 234\/32-27283<br>E-Mail: anna.grelik@ruhr-uni-bochum.de<\/p>\n\n\n\n<p class=\"has-white-color has-text-color\">&#8211;<\/p>\n\n\n\n<h3 class=\"wp-block-heading has-medium-font-size\"><strong><u>Dissertation title<\/u><\/strong><\/h3>\n\n\n\n<h1 class=\"wp-block-heading\" style=\"font-size:15px\">Art with Artificial Intelligence. Artistic Infrastructures and Documentary Practices (working title)<\/h1>\n\n\n\n<h3 class=\"wp-block-heading has-medium-font-size\"><strong><u><strong><u>Project Description<\/u><\/strong><\/u><\/strong><\/h3>\n\n\n\n<p>The doctoral project starts from the basic assumption that every artistic work with artificial intelligence (AI) consists of a network of interactions between people, machines, technical infrastructures, cultural institutions, companies, etc. It is important to note that artistic AI works are highly dynamic; their aesthetic manifestations can constantly change &#8211; especially due to the productivity of the algorithms. It is important to note that artistic AI works are highly dynamic; their aesthetic manifestations can change constantly &#8211; especially due to the productivity of the algorithms.<\/p>\n\n\n\n<p>Therefore, these complex and dynamic relationships of the actors involved are to be described and analysed in their interactions. On the one hand, these manifest themselves in various media forms, such as Youtube or Vimeo videos, interviews on technical topics, literature lists and programmatic data directories, social media posts, links and references to other sites (such as Google or software companies), diagrams, texts, AI-generated results (such as graphics). At the same time, these manifestations in the work or project contexts are to be understood as processes or results of artistic practices and aesthetic designs.<\/p>\n\n\n\n<p>The artistic practices condense or stabilise the documentary character of the work and project contexts with the media forms. The artistic work is thus endowed with an authority of the documentary, which is sometimes very pronounced in the AI artworks as an arc of tension or interplay between withdrawal and excess of the documentary: Thus, the operativity and the processing of the algorithm &#8211; in the space of the so-called &#8220;black box&#8221; &#8211; radically eludes representability. Depending on the machine process, even the programmers cannot understand how and why the AI came to certain procedural &#8216;decisions&#8217;. <\/p>\n\n\n\n<p>This is one side of the arc of tension, which consists above all in a withdrawal of the documentary or documentable. But this &#8211; according to the observation &#8211; goes hand in hand with a sometimes excessive use of documentary practices with regard to what people, institutions, data, media and aesthetic representations etc. are interwoven with the artwork or appear as it. These networks of relationships (specifically as infrastructures) can be seen as dynamic relations that, to the sometimes excessive extent of documentary practices, are supposed to testify and prove that there, in the so-called black box, an algorithm is active that is capable of creating independent artistic image spaces.<\/p>\n\n\n\n<p>Thus, the artistic practices use various qualities of the documentary in their respective webs of relationships &#8211; such as evidence, datification, testimonies, film and photo material, etc. &#8211; and thus make the human-machine interactions discursive, plausible and reflective.<\/p>\n\n\n\n<p>The dynamics and stabilisation of these networks look different in each artistic AI project. The focus of the investigation is on selected artistic AI works from 2014 to the present, as it can be assumed that the technological innovation of Generative Neural Networks (GAN) developed in June 2014 has a significant influence on the field of the documentable in the context of AI art. Site-specific artworks and audiovisual performances are of particular importance in the context of this investigation. They range from a pronounced aestheticisation of the work&#8217;s installation, to projects with great technological effort and strong technical emphasis, to an almost complete congruence of work form and documentary modes.<\/p>\n\n\n\n<h3 class=\"wp-block-heading\" style=\"font-style:normal;font-weight:500\"><strong><u>Scientific career<\/u><\/strong><\/h3>\n\n\n\n<ul class=\"wp-block-list\">\n<li>Since April 2026: <a href=\"https:\/\/www.zikg.eu\/personen\/agrelik\/\">Research assistant in the &#8220;Art Environment, Ecology&#8221; research group, Central Institute f\u00fcr Art History (Zentralinstitut f\u00fcr Kunstgeschichte)<\/a><\/li>\n\n\n\n<li>10\/2022 to 03\/2026: Research assistant (doctorate) at the DFG Research Training Group &#8220;The Documentary. Excess and Deprivation&#8221;, Ruhr-Universit\u00e4t Bochum<\/li>\n\n\n\n<li>04\/2021 to 09\/2022: Research assistant (doctorate) at the Institute for Art History, Heinrich-Heine-University D\u00fcsseldorf<\/li>\n\n\n\n<li>10\/2018 to 03\/2021: Research assistant at the Institute for Art History, Heinrich Heine University D\u00fcsseldorf<\/li>\n\n\n\n<li>03\/2018 to 03\/2021: Master&#8217;s degree in art history, Heinrich Heine University, D\u00fcsseldorf<\/li>\n\n\n\n<li>10\/2017 to 12\/2017: Student assistant at the Institute for Art History, Heinrich Heine University, D\u00fcsseldorf<\/li>\n\n\n\n<li>10\/2016 to 12\/2016: Student assistant at the Institute for Art History, Heinrich-Heine-University D\u00fcsseldorf<\/li>\n\n\n\n<li>07\/2015 to 10\/2015: Student assistant at the Institute for Art History, Heinrich-Heine-University D\u00fcsseldorf<\/li>\n\n\n\n<li>10\/2011 to 03\/2018 Bachelor&#8217;s degree in Art History (KF), German Studies (EF), Heinrich Heine University D\u00fcsseldorf<\/li>\n<\/ul>\n\n\n\n<h3 class=\"wp-block-heading\"><strong><u>Publications<\/u><\/strong><\/h3>\n\n\n\n<ul class=\"wp-block-list\">\n<li><em>\u2018The Environment is not a System\u2019 &#8211; algorithmic disruptions of an anthropocentric bias.<\/em> In: Svetlana Chernyshova, Nina Marie Sch\u00fcchter, Ines R\u00f6ckl and Jasmina N\u00f6llen: <em>Zerstresst! Tensions between the Aesthetic and the Political.<\/em> De Gruyter: Berlin. (forthcoming)<\/li>\n\n\n\n<li><em>Drawing with Robots \u2013 Simultaneity in Human-Machine Interaction? The Relational Network of Sougwen Chung\u2019s \u201cDrawing Operations<\/em>\u201d. In: Daniel Fleuster, Philip Iser, Alina Valjent (eds.): Time|Order. Constellations of Simultaneity in Different Media Contexts. Wehrhahn. (Forthcoming)<\/li>\n\n\n\n<li><em>Lena von Goedeke\u2019s \u201cMouches Volantes\u201d \u2013 Finite Expanses and Networked Infinity.<\/em> In: Anne Hemkendreis (ed.): \u201cInfinity, Emptiness, Vitality\u201d, exh. cat. 2024. (<a href=\"https:\/\/www.planetarium-hamburg.de\/ausstellung-unendlichkeit-leere-lebendigkeit\">Online<\/a>)<\/li>\n<\/ul>\n\n\n\n<p><\/p>\n\n\n\n<h3 class=\"wp-block-heading\" style=\"font-style:normal;font-weight:500\"><strong><span style=\"text-decoration: underline;\"><u>Event organisation and courses<\/u><\/span><\/strong><\/h3>\n\n\n\n<ul class=\"wp-block-list\">\n<li><strong>May 8\u201310, 2025:<\/strong> International Final Conference <em>\u201c<a href=\"https:\/\/das-dokumentarische.blogs.ruhr-uni-bochum.de\/en\/404notfound\/\">404 Not Found. Documentary Ends\u201d<\/a><\/em> of the DFG Research Training Group 2132 <em>\u201cThe Documentary. Excess and Withdrawal\u201d<\/em>, Kunstmuseum Bochum, May 8\u201310, 2025<br>(organized together with Franziska Barth, Lena Demary, Dr. Anne Hemkendreis, Katharina Kr\u00f3l, Anne K\u00fcper, Dr. Ying Sze Pek, Catherin Persing, Lana Uzarashvili).<\/li>\n\n\n\n<li><strong>28.-29. November 2024<\/strong>: &#8220;<a href=\"https:\/\/das-dokumentarische.blogs.ruhr-uni-bochum.de\/virtuelle-kollaborationen-unsichtbare-arbeit\/\">INVISIBLE WORK | VIRTUAL COLLABORATIONS<\/a>&#8221; &#8211; Screening, film talk and workshop with Ute Holl, Peter Ott, Achim Mohn\u00e9 and Annette Urban<\/li>\n\n\n\n<li><strong>SoSe 2023:<\/strong> AI and Creativity. Guest session in the seminar by PD Dr. Andreas Sudmann, co-teaching with Prof. Dr. Annette Urban (06\/06\/2023, Department of Media Studies \u2013 Ruhr University Bochum).<\/li>\n\n\n\n<li><strong>SoSe 2022:<\/strong><br>A Future for Artificial Creativity? &#8211; The Dream of the Creative Machine (Institute for Art History &#8211; Heinrich Heine University, D\u00fcsseldorf)<\/li>\n\n\n\n<li><strong>WiSe 2021\/22: <\/strong><br>On the concept of creativity in contemporary art (Institute for Art History &#8211; Heinrich Heine University, D\u00fcsseldorf)<\/li>\n\n\n\n<li><strong>SoSe 2021: <\/strong><br>&#8220;&#8216;What about the Body?&#8217; &#8211; School of Experience&#8221; &#8211; Cooperation with Ben J. Riepe and company (Institute of Art History &#8211; Heinrich Heine University, D\u00fcsseldorf)<\/li>\n\n\n\n<li>In the winter semesters 2016\/17 &#8211; 2019\/20:<br>Co-supervision and organisation of the event JUNGE NACHT in connection with the project seminar &#8220;JUNGE NACHT a cooperation with the Museum Kunstpalast&#8221;.<\/li>\n\n\n\n<li>In the winter semesters 2016\/17 &#8211; 2019\/20:<br>Co-supervision and organisation of the event JUNGE NACHT in connection with the project seminar &#8220;JUNGE NACHT a cooperation with the Museum Kunstpalast&#8221;.<br><\/li>\n<\/ul>\n\n\n\n<h3 class=\"wp-block-heading\"><strong><span style=\"text-decoration: underline;\"><u>Lectures<\/u><\/span><\/strong><\/h3>\n\n\n\n<ul class=\"wp-block-list\">\n<li><em>\u201cThe Artwork as a Living System\u201d \u2013 Artist Talk with Christa Sommerer and Laurent Mignonneau<\/em><br>Moderated together with Amelie Wedel, conference <em>\u201c404 Not Found. Documentary Ends\u201d<\/em> (May 9, 2025), Kunstmuseum Bochum.<\/li>\n\n\n\n<li>&#8220;AI-MAPPING \/ MAPPING AI &#8211; Documentary Operations of Mapping&#8221; with Robin Schrade, Lecture Series &#8220;The Documentary V&#8221;, (14.12.2023) Ruhr-Universit\u00e4t Bochum. <\/li>\n\n\n\n<li>&#8220;&#8216;The Environment is not a System&#8217; &#8211; Algorithmic Disruptions of the Anthropological Bias&#8221;, conference &#8220;Zerstresst! Tensions between the Aesthetic and the Political&#8221;, Heinrich Heine University D\u00fcsseldorf (07.-09.12.2023). <\/li>\n<\/ul>\n\n\n\n<h3 class=\"wp-block-heading\"><strong><span style=\"text-decoration: underline;\"><u>Other<\/u><\/span><\/strong><\/h3>\n\n\n\n<ul class=\"wp-block-list\">\n<li>August 23 \u2013 September 13 2023 \/Linz, Austria<br>Participation in the <a href=\"https:\/\/ars.electronica.art\/university\/en\/anna-grelik\/\" target=\"_blank\" rel=\"noreferrer noopener\">FOUNDING LAB Summer School<\/a> assisted by <a href=\"https:\/\/ars.electronica.art\/university\/en\/summerschool\/\" target=\"_blank\" rel=\"noreferrer noopener\">IDSA x ARS ELECTRONICA FOUNDING LAB<\/a> Facilitators.<br><br>The FOUNDING LAB was a cooperation between the Interdisciplinary Transformation University Austria (IT:U) and Ars Electronica. The aim was to identify, develop and present new areas, approaches and formats that address the challenges of digital transformation and play an important role in the foundation of a new university (IT:U, formerly IDSA). For the foundation of the university, it was necessary to overcome disciplinary boundaries and confront the contradictory and conflictual realities of today and cultivate skills to navigate in an increasingly digital world.<br>Among the participants were students and fellows from different countries, cultures, research disciplines, art, business and civil society.<\/li>\n<\/ul>\n\n\n\n<h3 class=\"wp-block-heading\"><strong><span style=\"text-decoration: underline;\"><u>Membership<\/u><\/span><\/strong><\/h3>\n\n\n\n<ul class=\"wp-block-list\">\n<li>Membership: German Association for Art History<\/li>\n<\/ul>\n","protected":false},"excerpt":{"rendered":"<p>Universit\u00e4tsstr.&nbsp;15044801 BochumRoom: GB 6\/140 phone: +49 (0) 234\/32-27283E-Mail: anna.grelik@ruhr-uni-bochum.de &#8211; Dissertation title Art with Artificial Intelligence. Artistic Infrastructures and Documentary<\/p>\n","protected":false},"author":53,"featured_media":0,"parent":0,"menu_order":0,"comment_status":"closed","ping_status":"closed","template":"","meta":{"colormag_page_container_layout":"default_layout","colormag_page_sidebar_layout":"default_layout","_uag_custom_page_level_css":"","ngg_post_thumbnail":0,"footnotes":""},"class_list":["post-10389","page","type-page","status-publish","hentry"],"translation":{"provider":"WPGlobus","version":"3.0.2","language":"en","enabled_languages":["de","en"],"languages":{"de":{"title":true,"content":true,"excerpt":false},"en":{"title":true,"content":true,"excerpt":false}}},"yoast_head":"<!-- This site is optimized with the Yoast SEO plugin v27.5 - https:\/\/yoast.com\/product\/yoast-seo-wordpress\/ -->\n<title>Anna Grelik - Infrastructures in Art with Artificial Intelligence<\/title>\n<meta name=\"description\" content=\"Anna Grelik M.A. is an art historian researching artistic infrastructures and documentary practices in artistic AI projects.\" \/>\n<meta name=\"robots\" content=\"index, follow, max-snippet:-1, max-image-preview:large, max-video-preview:-1\" \/>\n<link rel=\"canonical\" href=\"https:\/\/das-dokumentarische.blogs.ruhr-uni-bochum.de\/anna-grelik-m-a\/\" \/>\n<meta property=\"og:locale\" content=\"en_US\" \/>\n<meta property=\"og:type\" content=\"article\" \/>\n<meta property=\"og:title\" content=\"Anna Grelik - Infrastructures in Art with Artificial Intelligence\" \/>\n<meta property=\"og:description\" content=\"Anna Grelik M.A. is an art historian researching artistic infrastructures and documentary practices in artistic AI projects.\" \/>\n<meta property=\"og:url\" content=\"https:\/\/das-dokumentarische.blogs.ruhr-uni-bochum.de\/anna-grelik-m-a\/\" \/>\n<meta property=\"og:site_name\" content=\"GRK Das Dokumentarische. Exzess und Entzug\" \/>\n<meta property=\"article:modified_time\" content=\"2026-04-01T14:33:07+00:00\" \/>\n<meta property=\"og:image\" content=\"https:\/\/das-dokumentarische.blogs.ruhr-uni-bochum.de\/wp-content\/uploads\/2023\/03\/IMG_2979-scaled-e1680026145203.jpg\" \/>\n\t<meta property=\"og:image:width\" content=\"1920\" \/>\n\t<meta property=\"og:image:height\" content=\"1920\" \/>\n\t<meta property=\"og:image:type\" content=\"image\/jpeg\" \/>\n<meta name=\"twitter:card\" content=\"summary_large_image\" \/>\n<meta name=\"twitter:label1\" content=\"Est. reading time\" \/>\n\t<meta name=\"twitter:data1\" content=\"7 minutes\" \/>\n<script type=\"application\/ld+json\" class=\"yoast-schema-graph\">{\"@context\":\"https:\\\/\\\/schema.org\",\"@graph\":[{\"@type\":\"WebPage\",\"@id\":\"https:\\\/\\\/das-dokumentarische.blogs.ruhr-uni-bochum.de\\\/anna-grelik-m-a\\\/\",\"url\":\"https:\\\/\\\/das-dokumentarische.blogs.ruhr-uni-bochum.de\\\/anna-grelik-m-a\\\/\",\"name\":\"Anna Grelik - Infrastructures in Art with Artificial Intelligence\",\"isPartOf\":{\"@id\":\"https:\\\/\\\/das-dokumentarische.blogs.ruhr-uni-bochum.de\\\/en\\\/#website\"},\"primaryImageOfPage\":{\"@id\":\"https:\\\/\\\/das-dokumentarische.blogs.ruhr-uni-bochum.de\\\/anna-grelik-m-a\\\/#primaryimage\"},\"image\":{\"@id\":\"https:\\\/\\\/das-dokumentarische.blogs.ruhr-uni-bochum.de\\\/anna-grelik-m-a\\\/#primaryimage\"},\"thumbnailUrl\":\"https:\\\/\\\/das-dokumentarische.blogs.ruhr-uni-bochum.de\\\/wp-content\\\/uploads\\\/2023\\\/03\\\/IMG_2979-scaled-e1680026145203-150x150.jpg\",\"datePublished\":\"2023-09-01T10:18:02+00:00\",\"dateModified\":\"2026-04-01T14:33:07+00:00\",\"description\":\"Anna Grelik M.A. is an art historian researching artistic infrastructures and documentary practices in artistic AI projects.\",\"breadcrumb\":{\"@id\":\"https:\\\/\\\/das-dokumentarische.blogs.ruhr-uni-bochum.de\\\/anna-grelik-m-a\\\/#breadcrumb\"},\"inLanguage\":\"en-US\",\"potentialAction\":[{\"@type\":\"ReadAction\",\"target\":[\"https:\\\/\\\/das-dokumentarische.blogs.ruhr-uni-bochum.de\\\/anna-grelik-m-a\\\/\"]}]},{\"@type\":\"ImageObject\",\"inLanguage\":\"en-US\",\"@id\":\"https:\\\/\\\/das-dokumentarische.blogs.ruhr-uni-bochum.de\\\/anna-grelik-m-a\\\/#primaryimage\",\"url\":\"https:\\\/\\\/das-dokumentarische.blogs.ruhr-uni-bochum.de\\\/wp-content\\\/uploads\\\/2023\\\/03\\\/IMG_2979-scaled-e1680026145203-150x150.jpg\",\"contentUrl\":\"https:\\\/\\\/das-dokumentarische.blogs.ruhr-uni-bochum.de\\\/wp-content\\\/uploads\\\/2023\\\/03\\\/IMG_2979-scaled-e1680026145203-150x150.jpg\"},{\"@type\":\"BreadcrumbList\",\"@id\":\"https:\\\/\\\/das-dokumentarische.blogs.ruhr-uni-bochum.de\\\/anna-grelik-m-a\\\/#breadcrumb\",\"itemListElement\":[{\"@type\":\"ListItem\",\"position\":1,\"name\":\"Startseite\",\"item\":\"https:\\\/\\\/das-dokumentarische.blogs.ruhr-uni-bochum.de\\\/en\\\/\"},{\"@type\":\"ListItem\",\"position\":2,\"name\":\"Anna Grelik, M.A.\"}]},{\"@type\":\"WebSite\",\"@id\":\"https:\\\/\\\/das-dokumentarische.blogs.ruhr-uni-bochum.de\\\/en\\\/#website\",\"url\":\"https:\\\/\\\/das-dokumentarische.blogs.ruhr-uni-bochum.de\\\/en\\\/\",\"name\":\"GRK Das Dokumentarische. Exzess und Entzug\",\"description\":\"\",\"potentialAction\":[{\"@type\":\"SearchAction\",\"target\":{\"@type\":\"EntryPoint\",\"urlTemplate\":\"https:\\\/\\\/das-dokumentarische.blogs.ruhr-uni-bochum.de\\\/en\\\/?s={search_term_string}\"},\"query-input\":{\"@type\":\"PropertyValueSpecification\",\"valueRequired\":true,\"valueName\":\"search_term_string\"}}],\"inLanguage\":\"en-US\"}]}<\/script>\n<!-- \/ Yoast SEO plugin. -->","yoast_head_json":{"title":"Anna Grelik - Infrastructures in Art with Artificial Intelligence","description":"Anna Grelik M.A. is an art historian researching artistic infrastructures and documentary practices in artistic AI projects.","robots":{"index":"index","follow":"follow","max-snippet":"max-snippet:-1","max-image-preview":"max-image-preview:large","max-video-preview":"max-video-preview:-1"},"canonical":"https:\/\/das-dokumentarische.blogs.ruhr-uni-bochum.de\/anna-grelik-m-a\/","og_locale":"en_US","og_type":"article","og_title":"Anna Grelik - Infrastructures in Art with Artificial Intelligence","og_description":"Anna Grelik M.A. is an art historian researching artistic infrastructures and documentary practices in artistic AI projects.","og_url":"https:\/\/das-dokumentarische.blogs.ruhr-uni-bochum.de\/anna-grelik-m-a\/","og_site_name":"GRK Das Dokumentarische. Exzess und Entzug","article_modified_time":"2026-04-01T14:33:07+00:00","og_image":[{"width":1920,"height":1920,"url":"https:\/\/das-dokumentarische.blogs.ruhr-uni-bochum.de\/wp-content\/uploads\/2023\/03\/IMG_2979-scaled-e1680026145203.jpg","type":"image\/jpeg"}],"twitter_card":"summary_large_image","twitter_misc":{"Est. reading time":"7 minutes"},"schema":{"@context":"https:\/\/schema.org","@graph":[{"@type":"WebPage","@id":"https:\/\/das-dokumentarische.blogs.ruhr-uni-bochum.de\/anna-grelik-m-a\/","url":"https:\/\/das-dokumentarische.blogs.ruhr-uni-bochum.de\/anna-grelik-m-a\/","name":"Anna Grelik - Infrastructures in Art with Artificial Intelligence","isPartOf":{"@id":"https:\/\/das-dokumentarische.blogs.ruhr-uni-bochum.de\/en\/#website"},"primaryImageOfPage":{"@id":"https:\/\/das-dokumentarische.blogs.ruhr-uni-bochum.de\/anna-grelik-m-a\/#primaryimage"},"image":{"@id":"https:\/\/das-dokumentarische.blogs.ruhr-uni-bochum.de\/anna-grelik-m-a\/#primaryimage"},"thumbnailUrl":"https:\/\/das-dokumentarische.blogs.ruhr-uni-bochum.de\/wp-content\/uploads\/2023\/03\/IMG_2979-scaled-e1680026145203-150x150.jpg","datePublished":"2023-09-01T10:18:02+00:00","dateModified":"2026-04-01T14:33:07+00:00","description":"Anna Grelik M.A. is an art historian researching artistic infrastructures and documentary practices in artistic AI projects.","breadcrumb":{"@id":"https:\/\/das-dokumentarische.blogs.ruhr-uni-bochum.de\/anna-grelik-m-a\/#breadcrumb"},"inLanguage":"en-US","potentialAction":[{"@type":"ReadAction","target":["https:\/\/das-dokumentarische.blogs.ruhr-uni-bochum.de\/anna-grelik-m-a\/"]}]},{"@type":"ImageObject","inLanguage":"en-US","@id":"https:\/\/das-dokumentarische.blogs.ruhr-uni-bochum.de\/anna-grelik-m-a\/#primaryimage","url":"https:\/\/das-dokumentarische.blogs.ruhr-uni-bochum.de\/wp-content\/uploads\/2023\/03\/IMG_2979-scaled-e1680026145203-150x150.jpg","contentUrl":"https:\/\/das-dokumentarische.blogs.ruhr-uni-bochum.de\/wp-content\/uploads\/2023\/03\/IMG_2979-scaled-e1680026145203-150x150.jpg"},{"@type":"BreadcrumbList","@id":"https:\/\/das-dokumentarische.blogs.ruhr-uni-bochum.de\/anna-grelik-m-a\/#breadcrumb","itemListElement":[{"@type":"ListItem","position":1,"name":"Startseite","item":"https:\/\/das-dokumentarische.blogs.ruhr-uni-bochum.de\/en\/"},{"@type":"ListItem","position":2,"name":"Anna Grelik, M.A."}]},{"@type":"WebSite","@id":"https:\/\/das-dokumentarische.blogs.ruhr-uni-bochum.de\/en\/#website","url":"https:\/\/das-dokumentarische.blogs.ruhr-uni-bochum.de\/en\/","name":"GRK Das Dokumentarische. Exzess und Entzug","description":"","potentialAction":[{"@type":"SearchAction","target":{"@type":"EntryPoint","urlTemplate":"https:\/\/das-dokumentarische.blogs.ruhr-uni-bochum.de\/en\/?s={search_term_string}"},"query-input":{"@type":"PropertyValueSpecification","valueRequired":true,"valueName":"search_term_string"}}],"inLanguage":"en-US"}]}},"uagb_featured_image_src":{"full":false,"thumbnail":false,"medium":false,"medium_large":false,"large":false,"1536x1536":false,"2048x2048":false,"ultp_layout_landscape_large":false,"ultp_layout_landscape":false,"ultp_layout_portrait":false,"ultp_layout_square":false,"colormag-highlighted-post":false,"colormag-featured-post-medium":false,"colormag-featured-post-small":false,"colormag-featured-image":false,"colormag-default-news":false,"colormag-featured-image-large":false},"uagb_author_info":{"display_name":"Anna Grelik","author_link":"https:\/\/das-dokumentarische.blogs.ruhr-uni-bochum.de\/en\/author\/anna-grelik\/"},"uagb_comment_info":0,"uagb_excerpt":"Universit\u00e4tsstr.&nbsp;15044801 BochumRoom: GB 6\/140 phone: +49 (0) 234\/32-27283E-Mail: anna.grelik@ruhr-uni-bochum.de &#8211; Dissertation title Art with Artificial Intelligence. Artistic Infrastructures and Documentary","_links":{"self":[{"href":"https:\/\/das-dokumentarische.blogs.ruhr-uni-bochum.de\/en\/wp-json\/wp\/v2\/pages\/10389","targetHints":{"allow":["GET"]}}],"collection":[{"href":"https:\/\/das-dokumentarische.blogs.ruhr-uni-bochum.de\/en\/wp-json\/wp\/v2\/pages"}],"about":[{"href":"https:\/\/das-dokumentarische.blogs.ruhr-uni-bochum.de\/en\/wp-json\/wp\/v2\/types\/page"}],"author":[{"embeddable":true,"href":"https:\/\/das-dokumentarische.blogs.ruhr-uni-bochum.de\/en\/wp-json\/wp\/v2\/users\/53"}],"replies":[{"embeddable":true,"href":"https:\/\/das-dokumentarische.blogs.ruhr-uni-bochum.de\/en\/wp-json\/wp\/v2\/comments?post=10389"}],"version-history":[{"count":70,"href":"https:\/\/das-dokumentarische.blogs.ruhr-uni-bochum.de\/en\/wp-json\/wp\/v2\/pages\/10389\/revisions"}],"predecessor-version":[{"id":13045,"href":"https:\/\/das-dokumentarische.blogs.ruhr-uni-bochum.de\/en\/wp-json\/wp\/v2\/pages\/10389\/revisions\/13045"}],"wp:attachment":[{"href":"https:\/\/das-dokumentarische.blogs.ruhr-uni-bochum.de\/en\/wp-json\/wp\/v2\/media?parent=10389"}],"curies":[{"name":"wp","href":"https:\/\/api.w.org\/{rel}","templated":true}]}}